{"id":4637,"date":"2021-06-29T10:17:31","date_gmt":"2021-06-29T08:17:31","guid":{"rendered":"https:\/\/www.lacroixvalmertourisme.com\/entdecken-entkommen\/fuesse-im-wasser\/sentier-marin-meerespfad"},"modified":"2026-05-02T16:57:46","modified_gmt":"2026-05-02T14:57:46","slug":"sentier-marin-meerespfad","status":"publish","type":"page","link":"https:\/\/www.lacroixvalmertourisme.com\/de\/entdecken-entkommen\/fuesse-im-wasser\/sentier-marin-meerespfad","title":{"rendered":"Meerespfad"},"content":{"rendered":"\n<div class=\"wp-block-group alignwide is-layout-constrained wp-block-group-is-layout-constrained\">\n<p class=\"has-text-align-center has-secondary-50-color has-text-color has-script-font-family has-5-xl-font-size wp-block-paragraph\"><strong>Entdecken Sie Wunder und Sch\u00e4tze der Unterwasserwelt einmal anders&#8230;<\/strong><\/p>\n\n\n\n<p class=\"has-text-align-center has-secondary-50-color has-text-color has-script-font-family has-5-xl-font-size wp-block-paragraph\">Abfahrt am Strand von Jovat, 20 Minuten Fu\u00dfweg von Gigaro entfernt, mit Ihren Flossen und Schnorcheln<\/p>\n\n\n\n<div style=\"height:57px\" aria-hidden=\"true\" class=\"wp-block-spacer\"><\/div>\n\n\n\n<figure class=\"wp-block-video aligncenter\"><video height=\"2160\" style=\"aspect-ratio: 3840 \/ 2160;\" width=\"3840\" autoplay=\"\" controls=\"\" loop=\"\" src=\"https:\/\/www.lacroixvalmertourisme.com\/wp-content\/uploads\/2024\/07\/sentier-marin-2024-compresse-ter.mp4\" playsinline=\"\"><\/video><\/figure>\n\n\n\n<div style=\"height:57px\" aria-hidden=\"true\" class=\"wp-block-spacer\"><\/div>\n\n\n\n<div class=\"wp-block-columns is-layout-flex wp-container-core-columns-is-layout-0defc3be wp-block-columns-is-layout-flex\">\n<div class=\"wp-block-column is-layout-flow wp-block-column-is-layout-flow\" style=\"flex-basis:100%\">\n<div class=\"wp-block-columns is-layout-flex wp-container-core-columns-is-layout-0defc3be wp-block-columns-is-layout-flex\">\n<div class=\"wp-block-column is-layout-flow wp-block-column-is-layout-flow\">\n<p class=\"wp-block-paragraph\">Ausger\u00fcstet mit Flossen, Maske und Schnorchel geht es auf ein Abenteuer! Posidonia-Seegraswiesen, Anemoneng\u00e4rten, felsige Klippen, das geheimnisvolle Wrack der Cimentier erwarten Sie&#8230;<\/p>\n\n\n\n<p class=\"wp-block-paragraph\">Dank der Bojen und Unterwasser-Informationstafeln k\u00f6nnen Sie die Meeressch\u00e4tze entlang des Krokodils in Ihrem eigenen Tempo entdecken. Mit einer maximalen Tiefe von 3 Metern ist diese Strecke f\u00fcr alle Schwimmer geeignet.<br \/><strong>Das Schwimmen auf dem Seeweg wird nicht \u00fcberwacht.<\/strong><\/p>\n\n\n\n<p class=\"wp-block-paragraph\">Im Juli und August k\u00f6nnen Sie donnerstagmorgens an gef\u00fchrten Touren teilnehmen, die von qualifizierten Ausbildern des Service Espaces Maritimes de la Communaut\u00e9 de Communes du Golfe de Saint-Tropez&#8220; betreut werden.<\/p>\n<\/div>\n\n\n\n<div class=\"wp-block-column is-vertically-aligned-center is-layout-flow wp-block-column-is-layout-flow\">\n<figure class=\"wp-block-image aligncenter size-large is-resized\"><a href=\"https:\/\/www.amusezvous.net\/fr\/loisirs\/sentier-marin-de-l-ilot-crocodile-a-la-croix-valmer-246742\" target=\"_blank\" rel=\"noreferrer noopener\"><a data-caption=\"Le sentier marin de l\u2019\u00eelot du crocodile_2024\" href=\"https:\/\/www.lacroixvalmertourisme.com\/wp-content\/uploads\/2024\/05\/Le-sentier-marin-de-lilot-du-crocodile_2024-1024x1024.png\" data-fancybox=\"gallery\"><img loading=\"lazy\" decoding=\"async\" width=\"1024\" height=\"1024\" sizes=\"auto, (max-width: 1024px) 100vw, 1024px\" data-tippy-content=\"Le sentier marin de l\u2019\u00eelot du crocodile_2024\" src=\"https:\/\/www.lacroixvalmertourisme.com\/wp-content\/uploads\/2024\/05\/Le-sentier-marin-de-lilot-du-crocodile_2024-1024x1024.png\" alt=\"\" class=\"wp-image-14967\" style=\"width:214px;height:214px\" srcset=\"https:\/\/www.lacroixvalmertourisme.com\/wp-content\/uploads\/2024\/05\/Le-sentier-marin-de-lilot-du-crocodile_2024-1024x1024.png 1024w, https:\/\/www.lacroixvalmertourisme.com\/wp-content\/uploads\/2024\/05\/Le-sentier-marin-de-lilot-du-crocodile_2024-300x300.png 300w, https:\/\/www.lacroixvalmertourisme.com\/wp-content\/uploads\/2024\/05\/Le-sentier-marin-de-lilot-du-crocodile_2024-150x150.png 150w, https:\/\/www.lacroixvalmertourisme.com\/wp-content\/uploads\/2024\/05\/Le-sentier-marin-de-lilot-du-crocodile_2024-768x768.png 768w, https:\/\/www.lacroixvalmertourisme.com\/wp-content\/uploads\/2024\/05\/Le-sentier-marin-de-lilot-du-crocodile_2024.png 1147w\" \/><\/a><\/a><figcaption class=\"wp-element-caption\"><a href=\"https:\/\/www.amusezvous.net\/fr\/loisirs\/sentier-marin-de-l-ilot-crocodile-a-la-croix-valmer-246742\" target=\"_blank\" rel=\"noopener\">Buchen Sie hier<\/a><\/figcaption><\/figure>\n<\/div>\n<\/div>\n<\/div>\n<\/div>\n\n\n\n<div style=\"height:49px\" aria-hidden=\"true\" class=\"wp-block-spacer\"><\/div>\n\n\n\n<figure class=\"wp-block-gallery alignfull has-nested-images columns-default is-cropped wp-block-gallery-4 is-layout-flex wp-block-gallery-is-layout-flex\">\n<figure class=\"wp-block-image size-large is-style-rounded is-style-rounded--1\"><a data-caption=\"DCIM100GOPROGOPR0056.\" href=\"https:\/\/www.lacroixvalmertourisme.com\/wp-content\/uploads\/2021\/04\/2017-2206-sentier-marin&#xA9;florentbeau-3-1-1024x768.jpg\" data-fancybox=\"gallery\"><img decoding=\"async\" sizes=\"(max-width: 1024px) 100vw, 1024px\" data-id=\"875\" data-tippy-content=\"DCIM100GOPROGOPR0056.\" data-caption=\"DCIM100GOPROGOPR0056.\" src=\"https:\/\/www.lacroixvalmertourisme.com\/wp-content\/uploads\/2021\/04\/2017-2206-sentier-marin&#xA9;florentbeau-3-1-1024x768.jpg\" alt=\"sentier marin la croix valmer\" class=\"wp-image-875\" \/><\/a><\/figure>\n\n\n\n<figure class=\"wp-block-image size-large is-style-rounded is-style-rounded--2\"><a data-caption=\"2019 visuels film\u00a9guillaumevoiturier (3)\" href=\"https:\/\/www.lacroixvalmertourisme.com\/wp-content\/uploads\/2021\/04\/2019-visuels-film&#xA9;guillaumevoiturier-3-1024x576.jpg\" data-fancybox=\"gallery\"><img decoding=\"async\" sizes=\"(max-width: 1024px) 100vw, 1024px\" data-id=\"872\" data-tippy-content=\"2019 visuels film\u00a9guillaumevoiturier (3)\" data-caption=\"\u00a9guillaumevoiturier\" src=\"https:\/\/www.lacroixvalmertourisme.com\/wp-content\/uploads\/2021\/04\/2019-visuels-film&#xA9;guillaumevoiturier-3-1024x576.jpg\" alt=\"sentier marin ilot du crocodile plage de jovat snorkeling la croix valmer\" class=\"wp-image-872\" \/><\/a><\/figure>\n\n\n\n<figure class=\"wp-block-image size-large is-style-rounded is-style-rounded--3\"><a data-caption=\"s\u00e9lection FMISM 2007- Portfolio\" href=\"https:\/\/www.lacroixvalmertourisme.com\/wp-content\/uploads\/2021\/04\/2017-sentier-marin&#xA9;florentbeau-8-683x1024.jpg\" data-fancybox=\"gallery\"><img decoding=\"async\" sizes=\"(max-width: 683px) 100vw, 683px\" data-id=\"869\" data-tippy-content=\"s\u00e9lection FMISM 2007- Portfolio\" data-caption=\"s\u00e9lection FMISM 2007- Portfolio\" src=\"https:\/\/www.lacroixvalmertourisme.com\/wp-content\/uploads\/2021\/04\/2017-sentier-marin&#xA9;florentbeau-8-683x1024.jpg\" alt=\"sentier marin ilot du crocodile plage de jovat snorkeling la croix valmer\" class=\"wp-image-869\" \/><\/a><\/figure>\n<\/figure>\n\n\n\n<div style=\"height:60px\" aria-hidden=\"true\" class=\"wp-block-spacer\"><\/div>\n\n\n\n<div class=\"wp-block-columns has-secondary-50-color has-text-color is-layout-flex wp-container-core-columns-is-layout-0defc3be wp-block-columns-is-layout-flex\">\n<div class=\"wp-block-column is-layout-flow wp-block-column-is-layout-flow\">\n<ul class=\"wp-block-list\">\n<li>Reservierung obligatorisch im Tourismusb\u00fcro<\/li>\n\n\n\n<li>Teilnahmegeb\u00fchr : 8\u20ac\/Kind (8-17) 11\u20ac\/ad.<\/li>\n\n\n\n<li>Schnorchelausr\u00fcstung wird nicht gestellt<\/li>\n\n\n\n<li>F\u00fcr Kinder unter 14 Jahren ist eine erwachsene Begleitperson erforderlich<\/li>\n\n\n\n<li>Erforderliches Mindestalter : 8 Jahre<\/li>\n\n\n\n<li><em>Unbeaufsichtigtes Baden sowohl in Eigenregie als auch unter Aufsicht<\/em><\/li>\n<\/ul>\n<\/div>\n<\/div>\n\n\n\n<div class=\"wp-block-buttons is-layout-flex wp-block-buttons-is-layout-flex\">\n<div class=\"wp-block-button aligncenter is-style-fill\"><a class=\"wp-block-button__link has-secondary-50-background-color has-background wp-element-button\" href=\"https:\/\/bit.ly\/sentiermarinlcv\" target=\"_blank\" rel=\"noreferrer noopener\"><strong>Brochure<\/strong><\/a><\/div>\n<\/div>\n\n\n\n<div style=\"height:60px\" aria-hidden=\"true\" class=\"wp-block-spacer\"><\/div>\n\n\n\n<figure class=\"wp-block-gallery alignfull has-nested-images columns-default is-cropped wp-block-gallery-8 is-layout-flex wp-block-gallery-is-layout-flex\">\n<figure class=\"wp-block-image size-large is-style-rounded is-style-rounded--5\"><a data-caption=\"C:DCIM102GOPROGOPR6967.GPR\" href=\"https:\/\/www.lacroixvalmertourisme.com\/wp-content\/uploads\/2021\/04\/2016&#xA9;guillaumevoiturier-13-1024x763.jpg\" data-fancybox=\"gallery\"><img decoding=\"async\" sizes=\"(max-width: 1024px) 100vw, 1024px\" data-id=\"851\" data-tippy-content=\"C:DCIM102GOPROGOPR6967.GPR\" data-caption=\"C:DCIM102GOPROGOPR6967.GPR\" src=\"https:\/\/www.lacroixvalmertourisme.com\/wp-content\/uploads\/2021\/04\/2016&#xA9;guillaumevoiturier-13-1024x763.jpg\" alt=\"sentier marin ilot du crocodile plage de jovat snorkeling la croix valmer\" class=\"wp-image-851\" \/><\/a><\/figure>\n\n\n\n<figure class=\"wp-block-image size-large is-style-rounded is-style-rounded--6\"><a data-caption=\"\u00a9lacroixvalmertourisme (3)\" href=\"https:\/\/www.lacroixvalmertourisme.com\/wp-content\/uploads\/2024\/07\/&#xA9;lacroixvalmertourisme-3-1024x768.jpg\" data-fancybox=\"gallery\"><img decoding=\"async\" sizes=\"(max-width: 1024px) 100vw, 1024px\" data-id=\"17239\" data-tippy-content=\"\u00a9lacroixvalmertourisme (3)\" src=\"https:\/\/www.lacroixvalmertourisme.com\/wp-content\/uploads\/2024\/07\/&#xA9;lacroixvalmertourisme-3-1024x768.jpg\" alt=\"masque tuba la croix valmer tourisme office de tourisme\" class=\"wp-image-17239\" \/><\/a><\/figure>\n\n\n\n<figure class=\"wp-block-image size-large is-style-rounded is-style-rounded--7\"><a data-caption=\"2020\u00a9guillaume-voiturier (48)\" href=\"https:\/\/www.lacroixvalmertourisme.com\/wp-content\/uploads\/2021\/04\/2020&#xA9;guillaume-voiturier-48-1024x665.jpg\" data-fancybox=\"gallery\"><img decoding=\"async\" sizes=\"(max-width: 1024px) 100vw, 1024px\" data-id=\"839\" data-tippy-content=\"2020\u00a9guillaume-voiturier (48)\" data-caption=\"\u00a9guillaumevoiturier\" src=\"https:\/\/www.lacroixvalmertourisme.com\/wp-content\/uploads\/2021\/04\/2020&#xA9;guillaume-voiturier-48-1024x665.jpg\" alt=\"sentier marin ilot du crocodile plage de jovat snorkeling la croix valmer\" class=\"wp-image-839\" \/><\/a><\/figure>\n<\/figure>\n\n\n\n<div style=\"height:100px\" aria-hidden=\"true\" class=\"wp-block-spacer\"><\/div>\n\n\n\n<div class=\"wp-block-columns alignfull are-vertically-aligned-center has-secondary-50-color has-text-color is-layout-flex wp-container-core-columns-is-layout-0defc3be wp-block-columns-is-layout-flex\">\n<div class=\"wp-block-column is-vertically-aligned-center is-layout-flow wp-block-column-is-layout-flow\" style=\"flex-basis:33.33%\">\n<h2 class=\"wp-block-heading has-text-align-center has-script-font-family has-5-xl-font-size\"><p class=\"has-text-align-center\"><strong>Hinweis<\/strong><\/p><\/h2>\n<\/div>\n\n\n\n<div class=\"wp-block-column is-vertically-aligned-center is-layout-flow wp-block-column-is-layout-flow\" style=\"flex-basis:66.66%\">\n<ul class=\"wp-block-list\">\n<li>bei nicht optimalen Wetterbedingungen ist der zugang nicht zu empfehlen<\/li>\n\n\n\n<li>\u00fcberpr\u00fcfen Sie die Seewettervorhersage www.meteofrance.com<\/li>\n\n\n\n<li>im Notfall rufen sie den Sanit\u00e4tsdienst 18 oder 112 oder den Dademeisterposten von Gigaro +33 (0)4 94 79 62 68 an<\/li>\n<\/ul>\n<\/div>\n<\/div>\n\n\n\n<div style=\"height:100px\" aria-hidden=\"true\" class=\"wp-block-spacer\"><\/div>\n\n\n\n<div class=\"wp-block-columns alignfull is-layout-flex wp-container-core-columns-is-layout-0defc3be wp-block-columns-is-layout-flex\">\n<div class=\"wp-block-column has-secondary-50-color has-text-color is-layout-flow wp-block-column-is-layout-flow\">\n<figure class=\"wp-block-image size-large is-style-rounded is-style-rounded--9\"><a data-caption=\"C:DCIM102GOPROGOPR6979.GPR\" href=\"https:\/\/www.lacroixvalmertourisme.com\/wp-content\/uploads\/2021\/04\/2016&#xA9;guillaumevoiturier-14-1024x768.jpg\" data-fancybox=\"gallery\"><img decoding=\"async\" sizes=\"(max-width: 1024px) 100vw, 1024px\" data-tippy-content=\"C:DCIM102GOPROGOPR6979.GPR\" data-caption=\"C:DCIM102GOPROGOPR6979.GPR\" src=\"https:\/\/www.lacroixvalmertourisme.com\/wp-content\/uploads\/2021\/04\/2016&#xA9;guillaumevoiturier-14-1024x768.jpg\" alt=\"sentier marin ilot du crocodile plage de jovat snorkeling la croix valmer\" class=\"wp-image-854\" \/><\/a><\/figure>\n<\/div>\n\n\n\n<div class=\"wp-block-column is-layout-flow wp-block-column-is-layout-flow\">\n<p class=\"wp-block-paragraph\"><\/p>\n\n\n\n<h2 class=\"wp-block-heading has-secondary-50-color has-text-color has-display-font-family has-5-xl-font-size\"><strong>Was bedeutet es, ein verantwortungsbewusster Taucher zu sein?<\/strong><\/h2>\n\n\n\n<ul class=\"wp-block-list\">\n<li>der Meeresboden ist eine empfindliche Umgebung: zerst\u00f6ren Sie sie nicht durch Ber\u00fchrung<\/li>\n\n\n\n<li>Greifen Sie nicht nach Fauna und Flora und seien Sie vorsichtig, um die Umwelt nicht mit den Flossen zu besch\u00e4digen<\/li>\n\n\n\n<li>F\u00fcttern Sie die Wildtiere nicht<\/li>\n\n\n\n<li>rupfen oder pfl\u00fccken Sie keine Fauna oder Flora<\/li>\n\n\n\n<li>hinterlassen Sie keine Abf\u00e4lle<\/li>\n<\/ul>\n<\/div>\n<\/div>\n\n\n\n<div class=\"wp-block-columns alignfull is-layout-flex wp-container-core-columns-is-layout-0defc3be wp-block-columns-is-layout-flex\">\n<div class=\"wp-block-column is-vertically-aligned-center has-secondary-50-color has-text-color is-layout-flow wp-block-column-is-layout-flow\">\n<ul class=\"wp-block-list\">\n<li>Parkplatz in der N\u00e4he in Gigaro<\/li>\n\n\n\n<li>20 Minuten Fu\u00dfweg auf dem K\u00fcstenwanderweg von Gigaro<\/li>\n\n\n\n<li>(Wanderschuhe erforderlich)<\/li>\n<\/ul>\n\n\n\n<p class=\"wp-block-paragraph\"><\/p>\n<\/div>\n\n\n\n<div class=\"wp-block-column is-vertically-aligned-center is-layout-flow wp-block-column-is-layout-flow\">\n<figure class=\"wp-block-image size-large\"><img decoding=\"async\" src=\"https:\/\/www.lacroixvalmertourisme.com\/wp-content\/uploads\/2021\/04\/maxresdefault-1024x576.jpg\" alt=\"\" class=\"wp-image-274\" \/><\/figure>\n<\/div>\n<\/div>\n<\/div>\n","protected":false},"excerpt":{"rendered":"<p>Entdecken Sie Wunder und Sch\u00e4tze der Unterwasserwelt einmal anders&#8230; Abfahrt am Strand von Jovat, 20 Minuten Fu\u00dfweg von Gigaro entfernt, mit Ihren Flossen und Schnorcheln Ausger\u00fcstet mit Flossen, Maske und Schnorchel geht es auf ein Abenteuer! Posidonia-Seegraswiesen, Anemoneng\u00e4rten, felsige Klippen, das geheimnisvolle Wrack der Cimentier erwarten Sie&#8230; Dank der Bojen und Unterwasser-Informationstafeln k\u00f6nnen Sie die&#8230;<\/p>\n","protected":false},"author":4,"featured_media":17321,"parent":4631,"menu_order":65,"comment_status":"closed","ping_status":"closed","template":"page-plage.blade.php","meta":{"_acf_changed":false,"_crdt_document":"","footnotes":""},"class_list":["post-4637","page","type-page","status-publish","has-post-thumbnail","hentry"],"acf":{"video_mp4":false,"poster_image":false,"nugget":false,"page-virtuelle":false,"video_webm":false,"autoplay":false,"delay":"","introduction":"","slogan":"","pagepage-updown":false,"pagepage-etendus":"compact","title_alignement":"","mots-cles":" "},"yoast_head":"<!-- This site is optimized with the Yoast SEO plugin v27.5 - https:\/\/yoast.com\/product\/yoast-seo-wordpress\/ -->\n<title>Meerespfad - La Croix-Valmer Tourisme<\/title>\n<meta name=\"robots\" content=\"index, follow, max-snippet:-1, max-image-preview:large, max-video-preview:-1\" \/>\n<link rel=\"canonical\" href=\"https:\/\/www.lacroixvalmertourisme.com\/de\/entdecken-entkommen\/fuesse-im-wasser\/sentier-marin-meerespfad\" \/>\n<meta property=\"og:locale\" content=\"de_DE\" \/>\n<meta property=\"og:type\" content=\"article\" \/>\n<meta property=\"og:title\" content=\"Meerespfad - La Croix-Valmer Tourisme\" \/>\n<meta property=\"og:description\" content=\"Entdecken Sie Wunder und Sch\u00e4tze der Unterwasserwelt einmal anders&#8230; Abfahrt am Strand von Jovat, 20 Minuten Fu\u00dfweg von Gigaro entfernt, mit Ihren Flossen und Schnorcheln Ausger\u00fcstet mit Flossen, Maske und Schnorchel geht es auf ein Abenteuer! Posidonia-Seegraswiesen, Anemoneng\u00e4rten, felsige Klippen, das geheimnisvolle Wrack der Cimentier erwarten Sie&#8230; Dank der Bojen und Unterwasser-Informationstafeln k\u00f6nnen Sie die...\" \/>\n<meta property=\"og:url\" content=\"https:\/\/www.lacroixvalmertourisme.com\/de\/entdecken-entkommen\/fuesse-im-wasser\/sentier-marin-meerespfad\" \/>\n<meta property=\"og:site_name\" content=\"La Croix-Valmer Tourisme\" \/>\n<meta property=\"article:publisher\" content=\"https:\/\/www.facebook.com\/lacroixvalmertourisme\/\" \/>\n<meta property=\"article:modified_time\" content=\"2026-05-02T14:57:46+00:00\" \/>\n<meta property=\"og:image\" content=\"https:\/\/www.lacroixvalmertourisme.com\/wp-content\/uploads\/2024\/07\/sentiermarin2024\u00a9guillaume-voiturier-1.jpg\" \/>\n\t<meta property=\"og:image:width\" content=\"2000\" \/>\n\t<meta property=\"og:image:height\" content=\"1500\" \/>\n\t<meta property=\"og:image:type\" content=\"image\/jpeg\" \/>\n<meta name=\"twitter:card\" content=\"summary_large_image\" \/>\n<meta name=\"twitter:site\" content=\"@La_Croix_Valmer\" \/>\n<meta name=\"twitter:label1\" content=\"Gesch\u00e4tzte Lesezeit\" \/>\n\t<meta name=\"twitter:data1\" content=\"1\u00a0Minute\" \/>\n<!-- \/ Yoast SEO plugin. -->","yoast_head_json":{"title":"Meerespfad - La Croix-Valmer Tourisme","robots":{"index":"index","follow":"follow","max-snippet":"max-snippet:-1","max-image-preview":"max-image-preview:large","max-video-preview":"max-video-preview:-1"},"canonical":"https:\/\/www.lacroixvalmertourisme.com\/de\/entdecken-entkommen\/fuesse-im-wasser\/sentier-marin-meerespfad","og_locale":"de_DE","og_type":"article","og_title":"Meerespfad - La Croix-Valmer Tourisme","og_description":"Entdecken Sie Wunder und Sch\u00e4tze der Unterwasserwelt einmal anders&#8230; Abfahrt am Strand von Jovat, 20 Minuten Fu\u00dfweg von Gigaro entfernt, mit Ihren Flossen und Schnorcheln Ausger\u00fcstet mit Flossen, Maske und Schnorchel geht es auf ein Abenteuer! Posidonia-Seegraswiesen, Anemoneng\u00e4rten, felsige Klippen, das geheimnisvolle Wrack der Cimentier erwarten Sie&#8230; Dank der Bojen und Unterwasser-Informationstafeln k\u00f6nnen Sie die...","og_url":"https:\/\/www.lacroixvalmertourisme.com\/de\/entdecken-entkommen\/fuesse-im-wasser\/sentier-marin-meerespfad","og_site_name":"La Croix-Valmer Tourisme","article_publisher":"https:\/\/www.facebook.com\/lacroixvalmertourisme\/","article_modified_time":"2026-05-02T14:57:46+00:00","og_image":[{"width":2000,"height":1500,"url":"https:\/\/www.lacroixvalmertourisme.com\/wp-content\/uploads\/2024\/07\/sentiermarin2024\u00a9guillaume-voiturier-1.jpg","type":"image\/jpeg"}],"twitter_card":"summary_large_image","twitter_site":"@La_Croix_Valmer","twitter_misc":{"Gesch\u00e4tzte Lesezeit":"1\u00a0Minute"},"schema":{"@context":"https:\/\/schema.org","@graph":[{"@type":"WebPage","@id":"https:\/\/www.lacroixvalmertourisme.com\/de\/entdecken-entkommen\/fuesse-im-wasser\/sentier-marin-meerespfad","url":"https:\/\/www.lacroixvalmertourisme.com\/de\/entdecken-entkommen\/fuesse-im-wasser\/sentier-marin-meerespfad","name":"Meerespfad - La Croix-Valmer Tourisme","isPartOf":{"@id":"https:\/\/www.lacroixvalmertourisme.com\/de#website"},"primaryImageOfPage":{"@id":"https:\/\/www.lacroixvalmertourisme.com\/de\/entdecken-entkommen\/fuesse-im-wasser\/sentier-marin-meerespfad#primaryimage"},"image":{"@id":"https:\/\/www.lacroixvalmertourisme.com\/de\/entdecken-entkommen\/fuesse-im-wasser\/sentier-marin-meerespfad#primaryimage"},"thumbnailUrl":"https:\/\/www.lacroixvalmertourisme.com\/wp-content\/uploads\/2024\/07\/sentiermarin2024\u00a9guillaume-voiturier-1.jpg","datePublished":"2021-06-29T08:17:31+00:00","dateModified":"2026-05-02T14:57:46+00:00","breadcrumb":{"@id":"https:\/\/www.lacroixvalmertourisme.com\/de\/entdecken-entkommen\/fuesse-im-wasser\/sentier-marin-meerespfad#breadcrumb"},"inLanguage":"de","potentialAction":[{"@type":"ReadAction","target":["https:\/\/www.lacroixvalmertourisme.com\/de\/entdecken-entkommen\/fuesse-im-wasser\/sentier-marin-meerespfad"]}]},{"@type":"ImageObject","inLanguage":"de","@id":"https:\/\/www.lacroixvalmertourisme.com\/de\/entdecken-entkommen\/fuesse-im-wasser\/sentier-marin-meerespfad#primaryimage","url":"https:\/\/www.lacroixvalmertourisme.com\/wp-content\/uploads\/2024\/07\/sentiermarin2024\u00a9guillaume-voiturier-1.jpg","contentUrl":"https:\/\/www.lacroixvalmertourisme.com\/wp-content\/uploads\/2024\/07\/sentiermarin2024\u00a9guillaume-voiturier-1.jpg","width":2000,"height":1500,"caption":"sentier marin plage de jovat la croix valmer"},{"@type":"BreadcrumbList","@id":"https:\/\/www.lacroixvalmertourisme.com\/de\/entdecken-entkommen\/fuesse-im-wasser\/sentier-marin-meerespfad#breadcrumb","itemListElement":[{"@type":"ListItem","position":1,"name":"Accueil","item":"https:\/\/www.lacroixvalmertourisme.com\/de"},{"@type":"ListItem","position":2,"name":"Entdecken","item":"https:\/\/www.lacroixvalmertourisme.com\/de\/entdecken-entkommen"},{"@type":"ListItem","position":3,"name":"Die Str\u00e4nde","item":"https:\/\/www.lacroixvalmertourisme.com\/de\/entdecken-entkommen\/fuesse-im-wasser"},{"@type":"ListItem","position":4,"name":"Meerespfad"}]},{"@type":"WebSite","@id":"https:\/\/www.lacroixvalmertourisme.com\/de#website","url":"https:\/\/www.lacroixvalmertourisme.com\/de","name":"La Croix-Valmer Tourisme","description":"Toutes les informations touristiques pour organiser votre prochain s\u00e9jour \u00e0 La Croix Valmer dans le Golfe de Saint-Tropez","publisher":{"@id":"https:\/\/www.lacroixvalmertourisme.com\/de#organization"},"potentialAction":[{"@type":"SearchAction","target":{"@type":"EntryPoint","urlTemplate":"https:\/\/www.lacroixvalmertourisme.com\/de?s={search_term_string}"},"query-input":{"@type":"PropertyValueSpecification","valueRequired":true,"valueName":"search_term_string"}}],"inLanguage":"de"},{"@type":"Organization","@id":"https:\/\/www.lacroixvalmertourisme.com\/de#organization","name":"Office de Tourisme de La Croix Valmer","url":"https:\/\/www.lacroixvalmertourisme.com\/de","logo":{"@type":"ImageObject","inLanguage":"de","@id":"https:\/\/www.lacroixvalmertourisme.com\/de#\/schema\/logo\/image\/","url":"https:\/\/www.lacroixvalmertourisme.com\/wp-content\/uploads\/2021\/06\/Logo_ot_bleu.png","contentUrl":"https:\/\/www.lacroixvalmertourisme.com\/wp-content\/uploads\/2021\/06\/Logo_ot_bleu.png","width":591,"height":454,"caption":"Office de Tourisme de La Croix Valmer"},"image":{"@id":"https:\/\/www.lacroixvalmertourisme.com\/de#\/schema\/logo\/image\/"},"sameAs":["https:\/\/www.facebook.com\/lacroixvalmertourisme\/","https:\/\/x.com\/La_Croix_Valmer","https:\/\/www.instagram.com\/lacroixvalmer_tourisme\/"]}]}},"publishpress_future_workflow_manual_trigger":{"enabledWorkflows":[]},"_links":{"self":[{"href":"https:\/\/www.lacroixvalmertourisme.com\/de\/wp-json\/wp\/v2\/pages\/4637","targetHints":{"allow":["GET"]}}],"collection":[{"href":"https:\/\/www.lacroixvalmertourisme.com\/de\/wp-json\/wp\/v2\/pages"}],"about":[{"href":"https:\/\/www.lacroixvalmertourisme.com\/de\/wp-json\/wp\/v2\/types\/page"}],"author":[{"embeddable":true,"href":"https:\/\/www.lacroixvalmertourisme.com\/de\/wp-json\/wp\/v2\/users\/4"}],"replies":[{"embeddable":true,"href":"https:\/\/www.lacroixvalmertourisme.com\/de\/wp-json\/wp\/v2\/comments?post=4637"}],"version-history":[{"count":5,"href":"https:\/\/www.lacroixvalmertourisme.com\/de\/wp-json\/wp\/v2\/pages\/4637\/revisions"}],"predecessor-version":[{"id":28537,"href":"https:\/\/www.lacroixvalmertourisme.com\/de\/wp-json\/wp\/v2\/pages\/4637\/revisions\/28537"}],"up":[{"embeddable":true,"href":"https:\/\/www.lacroixvalmertourisme.com\/de\/wp-json\/wp\/v2\/pages\/4631"}],"wp:featuredmedia":[{"embeddable":true,"href":"https:\/\/www.lacroixvalmertourisme.com\/de\/wp-json\/wp\/v2\/media\/17321"}],"wp:attachment":[{"href":"https:\/\/www.lacroixvalmertourisme.com\/de\/wp-json\/wp\/v2\/media?parent=4637"}],"curies":[{"name":"wp","href":"https:\/\/api.w.org\/{rel}","templated":true}]}}