{"id":4631,"date":"2021-06-29T10:15:49","date_gmt":"2021-06-29T08:15:49","guid":{"rendered":"https:\/\/www.lacroixvalmertourisme.com\/entdecken-entkommen\/fuesse-im-wasser"},"modified":"2026-05-03T21:25:19","modified_gmt":"2026-05-03T19:25:19","slug":"fuesse-im-wasser","status":"publish","type":"page","link":"https:\/\/www.lacroixvalmertourisme.com\/de\/entdecken-entkommen\/fuesse-im-wasser","title":{"rendered":"Die Str\u00e4nde"},"content":{"rendered":"\n<div class=\"wp-block-group alignwide is-layout-constrained wp-block-group-is-layout-constrained\">\n<figure class=\"wp-block-pullquote has-secondary-50-color has-text-color has-script-font-family has-5-xl-font-size\"><blockquote><p><strong>Die Ferien sind eine ganze schwere Erholungszeit<\/strong><\/p><cite><em>V<\/em>incent Gury<\/cite><\/blockquote><\/figure>\n\n\n\n<p class=\"has-text-align-center has-secondary-50-color has-text-color has-lg-font-size wp-block-paragraph\">Mission 1 Tag, 1 Strand!!! La Croix Valmer hat nicht weniger als 12 km K\u00fcste, die Sie auf der Landseite bei Ihren Spazierg\u00e4ngen und auf der Seeseite vom Strand aus entdecken k\u00f6nnen.Sie haben sich entschieden, Ihren Urlaub am Mittelmeer zu verbringen, da warten wunderbare Entdeckungen auf Sie!&#013;\nZiehen Sie Ihren sch\u00f6nsten Badeanzug an, setzen Sie die Sonnenbrille auf, schultern Sie den Strandkorb und tragen Sie Flip-Flops an den F\u00fc\u00dfen&#8230; Bis zum gro\u00dfen Tag der Abreise in den Urlaub folgen Sie dem Reisef\u00fchrer!<\/p>\n\n\n\n<div class=\"wp-block-query alignfull is-layout-flow wp-block-query-is-layout-flow\"><ul class=\"columns-4 wp-block-post-template is-layout-grid wp-container-core-post-template-is-layout-71909290 wp-block-post-template-is-layout-grid\"><li class=\"wp-block-post post-13855 page type-page status-publish has-post-thumbnail hentry\">\n\n<div class=\"wp-block-cover has-custom-content-position is-position-bottom-left\" style=\"padding-top:var(--wp--preset--spacing--60);padding-right:var(--wp--preset--spacing--60);padding-bottom:var(--wp--preset--spacing--60);padding-left:var(--wp--preset--spacing--60)\"><span aria-hidden=\"true\" class=\"wp-block-cover__background has-background-dim wp-block-cover__gradient-background has-background-gradient has-bg-gradient-to-black-bottom-gradient-background\"><\/span><img loading=\"lazy\" decoding=\"async\" width=\"1024\" height=\"576\" src=\"https:\/\/www.lacroixvalmertourisme.com\/wp-content\/uploads\/2024\/06\/posidonie\u00a9guillaumevoiturier-6-1024x576.jpg\" class=\"wp-block-cover__image-background wp-post-image\" alt=\"nature cap lardier la croix valmer office de tourisme\" data-object-fit=\"cover\"   \/><div class=\"wp-block-cover__inner-container is-layout-constrained wp-container-core-cover-is-layout-11859842 wp-block-cover-is-layout-constrained\"><h2 class=\"wp-block-post-title\"><a href=\"https:\/\/www.lacroixvalmertourisme.com\/de\/entdecken-entkommen\/fuesse-im-wasser\/posidonia-das-meeresschutzgebiet\" target=\"_self\" >Posidonia &amp; Das Meeresschutzgebiet<\/a><\/h2><\/div><\/div>\n\n<\/li><li class=\"wp-block-post post-4637 page type-page status-publish has-post-thumbnail hentry\">\n\n<div class=\"wp-block-cover has-custom-content-position is-position-bottom-left\" style=\"padding-top:var(--wp--preset--spacing--60);padding-right:var(--wp--preset--spacing--60);padding-bottom:var(--wp--preset--spacing--60);padding-left:var(--wp--preset--spacing--60)\"><span aria-hidden=\"true\" class=\"wp-block-cover__background has-background-dim wp-block-cover__gradient-background has-background-gradient has-bg-gradient-to-black-bottom-gradient-background\"><\/span><img loading=\"lazy\" decoding=\"async\" width=\"1024\" height=\"768\" src=\"https:\/\/www.lacroixvalmertourisme.com\/wp-content\/uploads\/2024\/07\/sentiermarin2024\u00a9guillaume-voiturier-1-1024x768.jpg\" class=\"wp-block-cover__image-background wp-post-image\" alt=\"sentier marin plage de jovat la croix valmer\" data-object-fit=\"cover\"   \/><div class=\"wp-block-cover__inner-container is-layout-constrained wp-container-core-cover-is-layout-11859842 wp-block-cover-is-layout-constrained\"><h2 class=\"wp-block-post-title\"><a href=\"https:\/\/www.lacroixvalmertourisme.com\/de\/entdecken-entkommen\/fuesse-im-wasser\/sentier-marin-meerespfad\" target=\"_self\" >Meerespfad<\/a><\/h2><\/div><\/div>\n\n<\/li><li class=\"wp-block-post post-11743 page type-page status-publish has-post-thumbnail hentry\">\n\n<div class=\"wp-block-cover has-custom-content-position is-position-bottom-left\" style=\"padding-top:var(--wp--preset--spacing--60);padding-right:var(--wp--preset--spacing--60);padding-bottom:var(--wp--preset--spacing--60);padding-left:var(--wp--preset--spacing--60)\"><span aria-hidden=\"true\" class=\"wp-block-cover__background has-background-dim wp-block-cover__gradient-background has-background-gradient has-bg-gradient-to-black-bottom-gradient-background\"><\/span><img loading=\"lazy\" decoding=\"async\" width=\"1024\" height=\"575\" src=\"https:\/\/www.lacroixvalmertourisme.com\/wp-content\/uploads\/2023\/02\/2020\u00a9guillaume-voiturier-25-1024x575.jpg\" class=\"wp-block-cover__image-background wp-post-image\" alt=\"\" data-object-fit=\"cover\"   \/><div class=\"wp-block-cover__inner-container is-layout-constrained wp-container-core-cover-is-layout-11859842 wp-block-cover-is-layout-constrained\"><h2 class=\"wp-block-post-title\"><a href=\"https:\/\/www.lacroixvalmertourisme.com\/de\/entdecken-entkommen\/fuesse-im-wasser\/tauchen-erkunden\" target=\"_self\" >Tauchen &amp; Erkunden<\/a><\/h2><\/div><\/div>\n\n<\/li><li class=\"wp-block-post post-11697 page type-page status-publish has-post-thumbnail hentry\">\n\n<div class=\"wp-block-cover has-custom-content-position is-position-bottom-left\" style=\"padding-top:var(--wp--preset--spacing--60);padding-right:var(--wp--preset--spacing--60);padding-bottom:var(--wp--preset--spacing--60);padding-left:var(--wp--preset--spacing--60)\"><span aria-hidden=\"true\" class=\"wp-block-cover__background has-background-dim wp-block-cover__gradient-background has-background-gradient has-bg-gradient-to-black-bottom-gradient-background\"><\/span><img loading=\"lazy\" decoding=\"async\" width=\"1024\" height=\"575\" src=\"https:\/\/www.lacroixvalmertourisme.com\/wp-content\/uploads\/2021\/04\/debarquement\u00a9guillaume-voiturier-106-1-1024x575.jpg\" class=\"wp-block-cover__image-background wp-post-image\" alt=\"Entdecken Sie die Str\u00e4nde von La Croix-Valmer\" data-object-fit=\"cover\"   \/><div class=\"wp-block-cover__inner-container is-layout-constrained wp-container-core-cover-is-layout-11859842 wp-block-cover-is-layout-constrained\"><h2 class=\"wp-block-post-title\"><a href=\"https:\/\/www.lacroixvalmertourisme.com\/de\/entdecken-entkommen\/fuesse-im-wasser\/plage-du-debarquement\" target=\"_self\" >D\u00e9barquement Strand<\/a><\/h2><\/div><\/div>\n\n<\/li><li class=\"wp-block-post post-11895 page type-page status-publish has-post-thumbnail hentry\">\n\n<div class=\"wp-block-cover has-custom-content-position is-position-bottom-left\" style=\"padding-top:var(--wp--preset--spacing--60);padding-right:var(--wp--preset--spacing--60);padding-bottom:var(--wp--preset--spacing--60);padding-left:var(--wp--preset--spacing--60)\"><span aria-hidden=\"true\" class=\"wp-block-cover__background has-background-dim wp-block-cover__gradient-background has-background-gradient has-bg-gradient-to-black-bottom-gradient-background\"><\/span><img loading=\"lazy\" decoding=\"async\" width=\"1024\" height=\"575\" src=\"https:\/\/www.lacroixvalmertourisme.com\/wp-content\/uploads\/2024\/06\/vergeron2024\u00a9guillaumevoiturier-10-1024x575.jpg\" class=\"wp-block-cover__image-background wp-post-image\" alt=\"Natur Cap Lardier La Croix Valmer Fremdenverkehrsamt\" data-object-fit=\"cover\"   \/><div class=\"wp-block-cover__inner-container is-layout-constrained wp-container-core-cover-is-layout-11859842 wp-block-cover-is-layout-constrained\"><h2 class=\"wp-block-post-title\"><a href=\"https:\/\/www.lacroixvalmertourisme.com\/de\/entdecken-entkommen\/fuesse-im-wasser\/plage-du-vergeron\" target=\"_self\" >Strand von Vergeron<\/a><\/h2><\/div><\/div>\n\n<\/li><li class=\"wp-block-post post-11701 page type-page status-publish has-post-thumbnail hentry\">\n\n<div class=\"wp-block-cover has-custom-content-position is-position-bottom-left\" style=\"padding-top:var(--wp--preset--spacing--60);padding-right:var(--wp--preset--spacing--60);padding-bottom:var(--wp--preset--spacing--60);padding-left:var(--wp--preset--spacing--60)\"><span aria-hidden=\"true\" class=\"wp-block-cover__background has-background-dim wp-block-cover__gradient-background has-background-gradient has-bg-gradient-to-black-bottom-gradient-background\"><\/span><img loading=\"lazy\" decoding=\"async\" width=\"1024\" height=\"575\" src=\"https:\/\/www.lacroixvalmertourisme.com\/wp-content\/uploads\/2021\/06\/2020\u00a9guillaume-voiturier-4-1024x575.jpg\" class=\"wp-block-cover__image-background wp-post-image\" alt=\"Entdecken Sie die Str\u00e4nde von La Croix-Valmer\" data-object-fit=\"cover\"   \/><div class=\"wp-block-cover__inner-container is-layout-constrained wp-container-core-cover-is-layout-11859842 wp-block-cover-is-layout-constrained\"><h2 class=\"wp-block-post-title\"><a href=\"https:\/\/www.lacroixvalmertourisme.com\/de\/entdecken-entkommen\/fuesse-im-wasser\/plage-de-sylvabelle\" target=\"_self\" >Strand von Sylvabelle<\/a><\/h2><\/div><\/div>\n\n<\/li><li class=\"wp-block-post post-11703 page type-page status-publish has-post-thumbnail hentry\">\n\n<div class=\"wp-block-cover has-custom-content-position is-position-bottom-left\" style=\"padding-top:var(--wp--preset--spacing--60);padding-right:var(--wp--preset--spacing--60);padding-bottom:var(--wp--preset--spacing--60);padding-left:var(--wp--preset--spacing--60)\"><span aria-hidden=\"true\" class=\"wp-block-cover__background has-background-dim wp-block-cover__gradient-background has-background-gradient has-bg-gradient-to-black-bottom-gradient-background\"><\/span><img loading=\"lazy\" decoding=\"async\" width=\"1024\" height=\"575\" src=\"https:\/\/www.lacroixvalmertourisme.com\/wp-content\/uploads\/2024\/06\/heraclee-2024\u00a9guillaumevoiturier-4-1024x575.jpg\" class=\"wp-block-cover__image-background wp-post-image\" alt=\"Natur Cap Lardier La Croix Valmer Fremdenverkehrsamt\" data-object-fit=\"cover\"   \/><div class=\"wp-block-cover__inner-container is-layout-constrained wp-container-core-cover-is-layout-11859842 wp-block-cover-is-layout-constrained\"><h2 class=\"wp-block-post-title\"><a href=\"https:\/\/www.lacroixvalmertourisme.com\/de\/entdecken-entkommen\/fuesse-im-wasser\/plage-dheraclee\" target=\"_self\" >Strand von Herakleia<\/a><\/h2><\/div><\/div>\n\n<\/li><li class=\"wp-block-post post-11705 page type-page status-publish has-post-thumbnail hentry\">\n\n<div class=\"wp-block-cover has-custom-content-position is-position-bottom-left\" style=\"padding-top:var(--wp--preset--spacing--60);padding-right:var(--wp--preset--spacing--60);padding-bottom:var(--wp--preset--spacing--60);padding-left:var(--wp--preset--spacing--60)\"><span aria-hidden=\"true\" class=\"wp-block-cover__background has-background-dim wp-block-cover__gradient-background has-background-gradient has-bg-gradient-to-black-bottom-gradient-background\"><\/span><img loading=\"lazy\" decoding=\"async\" width=\"1024\" height=\"575\" src=\"https:\/\/www.lacroixvalmertourisme.com\/wp-content\/uploads\/2024\/06\/gigaro-2024\u00a9guillaumevoiturier-5-1024x575.jpg\" class=\"wp-block-cover__image-background wp-post-image\" alt=\"Natur Cap Lardier La Croix Valmer Fremdenverkehrsamt\" data-object-fit=\"cover\"   \/><div class=\"wp-block-cover__inner-container is-layout-constrained wp-container-core-cover-is-layout-11859842 wp-block-cover-is-layout-constrained\"><h2 class=\"wp-block-post-title\"><a href=\"https:\/\/www.lacroixvalmertourisme.com\/de\/entdecken-entkommen\/fuesse-im-wasser\/plage-de-gigaro\" target=\"_self\" >Strand von Gigaro<\/a><\/h2><\/div><\/div>\n\n<\/li><li class=\"wp-block-post post-11707 page type-page status-publish has-post-thumbnail hentry\">\n\n<div class=\"wp-block-cover has-custom-content-position is-position-bottom-left\" style=\"padding-top:var(--wp--preset--spacing--60);padding-right:var(--wp--preset--spacing--60);padding-bottom:var(--wp--preset--spacing--60);padding-left:var(--wp--preset--spacing--60)\"><span aria-hidden=\"true\" class=\"wp-block-cover__background has-background-dim wp-block-cover__gradient-background has-background-gradient has-bg-gradient-to-black-bottom-gradient-background\"><\/span><img loading=\"lazy\" decoding=\"async\" width=\"1024\" height=\"577\" src=\"https:\/\/www.lacroixvalmertourisme.com\/wp-content\/uploads\/2024\/06\/brouis-204\u00a9guillaumevoiturier-7-1024x577.jpg\" class=\"wp-block-cover__image-background wp-post-image\" alt=\"Natur Cap Lardier La Croix Valmer Fremdenverkehrsamt\" data-object-fit=\"cover\"   \/><div class=\"wp-block-cover__inner-container is-layout-constrained wp-container-core-cover-is-layout-11859842 wp-block-cover-is-layout-constrained\"><h2 class=\"wp-block-post-title\"><a href=\"https:\/\/www.lacroixvalmertourisme.com\/de\/entdecken-entkommen\/fuesse-im-wasser\/plage-des-brouis\" target=\"_self\" >Strand von Brouis<\/a><\/h2><\/div><\/div>\n\n<\/li><li class=\"wp-block-post post-11709 page type-page status-publish has-post-thumbnail hentry\">\n\n<div class=\"wp-block-cover has-custom-content-position is-position-bottom-left\" style=\"padding-top:var(--wp--preset--spacing--60);padding-right:var(--wp--preset--spacing--60);padding-bottom:var(--wp--preset--spacing--60);padding-left:var(--wp--preset--spacing--60)\"><span aria-hidden=\"true\" class=\"wp-block-cover__background has-background-dim wp-block-cover__gradient-background has-background-gradient has-bg-gradient-to-black-bottom-gradient-background\"><\/span><img loading=\"lazy\" decoding=\"async\" width=\"1024\" height=\"768\" src=\"https:\/\/www.lacroixvalmertourisme.com\/wp-content\/uploads\/2024\/06\/briande-2024\u00a9guillaumevoiturier-7-1024x768.jpg\" class=\"wp-block-cover__image-background wp-post-image\" alt=\"Natur Cap Lardier La Croix Valmer Fremdenverkehrsamt\" data-object-fit=\"cover\"   \/><div class=\"wp-block-cover__inner-container is-layout-constrained wp-container-core-cover-is-layout-11859842 wp-block-cover-is-layout-constrained\"><h2 class=\"wp-block-post-title\"><a href=\"https:\/\/www.lacroixvalmertourisme.com\/de\/entdecken-entkommen\/fuesse-im-wasser\/plage-de-la-briande\" target=\"_self\" >Strand von La Briande<\/a><\/h2><\/div><\/div>\n\n<\/li><li class=\"wp-block-post post-18384 page type-page status-publish has-post-thumbnail hentry\">\n\n<div class=\"wp-block-cover has-custom-content-position is-position-bottom-left\" style=\"padding-top:var(--wp--preset--spacing--60);padding-right:var(--wp--preset--spacing--60);padding-bottom:var(--wp--preset--spacing--60);padding-left:var(--wp--preset--spacing--60)\"><span aria-hidden=\"true\" class=\"wp-block-cover__background has-background-dim wp-block-cover__gradient-background has-background-gradient has-bg-gradient-to-black-bottom-gradient-background\"><\/span><img loading=\"lazy\" decoding=\"async\" width=\"1024\" height=\"576\" src=\"https:\/\/www.lacroixvalmertourisme.com\/wp-content\/uploads\/2021\/06\/activites-nautiques-3-SITE-OT-1024x576.png\" class=\"wp-block-cover__image-background wp-post-image\" alt=\"d\u00e9couvrir s&#039;evader la croix valmer plages\" data-object-fit=\"cover\"   \/><div class=\"wp-block-cover__inner-container is-layout-constrained wp-container-core-cover-is-layout-11859842 wp-block-cover-is-layout-constrained\"><h2 class=\"wp-block-post-title\"><a href=\"https:\/\/www.lacroixvalmertourisme.com\/de\/entdecken-entkommen\/fuesse-im-wasser\/beratung-und-reglementierung\" target=\"_self\" >Beratung und reglementierung<\/a><\/h2><\/div><\/div>\n\n<\/li><\/ul><\/div>\n<\/div>\n","protected":false},"excerpt":{"rendered":"<p>Die Ferien sind eine ganze schwere Erholungszeit Vincent Gury Mission 1 Tag, 1 Strand!!! La Croix Valmer hat nicht weniger als 12 km K\u00fcste, die Sie auf der Landseite bei Ihren Spazierg\u00e4ngen und auf der Seeseite vom Strand aus entdecken k\u00f6nnen.Sie haben sich entschieden, Ihren Urlaub am Mittelmeer zu verbringen, da warten wunderbare Entdeckungen auf&#8230;<\/p>\n","protected":false},"author":4,"featured_media":13997,"parent":4553,"menu_order":59,"comment_status":"closed","ping_status":"closed","template":"page-plage.blade.php","meta":{"_acf_changed":false,"_crdt_document":"","footnotes":""},"class_list":["post-4631","page","type-page","status-publish","has-post-thumbnail","hentry"],"acf":{"video_mp4":false,"poster_image":false,"nugget":false,"page-virtuelle":false,"video_webm":false,"autoplay":false,"delay":"","pagepage-updown":true,"introduction":"","title_alignement":"","pagepage-etendus":"none","slogan":"Im Urlaub zu sein bedeutet, nichts zu tun zu haben und den ganzen Tag Zeit daf\u00fcr zu haben Robert Orwen","mots-cles":"Spaziergang Wanderung Spaziergang Cap Lardier Cap Taillat Natur Umgebung Was kann man unternehmen? Was kann man besichtigen? Lokaler Reisef\u00fchrer Schutzgebiet Nationalpark Panorama Konservatorium der K\u00fcste Wanderweg Geschichte Meer Strand K\u00fcstenwanderweg Z\u00f6llnerpfad Aussichtspunkt Bergkamm Familie Kinder Sand Strand Ufer K\u00fcste Landung Behindertengerechter Strand kostenloser Sommer-Shuttlebus Boote \u00celes d' Porquerolles Port Cros Rettungsstation Strandw\u00e4chter Restaurant Gesch\u00e4fte Boje Wassersportzentrum Segeln Parasailing Tretboot Sylvabelle Nat\u00fcrliche Treppe \u00dcberwacht H\u00e9racl\u00e9e Paddle Gigaro Ponton Anlegestelle Jovat Meereskrokodil Schnorcheln Brouis Begleiteter Wanderweg Briande Parkplatz Parken\r\n"},"yoast_head":"<!-- This site is optimized with the Yoast SEO plugin v27.5 - https:\/\/yoast.com\/product\/yoast-seo-wordpress\/ -->\n<title>Die Str\u00e4nde - La Croix-Valmer Tourisme<\/title>\n<meta name=\"description\" content=\"Hervorhebung jeder Seite in La Croix Valmer Mission 1 Tag 1 Strand Unsere Traumstr\u00e4nde Entdecken und Faulenzen\" \/>\n<meta name=\"robots\" content=\"index, follow, max-snippet:-1, max-image-preview:large, max-video-preview:-1\" \/>\n<link rel=\"canonical\" href=\"https:\/\/www.lacroixvalmertourisme.com\/de\/entdecken-entkommen\/fuesse-im-wasser\" \/>\n<meta property=\"og:locale\" content=\"de_DE\" \/>\n<meta property=\"og:type\" content=\"article\" \/>\n<meta property=\"og:title\" content=\"Die Str\u00e4nde - La Croix-Valmer Tourisme\" \/>\n<meta property=\"og:description\" content=\"Hervorhebung jeder Seite in La Croix Valmer Mission 1 Tag 1 Strand Unsere Traumstr\u00e4nde Entdecken und Faulenzen\" \/>\n<meta property=\"og:url\" content=\"https:\/\/www.lacroixvalmertourisme.com\/de\/entdecken-entkommen\/fuesse-im-wasser\" \/>\n<meta property=\"og:site_name\" content=\"La Croix-Valmer Tourisme\" \/>\n<meta property=\"article:publisher\" content=\"https:\/\/www.facebook.com\/lacroixvalmertourisme\/\" \/>\n<meta property=\"article:modified_time\" content=\"2026-05-03T19:25:19+00:00\" \/>\n<meta property=\"og:image\" content=\"https:\/\/www.lacroixvalmertourisme.com\/wp-content\/uploads\/2023\/11\/cote-mer-2.jpg\" \/>\n\t<meta property=\"og:image:width\" content=\"2000\" \/>\n\t<meta property=\"og:image:height\" content=\"1326\" \/>\n\t<meta property=\"og:image:type\" content=\"image\/jpeg\" \/>\n<meta name=\"twitter:card\" content=\"summary_large_image\" \/>\n<meta name=\"twitter:site\" content=\"@La_Croix_Valmer\" \/>\n<!-- \/ Yoast SEO plugin. -->","yoast_head_json":{"title":"Die Str\u00e4nde - La Croix-Valmer Tourisme","description":"Hervorhebung jeder Seite in La Croix Valmer Mission 1 Tag 1 Strand Unsere Traumstr\u00e4nde Entdecken und Faulenzen","robots":{"index":"index","follow":"follow","max-snippet":"max-snippet:-1","max-image-preview":"max-image-preview:large","max-video-preview":"max-video-preview:-1"},"canonical":"https:\/\/www.lacroixvalmertourisme.com\/de\/entdecken-entkommen\/fuesse-im-wasser","og_locale":"de_DE","og_type":"article","og_title":"Die Str\u00e4nde - La Croix-Valmer Tourisme","og_description":"Hervorhebung jeder Seite in La Croix Valmer Mission 1 Tag 1 Strand Unsere Traumstr\u00e4nde Entdecken und Faulenzen","og_url":"https:\/\/www.lacroixvalmertourisme.com\/de\/entdecken-entkommen\/fuesse-im-wasser","og_site_name":"La Croix-Valmer Tourisme","article_publisher":"https:\/\/www.facebook.com\/lacroixvalmertourisme\/","article_modified_time":"2026-05-03T19:25:19+00:00","og_image":[{"width":2000,"height":1326,"url":"https:\/\/www.lacroixvalmertourisme.com\/wp-content\/uploads\/2023\/11\/cote-mer-2.jpg","type":"image\/jpeg"}],"twitter_card":"summary_large_image","twitter_site":"@La_Croix_Valmer","schema":{"@context":"https:\/\/schema.org","@graph":[{"@type":"WebPage","@id":"https:\/\/www.lacroixvalmertourisme.com\/de\/entdecken-entkommen\/fuesse-im-wasser","url":"https:\/\/www.lacroixvalmertourisme.com\/de\/entdecken-entkommen\/fuesse-im-wasser","name":"Die Str\u00e4nde - La Croix-Valmer Tourisme","isPartOf":{"@id":"https:\/\/www.lacroixvalmertourisme.com\/de#website"},"primaryImageOfPage":{"@id":"https:\/\/www.lacroixvalmertourisme.com\/de\/entdecken-entkommen\/fuesse-im-wasser#primaryimage"},"image":{"@id":"https:\/\/www.lacroixvalmertourisme.com\/de\/entdecken-entkommen\/fuesse-im-wasser#primaryimage"},"thumbnailUrl":"https:\/\/www.lacroixvalmertourisme.com\/wp-content\/uploads\/2023\/11\/cote-mer-2.jpg","datePublished":"2021-06-29T08:15:49+00:00","dateModified":"2026-05-03T19:25:19+00:00","description":"Hervorhebung jeder Seite in La Croix Valmer Mission 1 Tag 1 Strand Unsere Traumstr\u00e4nde Entdecken und Faulenzen","breadcrumb":{"@id":"https:\/\/www.lacroixvalmertourisme.com\/de\/entdecken-entkommen\/fuesse-im-wasser#breadcrumb"},"inLanguage":"de","potentialAction":[{"@type":"ReadAction","target":["https:\/\/www.lacroixvalmertourisme.com\/de\/entdecken-entkommen\/fuesse-im-wasser"]}]},{"@type":"ImageObject","inLanguage":"de","@id":"https:\/\/www.lacroixvalmertourisme.com\/de\/entdecken-entkommen\/fuesse-im-wasser#primaryimage","url":"https:\/\/www.lacroixvalmertourisme.com\/wp-content\/uploads\/2023\/11\/cote-mer-2.jpg","contentUrl":"https:\/\/www.lacroixvalmertourisme.com\/wp-content\/uploads\/2023\/11\/cote-mer-2.jpg","width":2000,"height":1326},{"@type":"BreadcrumbList","@id":"https:\/\/www.lacroixvalmertourisme.com\/de\/entdecken-entkommen\/fuesse-im-wasser#breadcrumb","itemListElement":[{"@type":"ListItem","position":1,"name":"Accueil","item":"https:\/\/www.lacroixvalmertourisme.com\/de"},{"@type":"ListItem","position":2,"name":"Entdecken","item":"https:\/\/www.lacroixvalmertourisme.com\/de\/entdecken-entkommen"},{"@type":"ListItem","position":3,"name":"Die Str\u00e4nde"}]},{"@type":"WebSite","@id":"https:\/\/www.lacroixvalmertourisme.com\/de#website","url":"https:\/\/www.lacroixvalmertourisme.com\/de","name":"La Croix-Valmer Tourisme","description":"Toutes les informations touristiques pour organiser votre prochain s\u00e9jour \u00e0 La Croix Valmer dans le Golfe de Saint-Tropez","publisher":{"@id":"https:\/\/www.lacroixvalmertourisme.com\/de#organization"},"potentialAction":[{"@type":"SearchAction","target":{"@type":"EntryPoint","urlTemplate":"https:\/\/www.lacroixvalmertourisme.com\/de?s={search_term_string}"},"query-input":{"@type":"PropertyValueSpecification","valueRequired":true,"valueName":"search_term_string"}}],"inLanguage":"de"},{"@type":"Organization","@id":"https:\/\/www.lacroixvalmertourisme.com\/de#organization","name":"Office de Tourisme de La Croix Valmer","url":"https:\/\/www.lacroixvalmertourisme.com\/de","logo":{"@type":"ImageObject","inLanguage":"de","@id":"https:\/\/www.lacroixvalmertourisme.com\/de#\/schema\/logo\/image\/","url":"https:\/\/www.lacroixvalmertourisme.com\/wp-content\/uploads\/2021\/06\/Logo_ot_bleu.png","contentUrl":"https:\/\/www.lacroixvalmertourisme.com\/wp-content\/uploads\/2021\/06\/Logo_ot_bleu.png","width":591,"height":454,"caption":"Office de Tourisme de La Croix Valmer"},"image":{"@id":"https:\/\/www.lacroixvalmertourisme.com\/de#\/schema\/logo\/image\/"},"sameAs":["https:\/\/www.facebook.com\/lacroixvalmertourisme\/","https:\/\/x.com\/La_Croix_Valmer","https:\/\/www.instagram.com\/lacroixvalmer_tourisme\/"]}]}},"publishpress_future_workflow_manual_trigger":{"enabledWorkflows":[]},"_links":{"self":[{"href":"https:\/\/www.lacroixvalmertourisme.com\/de\/wp-json\/wp\/v2\/pages\/4631","targetHints":{"allow":["GET"]}}],"collection":[{"href":"https:\/\/www.lacroixvalmertourisme.com\/de\/wp-json\/wp\/v2\/pages"}],"about":[{"href":"https:\/\/www.lacroixvalmertourisme.com\/de\/wp-json\/wp\/v2\/types\/page"}],"author":[{"embeddable":true,"href":"https:\/\/www.lacroixvalmertourisme.com\/de\/wp-json\/wp\/v2\/users\/4"}],"replies":[{"embeddable":true,"href":"https:\/\/www.lacroixvalmertourisme.com\/de\/wp-json\/wp\/v2\/comments?post=4631"}],"version-history":[{"count":12,"href":"https:\/\/www.lacroixvalmertourisme.com\/de\/wp-json\/wp\/v2\/pages\/4631\/revisions"}],"predecessor-version":[{"id":27795,"href":"https:\/\/www.lacroixvalmertourisme.com\/de\/wp-json\/wp\/v2\/pages\/4631\/revisions\/27795"}],"up":[{"embeddable":true,"href":"https:\/\/www.lacroixvalmertourisme.com\/de\/wp-json\/wp\/v2\/pages\/4553"}],"wp:featuredmedia":[{"embeddable":true,"href":"https:\/\/www.lacroixvalmertourisme.com\/de\/wp-json\/wp\/v2\/media\/13997"}],"wp:attachment":[{"href":"https:\/\/www.lacroixvalmertourisme.com\/de\/wp-json\/wp\/v2\/media?parent=4631"}],"curies":[{"name":"wp","href":"https:\/\/api.w.org\/{rel}","templated":true}]}}