{"id":4557,"date":"2021-06-29T09:23:12","date_gmt":"2021-06-29T07:23:12","guid":{"rendered":"https:\/\/www.lacroixvalmertourisme.com\/ecrin-de-verdure\/zu-fuss"},"modified":"2026-05-10T15:14:16","modified_gmt":"2026-05-10T13:14:16","slug":"zu-fuss","status":"publish","type":"page","link":"https:\/\/www.lacroixvalmertourisme.com\/de\/entdecken-entkommen\/unberuhrte-natur\/zu-fuss","title":{"rendered":"Spazierg\u00e4nge und Entdeckungen"},"content":{"rendered":"\n<div class=\"wp-block-group alignwide is-layout-constrained wp-block-group-is-layout-constrained\">\n<div class=\"wp-block-group is-layout-constrained wp-block-group-is-layout-constrained\">\n<p class=\"has-text-align-center has-lg-font-size wp-block-paragraph\">Genie\u00dfen Sie die morgendliche Frische oder den sp\u00e4ten Nachmittag, um auf Wegen und Pfaden zu wandern: Der Duft des Pinienwaldes, die Farben der Provence, der Blick zum Horizont, ein Moment au\u00dferhalb der Zeit, eine Einladung, neue Energie zu tanken.<\/p>\n\n\n\n<div style=\"height:50px\" aria-hidden=\"true\" class=\"wp-block-spacer\"><\/div>\n\n\n\n<p class=\"has-secondary-50-color has-text-color wp-block-paragraph\">Spazierg\u00e4nge, Ausfl\u00fcge und Wanderungen f\u00fcr jeder! Anf\u00e4nger oder gut vorbereiteter Wanderer, allein, mit der Familie&#8230; Alle Landschaften bieten sich Ihnen an: Z\u00f6llnerpfad, architektonisches Erbe, Panoramen, Weinberge, Mimosen, K\u00fcstenlandschaft oder Gebirgsk\u00e4mme&#8230; Die Natur von La Croix Valmer kann man zauberhaft besichtigen, wie ein farbenfrohes und duftendes Gem\u00e4lde betrachten und wie einen gut geh\u00fcteten Schatz sch\u00fctzen. La Croix Valmer, das ist 1 Tag 1 Wanderung!<\/p>\n\n\n\n<div style=\"height:50px\" aria-hidden=\"true\" class=\"wp-block-spacer\"><\/div>\n\n\n\n<div class=\"wp-block-buttons alignwide is-content-justification-center is-layout-flex wp-container-core-buttons-is-layout-9b3e53d3 wp-block-buttons-is-layout-flex\">\n<div class=\"wp-block-button\"><a class=\"wp-block-button__link has-emerald-600-background-color has-background wp-element-button\" href=\"https:\/\/www.lacroixvalmertourisme.com\/de\/wanderungen\" target=\"_blank\" rel=\"noreferrer noopener\">Finden Sie alle Routen hier<\/a><\/div>\n<\/div>\n<\/div>\n\n\n\n<div style=\"height:50px\" aria-hidden=\"true\" class=\"wp-block-spacer\"><\/div>\n\n\n\n<div class=\"wp-block-group alignfull has-white-color has-secondary-container-background-color has-text-color has-background has-link-color wp-elements-351a35c72b5c9b71f341df19c996722f is-layout-constrained wp-block-group-is-layout-constrained\" style=\"border-style:none;border-width:0px;border-radius:30px\">\n<h2 class=\"wp-block-heading has-white-color has-text-color has-link-color has-script-font-family has-5-xl-font-size wp-elements-161cf33ec22c2854a837b0d7f83972b8\"><strong>Escape Game <\/strong><\/h2>\n\n\n\n<div class=\"wp-block-columns is-layout-flex wp-container-core-columns-is-layout-0defc3be wp-block-columns-is-layout-flex\">\n<div class=\"wp-block-column is-layout-flow wp-block-column-is-layout-flow\" style=\"flex-basis:66.66%\">\n<p class=\"wp-block-paragraph\"><\/p>\n\n\n\n<p class=\"wp-block-paragraph\"><div class=\"gmail_default\">Lust auf eine A<span style=\"font-family: verdana, sans-serif\"><span style=\"color: #073763\">ktivit\u00e4t mit der Familie oder Freunden?<\/span><\/span><\/div><br \/><div class=\"gmail_default\"><span style=\"font-family: verdana, sans-serif\"><span style=\"color: #073763\">Der Tourismusb<\/span><\/span><span style=\"color: #073763;font-family: verdana, sans-serif\">\u00fcro, in Kooperation mit der Servicekultur, l<\/span>\u00e4dt euch ein, mit Victor Conti zusammenzuschlie\u00dfen : Erkundet das Dorf um &#8222;Die R\u00e4tzeln von La Croix&#8220; zu l<span lang=\"EN-GB\"><span style=\"color: #073763\">\u00f6<\/span><\/span><span style=\"color: #073763\">sen und die Ber\u00fchmte Croix de Constantin zu finden bevor es der gemeine\u00a0Adrian Wolfe mit seiner furchterregende, geldgierige Mannschaft es tut.\u00a0<\/span><\/div><\/p>\n\n\n\n<div class=\"wp-block-columns alignwide are-vertically-aligned-top is-layout-flex wp-container-core-columns-is-layout-0defc3be wp-block-columns-is-layout-flex\">\n<div class=\"wp-block-column is-vertically-aligned-top is-layout-flow wp-block-column-is-layout-flow\">\n<figure class=\"wp-block-image aligncenter size-large is-resized is-style-rounded is-style-rounded--1\"><a data-caption=\"Escape game sept24 \u00a9 lacroixvalmertourisme (19)\" href=\"https:\/\/www.lacroixvalmertourisme.com\/wp-content\/uploads\/2024\/09\/Escape-game-sept24-&#xA9;-lacroixvalmertourisme-19-768x1024.jpeg\" data-fancybox=\"gallery\"><img decoding=\"async\" sizes=\"(max-width: 768px) 100vw, 768px\" data-tippy-content=\"Escape game sept24 \u00a9 lacroixvalmertourisme (19)\" src=\"https:\/\/www.lacroixvalmertourisme.com\/wp-content\/uploads\/2024\/09\/Escape-game-sept24-&#xA9;-lacroixvalmertourisme-19-768x1024.jpeg\" alt=\"la croix valmer tourisme \noffice de tourisme\nescape game \" class=\"wp-image-18474\" style=\"aspect-ratio:3\/4;object-fit:cover;width:168px;height:auto\" \/><\/a><\/figure>\n<\/div>\n\n\n\n<div class=\"wp-block-column is-vertically-aligned-top is-layout-flow wp-block-column-is-layout-flow\">\n<figure class=\"wp-block-image aligncenter size-large is-style-rounded is-style-rounded--2\"><a data-caption=\"Escape game sept24 \u00a9 lacroixvalmertourisme (53)\" href=\"https:\/\/www.lacroixvalmertourisme.com\/wp-content\/uploads\/2024\/09\/Escape-game-sept24-&#xA9;-lacroixvalmertourisme-53-768x1024.jpeg\" data-fancybox=\"gallery\"><img decoding=\"async\" sizes=\"(max-width: 768px) 100vw, 768px\" data-tippy-content=\"Escape game sept24 \u00a9 lacroixvalmertourisme (53)\" src=\"https:\/\/www.lacroixvalmertourisme.com\/wp-content\/uploads\/2024\/09\/Escape-game-sept24-&#xA9;-lacroixvalmertourisme-53-768x1024.jpeg\" alt=\"la croix valmer tourisme \noffice de tourisme\nescape game \" class=\"wp-image-18477\" style=\"aspect-ratio:3\/4;object-fit:cover\" \/><\/a><\/figure>\n<\/div>\n\n\n\n<div class=\"wp-block-column is-vertically-aligned-top is-layout-flow wp-block-column-is-layout-flow\">\n<figure class=\"wp-block-image aligncenter size-large is-resized is-style-rounded is-style-rounded--3\"><a data-caption=\"Escape game sept24 \u00a9 lacroixvalmertourisme (1)\" href=\"https:\/\/www.lacroixvalmertourisme.com\/wp-content\/uploads\/2024\/09\/Escape-game-sept24-&#xA9;-lacroixvalmertourisme-1-768x1024.jpeg\" data-fancybox=\"gallery\"><img decoding=\"async\" sizes=\"(max-width: 768px) 100vw, 768px\" data-tippy-content=\"Escape game sept24 \u00a9 lacroixvalmertourisme (1)\" src=\"https:\/\/www.lacroixvalmertourisme.com\/wp-content\/uploads\/2024\/09\/Escape-game-sept24-&#xA9;-lacroixvalmertourisme-1-768x1024.jpeg\" alt=\"la croix valmer tourisme \noffice de tourisme\nescape game \" class=\"wp-image-18480\" style=\"aspect-ratio:3\/4;object-fit:cover;width:166px;height:auto\" \/><\/a><\/figure>\n<\/div>\n<\/div>\n<\/div>\n\n\n\n<div class=\"wp-block-column is-layout-flow wp-block-column-is-layout-flow\" style=\"flex-basis:33.33%\">\n<div class=\"wp-block-buttons is-content-justification-center is-layout-flex wp-container-core-buttons-is-layout-9b3e53d3 wp-block-buttons-is-layout-flex\">\n<div class=\"wp-block-button is-style-tertiary\"><a class=\"wp-block-button__link has-red-400-color has-slate-50-background-color has-text-color has-background has-link-color has-text-align-center wp-element-button\" href=\"https:\/\/lacroixvalmer.alwaysdata.net\/\" target=\"_blank\" rel=\"noreferrer noopener\">Es geht los !!<\/a><\/div>\n<\/div>\n\n\n\n<figure class=\"wp-block-image aligncenter size-large is-resized is-style-rounded is-style-rounded--4\"><a data-caption=\"escape game\" href=\"https:\/\/www.lacroixvalmertourisme.com\/wp-content\/uploads\/2024\/10\/escape-game-724x1024.jpg\" data-fancybox=\"gallery\"><img loading=\"lazy\" decoding=\"async\" width=\"724\" height=\"1024\" sizes=\"auto, (max-width: 724px) 100vw, 724px\" data-tippy-content=\"escape game\" src=\"https:\/\/www.lacroixvalmertourisme.com\/wp-content\/uploads\/2024\/10\/escape-game-724x1024.jpg\" alt=\"la croix valmer tourisme \noffice de tourisme\nescape game \" class=\"wp-image-18536\" style=\"aspect-ratio:3\/4;object-fit:cover;width:234px;height:auto\" srcset=\"https:\/\/www.lacroixvalmertourisme.com\/wp-content\/uploads\/2024\/10\/escape-game-724x1024.jpg 724w, https:\/\/www.lacroixvalmertourisme.com\/wp-content\/uploads\/2024\/10\/escape-game-212x300.jpg 212w, https:\/\/www.lacroixvalmertourisme.com\/wp-content\/uploads\/2024\/10\/escape-game-768x1086.jpg 768w, https:\/\/www.lacroixvalmertourisme.com\/wp-content\/uploads\/2024\/10\/escape-game-1087x1536.jpg 1087w, https:\/\/www.lacroixvalmertourisme.com\/wp-content\/uploads\/2024\/10\/escape-game-1449x2048.jpg 1449w, https:\/\/www.lacroixvalmertourisme.com\/wp-content\/uploads\/2024\/10\/escape-game-106x150.jpg 106w, https:\/\/www.lacroixvalmertourisme.com\/wp-content\/uploads\/2024\/10\/escape-game.jpg 1773w\" \/><\/a><\/figure>\n<\/div>\n<\/div>\n<\/div>\n\n\n\n<div style=\"height:100px\" aria-hidden=\"true\" class=\"wp-block-spacer\"><\/div>\n\n\n\n<div class=\"wp-block-columns alignfull is-layout-flex wp-container-core-columns-is-layout-0defc3be wp-block-columns-is-layout-flex\">\n<div class=\"wp-block-column is-layout-flow wp-block-column-is-layout-flow\">\n<figure class=\"wp-block-image alignwide size-medium is-style-rounded is-style-rounded--5\"><a data-caption=\"Inspecteur Rando\" href=\"https:\/\/www.lacroixvalmertourisme.com\/wp-content\/uploads\/2021\/04\/7905_636900747890846708-237x300.png\" data-fancybox=\"gallery\"><img loading=\"lazy\" decoding=\"async\" width=\"237\" height=\"300\" sizes=\"auto, (max-width: 237px) 100vw, 237px\" data-tippy-content=\"Inspecteur Rando\" src=\"https:\/\/www.lacroixvalmertourisme.com\/wp-content\/uploads\/2021\/04\/7905_636900747890846708-237x300.png\" alt=\"d\u00e9couvrir s'evader la croix valmer sentier balades randonn\u00e9es \u00e0 pied \u00e0 v\u00e9lo\" class=\"wp-image-903\" srcset=\"https:\/\/www.lacroixvalmertourisme.com\/wp-content\/uploads\/2021\/04\/7905_636900747890846708-237x300.png 237w, https:\/\/www.lacroixvalmertourisme.com\/wp-content\/uploads\/2021\/04\/7905_636900747890846708-808x1024.png 808w, https:\/\/www.lacroixvalmertourisme.com\/wp-content\/uploads\/2021\/04\/7905_636900747890846708-768x973.png 768w, https:\/\/www.lacroixvalmertourisme.com\/wp-content\/uploads\/2021\/04\/7905_636900747890846708-1212x1536.png 1212w, https:\/\/www.lacroixvalmertourisme.com\/wp-content\/uploads\/2021\/04\/7905_636900747890846708-118x150.png 118w, https:\/\/www.lacroixvalmertourisme.com\/wp-content\/uploads\/2021\/04\/7905_636900747890846708.png 1578w\" \/><\/a><\/figure>\n<\/div>\n\n\n\n<div class=\"wp-block-column is-layout-flow wp-block-column-is-layout-flow\">\n<h2 class=\"wp-block-heading has-text-align-center has-script-font-family has-5-xl-font-size\"><strong>Folgen Sie dem Inspektor Rando !<\/strong><\/h2>\n\n\n\n<p class=\"has-text-align-left wp-block-paragraph\">Unser f\u00fcr Kinder bestimmtes Heft \u201e<a href=\"https:\/\/bit.ly\/radolandfr\" target=\"_blank\" rel=\"noopener\">Balades Ludiques<\/a>\u201c ist in Form einer Schnitzeljagd gestaltet. Die im Laufe der Wanderungen gesammelten Hinweise auf Elemente des Bau- oder Naturerbes veranlassen die Kinder, zu beobachten und nach Elementen zu suchen, um die vorgeschlagenen R\u00e4tsel zu l\u00f6sen.<\/p>\n\n\n\n<p class=\"has-text-align-left wp-block-paragraph\">Drei Wanderrouten (zwei zu Fu\u00df und eine mit dem Fahrrad), die ab 4 Jahren zug\u00e4nglich sind, erm\u00f6glichen es Ihnen, La Croix Valmer mit der ganzen Familie zu entdecken und dabei gemeinsam Spa\u00df zu haben.<\/p>\n\n\n\n<p class=\"has-text-align-left wp-block-paragraph\">Diese Wanderungen regen die J\u00fcngsten dazu an, neugierig zu sein und aufmerksam auf ihre Umgebung zu achten: Sie sind es, die den Rhythmus der Wanderung bestimmen, indem sie die Rolle der Entdecker \u00fcbernehmen und es den Eltern erm\u00f6glichen, ihre Kinderseele wiederzufinden.&#013;\n&#013;\nJeder Rundgang besteht aus drei Schwierigkeitsgraden, die sich nach dem Alter Ihrer Kinder richten: 4\/6 Jahre, 7\/9 Jahre und \u00fcber 10 Jahre.<\/p>\n<\/div>\n<\/div>\n\n\n\n<div style=\"height:100px\" aria-hidden=\"true\" class=\"wp-block-spacer\"><\/div>\n\n\n\n<div class=\"wp-block-group alignwide has-white-color has-text-color has-background is-layout-constrained wp-block-group-is-layout-constrained\" style=\"border-radius:25px;background-color:#be185d\">\n<h2 class=\"wp-block-heading alignfull has-text-align-center has-white-color has-text-color has-script-font-family has-5-xl-font-size\"><strong>Audioguides<\/strong><\/h2>\n\n\n\n<div class=\"wp-block-columns alignfull is-layout-flex wp-container-core-columns-is-layout-0defc3be wp-block-columns-is-layout-flex\">\n<div class=\"wp-block-column is-vertically-aligned-top is-layout-flow wp-block-column-is-layout-flow\" style=\"flex-basis:33.33%\">\n<figure class=\"wp-block-image aligncenter size-medium is-resized is-style-rounded is-style-rounded--6\"><a data-caption=\"audioguides\" href=\"https:\/\/www.lacroixvalmertourisme.com\/wp-content\/uploads\/2023\/10\/audioguides-300x300.jpg\" data-fancybox=\"gallery\"><img loading=\"lazy\" decoding=\"async\" width=\"300\" height=\"300\" sizes=\"auto, (max-width: 300px) 100vw, 300px\" data-tippy-content=\"audioguides\" src=\"https:\/\/www.lacroixvalmertourisme.com\/wp-content\/uploads\/2023\/10\/audioguides-300x300.jpg\" alt=\"\" class=\"wp-image-13589\" style=\"object-fit:cover;width:300px;height:300px\" srcset=\"https:\/\/www.lacroixvalmertourisme.com\/wp-content\/uploads\/2023\/10\/audioguides-300x300.jpg 300w, https:\/\/www.lacroixvalmertourisme.com\/wp-content\/uploads\/2023\/10\/audioguides-150x150.jpg 150w, https:\/\/www.lacroixvalmertourisme.com\/wp-content\/uploads\/2023\/10\/audioguides.jpg 500w\" \/><\/a><\/figure>\n<\/div>\n\n\n\n<div class=\"wp-block-column is-vertically-aligned-top is-layout-flow wp-block-column-is-layout-flow\" style=\"flex-basis:66.66%\">\n<p class=\"wp-block-paragraph\">Lust auf etwas Neues? Wie w\u00e4re es, wenn Sie La Croix Valmer aus einem anderen Blickwinkel (neu) entdecken w\u00fcrden? <\/p>\n\n\n\n<p class=\"wp-block-paragraph\"><\/p>\n\n\n\n<p class=\"wp-block-paragraph\">Ziehen Sie Ihre Turnschuhe an, r\u00fcsten Sie sich mit Telefon und Kopfh\u00f6rern aus und lassen Sie sich von uns La Croix Valmer und seine Geschichte erz\u00e4hlen. Durchstreifen Sie die Stra\u00dfen und Wege auf einem unserer vier Rundg\u00e4nge, die in drei Sprachen (Franz\u00f6sisch, Englisch und Deutsch) verf\u00fcgbar sind: <\/p>\n\n\n\n<p class=\"wp-block-paragraph\"><em><strong>La Croix Valmer und das Ch\u00e2teau de Chausse<\/strong><\/em>, wird Ihnen die Bedeutung der Weinreben in unserem Dorf n\u00e4her bringen&#13;\n<em><b>La Croix Valmer und die Domaine de La Madrague<\/b><\/em><span style=\"font-weight: 400;\">, f\u00fchrt Sie durch Weinberge und entlang des K\u00fcstenpfades<\/span>&#13;\n<em><b>La Croix Valmer und die Domaine de La Croix<\/b><\/em><span style=\"font-weight: 400;\">, erkl\u00e4ren Ihnen die Zusammenh\u00e4nge zwischen der Entwicklung des Weinbaus und der Stadt<\/span>&#13;\n<em><b>La Croix Valmer und das Ch\u00e2teau de Chausse<\/b><\/em><span style=\"font-weight: 400;\">, wird Ihnen die Bedeutung der Weinreben in unserem Dorf n\u00e4her bringen<\/span><\/p>\n\n\n\n<div class=\"wp-block-buttons is-content-justification-center is-layout-flex wp-container-core-buttons-is-layout-9b3e53d3 wp-block-buttons-is-layout-flex\">\n<div class=\"wp-block-button is-style-fill\"><a class=\"wp-block-button__link has-pink-700-color has-white-background-color has-text-color has-background wp-element-button\" href=\"https:\/\/la-croix-valmer-tourisme.beta.yunow.app\/fr\/\" target=\"_blank\" rel=\"noreferrer noopener\">Folgen Sie dem Leitfaden!!<\/a><\/div>\n<\/div>\n<\/div>\n<\/div>\n<\/div>\n<\/div>\n","protected":false},"excerpt":{"rendered":"<p>Genie\u00dfen Sie die morgendliche Frische oder den sp\u00e4ten Nachmittag, um auf Wegen und Pfaden zu wandern: Der Duft des Pinienwaldes, die Farben der Provence, der Blick zum Horizont, ein Moment au\u00dferhalb der Zeit, eine Einladung, neue Energie zu tanken. Spazierg\u00e4nge, Ausfl\u00fcge und Wanderungen f\u00fcr jeder! Anf\u00e4nger oder gut vorbereiteter Wanderer, allein, mit der Familie&#8230; Alle&#8230;<\/p>\n","protected":false},"author":4,"featured_media":10820,"parent":3714,"menu_order":44,"comment_status":"closed","ping_status":"closed","template":"page-plage.blade.php","meta":{"_acf_changed":false,"_crdt_document":"","footnotes":""},"class_list":["post-4557","page","type-page","status-publish","has-post-thumbnail","hentry"],"acf":{"video_mp4":false,"poster_image":false,"nugget":false,"page-virtuelle":false,"video_webm":false,"autoplay":false,"delay":"","slogan":"","pagepage-updown":false,"introduction":"Nutzen Sie den milden Vormittag oder den sp\u00e4ten Nachmittag, um auf den Wegen und Pfaden zu spazieren: der Duft des Pinienwaldes, die Farben der Provence, der Blick zum Horizont, ein Moment aus der Zeit, eine Einladung, neue Energie zu tanken.","title_alignement":"","pagepage-etendus":"none","mots-cles":"balade randonn\u00e9e promenade p\u00e9destre cap lardier cap taillat nature environnement que faire visiter que visiter local guide espace prot\u00e9g\u00e9 parc national panorama conservatoire du littoral sentier architecture histoire patrimoine vigne vignoble mimosa mer plage sentier du littoral sentier des douaniers point de vue cr\u00eate pass\u00e9 s\u00e9maphore randoland famille ludique enfant guid\u00e9e"},"yoast_head":"<!-- This site is optimized with the Yoast SEO plugin v27.5 - https:\/\/yoast.com\/product\/yoast-seo-wordpress\/ -->\n<title>Spazierg\u00e4nge und Entdeckungen - La Croix-Valmer Tourisme<\/title>\n<meta name=\"robots\" content=\"index, follow, max-snippet:-1, max-image-preview:large, max-video-preview:-1\" \/>\n<link rel=\"canonical\" href=\"https:\/\/www.lacroixvalmertourisme.com\/de\/entdecken-entkommen\/unberuhrte-natur\/zu-fuss\" \/>\n<meta property=\"og:locale\" content=\"de_DE\" \/>\n<meta property=\"og:type\" content=\"article\" \/>\n<meta property=\"og:title\" content=\"Spazierg\u00e4nge und Entdeckungen - La Croix-Valmer Tourisme\" \/>\n<meta property=\"og:description\" content=\"Genie\u00dfen Sie die morgendliche Frische oder den sp\u00e4ten Nachmittag, um auf Wegen und Pfaden zu wandern: Der Duft des Pinienwaldes, die Farben der Provence, der Blick zum Horizont, ein Moment au\u00dferhalb der Zeit, eine Einladung, neue Energie zu tanken. Spazierg\u00e4nge, Ausfl\u00fcge und Wanderungen f\u00fcr jeder! Anf\u00e4nger oder gut vorbereiteter Wanderer, allein, mit der Familie&#8230; Alle...\" \/>\n<meta property=\"og:url\" content=\"https:\/\/www.lacroixvalmertourisme.com\/de\/entdecken-entkommen\/unberuhrte-natur\/zu-fuss\" \/>\n<meta property=\"og:site_name\" content=\"La Croix-Valmer Tourisme\" \/>\n<meta property=\"article:publisher\" content=\"https:\/\/www.facebook.com\/lacroixvalmertourisme\/\" \/>\n<meta property=\"article:modified_time\" content=\"2026-05-10T13:14:16+00:00\" \/>\n<meta property=\"og:image\" content=\"https:\/\/www.lacroixvalmertourisme.com\/wp-content\/uploads\/2022\/12\/a-pied-\u00a9guillaumevoiturier-24.jpg\" \/>\n\t<meta property=\"og:image:width\" content=\"2000\" \/>\n\t<meta property=\"og:image:height\" content=\"1334\" \/>\n\t<meta property=\"og:image:type\" content=\"image\/jpeg\" \/>\n<meta name=\"twitter:card\" content=\"summary_large_image\" \/>\n<meta name=\"twitter:site\" content=\"@La_Croix_Valmer\" \/>\n<meta name=\"twitter:label1\" content=\"Gesch\u00e4tzte Lesezeit\" \/>\n\t<meta name=\"twitter:data1\" content=\"2\u00a0Minute\" \/>\n<!-- \/ Yoast SEO plugin. -->","yoast_head_json":{"title":"Spazierg\u00e4nge und Entdeckungen - La Croix-Valmer Tourisme","robots":{"index":"index","follow":"follow","max-snippet":"max-snippet:-1","max-image-preview":"max-image-preview:large","max-video-preview":"max-video-preview:-1"},"canonical":"https:\/\/www.lacroixvalmertourisme.com\/de\/entdecken-entkommen\/unberuhrte-natur\/zu-fuss","og_locale":"de_DE","og_type":"article","og_title":"Spazierg\u00e4nge und Entdeckungen - La Croix-Valmer Tourisme","og_description":"Genie\u00dfen Sie die morgendliche Frische oder den sp\u00e4ten Nachmittag, um auf Wegen und Pfaden zu wandern: Der Duft des Pinienwaldes, die Farben der Provence, der Blick zum Horizont, ein Moment au\u00dferhalb der Zeit, eine Einladung, neue Energie zu tanken. Spazierg\u00e4nge, Ausfl\u00fcge und Wanderungen f\u00fcr jeder! Anf\u00e4nger oder gut vorbereiteter Wanderer, allein, mit der Familie&#8230; Alle...","og_url":"https:\/\/www.lacroixvalmertourisme.com\/de\/entdecken-entkommen\/unberuhrte-natur\/zu-fuss","og_site_name":"La Croix-Valmer Tourisme","article_publisher":"https:\/\/www.facebook.com\/lacroixvalmertourisme\/","article_modified_time":"2026-05-10T13:14:16+00:00","og_image":[{"width":2000,"height":1334,"url":"https:\/\/www.lacroixvalmertourisme.com\/wp-content\/uploads\/2022\/12\/a-pied-\u00a9guillaumevoiturier-24.jpg","type":"image\/jpeg"}],"twitter_card":"summary_large_image","twitter_site":"@La_Croix_Valmer","twitter_misc":{"Gesch\u00e4tzte Lesezeit":"2\u00a0Minute"},"schema":{"@context":"https:\/\/schema.org","@graph":[{"@type":"WebPage","@id":"https:\/\/www.lacroixvalmertourisme.com\/de\/entdecken-entkommen\/unberuhrte-natur\/zu-fuss","url":"https:\/\/www.lacroixvalmertourisme.com\/de\/entdecken-entkommen\/unberuhrte-natur\/zu-fuss","name":"Spazierg\u00e4nge und Entdeckungen - La Croix-Valmer Tourisme","isPartOf":{"@id":"https:\/\/www.lacroixvalmertourisme.com\/de#website"},"primaryImageOfPage":{"@id":"https:\/\/www.lacroixvalmertourisme.com\/de\/entdecken-entkommen\/unberuhrte-natur\/zu-fuss#primaryimage"},"image":{"@id":"https:\/\/www.lacroixvalmertourisme.com\/de\/entdecken-entkommen\/unberuhrte-natur\/zu-fuss#primaryimage"},"thumbnailUrl":"https:\/\/www.lacroixvalmertourisme.com\/wp-content\/uploads\/2022\/12\/a-pied-\u00a9guillaumevoiturier-24.jpg","datePublished":"2021-06-29T07:23:12+00:00","dateModified":"2026-05-10T13:14:16+00:00","breadcrumb":{"@id":"https:\/\/www.lacroixvalmertourisme.com\/de\/entdecken-entkommen\/unberuhrte-natur\/zu-fuss#breadcrumb"},"inLanguage":"de","potentialAction":[{"@type":"ReadAction","target":["https:\/\/www.lacroixvalmertourisme.com\/de\/entdecken-entkommen\/unberuhrte-natur\/zu-fuss"]}]},{"@type":"ImageObject","inLanguage":"de","@id":"https:\/\/www.lacroixvalmertourisme.com\/de\/entdecken-entkommen\/unberuhrte-natur\/zu-fuss#primaryimage","url":"https:\/\/www.lacroixvalmertourisme.com\/wp-content\/uploads\/2022\/12\/a-pied-\u00a9guillaumevoiturier-24.jpg","contentUrl":"https:\/\/www.lacroixvalmertourisme.com\/wp-content\/uploads\/2022\/12\/a-pied-\u00a9guillaumevoiturier-24.jpg","width":2000,"height":1334},{"@type":"BreadcrumbList","@id":"https:\/\/www.lacroixvalmertourisme.com\/de\/entdecken-entkommen\/unberuhrte-natur\/zu-fuss#breadcrumb","itemListElement":[{"@type":"ListItem","position":1,"name":"Accueil","item":"https:\/\/www.lacroixvalmertourisme.com\/de"},{"@type":"ListItem","position":2,"name":"Entdecken","item":"https:\/\/www.lacroixvalmertourisme.com\/de\/entdecken-entkommen"},{"@type":"ListItem","position":3,"name":"Aktivit\u00e4ten","item":"https:\/\/www.lacroixvalmertourisme.com\/de\/entdecken-entkommen\/unberuhrte-natur"},{"@type":"ListItem","position":4,"name":"Spazierg\u00e4nge und Entdeckungen"}]},{"@type":"WebSite","@id":"https:\/\/www.lacroixvalmertourisme.com\/de#website","url":"https:\/\/www.lacroixvalmertourisme.com\/de","name":"La Croix-Valmer Tourisme","description":"Toutes les informations touristiques pour organiser votre prochain s\u00e9jour \u00e0 La Croix Valmer dans le Golfe de Saint-Tropez","publisher":{"@id":"https:\/\/www.lacroixvalmertourisme.com\/de#organization"},"potentialAction":[{"@type":"SearchAction","target":{"@type":"EntryPoint","urlTemplate":"https:\/\/www.lacroixvalmertourisme.com\/de?s={search_term_string}"},"query-input":{"@type":"PropertyValueSpecification","valueRequired":true,"valueName":"search_term_string"}}],"inLanguage":"de"},{"@type":"Organization","@id":"https:\/\/www.lacroixvalmertourisme.com\/de#organization","name":"Office de Tourisme de La Croix Valmer","url":"https:\/\/www.lacroixvalmertourisme.com\/de","logo":{"@type":"ImageObject","inLanguage":"de","@id":"https:\/\/www.lacroixvalmertourisme.com\/de#\/schema\/logo\/image\/","url":"https:\/\/www.lacroixvalmertourisme.com\/wp-content\/uploads\/2021\/06\/Logo_ot_bleu.png","contentUrl":"https:\/\/www.lacroixvalmertourisme.com\/wp-content\/uploads\/2021\/06\/Logo_ot_bleu.png","width":591,"height":454,"caption":"Office de Tourisme de La Croix Valmer"},"image":{"@id":"https:\/\/www.lacroixvalmertourisme.com\/de#\/schema\/logo\/image\/"},"sameAs":["https:\/\/www.facebook.com\/lacroixvalmertourisme\/","https:\/\/x.com\/La_Croix_Valmer","https:\/\/www.instagram.com\/lacroixvalmer_tourisme\/"]}]}},"publishpress_future_workflow_manual_trigger":{"enabledWorkflows":[]},"_links":{"self":[{"href":"https:\/\/www.lacroixvalmertourisme.com\/de\/wp-json\/wp\/v2\/pages\/4557","targetHints":{"allow":["GET"]}}],"collection":[{"href":"https:\/\/www.lacroixvalmertourisme.com\/de\/wp-json\/wp\/v2\/pages"}],"about":[{"href":"https:\/\/www.lacroixvalmertourisme.com\/de\/wp-json\/wp\/v2\/types\/page"}],"author":[{"embeddable":true,"href":"https:\/\/www.lacroixvalmertourisme.com\/de\/wp-json\/wp\/v2\/users\/4"}],"replies":[{"embeddable":true,"href":"https:\/\/www.lacroixvalmertourisme.com\/de\/wp-json\/wp\/v2\/comments?post=4557"}],"version-history":[{"count":9,"href":"https:\/\/www.lacroixvalmertourisme.com\/de\/wp-json\/wp\/v2\/pages\/4557\/revisions"}],"predecessor-version":[{"id":27061,"href":"https:\/\/www.lacroixvalmertourisme.com\/de\/wp-json\/wp\/v2\/pages\/4557\/revisions\/27061"}],"up":[{"embeddable":true,"href":"https:\/\/www.lacroixvalmertourisme.com\/de\/wp-json\/wp\/v2\/pages\/3714"}],"wp:featuredmedia":[{"embeddable":true,"href":"https:\/\/www.lacroixvalmertourisme.com\/de\/wp-json\/wp\/v2\/media\/10820"}],"wp:attachment":[{"href":"https:\/\/www.lacroixvalmertourisme.com\/de\/wp-json\/wp\/v2\/media?parent=4557"}],"curies":[{"name":"wp","href":"https:\/\/api.w.org\/{rel}","templated":true}]}}