{"id":27249,"date":"2026-02-17T14:17:57","date_gmt":"2026-02-17T13:17:57","guid":{"rendered":"https:\/\/www.lacroixvalmertourisme.com\/ausgehen-spass\/events\/die-wichtigsten-ereignisse-des-jahres\/festi-pichoun"},"modified":"2026-04-22T15:37:26","modified_gmt":"2026-04-22T13:37:26","slug":"festi-pichoun","status":"publish","type":"page","link":"https:\/\/www.lacroixvalmertourisme.com\/de\/ausgehen-spass\/events\/die-wichtigsten-ereignisse-des-jahres\/festi-pichoun","title":{"rendered":"Festi Pichoun"},"content":{"rendered":"\n<h2 class=\"wp-block-heading has-primary-container-color has-text-color has-link-color has-mono-font-family wp-elements-7d28dcd27a8e4e318402ea9dfd578b32\">Wenn La Croix Valmer erstrahlt<\/h2>\n\n<div style=\"height:50px\" aria-hidden=\"true\" class=\"wp-block-spacer\"><\/div>\n\n<p class=\"has-primary-container-color has-text-color has-link-color wp-elements-a38b16808991abe7c7bdb2306dd950bd wp-block-paragraph\">W\u00e4hrend der Feiertage zum Jahresende erstrahlt La Croix Valmer im Lichterglanz von Weihnachten&#8230;<br \/>Wir bieten Ihnen ein reichhaltiges und abwechslungsreiches Programm, das Sie nicht verpassen sollten! Erleben Sie vom 1. bis 31. Dezember unvergessliche Momente rund um den Zauber von Weihnachten&#8230; Ein Muss f\u00fcr Gro\u00df und Klein.<\/p>\n\n<p class=\"wp-block-paragraph\">Feuerwerk, Lichtershow, verzaubertes Dorf, Eisbahn, Kutschfahrten, Schminken, Shows &#8230; alles, was Sie f\u00fcr sch\u00f6ne Feiertage in La Croix Valmer brauchen.<\/p>\n\n<div style=\"height:50px\" aria-hidden=\"true\" class=\"wp-block-spacer\"><\/div>\n\n<div data-wp-interactive=\"core\/file\" class=\"wp-block-file\"><object data-wp-bind--hidden=\"!state.hasPdfPreview\" hidden class=\"wp-block-file__embed\" data=\"https:\/\/www.lacroixvalmertourisme.com\/wp-content\/uploads\/2026\/02\/festi-pichoun-2025.pdf\" type=\"application\/pdf\" style=\"width:100%;height:600px\" aria-label=\"Einbettung von festi pichoun 2025.\"><\/object><a id=\"wp-block-file--media-d650cc11-c2c1-4bdc-aa17-28acb76aaf45\" href=\"https:\/\/www.lacroixvalmertourisme.com\/wp-content\/uploads\/2026\/02\/festi-pichoun-2025.pdf\">festi pichoun 2025<\/a><a href=\"https:\/\/www.lacroixvalmertourisme.com\/wp-content\/uploads\/2026\/02\/festi-pichoun-2025.pdf\" class=\"wp-block-file__button wp-element-button\" aria-describedby=\"wp-block-file--media-d650cc11-c2c1-4bdc-aa17-28acb76aaf45\">Herunterladen<\/a><\/div>\n\n<div style=\"height:50px\" aria-hidden=\"true\" class=\"wp-block-spacer\"><\/div>\n\n<h2 class=\"wp-block-heading has-text-align-center has-script-font-family has-5-xl-font-size\">~ 2024 ~<\/h2>\n\n<figure class=\"wp-block-gallery alignwide has-nested-images columns-default is-cropped wp-block-gallery-1 is-layout-flex wp-block-gallery-is-layout-flex\">\n<figure class=\"wp-block-image size-large\"><a data-caption=\"d\u00e9co No\u00ebl 2024 \u00a9 lacroixvalmertourisme (68)\" href=\"https:\/\/www.lacroixvalmertourisme.com\/wp-content\/uploads\/2024\/12\/deco-Noel-2024-&#xA9;-lacroixvalmertourisme-68-768x1024.jpeg\" data-fancybox=\"gallery\"><img decoding=\"async\" sizes=\"(max-width: 768px) 100vw, 768px\" data-id=\"19013\" data-tippy-content=\"d\u00e9co No\u00ebl 2024 \u00a9 lacroixvalmertourisme (68)\" src=\"https:\/\/www.lacroixvalmertourisme.com\/wp-content\/uploads\/2024\/12\/deco-Noel-2024-&#xA9;-lacroixvalmertourisme-68-768x1024.jpeg\" alt=\"la croix valmer tourisme \naccueil office de tourisme\nd\u00e9corations illuminations no\u00ebl 2024\" class=\"wp-image-19013\" \/><\/a><\/figure>\n\n\n\n<figure class=\"wp-block-image size-large\"><a data-caption=\"d\u00e9co No\u00ebl 2024 \u00a9 lacroixvalmertourisme (73)\" href=\"https:\/\/www.lacroixvalmertourisme.com\/wp-content\/uploads\/2024\/12\/deco-Noel-2024-&#xA9;-lacroixvalmertourisme-73-768x1024.jpeg\" data-fancybox=\"gallery\"><img decoding=\"async\" sizes=\"(max-width: 768px) 100vw, 768px\" data-id=\"19016\" data-tippy-content=\"d\u00e9co No\u00ebl 2024 \u00a9 lacroixvalmertourisme (73)\" src=\"https:\/\/www.lacroixvalmertourisme.com\/wp-content\/uploads\/2024\/12\/deco-Noel-2024-&#xA9;-lacroixvalmertourisme-73-768x1024.jpeg\" alt=\"la croix valmer tourisme \naccueil office de tourisme\nd\u00e9corations illuminations no\u00ebl 2024\" class=\"wp-image-19016\" \/><\/a><\/figure>\n\n\n\n<figure class=\"wp-block-image size-large\"><a data-caption=\"d\u00e9co No\u00ebl 2024 \u00a9 lacroixvalmertourisme (18)\" href=\"https:\/\/www.lacroixvalmertourisme.com\/wp-content\/uploads\/2024\/12\/deco-Noel-2024-&#xA9;-lacroixvalmertourisme-18-1024x768.jpeg\" data-fancybox=\"gallery\"><img decoding=\"async\" sizes=\"(max-width: 1024px) 100vw, 1024px\" data-id=\"19001\" data-tippy-content=\"d\u00e9co No\u00ebl 2024 \u00a9 lacroixvalmertourisme (18)\" src=\"https:\/\/www.lacroixvalmertourisme.com\/wp-content\/uploads\/2024\/12\/deco-Noel-2024-&#xA9;-lacroixvalmertourisme-18-1024x768.jpeg\" alt=\"la croix valmer tourisme \naccueil office de tourisme\nd\u00e9corations illuminations no\u00ebl 2024\" class=\"wp-image-19001\" \/><\/a><\/figure>\n\n\n\n<figure class=\"wp-block-image size-large\"><a data-caption=\"d\u00e9co No\u00ebl 2024 \u00a9 lacroixvalmertourisme (77)\" href=\"https:\/\/www.lacroixvalmertourisme.com\/wp-content\/uploads\/2024\/12\/deco-Noel-2024-&#xA9;-lacroixvalmertourisme-77-768x1024.jpeg\" data-fancybox=\"gallery\"><img decoding=\"async\" sizes=\"(max-width: 768px) 100vw, 768px\" data-id=\"19019\" data-tippy-content=\"d\u00e9co No\u00ebl 2024 \u00a9 lacroixvalmertourisme (77)\" src=\"https:\/\/www.lacroixvalmertourisme.com\/wp-content\/uploads\/2024\/12\/deco-Noel-2024-&#xA9;-lacroixvalmertourisme-77-768x1024.jpeg\" alt=\"la croix valmer tourisme \naccueil office de tourisme\nd\u00e9corations illuminations no\u00ebl 2024\" class=\"wp-image-19019\" \/><\/a><\/figure>\n\n\n\n<figure class=\"wp-block-image size-large\"><a data-caption=\"d\u00e9co No\u00ebl 2024 \u00a9 lacroixvalmertourisme (121)\" href=\"https:\/\/www.lacroixvalmertourisme.com\/wp-content\/uploads\/2024\/12\/deco-Noel-2024-&#xA9;-lacroixvalmertourisme-121-768x1024.jpeg\" data-fancybox=\"gallery\"><img decoding=\"async\" sizes=\"(max-width: 768px) 100vw, 768px\" data-id=\"19031\" data-tippy-content=\"d\u00e9co No\u00ebl 2024 \u00a9 lacroixvalmertourisme (121)\" src=\"https:\/\/www.lacroixvalmertourisme.com\/wp-content\/uploads\/2024\/12\/deco-Noel-2024-&#xA9;-lacroixvalmertourisme-121-768x1024.jpeg\" alt=\"la croix valmer tourisme \noffice de tourisme\nd\u00e9corations illuminations no\u00ebl 2024\" class=\"wp-image-19031\" \/><\/a><\/figure>\n\n\n\n<figure class=\"wp-block-image size-large\"><a data-caption=\"d\u00e9co No\u00ebl 2024 \u00a9 lacroixvalmertourisme (6)\" href=\"https:\/\/www.lacroixvalmertourisme.com\/wp-content\/uploads\/2024\/12\/deco-Noel-2024-&#xA9;-lacroixvalmertourisme-6-768x1024.jpeg\" data-fancybox=\"gallery\"><img decoding=\"async\" sizes=\"(max-width: 768px) 100vw, 768px\" data-id=\"18989\" data-tippy-content=\"d\u00e9co No\u00ebl 2024 \u00a9 lacroixvalmertourisme (6)\" src=\"https:\/\/www.lacroixvalmertourisme.com\/wp-content\/uploads\/2024\/12\/deco-Noel-2024-&#xA9;-lacroixvalmertourisme-6-768x1024.jpeg\" alt=\"la croix valmer tourisme \naccueil office de tourisme\nd\u00e9corations illuminations no\u00ebl 2024\" class=\"wp-image-18989\" \/><\/a><\/figure>\n<\/figure>\n\n<figure class=\"wp-block-gallery alignwide has-nested-images columns-default is-cropped wp-block-gallery-2 is-layout-flex wp-block-gallery-is-layout-flex\">\n<figure class=\"wp-block-image size-large\"><a data-caption=\"d\u00e9co odyss\u00e9e 80 \u00a9 lacroixvalmertourisme (8)\" href=\"https:\/\/www.lacroixvalmertourisme.com\/wp-content\/uploads\/2025\/01\/deco-odyssee-80-&#xA9;-lacroixvalmertourisme-8-768x1024.jpeg\" data-fancybox=\"gallery\"><img decoding=\"async\" sizes=\"(max-width: 768px) 100vw, 768px\" data-id=\"19422\" data-tippy-content=\"d\u00e9co odyss\u00e9e 80 \u00a9 lacroixvalmertourisme (8)\" src=\"https:\/\/www.lacroixvalmertourisme.com\/wp-content\/uploads\/2025\/01\/deco-odyssee-80-&#xA9;-lacroixvalmertourisme-8-768x1024.jpeg\" alt=\"la croix valmer tourisme office de tourisme d\u00e9corations illuminations no\u00ebl 2024\" class=\"wp-image-19422\" \/><\/a><\/figure>\n\n\n\n<figure class=\"wp-block-image size-large\"><a data-caption=\"arriv\u00e9e p\u00e8re no\u00ebl 2024 \u00a9 lacroixvalmertourisme (65)\" href=\"https:\/\/www.lacroixvalmertourisme.com\/wp-content\/uploads\/2025\/01\/arrivee-pere-noel-2024-&#xA9;-lacroixvalmertourisme-65-768x1024.jpeg\" data-fancybox=\"gallery\"><img decoding=\"async\" sizes=\"(max-width: 768px) 100vw, 768px\" data-id=\"19452\" data-tippy-content=\"arriv\u00e9e p\u00e8re no\u00ebl 2024 \u00a9 lacroixvalmertourisme (65)\" src=\"https:\/\/www.lacroixvalmertourisme.com\/wp-content\/uploads\/2025\/01\/arrivee-pere-noel-2024-&#xA9;-lacroixvalmertourisme-65-768x1024.jpeg\" alt=\"la croix valmer tourisme office de tourisme d\u00e9corations illuminations no\u00ebl 2024\" class=\"wp-image-19452\" \/><\/a><\/figure>\n\n\n\n<figure class=\"wp-block-image size-large\"><a data-caption=\"hashtag no\u00ebl 2024 \u00a9 lacroixvalmertourisme (2)\" href=\"https:\/\/www.lacroixvalmertourisme.com\/wp-content\/uploads\/2025\/01\/hashtag-noel-2024-&#xA9;-lacroixvalmertourisme-2-1024x768.jpeg\" data-fancybox=\"gallery\"><img decoding=\"async\" sizes=\"(max-width: 1024px) 100vw, 1024px\" data-id=\"19437\" data-tippy-content=\"hashtag no\u00ebl 2024 \u00a9 lacroixvalmertourisme (2)\" src=\"https:\/\/www.lacroixvalmertourisme.com\/wp-content\/uploads\/2025\/01\/hashtag-noel-2024-&#xA9;-lacroixvalmertourisme-2-1024x768.jpeg\" alt=\"la croix valmer tourisme office de tourisme d\u00e9corations illuminations no\u00ebl 2024\" class=\"wp-image-19437\" \/><\/a><\/figure>\n<\/figure>\n","protected":false},"excerpt":{"rendered":"<p>Wenn La Croix Valmer erstrahlt W\u00e4hrend der Feiertage zum Jahresende erstrahlt La Croix Valmer im Lichterglanz von Weihnachten&#8230;Wir bieten Ihnen ein reichhaltiges und abwechslungsreiches Programm, das Sie nicht verpassen sollten! Erleben Sie vom 1. bis 31. Dezember unvergessliche Momente rund um den Zauber von Weihnachten&#8230; Ein Muss f\u00fcr Gro\u00df und Klein. Feuerwerk, Lichtershow, verzaubertes Dorf,&#8230;<\/p>\n","protected":false},"author":4,"featured_media":19442,"parent":4663,"menu_order":172,"comment_status":"closed","ping_status":"closed","template":"page-plage.blade.php","meta":{"_acf_changed":false,"_crdt_document":"","footnotes":""},"class_list":["post-27249","page","type-page","status-publish","has-post-thumbnail","hentry"],"acf":{"pagepage-etendus":"none","video_mp4":false,"poster_image":false,"nugget":false,"page-virtuelle":false,"video_webm":false,"pagepage-updown":false,"autoplay":false,"delay":"","title_alignement":""},"yoast_head":"<!-- This site is optimized with the Yoast SEO plugin v27.5 - https:\/\/yoast.com\/product\/yoast-seo-wordpress\/ -->\n<title>Festi Pichoun - La Croix-Valmer Tourisme<\/title>\n<meta name=\"robots\" content=\"index, follow, max-snippet:-1, max-image-preview:large, max-video-preview:-1\" \/>\n<link rel=\"canonical\" href=\"https:\/\/www.lacroixvalmertourisme.com\/de\/ausgehen-spass\/events\/die-wichtigsten-ereignisse-des-jahres\/festi-pichoun\" \/>\n<meta property=\"og:locale\" content=\"de_DE\" \/>\n<meta property=\"og:type\" content=\"article\" \/>\n<meta property=\"og:title\" content=\"Festi Pichoun - La Croix-Valmer Tourisme\" \/>\n<meta property=\"og:description\" content=\"Wenn La Croix Valmer erstrahlt W\u00e4hrend der Feiertage zum Jahresende erstrahlt La Croix Valmer im Lichterglanz von Weihnachten&#8230;Wir bieten Ihnen ein reichhaltiges und abwechslungsreiches Programm, das Sie nicht verpassen sollten! Erleben Sie vom 1. bis 31. Dezember unvergessliche Momente rund um den Zauber von Weihnachten&#8230; Ein Muss f\u00fcr Gro\u00df und Klein. Feuerwerk, Lichtershow, verzaubertes Dorf,...\" \/>\n<meta property=\"og:url\" content=\"https:\/\/www.lacroixvalmertourisme.com\/de\/ausgehen-spass\/events\/die-wichtigsten-ereignisse-des-jahres\/festi-pichoun\" \/>\n<meta property=\"og:site_name\" content=\"La Croix-Valmer Tourisme\" \/>\n<meta property=\"article:publisher\" content=\"https:\/\/www.facebook.com\/lacroixvalmertourisme\/\" \/>\n<meta property=\"article:modified_time\" content=\"2026-04-22T13:37:26+00:00\" \/>\n<meta property=\"og:image\" content=\"https:\/\/www.lacroixvalmertourisme.com\/wp-content\/uploads\/2025\/01\/parade-fantastic-sugar-\u00a9-lacroixvalmertourisme-31.jpeg\" \/>\n\t<meta property=\"og:image:width\" content=\"2048\" \/>\n\t<meta property=\"og:image:height\" content=\"1536\" \/>\n\t<meta property=\"og:image:type\" content=\"image\/jpeg\" \/>\n<meta name=\"twitter:card\" content=\"summary_large_image\" \/>\n<meta name=\"twitter:site\" content=\"@La_Croix_Valmer\" \/>\n<!-- \/ Yoast SEO plugin. -->","yoast_head_json":{"title":"Festi Pichoun - La Croix-Valmer Tourisme","robots":{"index":"index","follow":"follow","max-snippet":"max-snippet:-1","max-image-preview":"max-image-preview:large","max-video-preview":"max-video-preview:-1"},"canonical":"https:\/\/www.lacroixvalmertourisme.com\/de\/ausgehen-spass\/events\/die-wichtigsten-ereignisse-des-jahres\/festi-pichoun","og_locale":"de_DE","og_type":"article","og_title":"Festi Pichoun - La Croix-Valmer Tourisme","og_description":"Wenn La Croix Valmer erstrahlt W\u00e4hrend der Feiertage zum Jahresende erstrahlt La Croix Valmer im Lichterglanz von Weihnachten&#8230;Wir bieten Ihnen ein reichhaltiges und abwechslungsreiches Programm, das Sie nicht verpassen sollten! Erleben Sie vom 1. bis 31. Dezember unvergessliche Momente rund um den Zauber von Weihnachten&#8230; Ein Muss f\u00fcr Gro\u00df und Klein. Feuerwerk, Lichtershow, verzaubertes Dorf,...","og_url":"https:\/\/www.lacroixvalmertourisme.com\/de\/ausgehen-spass\/events\/die-wichtigsten-ereignisse-des-jahres\/festi-pichoun","og_site_name":"La Croix-Valmer Tourisme","article_publisher":"https:\/\/www.facebook.com\/lacroixvalmertourisme\/","article_modified_time":"2026-04-22T13:37:26+00:00","og_image":[{"width":2048,"height":1536,"url":"https:\/\/www.lacroixvalmertourisme.com\/wp-content\/uploads\/2025\/01\/parade-fantastic-sugar-\u00a9-lacroixvalmertourisme-31.jpeg","type":"image\/jpeg"}],"twitter_card":"summary_large_image","twitter_site":"@La_Croix_Valmer","schema":{"@context":"https:\/\/schema.org","@graph":[{"@type":"WebPage","@id":"https:\/\/www.lacroixvalmertourisme.com\/de\/ausgehen-spass\/events\/die-wichtigsten-ereignisse-des-jahres\/festi-pichoun","url":"https:\/\/www.lacroixvalmertourisme.com\/de\/ausgehen-spass\/events\/die-wichtigsten-ereignisse-des-jahres\/festi-pichoun","name":"Festi Pichoun - La Croix-Valmer Tourisme","isPartOf":{"@id":"https:\/\/www.lacroixvalmertourisme.com\/de#website"},"primaryImageOfPage":{"@id":"https:\/\/www.lacroixvalmertourisme.com\/de\/ausgehen-spass\/events\/die-wichtigsten-ereignisse-des-jahres\/festi-pichoun#primaryimage"},"image":{"@id":"https:\/\/www.lacroixvalmertourisme.com\/de\/ausgehen-spass\/events\/die-wichtigsten-ereignisse-des-jahres\/festi-pichoun#primaryimage"},"thumbnailUrl":"https:\/\/www.lacroixvalmertourisme.com\/wp-content\/uploads\/2025\/01\/parade-fantastic-sugar-\u00a9-lacroixvalmertourisme-31.jpeg","datePublished":"2026-02-17T13:17:57+00:00","dateModified":"2026-04-22T13:37:26+00:00","breadcrumb":{"@id":"https:\/\/www.lacroixvalmertourisme.com\/de\/ausgehen-spass\/events\/die-wichtigsten-ereignisse-des-jahres\/festi-pichoun#breadcrumb"},"inLanguage":"de","potentialAction":[{"@type":"ReadAction","target":["https:\/\/www.lacroixvalmertourisme.com\/de\/ausgehen-spass\/events\/die-wichtigsten-ereignisse-des-jahres\/festi-pichoun"]}]},{"@type":"ImageObject","inLanguage":"de","@id":"https:\/\/www.lacroixvalmertourisme.com\/de\/ausgehen-spass\/events\/die-wichtigsten-ereignisse-des-jahres\/festi-pichoun#primaryimage","url":"https:\/\/www.lacroixvalmertourisme.com\/wp-content\/uploads\/2025\/01\/parade-fantastic-sugar-\u00a9-lacroixvalmertourisme-31.jpeg","contentUrl":"https:\/\/www.lacroixvalmertourisme.com\/wp-content\/uploads\/2025\/01\/parade-fantastic-sugar-\u00a9-lacroixvalmertourisme-31.jpeg","width":2048,"height":1536,"caption":"la croix valmer tourisme office de tourisme d\u00e9corations illuminations no\u00ebl 2024"},{"@type":"BreadcrumbList","@id":"https:\/\/www.lacroixvalmertourisme.com\/de\/ausgehen-spass\/events\/die-wichtigsten-ereignisse-des-jahres\/festi-pichoun#breadcrumb","itemListElement":[{"@type":"ListItem","position":1,"name":"Accueil","item":"https:\/\/www.lacroixvalmertourisme.com\/de"},{"@type":"ListItem","position":2,"name":"Ausgehen &amp; Spa\u00df","item":"https:\/\/www.lacroixvalmertourisme.com\/de\/ausgehen-spass"},{"@type":"ListItem","position":3,"name":"Veranstaltungen","item":"https:\/\/www.lacroixvalmertourisme.com\/de\/ausgehen-spass\/events"},{"@type":"ListItem","position":4,"name":"Die wichtigsten Ereignisse des Jahres","item":"https:\/\/www.lacroixvalmertourisme.com\/de\/ausgehen-spass\/events\/die-wichtigsten-ereignisse-des-jahres"},{"@type":"ListItem","position":5,"name":"Festi Pichoun"}]},{"@type":"WebSite","@id":"https:\/\/www.lacroixvalmertourisme.com\/de#website","url":"https:\/\/www.lacroixvalmertourisme.com\/de","name":"La Croix-Valmer Tourisme","description":"Toutes les informations touristiques pour organiser votre prochain s\u00e9jour \u00e0 La Croix Valmer dans le Golfe de Saint-Tropez","publisher":{"@id":"https:\/\/www.lacroixvalmertourisme.com\/de#organization"},"potentialAction":[{"@type":"SearchAction","target":{"@type":"EntryPoint","urlTemplate":"https:\/\/www.lacroixvalmertourisme.com\/de?s={search_term_string}"},"query-input":{"@type":"PropertyValueSpecification","valueRequired":true,"valueName":"search_term_string"}}],"inLanguage":"de"},{"@type":"Organization","@id":"https:\/\/www.lacroixvalmertourisme.com\/de#organization","name":"Office de Tourisme de La Croix Valmer","url":"https:\/\/www.lacroixvalmertourisme.com\/de","logo":{"@type":"ImageObject","inLanguage":"de","@id":"https:\/\/www.lacroixvalmertourisme.com\/de#\/schema\/logo\/image\/","url":"https:\/\/www.lacroixvalmertourisme.com\/wp-content\/uploads\/2021\/06\/Logo_ot_bleu.png","contentUrl":"https:\/\/www.lacroixvalmertourisme.com\/wp-content\/uploads\/2021\/06\/Logo_ot_bleu.png","width":591,"height":454,"caption":"Office de Tourisme de La Croix Valmer"},"image":{"@id":"https:\/\/www.lacroixvalmertourisme.com\/de#\/schema\/logo\/image\/"},"sameAs":["https:\/\/www.facebook.com\/lacroixvalmertourisme\/","https:\/\/x.com\/La_Croix_Valmer","https:\/\/www.instagram.com\/lacroixvalmer_tourisme\/"]}]}},"publishpress_future_workflow_manual_trigger":{"enabledWorkflows":[]},"_links":{"self":[{"href":"https:\/\/www.lacroixvalmertourisme.com\/de\/wp-json\/wp\/v2\/pages\/27249","targetHints":{"allow":["GET"]}}],"collection":[{"href":"https:\/\/www.lacroixvalmertourisme.com\/de\/wp-json\/wp\/v2\/pages"}],"about":[{"href":"https:\/\/www.lacroixvalmertourisme.com\/de\/wp-json\/wp\/v2\/types\/page"}],"author":[{"embeddable":true,"href":"https:\/\/www.lacroixvalmertourisme.com\/de\/wp-json\/wp\/v2\/users\/4"}],"replies":[{"embeddable":true,"href":"https:\/\/www.lacroixvalmertourisme.com\/de\/wp-json\/wp\/v2\/comments?post=27249"}],"version-history":[{"count":2,"href":"https:\/\/www.lacroixvalmertourisme.com\/de\/wp-json\/wp\/v2\/pages\/27249\/revisions"}],"predecessor-version":[{"id":27698,"href":"https:\/\/www.lacroixvalmertourisme.com\/de\/wp-json\/wp\/v2\/pages\/27249\/revisions\/27698"}],"up":[{"embeddable":true,"href":"https:\/\/www.lacroixvalmertourisme.com\/de\/wp-json\/wp\/v2\/pages\/4663"}],"wp:featuredmedia":[{"embeddable":true,"href":"https:\/\/www.lacroixvalmertourisme.com\/de\/wp-json\/wp\/v2\/media\/19442"}],"wp:attachment":[{"href":"https:\/\/www.lacroixvalmertourisme.com\/de\/wp-json\/wp\/v2\/media?parent=27249"}],"curies":[{"name":"wp","href":"https:\/\/api.w.org\/{rel}","templated":true}]}}