{"id":25069,"date":"2025-10-27T00:08:47","date_gmt":"2025-10-26T23:08:47","guid":{"rendered":"https:\/\/www.lacroixvalmertourisme.com\/erklaerung-zur-barrierefreiheit"},"modified":"2026-04-21T13:54:42","modified_gmt":"2026-04-21T11:54:42","slug":"erklaerung-zur-barrierefreiheit","status":"publish","type":"page","link":"https:\/\/www.lacroixvalmertourisme.com\/de\/erklaerung-zur-barrierefreiheit","title":{"rendered":"Erkl\u00e4rung zur Barrierefreiheit"},"content":{"rendered":"\n<div class=\"wp-block-group is-layout-constrained wp-block-group-is-layout-constrained\">\n<p class=\"wp-block-paragraph\">Das Fremdenverkehrsamt von La Croix Valmer verpflichtet sich, seine Website gem\u00e4\u00df Artikel 47 des Gesetzes Nr. 2005-102 vom 11. Februar 2005 barrierefrei zu gestalten.<\/p>\n\n\n\n<p class=\"wp-block-paragraph\">Diese Erkl\u00e4rung zur Barrierefreiheit gilt f\u00fcr die Website <a href=\"https:\/\/www.lacroixvalmertourisme.com\/\">https:\/\/www.lacroixvalmertourisme.com\/<\/a>.<\/p>\n\n\n\n<h2 class=\"wp-block-heading\">Stand der Konformit\u00e4t<\/h2>\n\n\n\n<p class=\"wp-block-paragraph\">Die Website <a href=\"https:\/\/www.lacroixvalmertourisme.com\/\">https:\/\/www.lacroixvalmertourisme.com\/<\/a> ist teilweise konform mit dem Referenzrahmen f\u00fcr die Verbesserung der Barrierefreiheit (RGAA), Version 4.1.2, aufgrund der nachstehend aufgef\u00fchrten Nicht-Konformit\u00e4ten und Ausnahmen.<\/p>\n\n\n\n<h2 class=\"wp-block-heading\">Testergebnisse<\/h2>\n\n\n\n<p class=\"wp-block-paragraph\">Die Barrierefreiheitspr\u00fcfung wurde am 27. Oktober 2025 durchgef\u00fchrt und am 14. Dezember 2025 aktualisiert. Sie basiert auf einer repr\u00e4sentativen Stichprobe von 10 Seiten und ergab Folgendes:<\/p>\n\n\n\n<ul class=\"wp-block-list\">\n<li>79% der Kriterien des RGAA Version 4.1.2 erf\u00fcllt sind;<\/li>\n\n\n\n<li>Zur Information: Die durchschnittliche Konformit\u00e4tsrate der Website betr\u00e4gt 85,8%;<\/li>\n<\/ul>\n\n\n\n<h3 class=\"wp-block-heading\">Gepr\u00fcfte Seiten der Website<\/h3>\n\n\n\n<figure class=\"wp-block-table is-style-regular\"><table><thead><tr><th><strong>Name<\/strong><\/th><th><strong>Url<\/strong><\/th><th><strong>Wesentliche Elemente<\/strong><\/th><\/tr><\/thead><tbody><tr><td>Startseite<\/td><td><a href=\"https:\/\/www.lacroixvalmertourisme.com\/\">https:\/\/www.lacroixvalmertourisme.com\/<\/a><\/td><td>Pflichtseite<\/td><\/tr><tr><td>Kontakt<\/td><td><a href=\"https:\/\/www.lacroixvalmertourisme.com\/de\/kontakt\">https:\/\/www.lacroixvalmertourisme.com\/fr\/contact<\/a><\/td><td>Pflichtseite<\/td><\/tr><tr><td>Impressum<\/td><td><a href=\"\/de\/?page_id=5565\">https:\/\/www.lacroixvalmertourisme.com\/fr\/mentions-legales<\/a><\/td><td>Pflichtseite<\/td><\/tr><tr><td>Barrierefreiheit<\/td><td><a href=\"https:\/\/www.lacroixvalmertourisme.com\/de\/erklaerung-zur-barrierefreiheit\">https:\/\/www.lacroixvalmertourisme.com\/fr\/declaration-daccessibilite<\/a><\/td><td>Pflichtseite<\/td><\/tr><tr><td>Suche<\/td><td><a href=\"\/de\/?page_id=4472\">https:\/\/www.lacroixvalmertourisme.com\/fr\/search<\/a><\/td><td>Such- und Ergebnisseite<\/td><\/tr><tr><td>Veranstaltungen<\/td><td><a href=\"https:\/\/www.lacroixvalmertourisme.com\/de\/ausgehen-spass\/events\">https:\/\/www.lacroixvalmertourisme.com\/fr\/sortir-se-divertir\/evenements<\/a><\/td><td>Veranstaltungsseite<\/td><\/tr><tr><td>Unterkunft<\/td><td><a href=\"https:\/\/www.lacroixvalmertourisme.com\/fr\/hebergement\/hotel-restaurant\/la-croix-valmer\/lily-of-the-valley-5241511\">https:\/\/www.lacroixvalmertourisme.com\/fr\/hebergement\/hotel-restaurant\/la-croix-valmer\/lily-of-the-valley-5241511<\/a><\/td><td>Unterkunftsseite<\/td><\/tr><tr><td>Gr\u00fcn in den Urlaub unserer Besucher bringen<\/td><td><a href=\"https:\/\/www.lacroixvalmertourisme.com\/de\/entdecken-entkommen\/ein-nachhaltiges-reiseziel\/bringen-sie-gruen-in-ihren-urlaub\">https:\/\/www.lacroixvalmertourisme.com\/fr\/decouvrir-et-s-evader\/destination-responsable\/mettre-du-vert-dans-vos-vacances<\/a><\/td><td>Redaktionelle Seite<\/td><\/tr><tr><td>Um kein Risiko einzugehen<\/td><td><a href=\"https:\/\/www.lacroixvalmertourisme.com\/de\/um-kein-risiko-einzugehen\">https:\/\/www.lacroixvalmertourisme.com\/fr\/pour-ne-prendre-aucun-risque<\/a><\/td><td>Verschiedene Seite<\/td><\/tr><tr><td>Dokumentation<\/td><td><a href=\"https:\/\/www.lacroixvalmertourisme.com\/de\/broschueren\">https:\/\/www.lacroixvalmertourisme.com\/fr\/brochures<\/a><\/td><td>Download-Seite f\u00fcr Dokumentation<\/td><\/tr><\/tbody><\/table><\/figure>\n\n\n\n<h3 class=\"wp-block-heading\">Testumgebung und Werkzeuge zur Bewertung der Barrierefreiheit<\/h3>\n\n\n\n<ul class=\"wp-block-list\">\n<li>Manuelle Tests basierend auf RGAA 4.1.2 (Kriterien und Tests)<\/li>\n\n\n\n<li>Rendering-Engine: Blink, Gecko<\/li>\n\n\n\n<li>Analyse-Tools: Chrome Version 141, Firefox Version 144, Web Developer Version 3.0.1 (Erweiterung), Color Contrast Analyzer Version 3.5.4<\/li>\n\n\n\n<li>Screenreader: NVDA Version 2024.4.2, JAWS 2025.2505.43<\/li>\n<\/ul>\n\n\n\n<h3 class=\"wp-block-heading\">Nicht barrierefreie Inhalte<\/h3>\n\n\n\n<p class=\"wp-block-paragraph\">Trotz unserer Bem\u00fchungen sind einige Inhalte noch nicht barrierefrei:<\/p>\n\n\n\n<ul class=\"wp-block-list\">\n<li><strong>Bilder<\/strong>\n<ul class=\"wp-block-list\">\n<li>Bilder mit Text sind nicht von einer Textalternative begleitet, die die Information wiedergibt, oder diese sind nicht relevant oder zu lang.&#013;\n<\/li>\n\n\n\n<li>Bilder mit komplexen Informationen verf\u00fcgen nicht \u00fcber detaillierte Beschreibungen.&#013;\nR\u00e9essayer<\/li>\n<\/ul>\n<\/li>\n\n\n\n<li><strong>Links<\/strong>\n<ul class=\"wp-block-list\">\n<li>Einige Links haben keine zug\u00e4ngliche Bezeichnung oder ihre Bezeichnungen sind nicht relevant.&#013;\n<\/li>\n\n\n\n<li>Links zu Multimedia-Inhalten geben die Art der Ressource nicht an.<\/li>\n<\/ul>\n<\/li>\n\n\n\n<li><strong>Formulare<\/strong>\n<ul class=\"wp-block-list\">\n<li>Einige Formularfelder haben keine sichtbare Beschriftung.<\/li>\n\n\n\n<li>Das Attribut autocomplete fehlt bei einigen Eingabefeldern.<\/li>\n<\/ul>\n<\/li>\n\n\n\n<li><strong>Multimedia<\/strong>\n<ul class=\"wp-block-list\">\n<li>Videoinhalte verf\u00fcgen nicht \u00fcber synchronisierte Audiodeskription oder Texttranskription.&#013;\n&#013;\n<\/li>\n<\/ul>\n<\/li>\n\n\n\n<li><strong>Navigation<\/strong>\n<ul class=\"wp-block-list\">\n<li>Das Hauptnavigationsmen\u00fc ist bei deaktiviertem JavaScript nicht zug\u00e4nglich.&#013;\n&#013;\n<\/li>\n<\/ul>\n<\/li>\n\n\n\n<li><strong>Ansicht<\/strong>\n<ul class=\"wp-block-list\">\n<li>Textpassagen in einer Fremdsprache sind nicht durch das entsprechende lang-Attribut gekennzeichnet.<\/li>\n<\/ul>\n<\/li>\n<\/ul>\n\n\n\n<h3 class=\"wp-block-heading\">Ausnahmen wegen unverh\u00e4ltnism\u00e4\u00dfiger Belastung<\/h3>\n\n\n\n<ul class=\"wp-block-list\">\n<li>Keine Ausnahme<\/li>\n<\/ul>\n\n\n\n<h3 class=\"wp-block-heading\">Inhalte, die nicht der Barrierefreiheitspflicht unterliegen<\/h3>\n\n\n\n<ul class=\"wp-block-list\">\n<li>Inhalte Dritter, die weder von der betreffenden Einrichtung finanziert noch entwickelt werden und nicht unter ihrer Kontrolle stehen (Inline-Frames, YouTube-Player, Kartografie).<\/li>\n\n\n\n<li>Dateien in B\u00fcroformaten, die vor dem 23. September 2018 ver\u00f6ffentlicht wurden, es sei denn, sie sind f\u00fcr die Durchf\u00fchrung von Verwaltungsverfahren erforderlich, die zu den Aufgaben der betreffenden Einrichtung geh\u00f6ren.<\/li>\n\n\n\n<li>Voraufgezeichnete Audio- und Videoinhalte, einschlie\u00dflich solcher mit interaktiven Komponenten, die vor dem 23. September 2020 ver\u00f6ffentlicht wurden.<\/li>\n<\/ul>\n\n\n\n<h2 class=\"wp-block-heading\">Erstellung dieser Erkl\u00e4rung<\/h2>\n\n\n\n<p class=\"wp-block-paragraph\">Diese Erkl\u00e4rung wurde am 27. Oktober 2025 auf der Grundlage eines vollst\u00e4ndigen Audits erstellt, das von einem externen Dienstleister durchgef\u00fchrt wurde.<\/p>\n\n\n\n<h2 class=\"wp-block-heading\">Feedback und Kontakt<\/h2>\n\n\n\n<p class=\"wp-block-paragraph\">Wenn Sie nicht auf einen Inhalt zugreifen k\u00f6nnen oder wenn Sie einen Mangel an Barrierefreiheit feststellen, k\u00f6nnen Sie den Verantwortlichen der Website kontaktieren, um auf eine zug\u00e4ngliche Alternative verwiesen zu werden oder den Inhalt in einer anderen Form zu erhalten.<\/p>\n\n\n\n<p class=\"wp-block-paragraph\"><a href=\"https:\/\/www.lacroixvalmertourisme.com\/de\/kontakt\">Nachricht senden<\/a><\/p>\n\n\n\n<h2 class=\"wp-block-heading\">Rechtsbehelfe<\/h2>\n\n\n\n<p class=\"wp-block-paragraph\">Wenn Sie einen Mangel an Barrierefreiheit feststellen, der Sie daran hindert, auf einen Inhalt oder eine Funktion der Website zuzugreifen, wenn Sie uns dies mitteilen und Sie keine Antwort von uns erhalten, haben Sie das Recht, Ihre Beschwerden oder einen Antrag auf Befassung an den D\u00e9fenseur des droits (B\u00fcrgerbeauftragter) zu richten.<\/p>\n\n\n\n<p class=\"wp-block-paragraph\">Mehrere M\u00f6glichkeiten stehen Ihnen zur Verf\u00fcgung:<\/p>\n\n\n\n<ul class=\"wp-block-list\">\n<li>Eine Nachricht an den D\u00e9fenseur des droits schreiben (<a href=\"https:\/\/formulaire.defenseurdesdroits.fr\/\">formulaire.defenseurdesdroits.fr<\/a>)<\/li>\n\n\n\n<li>Den Delegierten des D\u00e9fenseur des droits in Ihrer N\u00e4he kontaktieren (<a href=\"https:\/\/defenseurdesdroits.fr\/saisir\/delegues\">defenseurdesdroits.fr\/saisir\/delegues<\/a>)<\/li>\n\n\n\n<li>Einen Brief per Post senden<\/li>\n<\/ul>\n\n\n\n<p class=\"wp-block-paragraph\">D\u00e9fenseur des droits<br \/>Libre r\u00e9ponse 71120<br \/>75342 Paris CEDEX 07<\/p>\n<\/div>\n","protected":false},"excerpt":{"rendered":"<p>Das Fremdenverkehrsamt von La Croix Valmer verpflichtet sich, seine Website gem\u00e4\u00df Artikel 47 des Gesetzes Nr. 2005-102 vom 11. Februar 2005 barrierefrei zu gestalten. Diese Erkl\u00e4rung zur Barrierefreiheit gilt f\u00fcr die Website https:\/\/www.lacroixvalmertourisme.com\/. Stand der Konformit\u00e4t Die Website https:\/\/www.lacroixvalmertourisme.com\/ ist teilweise konform mit dem Referenzrahmen f\u00fcr die Verbesserung der Barrierefreiheit (RGAA), Version 4.1.2, aufgrund der&#8230;<\/p>\n","protected":false},"author":2,"featured_media":0,"parent":0,"menu_order":279,"comment_status":"closed","ping_status":"closed","template":"","meta":{"_acf_changed":false,"_crdt_document":"","footnotes":""},"class_list":["post-25069","page","type-page","status-publish","hentry"],"acf":{"pagepage-etendus":"none","video_mp4":false,"poster_image":false,"nugget":false,"page-virtuelle":false,"video_webm":false,"pagepage-updown":false,"autoplay":false,"delay":"","title_alignement":""},"yoast_head":"<!-- This site is optimized with the Yoast SEO plugin v27.4 - https:\/\/yoast.com\/product\/yoast-seo-wordpress\/ -->\n<title>Erkl\u00e4rung zur Barrierefreiheit - La Croix-Valmer Tourisme<\/title>\n<meta name=\"robots\" content=\"index, follow, max-snippet:-1, max-image-preview:large, max-video-preview:-1\" \/>\n<link rel=\"canonical\" href=\"https:\/\/www.lacroixvalmertourisme.com\/de\/erklaerung-zur-barrierefreiheit\" \/>\n<meta property=\"og:locale\" content=\"de_DE\" \/>\n<meta property=\"og:type\" content=\"article\" \/>\n<meta property=\"og:title\" content=\"Erkl\u00e4rung zur Barrierefreiheit - La Croix-Valmer Tourisme\" \/>\n<meta property=\"og:description\" content=\"Das Fremdenverkehrsamt von La Croix Valmer verpflichtet sich, seine Website gem\u00e4\u00df Artikel 47 des Gesetzes Nr. 2005-102 vom 11. Februar 2005 barrierefrei zu gestalten. Diese Erkl\u00e4rung zur Barrierefreiheit gilt f\u00fcr die Website https:\/\/www.lacroixvalmertourisme.com\/. Stand der Konformit\u00e4t Die Website https:\/\/www.lacroixvalmertourisme.com\/ ist teilweise konform mit dem Referenzrahmen f\u00fcr die Verbesserung der Barrierefreiheit (RGAA), Version 4.1.2, aufgrund der...\" \/>\n<meta property=\"og:url\" content=\"https:\/\/www.lacroixvalmertourisme.com\/de\/erklaerung-zur-barrierefreiheit\" \/>\n<meta property=\"og:site_name\" content=\"La Croix-Valmer Tourisme\" \/>\n<meta property=\"article:publisher\" content=\"https:\/\/www.facebook.com\/lacroixvalmertourisme\/\" \/>\n<meta property=\"article:modified_time\" content=\"2026-04-21T11:54:42+00:00\" \/>\n<meta name=\"twitter:card\" content=\"summary_large_image\" \/>\n<meta name=\"twitter:site\" content=\"@La_Croix_Valmer\" \/>\n<meta name=\"twitter:label1\" content=\"Gesch\u00e4tzte Lesezeit\" \/>\n\t<meta name=\"twitter:data1\" content=\"3\u00a0Minute\" \/>\n<!-- \/ Yoast SEO plugin. -->","yoast_head_json":{"title":"Erkl\u00e4rung zur Barrierefreiheit - La Croix-Valmer Tourisme","robots":{"index":"index","follow":"follow","max-snippet":"max-snippet:-1","max-image-preview":"max-image-preview:large","max-video-preview":"max-video-preview:-1"},"canonical":"https:\/\/www.lacroixvalmertourisme.com\/de\/erklaerung-zur-barrierefreiheit","og_locale":"de_DE","og_type":"article","og_title":"Erkl\u00e4rung zur Barrierefreiheit - La Croix-Valmer Tourisme","og_description":"Das Fremdenverkehrsamt von La Croix Valmer verpflichtet sich, seine Website gem\u00e4\u00df Artikel 47 des Gesetzes Nr. 2005-102 vom 11. Februar 2005 barrierefrei zu gestalten. Diese Erkl\u00e4rung zur Barrierefreiheit gilt f\u00fcr die Website https:\/\/www.lacroixvalmertourisme.com\/. Stand der Konformit\u00e4t Die Website https:\/\/www.lacroixvalmertourisme.com\/ ist teilweise konform mit dem Referenzrahmen f\u00fcr die Verbesserung der Barrierefreiheit (RGAA), Version 4.1.2, aufgrund der...","og_url":"https:\/\/www.lacroixvalmertourisme.com\/de\/erklaerung-zur-barrierefreiheit","og_site_name":"La Croix-Valmer Tourisme","article_publisher":"https:\/\/www.facebook.com\/lacroixvalmertourisme\/","article_modified_time":"2026-04-21T11:54:42+00:00","twitter_card":"summary_large_image","twitter_site":"@La_Croix_Valmer","twitter_misc":{"Gesch\u00e4tzte Lesezeit":"3\u00a0Minute"},"schema":{"@context":"https:\/\/schema.org","@graph":[{"@type":"WebPage","@id":"https:\/\/www.lacroixvalmertourisme.com\/de\/erklaerung-zur-barrierefreiheit","url":"https:\/\/www.lacroixvalmertourisme.com\/de\/erklaerung-zur-barrierefreiheit","name":"Erkl\u00e4rung zur Barrierefreiheit - La Croix-Valmer Tourisme","isPartOf":{"@id":"https:\/\/www.lacroixvalmertourisme.com\/de#website"},"datePublished":"2025-10-26T23:08:47+00:00","dateModified":"2026-04-21T11:54:42+00:00","breadcrumb":{"@id":"https:\/\/www.lacroixvalmertourisme.com\/de\/erklaerung-zur-barrierefreiheit#breadcrumb"},"inLanguage":"de","potentialAction":[{"@type":"ReadAction","target":["https:\/\/www.lacroixvalmertourisme.com\/de\/erklaerung-zur-barrierefreiheit"]}]},{"@type":"BreadcrumbList","@id":"https:\/\/www.lacroixvalmertourisme.com\/de\/erklaerung-zur-barrierefreiheit#breadcrumb","itemListElement":[{"@type":"ListItem","position":1,"name":"Accueil","item":"https:\/\/www.lacroixvalmertourisme.com\/de"},{"@type":"ListItem","position":2,"name":"Erkl\u00e4rung zur Barrierefreiheit"}]},{"@type":"WebSite","@id":"https:\/\/www.lacroixvalmertourisme.com\/de#website","url":"https:\/\/www.lacroixvalmertourisme.com\/de","name":"La Croix-Valmer Tourisme","description":"Toutes les informations touristiques pour organiser votre prochain s\u00e9jour \u00e0 La Croix Valmer dans le Golfe de Saint-Tropez","publisher":{"@id":"https:\/\/www.lacroixvalmertourisme.com\/de#organization"},"potentialAction":[{"@type":"SearchAction","target":{"@type":"EntryPoint","urlTemplate":"https:\/\/www.lacroixvalmertourisme.com\/de?s={search_term_string}"},"query-input":{"@type":"PropertyValueSpecification","valueRequired":true,"valueName":"search_term_string"}}],"inLanguage":"de"},{"@type":"Organization","@id":"https:\/\/www.lacroixvalmertourisme.com\/de#organization","name":"Office de Tourisme de La Croix Valmer","url":"https:\/\/www.lacroixvalmertourisme.com\/de","logo":{"@type":"ImageObject","inLanguage":"de","@id":"https:\/\/www.lacroixvalmertourisme.com\/de#\/schema\/logo\/image\/","url":"https:\/\/www.lacroixvalmertourisme.com\/wp-content\/uploads\/2021\/06\/Logo_ot_bleu.png","contentUrl":"https:\/\/www.lacroixvalmertourisme.com\/wp-content\/uploads\/2021\/06\/Logo_ot_bleu.png","width":591,"height":454,"caption":"Office de Tourisme de La Croix Valmer"},"image":{"@id":"https:\/\/www.lacroixvalmertourisme.com\/de#\/schema\/logo\/image\/"},"sameAs":["https:\/\/www.facebook.com\/lacroixvalmertourisme\/","https:\/\/x.com\/La_Croix_Valmer","https:\/\/www.instagram.com\/lacroixvalmer_tourisme\/"]}]}},"publishpress_future_workflow_manual_trigger":{"enabledWorkflows":[]},"_links":{"self":[{"href":"https:\/\/www.lacroixvalmertourisme.com\/de\/wp-json\/wp\/v2\/pages\/25069","targetHints":{"allow":["GET"]}}],"collection":[{"href":"https:\/\/www.lacroixvalmertourisme.com\/de\/wp-json\/wp\/v2\/pages"}],"about":[{"href":"https:\/\/www.lacroixvalmertourisme.com\/de\/wp-json\/wp\/v2\/types\/page"}],"author":[{"embeddable":true,"href":"https:\/\/www.lacroixvalmertourisme.com\/de\/wp-json\/wp\/v2\/users\/2"}],"replies":[{"embeddable":true,"href":"https:\/\/www.lacroixvalmertourisme.com\/de\/wp-json\/wp\/v2\/comments?post=25069"}],"version-history":[{"count":6,"href":"https:\/\/www.lacroixvalmertourisme.com\/de\/wp-json\/wp\/v2\/pages\/25069\/revisions"}],"predecessor-version":[{"id":27623,"href":"https:\/\/www.lacroixvalmertourisme.com\/de\/wp-json\/wp\/v2\/pages\/25069\/revisions\/27623"}],"wp:attachment":[{"href":"https:\/\/www.lacroixvalmertourisme.com\/de\/wp-json\/wp\/v2\/media?parent=25069"}],"curies":[{"name":"wp","href":"https:\/\/api.w.org\/{rel}","templated":true}]}}