{"id":21113,"date":"2025-03-13T14:30:45","date_gmt":"2025-03-13T13:30:45","guid":{"rendered":"https:\/\/www.lacroixvalmertourisme.com\/entdecken-entkommen\/ein-nachhaltiges-reiseziel\/gruenes-licht-in-la-croix-valmer-setzen"},"modified":"2026-01-19T09:00:17","modified_gmt":"2026-01-19T08:00:17","slug":"gruenes-licht-in-la-croix-valmer-setzen","status":"publish","type":"page","link":"https:\/\/www.lacroixvalmertourisme.com\/de\/entdecken-entkommen\/ein-nachhaltiges-reiseziel\/gruenes-licht-in-la-croix-valmer-setzen","title":{"rendered":"Gr\u00fcnes Licht f\u00fcr La Croix Valmer!"},"content":{"rendered":"\n<div class=\"wp-block-group alignwide is-layout-constrained wp-block-group-is-layout-constrained\">\n<p class=\"has-slate-700-color has-text-color has-link-color wp-elements-967ab7149a86511a27972a4592fc72bb wp-block-paragraph\"><b>Die Gemeinde engagiert sich!<\/b><span style=\"font-weight: 400;\"> La Croix Valmer zu einem verantwortungsbewussten Reiseziel zu machen, ist angesichts seiner Umwelt und seiner Wirtschaft eine Selbstverst\u00e4ndlichkeit.\u00a0<\/span><\/p>\n\n\n\n<div class=\"wp-block-columns alignfull is-layout-flex wp-container-core-columns-is-layout-0defc3be wp-block-columns-is-layout-flex\">\n<div class=\"wp-block-column is-layout-flow wp-block-column-is-layout-flow\">\n<figure class=\"wp-block-image size-large has-custom-border\"><a data-caption=\"Journ\u00e9e DD 160724 \u00a9 lacroixvalmertourisme  (12)\" href=\"https:\/\/www.lacroixvalmertourisme.com\/wp-content\/uploads\/2025\/02\/Journee-DD-160724-&#xA9;-lacroixvalmertourisme-12-1-768x1024.jpeg\" data-fancybox=\"gallery\"><img decoding=\"async\" sizes=\"(max-width: 768px) 100vw, 768px\" data-tippy-content=\"Journ\u00e9e DD 160724 \u00a9 lacroixvalmertourisme  (12)\" src=\"https:\/\/www.lacroixvalmertourisme.com\/wp-content\/uploads\/2025\/02\/Journee-DD-160724-&#xA9;-lacroixvalmertourisme-12-1-768x1024.jpeg\" alt=\"journ\u00e9e d\u00e9veloppement durable plage la croix valmer \" class=\"wp-image-20710\" style=\"border-radius:30px\"\/><\/a><\/figure>\n<\/div>\n\n\n\n<div class=\"wp-block-column is-layout-flow wp-block-column-is-layout-flow\">\n<figure class=\"wp-block-image size-large has-custom-border\"><a data-caption=\"Journ\u00e9e DD 160724 \u00a9 lacroixvalmertourisme  (19)\" href=\"https:\/\/www.lacroixvalmertourisme.com\/wp-content\/uploads\/2025\/02\/Journee-DD-160724-&#xA9;-lacroixvalmertourisme-19-768x1024.jpeg\" data-fancybox=\"gallery\"><img decoding=\"async\" sizes=\"(max-width: 768px) 100vw, 768px\" data-tippy-content=\"Journ\u00e9e DD 160724 \u00a9 lacroixvalmertourisme  (19)\" src=\"https:\/\/www.lacroixvalmertourisme.com\/wp-content\/uploads\/2025\/02\/Journee-DD-160724-&#xA9;-lacroixvalmertourisme-19-768x1024.jpeg\" alt=\"journ\u00e9e d\u00e9veloppement durable plage la croix valmer \" class=\"wp-image-20713\" style=\"border-radius:30px\"\/><\/a><\/figure>\n<\/div>\n\n\n\n<div class=\"wp-block-column is-layout-flow wp-block-column-is-layout-flow\">\n<figure class=\"wp-block-image size-large has-custom-border\"><a data-caption=\"IMG_7515\" href=\"https:\/\/www.lacroixvalmertourisme.com\/wp-content\/uploads\/2025\/02\/IMG_7515-768x1024.jpg\" data-fancybox=\"gallery\"><img loading=\"lazy\" decoding=\"async\" width=\"768\" height=\"1024\" sizes=\"auto, (max-width: 768px) 100vw, 768px\" data-tippy-content=\"IMG_7515\" src=\"https:\/\/www.lacroixvalmertourisme.com\/wp-content\/uploads\/2025\/02\/IMG_7515-768x1024.jpg\" alt=\"tri d\u00e9chets plage du d\u00e9barquement la croix valmer \" class=\"wp-image-20719\" style=\"border-radius:30px\" srcset=\"https:\/\/www.lacroixvalmertourisme.com\/wp-content\/uploads\/2025\/02\/IMG_7515-768x1024.jpg 768w, https:\/\/www.lacroixvalmertourisme.com\/wp-content\/uploads\/2025\/02\/IMG_7515-225x300.jpg 225w, https:\/\/www.lacroixvalmertourisme.com\/wp-content\/uploads\/2025\/02\/IMG_7515-1152x1536.jpg 1152w, https:\/\/www.lacroixvalmertourisme.com\/wp-content\/uploads\/2025\/02\/IMG_7515-1536x2048.jpg 1536w, https:\/\/www.lacroixvalmertourisme.com\/wp-content\/uploads\/2025\/02\/IMG_7515-113x150.jpg 113w, https:\/\/www.lacroixvalmertourisme.com\/wp-content\/uploads\/2025\/02\/IMG_7515-scaled.jpg 1920w\" \/><\/a><\/figure>\n<\/div>\n<\/div>\n\n\n\n<p class=\"has-script-font-family has-2-xl-font-size wp-block-paragraph\"><strong>Verpflichtungen <\/strong>:<\/p>\n\n\n\n<ul class=\"wp-block-list has-slate-700-color has-text-color has-link-color wp-elements-e77cfc59d18224a2e52cf9f466fa7242\">\n<li>Erhalt der Labels \u201eBlaue Flagge\u201c und \u201eQualit\u00e4t der Badegew\u00e4sser\u201c als Anerkennung des Engagements der Gemeinde f\u00fcr die Erhaltung einer qualitativ hochwertigen Umwelt. <\/li>\n\n\n\n<li>Aufwertung und Schutz der Artenvielfalt, des Wassers und seiner nat\u00fcrlichen Ressourcen durch das Engagement f\u00fcr \u201eNull Plastikm\u00fcll\u201c und die Erstellung eines Atlas der kommunalen Biodiversit\u00e4t (Bestandsaufnahmen, Studien und Z\u00e4hlungen von Tier- und Pflanzenarten in der Gemeinde&#8230;). <\/li>\n\n\n\n<li>Die Ruinen der r\u00f6mischen Villa Pardigon II durch Besichtigungen bekannt machen und zur Geltung bringen.<\/li>\n\n\n\n<li>Einen nachhaltigen Konsum f\u00f6rdern, indem Sie lokale Produkte mithilfe der Marke \u201eEsprit parc national\u201c bewerben. <\/li>\n\n\n\n<li>Unser Gebiet nachhaltig gestalten, indem wir es weiterentwickeln, insbesondere durch die Erneuerung der Stra\u00dfenbeleuchtung, die umweltfreundlicher wird.<br\/><\/li>\n\n\n\n<li>F\u00f6rderung des \u00d6ko-B\u00fcrgertums, Gesundheit und Zusammenleben durch die Sensibilisierung der \u00d6ffentlichkeit f\u00fcr den Umweltschutz (Kampagne zur Bek\u00e4mpfung von Zigarettenstummeln, Anregung zur M\u00fclltrennung, Austausch mit Abgeordneten usw.).<\/li>\n<\/ul>\n\n\n\n<div style=\"height:20px\" aria-hidden=\"true\" class=\"wp-block-spacer\"><\/div>\n\n\n\n<p class=\"has-slate-700-color has-text-color has-link-color has-script-font-family has-2-xl-font-size wp-elements-59040d61df6cc8908e5c2f46839f5880 wp-block-paragraph\"><strong>\u00d6ko-Events <\/strong>:<\/p>\n\n\n\n<div class=\"wp-block-columns alignwide are-vertically-aligned-center is-layout-flex wp-container-core-columns-is-layout-0defc3be wp-block-columns-is-layout-flex\">\n<div class=\"wp-block-column is-layout-flow wp-block-column-is-layout-flow\">\n<p class=\"has-slate-700-color has-text-color has-link-color wp-elements-00153e82b00fe887cd476eb78ccb3f76 wp-block-paragraph\">&#8222;Nettoyons le Sud&#8220;: Gro\u00dfer Sammeltag, der die Gemeinden, Vereine und B\u00fcrger der Region S\u00fcd zusammenbringt! Ausgabe im Jahr 2025 wurden 100 Tonnen M\u00fcll an 400 Sammelstellen von 25.000 Teilnehmern gesammelt, die entschlossen waren, unsere sch\u00f6ne Region an einem gro\u00dfen Festtag zu bewahren. Die Mobilisierung geht weiter: Wir sehen uns im n\u00e4chsten Jahr wieder!<\/p>\n\n\n\n<p class=\"has-slate-700-color has-text-color has-link-color wp-elements-0e10b96d83b6c9366f8e40606ac18757 wp-block-paragraph\">Tag der nachhaltigen Entwicklung: Tag der Sensibilisierung am D-Day-Strand f\u00fcr eine Sache, die uns am Herzen liegt.<\/p>\n<\/div>\n<\/div>\n\n\n\n<div style=\"height:20px\" aria-hidden=\"true\" class=\"wp-block-spacer\"><\/div>\n\n\n\n<p class=\"has-slate-700-color has-text-color has-link-color has-script-font-family has-2-xl-font-size wp-elements-1188f3caa861c20a9d63bf60efb1bad2 wp-block-paragraph\"><strong>Charte Z\u00e9ro D\u00e9chets plastique<\/strong> :<\/p>\n\n\n\n<ul class=\"wp-block-list has-inherit-color has-text-color has-link-color wp-elements-23b7cf97e8b19b93e47b5efe56e15e24\">\n<li><\/li>\n<\/ul>\n\n\n\n<div class=\"wp-block-columns alignfull are-vertically-aligned-center is-layout-flex wp-container-core-columns-is-layout-0defc3be wp-block-columns-is-layout-flex\">\n<div class=\"wp-block-column is-vertically-aligned-center is-layout-flow wp-block-column-is-layout-flow\" style=\"flex-basis:33.33%\">\n<figure class=\"wp-block-image aligncenter size-full is-style-rounded is-style-rounded--1\"><a data-caption=\"blockimg-12688-1000-0\" href=\"https:\/\/www.lacroixvalmertourisme.com\/wp-content\/uploads\/2025\/03\/blockimg-12688-1000-0.jpg\" data-fancybox=\"gallery\"><img loading=\"lazy\" decoding=\"async\" width=\"1000\" height=\"726\" sizes=\"auto, (max-width: 1000px) 100vw, 1000px\" data-tippy-content=\"blockimg-12688-1000-0\" src=\"https:\/\/www.lacroixvalmertourisme.com\/wp-content\/uploads\/2025\/03\/blockimg-12688-1000-0.jpg\" alt=\"objectif z\u00e9ro d\u00e9chet plastique la croix valmer label\" class=\"wp-image-21045\" srcset=\"https:\/\/www.lacroixvalmertourisme.com\/wp-content\/uploads\/2025\/03\/blockimg-12688-1000-0.jpg 1000w, https:\/\/www.lacroixvalmertourisme.com\/wp-content\/uploads\/2025\/03\/blockimg-12688-1000-0-300x218.jpg 300w, https:\/\/www.lacroixvalmertourisme.com\/wp-content\/uploads\/2025\/03\/blockimg-12688-1000-0-768x558.jpg 768w, https:\/\/www.lacroixvalmertourisme.com\/wp-content\/uploads\/2025\/03\/blockimg-12688-1000-0-207x150.jpg 207w\" \/><\/a><\/figure>\n<\/div>\n\n\n\n<div class=\"wp-block-column is-vertically-aligned-center is-layout-flow wp-block-column-is-layout-flow\" style=\"flex-basis:66.66%\">\n<p class=\"has-slate-700-color has-text-color has-link-color wp-elements-ad290df5ac2aec25583edb191a60def9 wp-block-paragraph\"><span style=\"font-weight: 400;\">Jedes Jahr landen Millionen Tonnen Plastik im Mittelmeer, was es zu einem der am st\u00e4rksten verschmutzten Meere der Welt macht. Neben den Auswirkungen auf die B\u00fcrger (Lebensqualit\u00e4t, Gesundheit, Tourismus usw.) beeintr\u00e4chtigt die Ansammlung von Plastikm\u00fcll in den nat\u00fcrlichen Lebensr\u00e4umen auch die Artenvielfalt und tr\u00e4gt zum Klimawandel bei. Mit der Unterzeichnung der regionalen Verpflichtungs-Charta gibt die Gemeinde an der Seite der Region SUD vor, den Plastikm\u00fcll im Meer und an Land zu reduzieren, die Umwelt zu sch\u00fctzen und zum Wohlbefinden und zur Gesundheit der Einwohner beizutragen. Es werden 3 Schwerpunkte verfolgt: Sensibilisierung f\u00fcr die Reduzierung von Plastikm\u00fcll (Sensibilisierung aller Bev\u00f6lkerungsgruppen, Fortsetzung der M\u00fcllsammelaktionen &#8230;); Umsetzung einer vern\u00fcnftigen Verwendung von Kunststoffen (F\u00f6rderung von Alternativen zu Kunststoffen, F\u00f6rderung von recycelten oder recycelbaren Materialien, wenn die Verwendung von Kunststoffen notwendig ist &#8230;); Verwaltung und Verwertung von Plastikm\u00fcll (F\u00f6rderung der Wiederverwendung und Reparatur von Gegenst\u00e4nden, Optimierung des Sortier- und Sammelsystems f\u00fcr Plastikm\u00fcll &#8230;).<\/span><\/p>\n<\/div>\n<\/div>\n\n\n\n<div style=\"height:20px\" aria-hidden=\"true\" class=\"wp-block-spacer\"><\/div>\n\n\n\n<p class=\"has-slate-700-color has-text-color has-link-color has-script-font-family has-2-xl-font-size wp-elements-e369eca432b301fe428b554709d7c149 wp-block-paragraph\"><strong>Verwaltung von Sperrm\u00fcll<\/strong><\/p>\n\n\n\n<ul class=\"wp-block-list has-inherit-color has-text-color has-link-color wp-elements-23b7cf97e8b19b93e47b5efe56e15e24\">\n<li><\/li>\n<\/ul>\n\n\n\n<div class=\"wp-block-columns alignfull are-vertically-aligned-center is-layout-flex wp-container-core-columns-is-layout-0defc3be wp-block-columns-is-layout-flex\">\n<div class=\"wp-block-column is-vertically-aligned-center is-layout-flow wp-block-column-is-layout-flow\" style=\"flex-basis:33.33%\">\n<figure class=\"wp-block-image aligncenter size-full is-style-rounded is-style-rounded--2\"><a data-caption=\"Capture d\u2019\u00e9cran 2025-03-10 140417\" href=\"https:\/\/www.lacroixvalmertourisme.com\/wp-content\/uploads\/2025\/03\/Capture-decran-2025-03-10-140417.jpg\" data-fancybox=\"gallery\"><img loading=\"lazy\" decoding=\"async\" width=\"553\" height=\"778\" sizes=\"auto, (max-width: 553px) 100vw, 553px\" data-tippy-content=\"Capture d\u2019\u00e9cran 2025-03-10 140417\" src=\"https:\/\/www.lacroixvalmertourisme.com\/wp-content\/uploads\/2025\/03\/Capture-decran-2025-03-10-140417.jpg\" alt=\"communaut\u00e9 de communes golfe saint tropez \" class=\"wp-image-21053\" srcset=\"https:\/\/www.lacroixvalmertourisme.com\/wp-content\/uploads\/2025\/03\/Capture-decran-2025-03-10-140417.jpg 553w, https:\/\/www.lacroixvalmertourisme.com\/wp-content\/uploads\/2025\/03\/Capture-decran-2025-03-10-140417-213x300.jpg 213w, https:\/\/www.lacroixvalmertourisme.com\/wp-content\/uploads\/2025\/03\/Capture-decran-2025-03-10-140417-107x150.jpg 107w\" \/><\/a><\/figure>\n<\/div>\n\n\n\n<div class=\"wp-block-column is-vertically-aligned-center is-layout-flow wp-block-column-is-layout-flow\" style=\"flex-basis:66.66%\">\n<p class=\"has-text-align-left has-slate-700-color has-text-color has-link-color wp-elements-7f15525bf0784479bab971a54e493d55 wp-block-paragraph\"><span style=\"font-weight: 400;\">Sperrm\u00fcll ist sperriger Abfall, der aus dem h\u00e4uslichen Gebrauch stammt. Es gibt zwei M\u00f6glichkeiten, ihn zu entsorgen. Sie k\u00f6nnen ihn auf einem der Wertstoffh\u00f6fe des Golfs abgeben. 11 Wertstoffh\u00f6fe und 2 Plattformen f\u00fcr Gr\u00fcnabf\u00e4lle stehen Privatpersonen und Gewerbetreibenden zur Verf\u00fcgung (rufen Sie vor der Anfahrt unter 04 94 96 06 68 an &#8211; einige sind wegen Renovierungsarbeiten vor\u00fcbergehend geschlossen und die Abfallarten und -mengen variieren von Wertstoffhof zu Wertstoffhof). Kontaktieren Sie Allo Encombrants unter +33 (0)800 732 122, um die Abholung zu organisieren<\/span><\/p>\n<\/div>\n<\/div>\n\n\n\n<div style=\"height:20px\" aria-hidden=\"true\" class=\"wp-block-spacer\"><\/div>\n\n\n\n<p class=\"has-slate-700-color has-text-color has-link-color has-script-font-family has-2-xl-font-size wp-elements-8b6b2c0aaa928eb02742822a078e4ed3 wp-block-paragraph\"><strong>Sammeln von Textilien<\/strong><\/p>\n\n\n\n<ul class=\"wp-block-list has-inherit-color has-text-color has-link-color wp-elements-23b7cf97e8b19b93e47b5efe56e15e24\">\n<li><\/li>\n<\/ul>\n\n\n\n<div class=\"wp-block-columns alignfull are-vertically-aligned-center is-layout-flex wp-container-core-columns-is-layout-0defc3be wp-block-columns-is-layout-flex\">\n<div class=\"wp-block-column is-vertically-aligned-center is-layout-flow wp-block-column-is-layout-flow\" style=\"flex-basis:33.33%\">\n<figure class=\"wp-block-image aligncenter size-full is-style-rounded is-style-rounded--3\"><a data-caption=\"IMG_1096\" href=\"https:\/\/www.lacroixvalmertourisme.com\/wp-content\/uploads\/2025\/03\/IMG_1096.jpeg\" data-fancybox=\"gallery\"><img loading=\"lazy\" decoding=\"async\" width=\"2048\" height=\"1536\" sizes=\"auto, (max-width: 2048px) 100vw, 2048px\" data-tippy-content=\"IMG_1096\" src=\"https:\/\/www.lacroixvalmertourisme.com\/wp-content\/uploads\/2025\/03\/IMG_1096.jpeg\" alt=\"relais d\u00e9p\u00f4t textile collecte la croix valmer \" class=\"wp-image-21048\" srcset=\"https:\/\/www.lacroixvalmertourisme.com\/wp-content\/uploads\/2025\/03\/IMG_1096.jpeg 2048w, https:\/\/www.lacroixvalmertourisme.com\/wp-content\/uploads\/2025\/03\/IMG_1096-300x225.jpeg 300w, https:\/\/www.lacroixvalmertourisme.com\/wp-content\/uploads\/2025\/03\/IMG_1096-1024x768.jpeg 1024w, https:\/\/www.lacroixvalmertourisme.com\/wp-content\/uploads\/2025\/03\/IMG_1096-768x576.jpeg 768w, https:\/\/www.lacroixvalmertourisme.com\/wp-content\/uploads\/2025\/03\/IMG_1096-1536x1152.jpeg 1536w, https:\/\/www.lacroixvalmertourisme.com\/wp-content\/uploads\/2025\/03\/IMG_1096-200x150.jpeg 200w\" \/><\/a><\/figure>\n<\/div>\n\n\n\n<div class=\"wp-block-column is-vertically-aligned-center is-layout-flow wp-block-column-is-layout-flow\" style=\"flex-basis:66.66%\">\n<p class=\"wp-block-paragraph\">Textilsammlung der \u201eLe Relais\u201c-Kollonen sind in der Gemeinde aufgestellt, damit die Einwohner von La Croix Valmer ihre gebrauchten Textilien abgeben k\u00f6nnen: auf dem Parkplatz der Schule in der Rue Fr\u00e9d\u00e9ric Mistral, auf dem Parkplatz des Train des Pignes (unter der Festhalle), gegen\u00fcber der Total Access-Station auf dem Boulevard de Saint-Rapha\u00ebl, auf den Parkpl\u00e4tzen von Sylvabelle und des Stadions.<\/p>\n\n\n\n<p class=\"has-slate-700-color has-text-color has-link-color wp-elements-898d7151c5b98b44f20fcfbc63cc0839 wp-block-paragraph\"><span style=\"font-weight: 400;\">Weitere Informationen unter: <\/span><a href=\"https:\/\/www.lacroixvalmer.fr\/Tri-et-Dechets\"><span style=\"font-weight: 400;\">https:\/\/www.lacroixvalmer.fr\/Tri-et-Dechets<\/span><\/a><\/p>\n<\/div>\n<\/div>\n<\/div>\n","protected":false},"excerpt":{"rendered":"<p>Die Gemeinde engagiert sich! La Croix Valmer zu einem verantwortungsbewussten Reiseziel zu machen, ist angesichts seiner Umwelt und seiner Wirtschaft eine Selbstverst\u00e4ndlichkeit.\u00a0 Verpflichtungen : \u00d6ko-Events : &#8222;Nettoyons le Sud&#8220;: Gro\u00dfer Sammeltag, der die Gemeinden, Vereine und B\u00fcrger der Region S\u00fcd zusammenbringt! Ausgabe im Jahr 2025 wurden 100 Tonnen M\u00fcll an 400 Sammelstellen von 25.000 Teilnehmern&#8230;<\/p>\n","protected":false},"author":12,"featured_media":20673,"parent":20960,"menu_order":44,"comment_status":"closed","ping_status":"closed","template":"page-plage.blade.php","meta":{"_acf_changed":false,"_crdt_document":"","footnotes":""},"class_list":["post-21113","page","type-page","status-publish","has-post-thumbnail","hentry"],"acf":{"pagepage-etendus":"compact","video_mp4":false,"poster_image":false,"nugget":false,"page-virtuelle":false,"video_webm":false,"pagepage-updown":true,"autoplay":false,"delay":""},"yoast_head":"<!-- This site is optimized with the Yoast SEO plugin v27.5 - https:\/\/yoast.com\/product\/yoast-seo-wordpress\/ -->\n<title>Gr\u00fcnes Licht f\u00fcr La Croix Valmer! - La Croix-Valmer Tourisme<\/title>\n<meta name=\"robots\" content=\"index, follow, max-snippet:-1, max-image-preview:large, max-video-preview:-1\" \/>\n<link rel=\"canonical\" href=\"https:\/\/www.lacroixvalmertourisme.com\/de\/entdecken-entkommen\/ein-nachhaltiges-reiseziel\/gruenes-licht-in-la-croix-valmer-setzen\" \/>\n<meta property=\"og:locale\" content=\"de_DE\" \/>\n<meta property=\"og:type\" content=\"article\" \/>\n<meta property=\"og:title\" content=\"Gr\u00fcnes Licht f\u00fcr La Croix Valmer! - La Croix-Valmer Tourisme\" \/>\n<meta property=\"og:description\" content=\"Die Gemeinde engagiert sich! La Croix Valmer zu einem verantwortungsbewussten Reiseziel zu machen, ist angesichts seiner Umwelt und seiner Wirtschaft eine Selbstverst\u00e4ndlichkeit.\u00a0 Verpflichtungen : \u00d6ko-Events : &#8222;Nettoyons le Sud&#8220;: Gro\u00dfer Sammeltag, der die Gemeinden, Vereine und B\u00fcrger der Region S\u00fcd zusammenbringt! Ausgabe im Jahr 2025 wurden 100 Tonnen M\u00fcll an 400 Sammelstellen von 25.000 Teilnehmern...\" \/>\n<meta property=\"og:url\" content=\"https:\/\/www.lacroixvalmertourisme.com\/de\/entdecken-entkommen\/ein-nachhaltiges-reiseziel\/gruenes-licht-in-la-croix-valmer-setzen\" \/>\n<meta property=\"og:site_name\" content=\"La Croix-Valmer Tourisme\" \/>\n<meta property=\"article:publisher\" content=\"https:\/\/www.facebook.com\/lacroixvalmertourisme\/\" \/>\n<meta property=\"article:modified_time\" content=\"2026-01-19T08:00:17+00:00\" \/>\n<meta property=\"og:image\" content=\"https:\/\/www.lacroixvalmertourisme.com\/wp-content\/uploads\/2025\/02\/IMG_3964.jpeg\" \/>\n\t<meta property=\"og:image:width\" content=\"2048\" \/>\n\t<meta property=\"og:image:height\" content=\"1536\" \/>\n\t<meta property=\"og:image:type\" content=\"image\/jpeg\" \/>\n<meta name=\"twitter:card\" content=\"summary_large_image\" \/>\n<meta name=\"twitter:site\" content=\"@La_Croix_Valmer\" \/>\n<meta name=\"twitter:label1\" content=\"Gesch\u00e4tzte Lesezeit\" \/>\n\t<meta name=\"twitter:data1\" content=\"3\u00a0Minute\" \/>\n<!-- \/ Yoast SEO plugin. -->","yoast_head_json":{"title":"Gr\u00fcnes Licht f\u00fcr La Croix Valmer! - La Croix-Valmer Tourisme","robots":{"index":"index","follow":"follow","max-snippet":"max-snippet:-1","max-image-preview":"max-image-preview:large","max-video-preview":"max-video-preview:-1"},"canonical":"https:\/\/www.lacroixvalmertourisme.com\/de\/entdecken-entkommen\/ein-nachhaltiges-reiseziel\/gruenes-licht-in-la-croix-valmer-setzen","og_locale":"de_DE","og_type":"article","og_title":"Gr\u00fcnes Licht f\u00fcr La Croix Valmer! - La Croix-Valmer Tourisme","og_description":"Die Gemeinde engagiert sich! La Croix Valmer zu einem verantwortungsbewussten Reiseziel zu machen, ist angesichts seiner Umwelt und seiner Wirtschaft eine Selbstverst\u00e4ndlichkeit.\u00a0 Verpflichtungen : \u00d6ko-Events : &#8222;Nettoyons le Sud&#8220;: Gro\u00dfer Sammeltag, der die Gemeinden, Vereine und B\u00fcrger der Region S\u00fcd zusammenbringt! Ausgabe im Jahr 2025 wurden 100 Tonnen M\u00fcll an 400 Sammelstellen von 25.000 Teilnehmern...","og_url":"https:\/\/www.lacroixvalmertourisme.com\/de\/entdecken-entkommen\/ein-nachhaltiges-reiseziel\/gruenes-licht-in-la-croix-valmer-setzen","og_site_name":"La Croix-Valmer Tourisme","article_publisher":"https:\/\/www.facebook.com\/lacroixvalmertourisme\/","article_modified_time":"2026-01-19T08:00:17+00:00","og_image":[{"width":2048,"height":1536,"url":"https:\/\/www.lacroixvalmertourisme.com\/wp-content\/uploads\/2025\/02\/IMG_3964.jpeg","type":"image\/jpeg"}],"twitter_card":"summary_large_image","twitter_site":"@La_Croix_Valmer","twitter_misc":{"Gesch\u00e4tzte Lesezeit":"3\u00a0Minute"},"schema":{"@context":"https:\/\/schema.org","@graph":[{"@type":"WebPage","@id":"https:\/\/www.lacroixvalmertourisme.com\/de\/entdecken-entkommen\/ein-nachhaltiges-reiseziel\/gruenes-licht-in-la-croix-valmer-setzen","url":"https:\/\/www.lacroixvalmertourisme.com\/de\/entdecken-entkommen\/ein-nachhaltiges-reiseziel\/gruenes-licht-in-la-croix-valmer-setzen","name":"Gr\u00fcnes Licht f\u00fcr La Croix Valmer! - La Croix-Valmer Tourisme","isPartOf":{"@id":"https:\/\/www.lacroixvalmertourisme.com\/de#website"},"primaryImageOfPage":{"@id":"https:\/\/www.lacroixvalmertourisme.com\/de\/entdecken-entkommen\/ein-nachhaltiges-reiseziel\/gruenes-licht-in-la-croix-valmer-setzen#primaryimage"},"image":{"@id":"https:\/\/www.lacroixvalmertourisme.com\/de\/entdecken-entkommen\/ein-nachhaltiges-reiseziel\/gruenes-licht-in-la-croix-valmer-setzen#primaryimage"},"thumbnailUrl":"https:\/\/www.lacroixvalmertourisme.com\/wp-content\/uploads\/2025\/02\/IMG_3964.jpeg","datePublished":"2025-03-13T13:30:45+00:00","dateModified":"2026-01-19T08:00:17+00:00","breadcrumb":{"@id":"https:\/\/www.lacroixvalmertourisme.com\/de\/entdecken-entkommen\/ein-nachhaltiges-reiseziel\/gruenes-licht-in-la-croix-valmer-setzen#breadcrumb"},"inLanguage":"de","potentialAction":[{"@type":"ReadAction","target":["https:\/\/www.lacroixvalmertourisme.com\/de\/entdecken-entkommen\/ein-nachhaltiges-reiseziel\/gruenes-licht-in-la-croix-valmer-setzen"]}]},{"@type":"ImageObject","inLanguage":"de","@id":"https:\/\/www.lacroixvalmertourisme.com\/de\/entdecken-entkommen\/ein-nachhaltiges-reiseziel\/gruenes-licht-in-la-croix-valmer-setzen#primaryimage","url":"https:\/\/www.lacroixvalmertourisme.com\/wp-content\/uploads\/2025\/02\/IMG_3964.jpeg","contentUrl":"https:\/\/www.lacroixvalmertourisme.com\/wp-content\/uploads\/2025\/02\/IMG_3964.jpeg","width":2048,"height":1536,"caption":"la croix valmer view"},{"@type":"BreadcrumbList","@id":"https:\/\/www.lacroixvalmertourisme.com\/de\/entdecken-entkommen\/ein-nachhaltiges-reiseziel\/gruenes-licht-in-la-croix-valmer-setzen#breadcrumb","itemListElement":[{"@type":"ListItem","position":1,"name":"Accueil","item":"https:\/\/www.lacroixvalmertourisme.com\/de"},{"@type":"ListItem","position":2,"name":"Entdecken","item":"https:\/\/www.lacroixvalmertourisme.com\/de\/entdecken-entkommen"},{"@type":"ListItem","position":3,"name":"Gesch\u00fctztes Ziel","item":"https:\/\/www.lacroixvalmertourisme.com\/de\/entdecken-entkommen\/ein-nachhaltiges-reiseziel"},{"@type":"ListItem","position":4,"name":"Gr\u00fcnes Licht f\u00fcr La Croix Valmer!"}]},{"@type":"WebSite","@id":"https:\/\/www.lacroixvalmertourisme.com\/de#website","url":"https:\/\/www.lacroixvalmertourisme.com\/de","name":"La Croix-Valmer Tourisme","description":"Toutes les informations touristiques pour organiser votre prochain s\u00e9jour \u00e0 La Croix Valmer dans le Golfe de Saint-Tropez","publisher":{"@id":"https:\/\/www.lacroixvalmertourisme.com\/de#organization"},"potentialAction":[{"@type":"SearchAction","target":{"@type":"EntryPoint","urlTemplate":"https:\/\/www.lacroixvalmertourisme.com\/de?s={search_term_string}"},"query-input":{"@type":"PropertyValueSpecification","valueRequired":true,"valueName":"search_term_string"}}],"inLanguage":"de"},{"@type":"Organization","@id":"https:\/\/www.lacroixvalmertourisme.com\/de#organization","name":"Office de Tourisme de La Croix Valmer","url":"https:\/\/www.lacroixvalmertourisme.com\/de","logo":{"@type":"ImageObject","inLanguage":"de","@id":"https:\/\/www.lacroixvalmertourisme.com\/de#\/schema\/logo\/image\/","url":"https:\/\/www.lacroixvalmertourisme.com\/wp-content\/uploads\/2021\/06\/Logo_ot_bleu.png","contentUrl":"https:\/\/www.lacroixvalmertourisme.com\/wp-content\/uploads\/2021\/06\/Logo_ot_bleu.png","width":591,"height":454,"caption":"Office de Tourisme de La Croix Valmer"},"image":{"@id":"https:\/\/www.lacroixvalmertourisme.com\/de#\/schema\/logo\/image\/"},"sameAs":["https:\/\/www.facebook.com\/lacroixvalmertourisme\/","https:\/\/x.com\/La_Croix_Valmer","https:\/\/www.instagram.com\/lacroixvalmer_tourisme\/"]}]}},"publishpress_future_workflow_manual_trigger":{"enabledWorkflows":[]},"_links":{"self":[{"href":"https:\/\/www.lacroixvalmertourisme.com\/de\/wp-json\/wp\/v2\/pages\/21113","targetHints":{"allow":["GET"]}}],"collection":[{"href":"https:\/\/www.lacroixvalmertourisme.com\/de\/wp-json\/wp\/v2\/pages"}],"about":[{"href":"https:\/\/www.lacroixvalmertourisme.com\/de\/wp-json\/wp\/v2\/types\/page"}],"author":[{"embeddable":true,"href":"https:\/\/www.lacroixvalmertourisme.com\/de\/wp-json\/wp\/v2\/users\/12"}],"replies":[{"embeddable":true,"href":"https:\/\/www.lacroixvalmertourisme.com\/de\/wp-json\/wp\/v2\/comments?post=21113"}],"version-history":[{"count":11,"href":"https:\/\/www.lacroixvalmertourisme.com\/de\/wp-json\/wp\/v2\/pages\/21113\/revisions"}],"predecessor-version":[{"id":26559,"href":"https:\/\/www.lacroixvalmertourisme.com\/de\/wp-json\/wp\/v2\/pages\/21113\/revisions\/26559"}],"up":[{"embeddable":true,"href":"https:\/\/www.lacroixvalmertourisme.com\/de\/wp-json\/wp\/v2\/pages\/20960"}],"wp:featuredmedia":[{"embeddable":true,"href":"https:\/\/www.lacroixvalmertourisme.com\/de\/wp-json\/wp\/v2\/media\/20673"}],"wp:attachment":[{"href":"https:\/\/www.lacroixvalmertourisme.com\/de\/wp-json\/wp\/v2\/media?parent=21113"}],"curies":[{"name":"wp","href":"https:\/\/api.w.org\/{rel}","templated":true}]}}