{"id":20960,"date":"2025-03-04T10:04:12","date_gmt":"2025-03-04T09:04:12","guid":{"rendered":"https:\/\/www.lacroixvalmertourisme.com\/entdecken-entkommen\/ein-nachhaltiges-reiseziel"},"modified":"2026-05-02T11:47:58","modified_gmt":"2026-05-02T09:47:58","slug":"ein-nachhaltiges-reiseziel","status":"publish","type":"page","link":"https:\/\/www.lacroixvalmertourisme.com\/de\/entdecken-entkommen\/ein-nachhaltiges-reiseziel","title":{"rendered":"Gesch\u00fctztes Ziel"},"content":{"rendered":"\n<div class=\"wp-block-group is-layout-constrained wp-block-group-is-layout-constrained\">\n<h3 class=\"wp-block-heading\">La Croix Valmer: <strong>Ein gesch\u00fctztes Reiseziel<\/strong><\/h3>\n\n\n\n<div class=\"wp-block-group is-layout-constrained wp-block-group-is-layout-constrained\">\n<div class=\"wp-block-group is-layout-constrained wp-block-group-is-layout-constrained\">\n<div class=\"wp-block-group is-layout-constrained wp-block-group-is-layout-constrained\">\n<p class=\"has-text-align-left wp-block-paragraph\">In La Croix Valmer gibt es eine einzigartige Art zu erleben, zu f\u00fchlen\u00a0und zu entdecken: <b>sich die \u00a0Zeit nehmen, um zu den Grundlagen zur\u00fcckzukehren. <\/b>Hier ist die Natur nicht nur Kulisse, sondern Pr\u00e4senz, frischer Wind, eine starke Identit\u00e4t, die wir ebenso sch\u00fctzen wie wir sie teilen.<\/p>\n\n\n\n<p class=\"has-text-align-left wp-block-paragraph\">Denn in La Croix Valmer <strong>bringt Sie jeder Schritt n\u00e4her an die wahre Natur heran.<\/strong> Unsere Wege erz\u00e4hlen die Geschichte eines Dorfes am Meer, eingebettet zwischen H\u00fcgeln und gesegnet mit einer au\u00dfergew\u00f6hnlichen Umgebung. Von der K\u00fcste bis zu den hohen Aussichtspunkten, von den sonnenverw\u00f6hnten Weinbergen bis zu den stillen Bergen ist f\u00fcr jeden etwas dabei: f\u00fcr Familien, Liebhaber der Artenvielfalt, Sportbegeisterte oder einfach nur f\u00fcr Besucher auf der Durchreise.<br \/>tdurchfluteten Weinbergen bis zu stillen Bergmassiven &#8211; jeder findet hier seinen Platz: Familien und Spazierg\u00e4nger, Naturliebhaber und Sportbegeisterte oder einfache G\u00e4ste auf der Durchreise.<\/p>\n\n\n\n<p class=\"has-text-align-left wp-block-paragraph\">Wenn die Saison langsamer wird, offenbart unser Dorf seinen wahren Charakter. Oftmals l\u00e4sst sich die stille Kraft von La Croix Valmer am besten im Herbst oder Winter wahrnehmen: Das Tempo verlangsamt sich, das Licht wird golden, die Weinberge nehmen warme Farben an und die Wanderwege gewinnen ihre Ruhe zur\u00fcck. <strong>Es ist die ideale Zeit, um ein anderes Tempo zu genie\u00dfen:<\/strong> sanfter, authentischer, im Herzen eines gesch\u00fctzten Gebiets, das sich dem nachhaltigen Tourismus verschrieben hat.<\/p>\n\n\n\n<p class=\"has-text-align-left wp-block-paragraph\">Werfen Sie einen Blick hinter die Kulissen unseres Reiseziels: geschichtstr\u00e4chtige Wanderwege, mediterrane Flora, die Weinberge, die unser Gebiet pr\u00e4gen, architektonisches Erbe, das Meer, das tausend Geschichten erz\u00e4hlt&#8230; In La Croix Valmer birgt jeder Ort einen verborgenen Schatz, jede Erfahrung wird zu einer Erinnerung und jede Begegnung ist eine Verbindung zu einer einzigartigen Lebensart.<\/p>\n\n\n\n<p class=\"has-text-align-left wp-block-paragraph\"><strong>Die wahre Natur von La Croix Valmer bedeutet auch,<\/strong> die Einfachheit, die urspr\u00fcngliche Sch\u00f6nheit, die Authentizit\u00e4t einer Region und die Kraft eines Naturerbes wiederzuentdecken, das wir gemeinsam <strong>sch\u00fctzen wollen.<\/strong> Es ist ein Aufruf, sich zu entspannen, zu staunen, sich wieder zu verbinden \u2013 mit der Natur, mit anderen und mit sich selbst.<\/p>\n<\/div>\n\n\n\n<div class=\"wp-block-group is-layout-constrained wp-block-group-is-layout-constrained\">\n<p class=\"has-text-align-center wp-block-paragraph\"><strong>Willkommen an einem gesch\u00fctzten Ort, an dem man tiefer atmet, weiter blickt und intensiver lebt.<\/strong><\/p>\n<\/div>\n<\/div>\n<\/div>\n<\/div>\n\n<div style=\"height:100px\" aria-hidden=\"true\" class=\"wp-block-spacer\"><\/div>\n\n<div class=\"wp-block-columns alignwide is-layout-flex wp-container-core-columns-is-layout-0defc3be wp-block-columns-is-layout-flex\">\n<div class=\"wp-block-column is-layout-flow wp-block-column-is-layout-flow\">\n<div class=\"wp-block-cover has-custom-content-position is-position-bottom-left\" style=\"padding-top:var(--wp--preset--spacing--50);padding-right:var(--wp--preset--spacing--50);padding-bottom:var(--wp--preset--spacing--50);padding-left:var(--wp--preset--spacing--50)\"><img loading=\"lazy\" decoding=\"async\" width=\"2560\" height=\"1920\" sizes=\"auto, (max-width: 2560px) 100vw, 2560px\" class=\"wp-block-cover__image-background wp-image-20655 size-full\" alt=\"journ\u00e9e sensibilisation d\u00e9veloppement durable\" src=\"https:\/\/www.lacroixvalmertourisme.com\/wp-content\/uploads\/2025\/02\/IMG_6558-scaled.jpg\" data-object-fit=\"cover\" srcset=\"https:\/\/www.lacroixvalmertourisme.com\/wp-content\/uploads\/2025\/02\/IMG_6558-scaled.jpg 2560w, https:\/\/www.lacroixvalmertourisme.com\/wp-content\/uploads\/2025\/02\/IMG_6558-300x225.jpg 300w, https:\/\/www.lacroixvalmertourisme.com\/wp-content\/uploads\/2025\/02\/IMG_6558-1024x768.jpg 1024w, https:\/\/www.lacroixvalmertourisme.com\/wp-content\/uploads\/2025\/02\/IMG_6558-768x576.jpg 768w, https:\/\/www.lacroixvalmertourisme.com\/wp-content\/uploads\/2025\/02\/IMG_6558-1536x1152.jpg 1536w, https:\/\/www.lacroixvalmertourisme.com\/wp-content\/uploads\/2025\/02\/IMG_6558-2048x1536.jpg 2048w, https:\/\/www.lacroixvalmertourisme.com\/wp-content\/uploads\/2025\/02\/IMG_6558-200x150.jpg 200w\" \/><span aria-hidden=\"true\" class=\"wp-block-cover__background has-black-background-color has-background-dim-10 has-background-dim\"><\/span><div class=\"wp-block-cover__inner-container is-layout-constrained wp-container-core-cover-is-layout-953aee64 wp-block-cover-is-layout-constrained\">\n<p class=\"has-text-align-left has-white-color has-text-color has-link-color wp-elements-a91c8308f2bba4be7be94ff033b8fa61 wp-block-paragraph\" style=\"margin-bottom:0px;font-size:24px;font-style:normal;font-weight:500;line-height:1.2\">Ein engagiertes Reiseziel<\/p>\n\n\n<a href=\"https:\/\/www.lacroixvalmertourisme.com\/fr\/decouvrir-et-s-evader\/destination-responsable\/mettre-du-vert-a-loffice-de-tourisme\" target=\"_blank\"><span aria-hidden=\"true\" class=\"absolute inset-0\"><\/span><span class=\"sr-only\"><\/span><\/a><\/div><\/div>\n<\/div>\n\n\n\n<div class=\"wp-block-column is-layout-flow wp-block-column-is-layout-flow\">\n<div class=\"wp-block-cover has-custom-content-position is-position-bottom-left\" style=\"padding-top:var(--wp--preset--spacing--50);padding-right:var(--wp--preset--spacing--50);padding-bottom:var(--wp--preset--spacing--50);padding-left:var(--wp--preset--spacing--50)\"><img loading=\"lazy\" decoding=\"async\" width=\"1280\" height=\"1024\" sizes=\"auto, (max-width: 1280px) 100vw, 1280px\" class=\"wp-block-cover__image-background wp-image-20244 size-thumb_1280_1024\" alt=\"\" src=\"https:\/\/www.lacroixvalmertourisme.com\/wp-content\/uploads\/2025\/01\/Balade-PNPC-\u00a9lacroixvalmertourisme-13-1280x1024.jpeg\" style=\"object-position:48% 40%\" data-object-fit=\"cover\" data-object-position=\"48% 40%\"\/><span aria-hidden=\"true\" class=\"wp-block-cover__background has-background-dim-60 has-background-dim wp-block-cover__gradient-background has-background-gradient has-bg-gradient-to-black-bottom-gradient-background\"><\/span><div class=\"wp-block-cover__inner-container is-layout-constrained wp-container-core-cover-is-layout-953aee64 wp-block-cover-is-layout-constrained\">\n<p class=\"has-text-align-left has-white-color has-text-color has-link-color wp-elements-cc4ae447ca8947048abb303111d4049e wp-block-paragraph\" style=\"margin-bottom:0px;font-size:24px;font-style:normal;font-weight:500;line-height:1.2\">\u00d6ko-Events<\/p>\n\n\n<a href=\"https:\/\/www.lacroixvalmertourisme.com\/de\/ausgehen-spass\/events\/oeko-events\" target=\"_blank\"><span aria-hidden=\"true\" class=\"absolute inset-0\"><\/span><span class=\"sr-only\">\u00d6ko-Events<\/span><\/a><\/div><\/div>\n<\/div>\n\n\n\n<div class=\"wp-block-column is-layout-flow wp-block-column-is-layout-flow\">\n<div class=\"wp-block-cover is-light has-custom-content-position is-position-bottom-left\" style=\"padding-top:var(--wp--preset--spacing--50);padding-right:var(--wp--preset--spacing--50);padding-bottom:var(--wp--preset--spacing--50);padding-left:var(--wp--preset--spacing--50)\"><img loading=\"lazy\" decoding=\"async\" width=\"1146\" height=\"1150\" sizes=\"auto, (max-width: 1146px) 100vw, 1146px\" class=\"wp-block-cover__image-background wp-image-485 size-full\" alt=\"d\u00e9couvrir s'evader la croix valmer sentier balades plages terroir histoire littoral parc national de port cros quoi faire visiter\" src=\"https:\/\/www.lacroixvalmertourisme.com\/wp-content\/uploads\/2021\/04\/2017\u00a9guillaumevoiturier-2-edited.jpg\" style=\"object-position:60% 45%\" data-object-fit=\"cover\" data-object-position=\"60% 45%\" srcset=\"https:\/\/www.lacroixvalmertourisme.com\/wp-content\/uploads\/2021\/04\/2017\u00a9guillaumevoiturier-2-edited.jpg 1146w, https:\/\/www.lacroixvalmertourisme.com\/wp-content\/uploads\/2021\/04\/2017\u00a9guillaumevoiturier-2-edited-300x300.jpg 300w, https:\/\/www.lacroixvalmertourisme.com\/wp-content\/uploads\/2021\/04\/2017\u00a9guillaumevoiturier-2-edited-1020x1024.jpg 1020w, https:\/\/www.lacroixvalmertourisme.com\/wp-content\/uploads\/2021\/04\/2017\u00a9guillaumevoiturier-2-edited-150x150.jpg 150w, https:\/\/www.lacroixvalmertourisme.com\/wp-content\/uploads\/2021\/04\/2017\u00a9guillaumevoiturier-2-edited-768x771.jpg 768w, https:\/\/www.lacroixvalmertourisme.com\/wp-content\/uploads\/2021\/04\/2017\u00a9guillaumevoiturier-2-edited-149x150.jpg 149w\" \/><span aria-hidden=\"true\" class=\"wp-block-cover__background has-black-background-color has-background-dim-10 has-background-dim\"><\/span><div class=\"wp-block-cover__inner-container is-layout-constrained wp-container-core-cover-is-layout-953aee64 wp-block-cover-is-layout-constrained\">\n<p class=\"has-text-align-left has-white-color has-text-color has-link-color wp-elements-eb07dddc124377608faaef6306466531 wp-block-paragraph\" style=\"margin-bottom:0px;font-size:24px;font-style:normal;font-weight:500;line-height:1.2\">Nachhaltiger Tourismus<\/p>\n\n\n<a href=\"https:\/\/www.lacroixvalmertourisme.com\/fr\/decouvrir-et-s-evader\/destination-responsable\/mettre-du-vert-dans-vos-vacances\" target=\"_blank\"><span aria-hidden=\"true\" class=\"absolute inset-0\"><\/span><span class=\"sr-only\"><\/span><\/a><\/div><\/div>\n<\/div>\n\n\n\n<div class=\"wp-block-column is-layout-flow wp-block-column-is-layout-flow\">\n<div class=\"wp-block-cover has-custom-content-position is-position-bottom-left\" style=\"padding-top:var(--wp--preset--spacing--50);padding-right:var(--wp--preset--spacing--50);padding-bottom:var(--wp--preset--spacing--50);padding-left:var(--wp--preset--spacing--50)\"><img loading=\"lazy\" decoding=\"async\" width=\"2000\" height=\"1334\" sizes=\"auto, (max-width: 2000px) 100vw, 2000px\" class=\"wp-block-cover__image-background wp-image-7385 size-full\" alt=\"sentier marin ilot du crocodile plage de jovat snorkeling la croix valmer\" src=\"https:\/\/www.lacroixvalmertourisme.com\/wp-content\/uploads\/2022\/01\/2017-sentier-marin\u00a9florentbeau-15-SITE-OT.jpg\" data-object-fit=\"cover\" srcset=\"https:\/\/www.lacroixvalmertourisme.com\/wp-content\/uploads\/2022\/01\/2017-sentier-marin\u00a9florentbeau-15-SITE-OT.jpg 2000w, https:\/\/www.lacroixvalmertourisme.com\/wp-content\/uploads\/2022\/01\/2017-sentier-marin\u00a9florentbeau-15-SITE-OT-300x200.jpg 300w, https:\/\/www.lacroixvalmertourisme.com\/wp-content\/uploads\/2022\/01\/2017-sentier-marin\u00a9florentbeau-15-SITE-OT-1024x683.jpg 1024w, https:\/\/www.lacroixvalmertourisme.com\/wp-content\/uploads\/2022\/01\/2017-sentier-marin\u00a9florentbeau-15-SITE-OT-768x512.jpg 768w, https:\/\/www.lacroixvalmertourisme.com\/wp-content\/uploads\/2022\/01\/2017-sentier-marin\u00a9florentbeau-15-SITE-OT-1536x1025.jpg 1536w, https:\/\/www.lacroixvalmertourisme.com\/wp-content\/uploads\/2022\/01\/2017-sentier-marin\u00a9florentbeau-15-SITE-OT-225x150.jpg 225w\" \/><span aria-hidden=\"true\" class=\"wp-block-cover__background has-black-background-color has-background-dim-10 has-background-dim\"><\/span><div class=\"wp-block-cover__inner-container is-layout-constrained wp-container-core-cover-is-layout-953aee64 wp-block-cover-is-layout-constrained\">\n<p class=\"has-text-align-left has-white-color has-text-color has-link-color wp-elements-8d28af7f3e01b087db7e390d32bd135f wp-block-paragraph\" style=\"margin-bottom:0px;font-size:24px;font-style:normal;font-weight:500;line-height:1.2\">Posidonia &amp; Meeresgebiet<\/p>\n\n\n<a href=\"https:\/\/www.lacroixvalmertourisme.com\/fr\/decouvrir-et-s-evader\/les-pieds-dans-l-eau\/posidonie-aire-marine-protegee\" target=\"_blank\"><span aria-hidden=\"true\" class=\"absolute inset-0\"><\/span><span class=\"sr-only\"><\/span><\/a><\/div><\/div>\n<\/div>\n<\/div>\n","protected":false},"excerpt":{"rendered":"<p>La Croix Valmer: Ein gesch\u00fctztes Reiseziel In La Croix Valmer gibt es eine einzigartige Art zu erleben, zu f\u00fchlen\u00a0und zu entdecken: sich die \u00a0Zeit nehmen, um zu den Grundlagen zur\u00fcckzukehren. Hier ist die Natur nicht nur Kulisse, sondern Pr\u00e4senz, frischer Wind, eine starke Identit\u00e4t, die wir ebenso sch\u00fctzen wie wir sie teilen. Denn in La&#8230;<\/p>\n","protected":false},"author":12,"featured_media":20644,"parent":4553,"menu_order":31,"comment_status":"closed","ping_status":"closed","template":"page-plage.blade.php","meta":{"_acf_changed":false,"_crdt_document":"","footnotes":""},"class_list":["post-20960","page","type-page","status-publish","has-post-thumbnail","hentry"],"acf":{"video_mp4":false,"poster_image":false,"nugget":false,"page-virtuelle":false,"video_webm":false,"pagepage-updown":true,"autoplay":false,"delay":"","title_alignement":"","pagepage-etendus":"none","mots-cles":"La Croix Valmer\r\nVar\r\nBesuchen Sie das Var\r\nStr\u00e4nde\r\nDas Var \r\nLa Croix Valmer Tourismus\r\nUrlaub\r\nGesch\u00fctztes Reiseziel\r\n"},"yoast_head":"<!-- This site is optimized with the Yoast SEO plugin v27.5 - https:\/\/yoast.com\/product\/yoast-seo-wordpress\/ -->\n<title>Gesch\u00fctztes Ziel - La Croix-Valmer Tourisme<\/title>\n<meta name=\"description\" content=\"La Croix Valmer und seine wahre Natur: Ein gesch\u00fctztes Reiseziel \u2013 Urlaub (ein anderes Tempo, eine andere Region, nachhaltige Entwicklung)\" \/>\n<meta name=\"robots\" content=\"index, follow, max-snippet:-1, max-image-preview:large, max-video-preview:-1\" \/>\n<link rel=\"canonical\" href=\"https:\/\/www.lacroixvalmertourisme.com\/de\/entdecken-entkommen\/ein-nachhaltiges-reiseziel\" \/>\n<meta property=\"og:locale\" content=\"de_DE\" \/>\n<meta property=\"og:type\" content=\"article\" \/>\n<meta property=\"og:title\" content=\"Gesch\u00fctztes Ziel - La Croix-Valmer Tourisme\" \/>\n<meta property=\"og:description\" content=\"La Croix Valmer und seine wahre Natur: Ein gesch\u00fctztes Reiseziel \u2013 Urlaub (ein anderes Tempo, eine andere Region, nachhaltige Entwicklung)\" \/>\n<meta property=\"og:url\" content=\"https:\/\/www.lacroixvalmertourisme.com\/de\/entdecken-entkommen\/ein-nachhaltiges-reiseziel\" \/>\n<meta property=\"og:site_name\" content=\"La Croix-Valmer Tourisme\" \/>\n<meta property=\"article:publisher\" content=\"https:\/\/www.facebook.com\/lacroixvalmertourisme\/\" \/>\n<meta property=\"article:modified_time\" content=\"2026-05-02T09:47:58+00:00\" \/>\n<meta property=\"og:image\" content=\"https:\/\/www.lacroixvalmertourisme.com\/wp-content\/uploads\/2025\/02\/\u00a9-julia-pietropaoli-02112024-DJI_0491-4-scaled.jpg\" \/>\n\t<meta property=\"og:image:width\" content=\"2560\" \/>\n\t<meta property=\"og:image:height\" content=\"1438\" \/>\n\t<meta property=\"og:image:type\" content=\"image\/jpeg\" \/>\n<meta name=\"twitter:card\" content=\"summary_large_image\" \/>\n<meta name=\"twitter:site\" content=\"@La_Croix_Valmer\" \/>\n<meta name=\"twitter:label1\" content=\"Gesch\u00e4tzte Lesezeit\" \/>\n\t<meta name=\"twitter:data1\" content=\"2\u00a0Minute\" \/>\n<!-- \/ Yoast SEO plugin. -->","yoast_head_json":{"title":"Gesch\u00fctztes Ziel - La Croix-Valmer Tourisme","description":"La Croix Valmer und seine wahre Natur: Ein gesch\u00fctztes Reiseziel \u2013 Urlaub (ein anderes Tempo, eine andere Region, nachhaltige Entwicklung)","robots":{"index":"index","follow":"follow","max-snippet":"max-snippet:-1","max-image-preview":"max-image-preview:large","max-video-preview":"max-video-preview:-1"},"canonical":"https:\/\/www.lacroixvalmertourisme.com\/de\/entdecken-entkommen\/ein-nachhaltiges-reiseziel","og_locale":"de_DE","og_type":"article","og_title":"Gesch\u00fctztes Ziel - La Croix-Valmer Tourisme","og_description":"La Croix Valmer und seine wahre Natur: Ein gesch\u00fctztes Reiseziel \u2013 Urlaub (ein anderes Tempo, eine andere Region, nachhaltige Entwicklung)","og_url":"https:\/\/www.lacroixvalmertourisme.com\/de\/entdecken-entkommen\/ein-nachhaltiges-reiseziel","og_site_name":"La Croix-Valmer Tourisme","article_publisher":"https:\/\/www.facebook.com\/lacroixvalmertourisme\/","article_modified_time":"2026-05-02T09:47:58+00:00","og_image":[{"width":2560,"height":1438,"url":"https:\/\/www.lacroixvalmertourisme.com\/wp-content\/uploads\/2025\/02\/\u00a9-julia-pietropaoli-02112024-DJI_0491-4-scaled.jpg","type":"image\/jpeg"}],"twitter_card":"summary_large_image","twitter_site":"@La_Croix_Valmer","twitter_misc":{"Gesch\u00e4tzte Lesezeit":"2\u00a0Minute"},"schema":{"@context":"https:\/\/schema.org","@graph":[{"@type":"WebPage","@id":"https:\/\/www.lacroixvalmertourisme.com\/de\/entdecken-entkommen\/ein-nachhaltiges-reiseziel","url":"https:\/\/www.lacroixvalmertourisme.com\/de\/entdecken-entkommen\/ein-nachhaltiges-reiseziel","name":"Gesch\u00fctztes Ziel - La Croix-Valmer Tourisme","isPartOf":{"@id":"https:\/\/www.lacroixvalmertourisme.com\/de#website"},"primaryImageOfPage":{"@id":"https:\/\/www.lacroixvalmertourisme.com\/de\/entdecken-entkommen\/ein-nachhaltiges-reiseziel#primaryimage"},"image":{"@id":"https:\/\/www.lacroixvalmertourisme.com\/de\/entdecken-entkommen\/ein-nachhaltiges-reiseziel#primaryimage"},"thumbnailUrl":"https:\/\/www.lacroixvalmertourisme.com\/wp-content\/uploads\/2025\/02\/\u00a9-julia-pietropaoli-02112024-DJI_0491-4-scaled.jpg","datePublished":"2025-03-04T09:04:12+00:00","dateModified":"2026-05-02T09:47:58+00:00","description":"La Croix Valmer und seine wahre Natur: Ein gesch\u00fctztes Reiseziel \u2013 Urlaub (ein anderes Tempo, eine andere Region, nachhaltige Entwicklung)","breadcrumb":{"@id":"https:\/\/www.lacroixvalmertourisme.com\/de\/entdecken-entkommen\/ein-nachhaltiges-reiseziel#breadcrumb"},"inLanguage":"de","potentialAction":[{"@type":"ReadAction","target":["https:\/\/www.lacroixvalmertourisme.com\/de\/entdecken-entkommen\/ein-nachhaltiges-reiseziel"]}]},{"@type":"ImageObject","inLanguage":"de","@id":"https:\/\/www.lacroixvalmertourisme.com\/de\/entdecken-entkommen\/ein-nachhaltiges-reiseziel#primaryimage","url":"https:\/\/www.lacroixvalmertourisme.com\/wp-content\/uploads\/2025\/02\/\u00a9-julia-pietropaoli-02112024-DJI_0491-4-scaled.jpg","contentUrl":"https:\/\/www.lacroixvalmertourisme.com\/wp-content\/uploads\/2025\/02\/\u00a9-julia-pietropaoli-02112024-DJI_0491-4-scaled.jpg","width":2560,"height":1438,"caption":"plage la croix valmer tourisme"},{"@type":"BreadcrumbList","@id":"https:\/\/www.lacroixvalmertourisme.com\/de\/entdecken-entkommen\/ein-nachhaltiges-reiseziel#breadcrumb","itemListElement":[{"@type":"ListItem","position":1,"name":"Accueil","item":"https:\/\/www.lacroixvalmertourisme.com\/de"},{"@type":"ListItem","position":2,"name":"Entdecken","item":"https:\/\/www.lacroixvalmertourisme.com\/de\/entdecken-entkommen"},{"@type":"ListItem","position":3,"name":"Gesch\u00fctztes Ziel"}]},{"@type":"WebSite","@id":"https:\/\/www.lacroixvalmertourisme.com\/de#website","url":"https:\/\/www.lacroixvalmertourisme.com\/de","name":"La Croix-Valmer Tourisme","description":"Toutes les informations touristiques pour organiser votre prochain s\u00e9jour \u00e0 La Croix Valmer dans le Golfe de Saint-Tropez","publisher":{"@id":"https:\/\/www.lacroixvalmertourisme.com\/de#organization"},"potentialAction":[{"@type":"SearchAction","target":{"@type":"EntryPoint","urlTemplate":"https:\/\/www.lacroixvalmertourisme.com\/de?s={search_term_string}"},"query-input":{"@type":"PropertyValueSpecification","valueRequired":true,"valueName":"search_term_string"}}],"inLanguage":"de"},{"@type":"Organization","@id":"https:\/\/www.lacroixvalmertourisme.com\/de#organization","name":"Office de Tourisme de La Croix Valmer","url":"https:\/\/www.lacroixvalmertourisme.com\/de","logo":{"@type":"ImageObject","inLanguage":"de","@id":"https:\/\/www.lacroixvalmertourisme.com\/de#\/schema\/logo\/image\/","url":"https:\/\/www.lacroixvalmertourisme.com\/wp-content\/uploads\/2021\/06\/Logo_ot_bleu.png","contentUrl":"https:\/\/www.lacroixvalmertourisme.com\/wp-content\/uploads\/2021\/06\/Logo_ot_bleu.png","width":591,"height":454,"caption":"Office de Tourisme de La Croix Valmer"},"image":{"@id":"https:\/\/www.lacroixvalmertourisme.com\/de#\/schema\/logo\/image\/"},"sameAs":["https:\/\/www.facebook.com\/lacroixvalmertourisme\/","https:\/\/x.com\/La_Croix_Valmer","https:\/\/www.instagram.com\/lacroixvalmer_tourisme\/"]}]}},"publishpress_future_workflow_manual_trigger":{"enabledWorkflows":[]},"_links":{"self":[{"href":"https:\/\/www.lacroixvalmertourisme.com\/de\/wp-json\/wp\/v2\/pages\/20960","targetHints":{"allow":["GET"]}}],"collection":[{"href":"https:\/\/www.lacroixvalmertourisme.com\/de\/wp-json\/wp\/v2\/pages"}],"about":[{"href":"https:\/\/www.lacroixvalmertourisme.com\/de\/wp-json\/wp\/v2\/types\/page"}],"author":[{"embeddable":true,"href":"https:\/\/www.lacroixvalmertourisme.com\/de\/wp-json\/wp\/v2\/users\/12"}],"replies":[{"embeddable":true,"href":"https:\/\/www.lacroixvalmertourisme.com\/de\/wp-json\/wp\/v2\/comments?post=20960"}],"version-history":[{"count":23,"href":"https:\/\/www.lacroixvalmertourisme.com\/de\/wp-json\/wp\/v2\/pages\/20960\/revisions"}],"predecessor-version":[{"id":27727,"href":"https:\/\/www.lacroixvalmertourisme.com\/de\/wp-json\/wp\/v2\/pages\/20960\/revisions\/27727"}],"up":[{"embeddable":true,"href":"https:\/\/www.lacroixvalmertourisme.com\/de\/wp-json\/wp\/v2\/pages\/4553"}],"wp:featuredmedia":[{"embeddable":true,"href":"https:\/\/www.lacroixvalmertourisme.com\/de\/wp-json\/wp\/v2\/media\/20644"}],"wp:attachment":[{"href":"https:\/\/www.lacroixvalmertourisme.com\/de\/wp-json\/wp\/v2\/media?parent=20960"}],"curies":[{"name":"wp","href":"https:\/\/api.w.org\/{rel}","templated":true}]}}