{"id":20401,"date":"2025-01-24T10:10:47","date_gmt":"2025-01-24T09:10:47","guid":{"rendered":"https:\/\/www.lacroixvalmertourisme.com\/fremdenverkehrsbuero\/qualitaet-des-empfangs"},"modified":"2026-02-12T11:26:27","modified_gmt":"2026-02-12T10:26:27","slug":"qualitaet-des-empfangs","status":"publish","type":"page","link":"https:\/\/www.lacroixvalmertourisme.com\/de\/fremdenverkehrsbuero\/qualitaet-des-empfangs","title":{"rendered":"Qualit\u00e4t des Empfangs"},"content":{"rendered":"\n<div class=\"wp-block-group is-layout-constrained wp-block-group-is-layout-constrained\">\n<h3 class=\"wp-block-heading has-text-align-center has-secondary-50-color has-text-color has-script-font-family has-5-xl-font-size\">&#8230; ist ein Dienst, der sich f\u00fcr ein au\u00dfergew\u00f6hnliches Reiseziel einsetzt<br \/>&amp; ein qualitativ hochwertiger Empfang<\/h3>\n\n\n\n<h3 class=\"wp-block-heading has-text-align-center has-secondary-50-color has-text-color has-script-font-family has-5-xl-font-size\"><strong>LA CROIX VALMER TOURISME ENGAGIERT SICH F\u00dcR EINEN \u00d6KOLOGISCH VERANTWORTUNGSBEWUSSTEN TOURISMUS MIT DER ZERTIFIZIERUNG \u201eDESTINATION D&#8217;EXCELLENCE\u201c ,<\/strong><\/h3>\n\n\n\n<div style=\"height:50px\" aria-hidden=\"true\" class=\"wp-block-spacer\"><\/div>\n\n\n\n<p class=\"wp-block-paragraph\">La Croix Valmer Tourisme ist seit 2012 mit dem Label \u201eQualit\u00e9 Tourisme\u201d ausgezeichnet und seit 2013 in Kategorie I eingestuft.\u00a0Durch sein Engagement und seine Professionalit\u00e4t steht La Croix Valmer Tourisme im Dienste der Besucher, der Fachleute und der Gemeinde. Diese anspruchsvollen und strukturierenden Ma\u00dfnahmen dienen der Verbesserung der Dienstleistungsqualit\u00e4t des Fremdenverkehrsamtes und des Reiseziels.<br \/>Seit Fr\u00fchjahr 2024 ersetzt \u201eDestination d&#8217;Excellence\u201d das Label \u201eQualit\u00e9 Tourisme\u201d.\u00a0Die Neuerung besteht in unserem Engagement f\u00fcr \u00f6kologische Verantwortung.\u00a0Die neuen Kriterien schaffen eine solide Grundlage f\u00fcr eine klare Positionierung und die Umsetzung einer nachhaltigen Tourismuspolitik.<br \/>Es ist nur selbstverst\u00e4ndlich, dass sich La Croix Valmer Tourisme aktiv f\u00fcr diese neue Zertifizierung engagiert und bereits ein erstes Audit f\u00fcr Oktober 2026 vorgesehen hat.<\/p>\n\n\n\n<div style=\"height:50px\" aria-hidden=\"true\" class=\"wp-block-spacer\"><\/div>\n\n\n\n<p class=\"wp-block-paragraph\">Unsere Qualit\u00e4tsverpflichtungen in wenigen Worten:<\/p>\n\n\n\n<div class=\"wp-block-columns is-layout-flex wp-container-core-columns-is-layout-0defc3be wp-block-columns-is-layout-flex\">\n<div class=\"wp-block-column is-layout-flow wp-block-column-is-layout-flow\">\n<p class=\"wp-block-paragraph\">1) <strong>gegen\u00fcber den Besuchern<\/strong>, denn der erste Eindruck ist entscheidend!<br \/>&#8211; Begr\u00fc\u00dfung mit einem L\u00e4cheln und pers\u00f6nlicher Beratung f\u00fcr einen gelungenen Aufenthalt<br \/>&#8211; Sammeln und Bearbeiten von Bewertungen<br \/>&#8211; F\u00f6rderung und Schutz\u00a0<span class=\"gmail_default\">eines<\/span>\u00a0au\u00dfergew\u00f6hnlichen Reiseziels<\/p>\n<\/div>\n\n\n\n<div class=\"wp-block-column is-layout-flow wp-block-column-is-layout-flow\">\n<p class=\"wp-block-paragraph\">2) <strong>gegen\u00fcber Fachleuten<\/strong>, denn es ist Teamarbeit!<br \/>&#8211; Entwicklung von Partnerschaften und leistungsstarken Instrumenten<br \/>&#8211; Aufwertung von Fortschrittsma\u00dfnahmen und G\u00fctesiegeln zur Qualifizierung des Angebots des Reiseziels<br \/>&#8211; Schaffung und F\u00f6rderung des Austauschs zwischen Fachleuten<\/p>\n<\/div>\n<\/div>\n\n\n\n<div class=\"wp-block-columns is-layout-flex wp-container-core-columns-is-layout-0defc3be wp-block-columns-is-layout-flex\">\n<div class=\"wp-block-column is-layout-flow wp-block-column-is-layout-flow\">\n<p class=\"wp-block-paragraph\">3) <strong>gegen\u00fcber der Gemeinschaft<\/strong>, denn es muss ein gemeinsames Ziel sein!<br \/>&#8211; Umsetzung einer lokalen Tourismusstrategie in \u00dcbereinstimmung mit den Richtlinien und unter Ber\u00fccksichtigung der Besonderheiten des Gebiets<br \/>&#8211; Steigerung der Bekanntheit und Arbeit am Image des Reiseziels<br \/>&#8211; Vorschlag von Entwicklungsachsen in \u00dcbereinstimmung mit den Erwartungen der Besucher und Fachleute<\/p>\n<\/div>\n\n\n\n<div class=\"wp-block-column is-layout-flow wp-block-column-is-layout-flow\">\n<p class=\"wp-block-paragraph\">4) <strong>f\u00fcr ein gesch\u00fctztes Reiseziel<\/strong><br \/>&#8211; F\u00f6rderung eines nachhaltigen und verantwortungsvollen Tourismus<br \/>&#8211; Reduzierung der\u00a0<span class=\"gmail_default\">(Aus-)Drucke<\/span><br \/>&#8211; Organisation von und Teilnahme an Sensibilisierungsma\u00dfnahmen<\/p>\n<\/div>\n<\/div>\n\n\n\n<div style=\"height:50px\" aria-hidden=\"true\" class=\"wp-block-spacer\"><\/div>\n\n\n\n<div class=\"wp-block-buttons is-content-justification-center is-layout-flex wp-container-core-buttons-is-layout-9b3e53d3 wp-block-buttons-is-layout-flex\">\n<div class=\"wp-block-button\"><a class=\"wp-block-button__link has-slate-700-background-color has-background wp-element-button\" href=\"https:\/\/www.atout-france.fr\/fr\/destination-dexcellence\" target=\"_blank\" rel=\"noreferrer noopener\">Alles Wissenswerte \u00fcber \u201eDestination d&#8217;Excellence\u201d finden Sie hier!<\/a><\/div>\n<\/div>\n\n\n\n<div style=\"height:50px\" aria-hidden=\"true\" class=\"wp-block-spacer\"><\/div>\n<\/div>\n\n<div class=\"wp-block-columns is-layout-flex wp-container-core-columns-is-layout-0defc3be wp-block-columns-is-layout-flex\">\n<div class=\"wp-block-column is-layout-flow wp-block-column-is-layout-flow\"><\/div>\n\n\n\n<div class=\"wp-block-column is-layout-flow wp-block-column-is-layout-flow\">\n<figure class=\"wp-block-image aligncenter size-full is-resized\"><img data-dominant-color=\"ddd4df\" data-has-transparency=\"false\" loading=\"lazy\" decoding=\"async\" width=\"485\" height=\"436\" sizes=\"auto, (max-width: 485px) 100vw, 485px\" data-tippy-content=\"logo dex\" src=\"https:\/\/www.lacroixvalmertourisme.com\/wp-content\/uploads\/2025\/10\/logo-dex.webp\" alt=\"Logo de la Destination d'Excellence avec au milieu un c\u0153ur d'un cot\u00e9 bleu et de l'autre rouge sur fond transparent\" class=\"wp-image-24789 not-transparent\" style=\"--dominant-color: #ddd4df; width:200px\" srcset=\"https:\/\/www.lacroixvalmertourisme.com\/wp-content\/uploads\/2025\/10\/logo-dex.webp 485w, https:\/\/www.lacroixvalmertourisme.com\/wp-content\/uploads\/2025\/10\/logo-dex-300x270.webp 300w, https:\/\/www.lacroixvalmertourisme.com\/wp-content\/uploads\/2025\/10\/logo-dex-167x150.webp 167w\" \/><\/figure>\n<\/div>\n\n\n\n<div class=\"wp-block-column is-layout-flow wp-block-column-is-layout-flow\"><\/div>\n<\/div>\n","protected":false},"excerpt":{"rendered":"<p>&#8230; ist ein Dienst, der sich f\u00fcr ein au\u00dfergew\u00f6hnliches Reiseziel einsetzt&amp; ein qualitativ hochwertiger Empfang LA CROIX VALMER TOURISME ENGAGIERT SICH F\u00dcR EINEN \u00d6KOLOGISCH VERANTWORTUNGSBEWUSSTEN TOURISMUS MIT DER ZERTIFIZIERUNG \u201eDESTINATION D&#8217;EXCELLENCE\u201c , La Croix Valmer Tourisme ist seit 2012 mit dem Label \u201eQualit\u00e9 Tourisme\u201d ausgezeichnet und seit 2013 in Kategorie I eingestuft.\u00a0Durch sein Engagement und&#8230;<\/p>\n","protected":false},"author":4,"featured_media":16276,"parent":4683,"menu_order":221,"comment_status":"closed","ping_status":"closed","template":"page-plage.blade.php","meta":{"_acf_changed":false,"_crdt_document":"","footnotes":""},"class_list":["post-20401","page","type-page","status-publish","has-post-thumbnail","hentry"],"acf":{"pagepage-etendus":"compact","video_mp4":false,"poster_image":false,"nugget":false,"page-virtuelle":false,"video_webm":false,"pagepage-updown":true,"autoplay":false,"delay":"","mots-cles":"","slogan":"","introduction":"","title_alignement":""},"yoast_head":"<!-- This site is optimized with the Yoast SEO plugin v27.5 - https:\/\/yoast.com\/product\/yoast-seo-wordpress\/ -->\n<title>Qualit\u00e4t des Empfangs - La Croix-Valmer Tourisme<\/title>\n<meta name=\"robots\" content=\"index, follow, max-snippet:-1, max-image-preview:large, max-video-preview:-1\" \/>\n<link rel=\"canonical\" href=\"https:\/\/www.lacroixvalmertourisme.com\/de\/fremdenverkehrsbuero\/qualitaet-des-empfangs\" \/>\n<meta property=\"og:locale\" content=\"de_DE\" \/>\n<meta property=\"og:type\" content=\"article\" \/>\n<meta property=\"og:title\" content=\"Qualit\u00e4t des Empfangs - La Croix-Valmer Tourisme\" \/>\n<meta property=\"og:description\" content=\"&#8230; ist ein Dienst, der sich f\u00fcr ein au\u00dfergew\u00f6hnliches Reiseziel einsetzt&amp; ein qualitativ hochwertiger Empfang LA CROIX VALMER TOURISME ENGAGIERT SICH F\u00dcR EINEN \u00d6KOLOGISCH VERANTWORTUNGSBEWUSSTEN TOURISMUS MIT DER ZERTIFIZIERUNG \u201eDESTINATION D&#8217;EXCELLENCE\u201c , La Croix Valmer Tourisme ist seit 2012 mit dem Label \u201eQualit\u00e9 Tourisme\u201d ausgezeichnet und seit 2013 in Kategorie I eingestuft.\u00a0Durch sein Engagement und...\" \/>\n<meta property=\"og:url\" content=\"https:\/\/www.lacroixvalmertourisme.com\/de\/fremdenverkehrsbuero\/qualitaet-des-empfangs\" \/>\n<meta property=\"og:site_name\" content=\"La Croix-Valmer Tourisme\" \/>\n<meta property=\"article:publisher\" content=\"https:\/\/www.facebook.com\/lacroixvalmertourisme\/\" \/>\n<meta property=\"article:modified_time\" content=\"2026-02-12T10:26:27+00:00\" \/>\n<meta property=\"og:image\" content=\"https:\/\/www.lacroixvalmertourisme.com\/wp-content\/uploads\/2024\/06\/IMG_6558.jpg\" \/>\n\t<meta property=\"og:image:width\" content=\"2000\" \/>\n\t<meta property=\"og:image:height\" content=\"1500\" \/>\n\t<meta property=\"og:image:type\" content=\"image\/jpeg\" \/>\n<meta name=\"twitter:card\" content=\"summary_large_image\" \/>\n<meta name=\"twitter:site\" content=\"@La_Croix_Valmer\" \/>\n<meta name=\"twitter:label1\" content=\"Gesch\u00e4tzte Lesezeit\" \/>\n\t<meta name=\"twitter:data1\" content=\"2\u00a0Minute\" \/>\n<!-- \/ Yoast SEO plugin. -->","yoast_head_json":{"title":"Qualit\u00e4t des Empfangs - La Croix-Valmer Tourisme","robots":{"index":"index","follow":"follow","max-snippet":"max-snippet:-1","max-image-preview":"max-image-preview:large","max-video-preview":"max-video-preview:-1"},"canonical":"https:\/\/www.lacroixvalmertourisme.com\/de\/fremdenverkehrsbuero\/qualitaet-des-empfangs","og_locale":"de_DE","og_type":"article","og_title":"Qualit\u00e4t des Empfangs - La Croix-Valmer Tourisme","og_description":"&#8230; ist ein Dienst, der sich f\u00fcr ein au\u00dfergew\u00f6hnliches Reiseziel einsetzt&amp; ein qualitativ hochwertiger Empfang LA CROIX VALMER TOURISME ENGAGIERT SICH F\u00dcR EINEN \u00d6KOLOGISCH VERANTWORTUNGSBEWUSSTEN TOURISMUS MIT DER ZERTIFIZIERUNG \u201eDESTINATION D&#8217;EXCELLENCE\u201c , La Croix Valmer Tourisme ist seit 2012 mit dem Label \u201eQualit\u00e9 Tourisme\u201d ausgezeichnet und seit 2013 in Kategorie I eingestuft.\u00a0Durch sein Engagement und...","og_url":"https:\/\/www.lacroixvalmertourisme.com\/de\/fremdenverkehrsbuero\/qualitaet-des-empfangs","og_site_name":"La Croix-Valmer Tourisme","article_publisher":"https:\/\/www.facebook.com\/lacroixvalmertourisme\/","article_modified_time":"2026-02-12T10:26:27+00:00","og_image":[{"width":2000,"height":1500,"url":"https:\/\/www.lacroixvalmertourisme.com\/wp-content\/uploads\/2024\/06\/IMG_6558.jpg","type":"image\/jpeg"}],"twitter_card":"summary_large_image","twitter_site":"@La_Croix_Valmer","twitter_misc":{"Gesch\u00e4tzte Lesezeit":"2\u00a0Minute"},"schema":{"@context":"https:\/\/schema.org","@graph":[{"@type":"WebPage","@id":"https:\/\/www.lacroixvalmertourisme.com\/de\/fremdenverkehrsbuero\/qualitaet-des-empfangs","url":"https:\/\/www.lacroixvalmertourisme.com\/de\/fremdenverkehrsbuero\/qualitaet-des-empfangs","name":"Qualit\u00e4t des Empfangs - La Croix-Valmer Tourisme","isPartOf":{"@id":"https:\/\/www.lacroixvalmertourisme.com\/de#website"},"primaryImageOfPage":{"@id":"https:\/\/www.lacroixvalmertourisme.com\/de\/fremdenverkehrsbuero\/qualitaet-des-empfangs#primaryimage"},"image":{"@id":"https:\/\/www.lacroixvalmertourisme.com\/de\/fremdenverkehrsbuero\/qualitaet-des-empfangs#primaryimage"},"thumbnailUrl":"https:\/\/www.lacroixvalmertourisme.com\/wp-content\/uploads\/2024\/06\/IMG_6558.jpg","datePublished":"2025-01-24T09:10:47+00:00","dateModified":"2026-02-12T10:26:27+00:00","breadcrumb":{"@id":"https:\/\/www.lacroixvalmertourisme.com\/de\/fremdenverkehrsbuero\/qualitaet-des-empfangs#breadcrumb"},"inLanguage":"de","potentialAction":[{"@type":"ReadAction","target":["https:\/\/www.lacroixvalmertourisme.com\/de\/fremdenverkehrsbuero\/qualitaet-des-empfangs"]}]},{"@type":"ImageObject","inLanguage":"de","@id":"https:\/\/www.lacroixvalmertourisme.com\/de\/fremdenverkehrsbuero\/qualitaet-des-empfangs#primaryimage","url":"https:\/\/www.lacroixvalmertourisme.com\/wp-content\/uploads\/2024\/06\/IMG_6558.jpg","contentUrl":"https:\/\/www.lacroixvalmertourisme.com\/wp-content\/uploads\/2024\/06\/IMG_6558.jpg","width":2000,"height":1500,"caption":"brochures eco evenements la croix valmer office de tourisme"},{"@type":"BreadcrumbList","@id":"https:\/\/www.lacroixvalmertourisme.com\/de\/fremdenverkehrsbuero\/qualitaet-des-empfangs#breadcrumb","itemListElement":[{"@type":"ListItem","position":1,"name":"Accueil","item":"https:\/\/www.lacroixvalmertourisme.com\/de"},{"@type":"ListItem","position":2,"name":"Tourismusb\u00fcro","item":"https:\/\/www.lacroixvalmertourisme.com\/de\/fremdenverkehrsbuero"},{"@type":"ListItem","position":3,"name":"Qualit\u00e4t des Empfangs"}]},{"@type":"WebSite","@id":"https:\/\/www.lacroixvalmertourisme.com\/de#website","url":"https:\/\/www.lacroixvalmertourisme.com\/de","name":"La Croix-Valmer Tourisme","description":"Toutes les informations touristiques pour organiser votre prochain s\u00e9jour \u00e0 La Croix Valmer dans le Golfe de Saint-Tropez","publisher":{"@id":"https:\/\/www.lacroixvalmertourisme.com\/de#organization"},"potentialAction":[{"@type":"SearchAction","target":{"@type":"EntryPoint","urlTemplate":"https:\/\/www.lacroixvalmertourisme.com\/de?s={search_term_string}"},"query-input":{"@type":"PropertyValueSpecification","valueRequired":true,"valueName":"search_term_string"}}],"inLanguage":"de"},{"@type":"Organization","@id":"https:\/\/www.lacroixvalmertourisme.com\/de#organization","name":"Office de Tourisme de La Croix Valmer","url":"https:\/\/www.lacroixvalmertourisme.com\/de","logo":{"@type":"ImageObject","inLanguage":"de","@id":"https:\/\/www.lacroixvalmertourisme.com\/de#\/schema\/logo\/image\/","url":"https:\/\/www.lacroixvalmertourisme.com\/wp-content\/uploads\/2021\/06\/Logo_ot_bleu.png","contentUrl":"https:\/\/www.lacroixvalmertourisme.com\/wp-content\/uploads\/2021\/06\/Logo_ot_bleu.png","width":591,"height":454,"caption":"Office de Tourisme de La Croix Valmer"},"image":{"@id":"https:\/\/www.lacroixvalmertourisme.com\/de#\/schema\/logo\/image\/"},"sameAs":["https:\/\/www.facebook.com\/lacroixvalmertourisme\/","https:\/\/x.com\/La_Croix_Valmer","https:\/\/www.instagram.com\/lacroixvalmer_tourisme\/"]}]}},"publishpress_future_workflow_manual_trigger":{"enabledWorkflows":[]},"_links":{"self":[{"href":"https:\/\/www.lacroixvalmertourisme.com\/de\/wp-json\/wp\/v2\/pages\/20401","targetHints":{"allow":["GET"]}}],"collection":[{"href":"https:\/\/www.lacroixvalmertourisme.com\/de\/wp-json\/wp\/v2\/pages"}],"about":[{"href":"https:\/\/www.lacroixvalmertourisme.com\/de\/wp-json\/wp\/v2\/types\/page"}],"author":[{"embeddable":true,"href":"https:\/\/www.lacroixvalmertourisme.com\/de\/wp-json\/wp\/v2\/users\/4"}],"replies":[{"embeddable":true,"href":"https:\/\/www.lacroixvalmertourisme.com\/de\/wp-json\/wp\/v2\/comments?post=20401"}],"version-history":[{"count":7,"href":"https:\/\/www.lacroixvalmertourisme.com\/de\/wp-json\/wp\/v2\/pages\/20401\/revisions"}],"predecessor-version":[{"id":25665,"href":"https:\/\/www.lacroixvalmertourisme.com\/de\/wp-json\/wp\/v2\/pages\/20401\/revisions\/25665"}],"up":[{"embeddable":true,"href":"https:\/\/www.lacroixvalmertourisme.com\/de\/wp-json\/wp\/v2\/pages\/4683"}],"wp:featuredmedia":[{"embeddable":true,"href":"https:\/\/www.lacroixvalmertourisme.com\/de\/wp-json\/wp\/v2\/media\/16276"}],"wp:attachment":[{"href":"https:\/\/www.lacroixvalmertourisme.com\/de\/wp-json\/wp\/v2\/media?parent=20401"}],"curies":[{"name":"wp","href":"https:\/\/api.w.org\/{rel}","templated":true}]}}