{"id":20101,"date":"2025-01-14T07:53:33","date_gmt":"2025-01-14T06:53:33","guid":{"rendered":"https:\/\/www.lacroixvalmertourisme.com\/anreise-parken\/parken"},"modified":"2026-05-03T09:47:52","modified_gmt":"2026-05-03T07:47:52","slug":"parken","status":"publish","type":"page","link":"https:\/\/www.lacroixvalmertourisme.com\/de\/anreise-parken\/parken","title":{"rendered":"Parken"},"content":{"rendered":"\n<div class=\"wp-block-group alignwide is-layout-constrained wp-block-group-is-layout-constrained\">\n<div class=\"wp-block-columns alignfull is-layout-flex wp-container-core-columns-is-layout-0defc3be wp-block-columns-is-layout-flex\">\n<div class=\"wp-block-column is-layout-flow wp-block-column-is-layout-flow\">\n<h3 class=\"wp-block-heading has-text-align-center has-slate-700-color has-text-color has-link-color has-script-font-family has-5-xl-font-size wp-elements-b301388ae7ebb56b509a4dfbfd586072\"><strong>&#8230; im Dorf<\/strong><\/h3>\n\n\n\n<div style=\"height:50px\" aria-hidden=\"true\" class=\"wp-block-spacer\"><\/div>\n\n\n\n<figure class=\"wp-block-image aligncenter size-large is-style-rounded is-style-rounded--1\"><a data-caption=\"IMG_8447\" href=\"https:\/\/www.lacroixvalmertourisme.com\/wp-content\/uploads\/2021\/06\/IMG_8447-1024x768.jpg\" data-fancybox=\"gallery\"><img loading=\"lazy\" decoding=\"async\" width=\"1024\" height=\"768\" sizes=\"auto, (max-width: 1024px) 100vw, 1024px\" data-tippy-content=\"IMG_8447\" data-caption=\"\u00a9lacroixvalmertourisme\" src=\"https:\/\/www.lacroixvalmertourisme.com\/wp-content\/uploads\/2021\/06\/IMG_8447-1024x768.jpg\" alt=\"la croix valmer\" class=\"wp-image-2729\" style=\"aspect-ratio:4\/3;object-fit:cover\" srcset=\"https:\/\/www.lacroixvalmertourisme.com\/wp-content\/uploads\/2021\/06\/IMG_8447-1024x768.jpg 1024w, https:\/\/www.lacroixvalmertourisme.com\/wp-content\/uploads\/2021\/06\/IMG_8447-300x225.jpg 300w, https:\/\/www.lacroixvalmertourisme.com\/wp-content\/uploads\/2021\/06\/IMG_8447-768x576.jpg 768w, https:\/\/www.lacroixvalmertourisme.com\/wp-content\/uploads\/2021\/06\/IMG_8447-1536x1152.jpg 1536w, https:\/\/www.lacroixvalmertourisme.com\/wp-content\/uploads\/2021\/06\/IMG_8447-200x150.jpg 200w, https:\/\/www.lacroixvalmertourisme.com\/wp-content\/uploads\/2021\/06\/IMG_8447.jpg 2048w\" \/><\/a><\/figure>\n\n\n\n<p class=\"has-text-align-center has-slate-700-color has-text-color has-link-color wp-elements-b6a35b26792aa6226502472fbd09807c wp-block-paragraph\"><strong>Blaue Zone<\/strong> ~ La Croix Valmer verf\u00fcgt \u00fcber mehr als 500 kostenlose Parkpl\u00e4tze, von denen 170 in der blauen Zone liegen. Diese kostenlose Parkberechtigung wird durch eine Parkscheibe kontrolliert, die an der Vorderseite des Fahrzeugs angebracht werden muss. Die Parkdauer ist auf 30 Minuten am Place des Palmiers und 1,5 Stunden im Rest des Dorfes begrenzt. Das Fehlen einer Parkscheibe wird mit einer pauschalen Geldstrafe von 35 EUR geahndet. Die blauen Scheiben werden kostenlos im Fremdenverkehrsamt, im Rathaus und bei der Stadtpolizei verteilt.<\/p>\n<\/div>\n\n\n\n<div class=\"wp-block-column is-layout-flow wp-block-column-is-layout-flow\">\n<h3 class=\"wp-block-heading has-text-align-center has-slate-700-color has-text-color has-link-color has-script-font-family has-5-xl-font-size wp-elements-b6b8e7b8e4f598085487561376dbefba\"><strong>&#8230; am Meer<\/strong><\/h3>\n\n\n\n<div style=\"height:50px\" aria-hidden=\"true\" class=\"wp-block-spacer\"><\/div>\n\n\n\n<figure class=\"wp-block-image aligncenter size-large is-style-rounded is-style-rounded--2\"><a data-caption=\"stationnement170621\u00a9lacroixvalmertourisme (7)\" href=\"https:\/\/www.lacroixvalmertourisme.com\/wp-content\/uploads\/2025\/01\/stationnement170621&#xA9;lacroixvalmertourisme-7-1024x768.jpg\" data-fancybox=\"gallery\"><img decoding=\"async\" sizes=\"(max-width: 1024px) 100vw, 1024px\" data-tippy-content=\"stationnement170621\u00a9lacroixvalmertourisme (7)\" src=\"https:\/\/www.lacroixvalmertourisme.com\/wp-content\/uploads\/2025\/01\/stationnement170621&#xA9;lacroixvalmertourisme-7-1024x768.jpg\" alt=\"borne stationnement parkings la croix Valmer plage du d\u00e9barquement \" class=\"wp-image-20073\" style=\"aspect-ratio:4\/3;object-fit:cover\" \/><\/a><\/figure>\n\n\n\n<p class=\"has-text-align-center has-slate-700-color has-text-color has-link-color wp-elements-47b495b375955d894e7626672435d3de wp-block-paragraph\">Das Parken an den Str\u00e4nden ist vom 1. Juni bis zum 30. September von 9:00 bis 19:00 Uhr kostenpflichtig. Bevorzugen Sie die Bezahlung der Parkgeb\u00fchren \u00fcber die App <a href=\"https:\/\/www.paybyphone.fr\/\">Paybyphone<\/a>. Sie brauchen nicht mehr am Automaten zu warten, kein Kleingeld mehr zu haben und nicht mehr auf die Uhr zu achten&#8230; Bezahlen Sie Ihre Parkgeb\u00fchren oder Ihr Abonnement schnell und einfach: W\u00e4hlen Sie die Zone aus, geben Sie Ihr Kennzeichen und die gew\u00fcnschte Parkdauer an und best\u00e4tigen Sie die Zahlung. Die App erm\u00f6glicht es Ihnen auch, Ihr Parken zu verl\u00e4ngern oder zu unterbrechen, ohne zu Ihrem Fahrzeug zur\u00fcckzukehren, vor der Endzeit des Parkens benachrichtigt zu werden&#8230; Hier finden Sie alle praktischen Informationen zu den Parkscheinautomaten.<\/p>\n<\/div>\n<\/div>\n\n\n\n<div style=\"height:100px\" aria-hidden=\"true\" class=\"wp-block-spacer\"><\/div>\n\n\n\n<div class=\"wp-block-columns alignwide are-vertically-aligned-center is-layout-flex wp-container-core-columns-is-layout-0defc3be wp-block-columns-is-layout-flex\">\n<div class=\"wp-block-column is-vertically-aligned-center is-layout-flow wp-block-column-is-layout-flow\">\n<figure class=\"wp-block-image aligncenter size-medium is-style-rounded is-style-rounded--3\"><a data-caption=\"parking \u00aecommunication la croix valmer\" href=\"https:\/\/www.lacroixvalmertourisme.com\/wp-content\/uploads\/2025\/07\/parking-&#xAE;communication-la-croix-valmer-edited-300x300.jpg\" data-fancybox=\"gallery\"><img decoding=\"async\" sizes=\"(max-width: 300px) 100vw, 300px\" data-tippy-content=\"parking \u00aecommunication la croix valmer\" src=\"https:\/\/www.lacroixvalmertourisme.com\/wp-content\/uploads\/2025\/07\/parking-&#xAE;communication-la-croix-valmer-edited-300x300.jpg\" alt=\"Entr\u00e9e du nouveau parking de La Croix Valmer avec la vue sur les poubelles de tri, les places pour les deux roues ainsi que la place pour la voiture de l'Office de Tourisme qui est juste \u00e0 c\u00f4t\u00e9. On aper\u00e7oit \u00e9galement le jardin du train des Pignes juste au dessus\" class=\"wp-image-23700\" \/><\/a><\/figure>\n<\/div>\n\n\n\n<div class=\"wp-block-column is-vertically-aligned-center is-layout-flow wp-block-column-is-layout-flow\">\n<h3 class=\"wp-block-heading has-text-align-center has-display-font-family has-5-xl-font-size\"><strong>Parking du Jardin du train des Pignes<\/strong><\/h3>\n\n\n\n<p class=\"has-text-align-center wp-block-paragraph\"><strong>Fermeture jusqu&#8217;\u00e0 nouvel ordre.<\/strong><\/p>\n\n\n\n<p class=\"has-text-align-center wp-block-paragraph\">Le stationnement sera accessible 24\/24, 7\/7. Syst\u00e8me de lecture de plaque, aucune \u00e9dition de ticket. Profitez d&#8217;une gratuit\u00e9 de 45 min pour faire vos courses dans le village. Bornes de recharge pour v\u00e9hicules \u00e9lectriques \u00e0 l&#8217;entr\u00e9e du parking, stationnement 2 roues toujours accessibles.<\/p>\n<\/div>\n<\/div>\n\n\n\n<div style=\"height:100px\" aria-hidden=\"true\" class=\"wp-block-spacer\"><\/div>\n\n\n\n<div class=\"wp-block-columns alignfull is-layout-flex wp-container-core-columns-is-layout-0defc3be wp-block-columns-is-layout-flex\">\n<div class=\"wp-block-column is-layout-flow wp-block-column-is-layout-flow\">\n<h3 class=\"wp-block-heading has-text-align-center has-slate-700-color has-text-color has-link-color has-script-font-family has-5-xl-font-size wp-elements-6f840c5b91c414fa6434fed6c8b8d2bd\"><strong>Behindertenparkplatz<\/strong><\/h3>\n\n\n\n<div style=\"height:50px\" aria-hidden=\"true\" class=\"wp-block-spacer\"><\/div>\n\n\n\n<figure class=\"wp-block-image aligncenter size-full is-resized is-style-rounded is-style-rounded--4\"><a data-caption=\"stationnement16072021\u00a9lacroixvalmertourisme (1)\" href=\"https:\/\/www.lacroixvalmertourisme.com\/wp-content\/uploads\/2025\/01\/stationnement16072021&#xA9;lacroixvalmertourisme-1-rotated.jpg\" data-fancybox=\"gallery\"><img decoding=\"async\" sizes=\"(max-width: 1080px) 100vw, 1080px\" data-tippy-content=\"stationnement16072021\u00a9lacroixvalmertourisme (1)\" src=\"https:\/\/www.lacroixvalmertourisme.com\/wp-content\/uploads\/2025\/01\/stationnement16072021&#xA9;lacroixvalmertourisme-1-rotated.jpg\" alt=\"stationnement parkings la croix valmer \" class=\"wp-image-20076\" style=\"aspect-ratio:1;object-fit:cover;width:400px\" \/><\/a><\/figure>\n\n\n\n<p class=\"has-text-align-center has-slate-700-color has-text-color has-link-color wp-elements-6400b11dafdbeb3847a164d3248257a8 wp-block-paragraph\">F\u00fcr Personen mit einem europ\u00e4ischen Parkausweis oder eine Begleitperson ist das Parken im gesamten Stadtgebiet kostenlos. Das Parken ist auf 24 Stunden begrenzt.<\/p>\n<\/div>\n\n\n\n<div class=\"wp-block-column is-layout-flow wp-block-column-is-layout-flow\">\n<h3 class=\"wp-block-heading has-text-align-center has-slate-700-color has-text-color has-link-color has-script-font-family has-5-xl-font-size wp-elements-ce614cb1282872315ce62f66fcf98769\"><strong>&#8230; auf 2 R\u00e4dern<\/strong><\/h3>\n\n\n\n<div style=\"height:50px\" aria-hidden=\"true\" class=\"wp-block-spacer\"><\/div>\n\n\n\n<figure class=\"wp-block-image aligncenter size-large is-resized is-style-rounded is-style-rounded--5\"><a data-caption=\"stationnement velo\" href=\"https:\/\/www.lacroixvalmertourisme.com\/wp-content\/uploads\/2025\/01\/stationnement-velo-768x1024.jpg\" data-fancybox=\"gallery\"><img loading=\"lazy\" decoding=\"async\" width=\"768\" height=\"1024\" sizes=\"auto, (max-width: 768px) 100vw, 768px\" data-tippy-content=\"stationnement velo\" src=\"https:\/\/www.lacroixvalmertourisme.com\/wp-content\/uploads\/2025\/01\/stationnement-velo-768x1024.jpg\" alt=\"velo stationnement parkings la croix Valmer plage du d\u00e9barquement \" class=\"wp-image-20064\" style=\"aspect-ratio:1;object-fit:cover;width:400px\" srcset=\"https:\/\/www.lacroixvalmertourisme.com\/wp-content\/uploads\/2025\/01\/stationnement-velo-768x1024.jpg 768w, https:\/\/www.lacroixvalmertourisme.com\/wp-content\/uploads\/2025\/01\/stationnement-velo-225x300.jpg 225w, https:\/\/www.lacroixvalmertourisme.com\/wp-content\/uploads\/2025\/01\/stationnement-velo-113x150.jpg 113w, https:\/\/www.lacroixvalmertourisme.com\/wp-content\/uploads\/2025\/01\/stationnement-velo.jpg 810w\" \/><\/a><\/figure>\n\n\n\n<p class=\"has-text-align-center has-slate-700-color has-text-color has-link-color wp-elements-6cd6115e402c55bd59fe354e520c864b wp-block-paragraph\"><strong>FAHRRAD<\/strong> ~ Schlie\u00dfen Sie Ihr Fahrrad sicher an die daf\u00fcr vorgesehenen Stadtm\u00f6bel im Dorf an: Place des palmiers, Square de Vregille, Rue F. Mistral, in Gigaro und am D\u00e9barquement&#8230;<\/p>\n\n\n\n<p class=\"has-text-align-center has-slate-700-color has-text-color has-link-color wp-elements-8037184838438fa814f115101cb6e916 wp-block-paragraph\">SCOOTER &#8211; MOTO ~ Motorisierte Zweir\u00e4der m\u00fcssen auf den f\u00fcr sie reservierten Pl\u00e4tzen im Dorf sowie an der K\u00fcste geparkt werden.<\/p>\n<\/div>\n<\/div>\n\n\n\n<div style=\"height:100px\" aria-hidden=\"true\" class=\"wp-block-spacer\"><\/div>\n\n\n\n<h2 class=\"wp-block-heading has-text-align-center has-secondary-50-color has-text-color has-script-font-family has-5-xl-font-size\"><strong>Ladestationen f\u00fcr Elektrofahrzeuge<\/strong><\/h2>\n\n\n\n<div style=\"height:50px\" aria-hidden=\"true\" class=\"wp-block-spacer\"><\/div>\n\n\n\n<div class=\"wp-block-columns alignfull are-vertically-aligned-center is-layout-flex wp-container-core-columns-is-layout-0defc3be wp-block-columns-is-layout-flex\">\n<div class=\"wp-block-column is-vertically-aligned-center is-layout-flow wp-block-column-is-layout-flow\" style=\"flex-basis:33.33%\">\n<figure class=\"wp-block-image aligncenter size-large is-style-rounded is-style-rounded--6\"><a data-caption=\"2016 1207 borne elect\u00a9lacroixvalmertourisme (3)\" href=\"https:\/\/www.lacroixvalmertourisme.com\/wp-content\/uploads\/2021\/06\/2016-1207-borne-elect&#xA9;lacroixvalmertourisme-3-1024x768.jpeg\" data-fancybox=\"gallery\"><img decoding=\"async\" sizes=\"(max-width: 1024px) 100vw, 1024px\" data-tippy-content=\"2016 1207 borne elect\u00a9lacroixvalmertourisme (3)\" data-caption=\"\u00a9lacroixvalmertourisme\" src=\"https:\/\/www.lacroixvalmertourisme.com\/wp-content\/uploads\/2021\/06\/2016-1207-borne-elect&#xA9;lacroixvalmertourisme-3-1024x768.jpeg\" alt=\"la croix valmer\" class=\"wp-image-2642\" \/><\/a><figcaption class=\"wp-element-caption\"><em>Eine gr\u00fcne Bodenmarkierung mit dem Logo des Verbinders kennzeichnet diese Standorte<\/em><\/figcaption><\/figure>\n<\/div>\n\n\n\n<div class=\"wp-block-column is-vertically-aligned-center is-layout-flow wp-block-column-is-layout-flow\" style=\"flex-basis:66.66%\">\n<p class=\"has-inherit-color has-text-color wp-block-paragraph\">In der Gemeinde La Croix Valmer gibt es zw\u00f6lf Ladestationen f\u00fcr Elektrofahrzeuge:<\/p>\n\n\n\n<p class=\"has-inherit-color has-text-color wp-block-paragraph\">8 en centre-ville :<br \/>2 au niveau du parking de La Poste (au-dessus de la Place Foisy)<br \/>2 sur le Parking Foisy<br \/>4 \u00e0 l&#8217;entr\u00e9e du parking du Jardin du Train des Pignes<\/p>\n\n\n\n<p class=\"has-inherit-color has-text-color wp-block-paragraph\">8 am Meer :<br \/>2 an Gigaro, gegen\u00fcber der Shuttle-Haltestelle&#8220;Plage de Gigaro&#8220;<br \/>2 Parking Mar\u00e9chal Juin, Plage du D\u00e9barquement<br \/>2 Parking de Sylvabelle<br \/>2 Parking Saint-Michel<\/p>\n<\/div>\n<\/div>\n\n\n\n<div style=\"height:100px\" aria-hidden=\"true\" class=\"wp-block-spacer\"><\/div>\n\n\n\n<figure class=\"wp-block-image aligncenter size-full is-resized is-style-rounded is-style-rounded--7\"><img data-dominant-color=\"cdceab\" data-has-transparency=\"false\" loading=\"lazy\" decoding=\"async\" width=\"842\" height=\"758\" sizes=\"auto, (max-width: 842px) 100vw, 842px\" data-tippy-content=\"bornes recharge village\" src=\"https:\/\/www.lacroixvalmertourisme.com\/wp-content\/uploads\/2025\/12\/bornes-recharge-village.webp\" alt=\"Plan du centre ville de La Croix Valmer indiquant les diff\u00e9rents point importants comme les parkings, les toilettes, h\u00f4tels, bornes de recharge pour les voitures \u00e9lectriques ou les pharmacies ainsi que les bancs pour pique-niquer, la piscine, l'office de tourisme et les parkings v\u00e9lo.\" class=\"wp-image-26174 not-transparent\" style=\"--dominant-color: #cdceab; width:694px;height:auto\" srcset=\"https:\/\/www.lacroixvalmertourisme.com\/wp-content\/uploads\/2025\/12\/bornes-recharge-village.webp 842w, https:\/\/www.lacroixvalmertourisme.com\/wp-content\/uploads\/2025\/12\/bornes-recharge-village-300x270.webp 300w, https:\/\/www.lacroixvalmertourisme.com\/wp-content\/uploads\/2025\/12\/bornes-recharge-village-768x691.webp 768w, https:\/\/www.lacroixvalmertourisme.com\/wp-content\/uploads\/2025\/12\/bornes-recharge-village-167x150.webp 167w\" \/><figcaption class=\"wp-element-caption\">in Dorf<\/figcaption><\/figure>\n<\/div>\n\n<figure class=\"wp-block-image aligncenter size-large is-style-rounded is-style-rounded--8\"><img data-dominant-color=\"bfcab8\" data-has-transparency=\"false\" style=\"--dominant-color: #bfcab8;\" loading=\"lazy\" decoding=\"async\" width=\"1024\" height=\"317\" sizes=\"auto, (max-width: 1024px) 100vw, 1024px\" data-tippy-content=\"bornes recharges littoral\" src=\"https:\/\/www.lacroixvalmertourisme.com\/wp-content\/uploads\/2025\/12\/bornes-recharges-littoral-1024x317.webp\" alt=\"plan de La Croix Valmer vu depuis la mer, indiquant les points et commerce utile de la commune comme les parkings, les toilettes, h\u00f4tels, bornes de recharge pour les voitures \u00e9lectriques ou les pharmacies.\" class=\"wp-image-26176 not-transparent\" srcset=\"https:\/\/www.lacroixvalmertourisme.com\/wp-content\/uploads\/2025\/12\/bornes-recharges-littoral-1024x317.webp 1024w, https:\/\/www.lacroixvalmertourisme.com\/wp-content\/uploads\/2025\/12\/bornes-recharges-littoral-300x93.webp 300w, https:\/\/www.lacroixvalmertourisme.com\/wp-content\/uploads\/2025\/12\/bornes-recharges-littoral-768x237.webp 768w, https:\/\/www.lacroixvalmertourisme.com\/wp-content\/uploads\/2025\/12\/bornes-recharges-littoral-1536x475.webp 1536w, https:\/\/www.lacroixvalmertourisme.com\/wp-content\/uploads\/2025\/12\/bornes-recharges-littoral-485x150.webp 485w, https:\/\/www.lacroixvalmertourisme.com\/wp-content\/uploads\/2025\/12\/bornes-recharges-littoral.webp 1627w\" \/><figcaption class=\"wp-element-caption\">am Meer<\/figcaption><\/figure>\n","protected":false},"excerpt":{"rendered":"<p>&#8230; im Dorf Blaue Zone ~ La Croix Valmer verf\u00fcgt \u00fcber mehr als 500 kostenlose Parkpl\u00e4tze, von denen 170 in der blauen Zone liegen. Diese kostenlose Parkberechtigung wird durch eine Parkscheibe kontrolliert, die an der Vorderseite des Fahrzeugs angebracht werden muss. Die Parkdauer ist auf 30 Minuten am Place des Palmiers und 1,5 Stunden im&#8230;<\/p>\n","protected":false},"author":4,"featured_media":20069,"parent":4677,"menu_order":237,"comment_status":"closed","ping_status":"closed","template":"page-plage.blade.php","meta":{"_acf_changed":false,"_crdt_document":"","footnotes":""},"class_list":["post-20101","page","type-page","status-publish","has-post-thumbnail","hentry"],"acf":{"pagepage-etendus":"compact","video_mp4":false,"poster_image":false,"nugget":false,"page-virtuelle":false,"video_webm":false,"pagepage-updown":false,"autoplay":false,"delay":"","title_alignement":""},"yoast_head":"<!-- This site is optimized with the Yoast SEO plugin v27.5 - https:\/\/yoast.com\/product\/yoast-seo-wordpress\/ -->\n<title>Parken - La Croix-Valmer Tourisme<\/title>\n<meta name=\"robots\" content=\"index, follow, max-snippet:-1, max-image-preview:large, max-video-preview:-1\" \/>\n<link rel=\"canonical\" href=\"https:\/\/www.lacroixvalmertourisme.com\/de\/anreise-parken\/parken\" \/>\n<meta property=\"og:locale\" content=\"de_DE\" \/>\n<meta property=\"og:type\" content=\"article\" \/>\n<meta property=\"og:title\" content=\"Parken - La Croix-Valmer Tourisme\" \/>\n<meta property=\"og:description\" content=\"&#8230; im Dorf Blaue Zone ~ La Croix Valmer verf\u00fcgt \u00fcber mehr als 500 kostenlose Parkpl\u00e4tze, von denen 170 in der blauen Zone liegen. Diese kostenlose Parkberechtigung wird durch eine Parkscheibe kontrolliert, die an der Vorderseite des Fahrzeugs angebracht werden muss. Die Parkdauer ist auf 30 Minuten am Place des Palmiers und 1,5 Stunden im...\" \/>\n<meta property=\"og:url\" content=\"https:\/\/www.lacroixvalmertourisme.com\/de\/anreise-parken\/parken\" \/>\n<meta property=\"og:site_name\" content=\"La Croix-Valmer Tourisme\" \/>\n<meta property=\"article:publisher\" content=\"https:\/\/www.facebook.com\/lacroixvalmertourisme\/\" \/>\n<meta property=\"article:modified_time\" content=\"2026-05-03T07:47:52+00:00\" \/>\n<meta property=\"og:image\" content=\"https:\/\/www.lacroixvalmertourisme.com\/wp-content\/uploads\/2025\/01\/stationnement2021\u00a9la-croix-valmertourisme-1-rotated.jpg\" \/>\n\t<meta property=\"og:image:width\" content=\"1080\" \/>\n\t<meta property=\"og:image:height\" content=\"1440\" \/>\n\t<meta property=\"og:image:type\" content=\"image\/jpeg\" \/>\n<meta name=\"twitter:card\" content=\"summary_large_image\" \/>\n<meta name=\"twitter:site\" content=\"@La_Croix_Valmer\" \/>\n<meta name=\"twitter:label1\" content=\"Gesch\u00e4tzte Lesezeit\" \/>\n\t<meta name=\"twitter:data1\" content=\"2\u00a0Minute\" \/>\n<!-- \/ Yoast SEO plugin. -->","yoast_head_json":{"title":"Parken - La Croix-Valmer Tourisme","robots":{"index":"index","follow":"follow","max-snippet":"max-snippet:-1","max-image-preview":"max-image-preview:large","max-video-preview":"max-video-preview:-1"},"canonical":"https:\/\/www.lacroixvalmertourisme.com\/de\/anreise-parken\/parken","og_locale":"de_DE","og_type":"article","og_title":"Parken - La Croix-Valmer Tourisme","og_description":"&#8230; im Dorf Blaue Zone ~ La Croix Valmer verf\u00fcgt \u00fcber mehr als 500 kostenlose Parkpl\u00e4tze, von denen 170 in der blauen Zone liegen. Diese kostenlose Parkberechtigung wird durch eine Parkscheibe kontrolliert, die an der Vorderseite des Fahrzeugs angebracht werden muss. Die Parkdauer ist auf 30 Minuten am Place des Palmiers und 1,5 Stunden im...","og_url":"https:\/\/www.lacroixvalmertourisme.com\/de\/anreise-parken\/parken","og_site_name":"La Croix-Valmer Tourisme","article_publisher":"https:\/\/www.facebook.com\/lacroixvalmertourisme\/","article_modified_time":"2026-05-03T07:47:52+00:00","og_image":[{"width":1080,"height":1440,"url":"https:\/\/www.lacroixvalmertourisme.com\/wp-content\/uploads\/2025\/01\/stationnement2021\u00a9la-croix-valmertourisme-1-rotated.jpg","type":"image\/jpeg"}],"twitter_card":"summary_large_image","twitter_site":"@La_Croix_Valmer","twitter_misc":{"Gesch\u00e4tzte Lesezeit":"2\u00a0Minute"},"schema":{"@context":"https:\/\/schema.org","@graph":[{"@type":"WebPage","@id":"https:\/\/www.lacroixvalmertourisme.com\/de\/anreise-parken\/parken","url":"https:\/\/www.lacroixvalmertourisme.com\/de\/anreise-parken\/parken","name":"Parken - La Croix-Valmer Tourisme","isPartOf":{"@id":"https:\/\/www.lacroixvalmertourisme.com\/de#website"},"primaryImageOfPage":{"@id":"https:\/\/www.lacroixvalmertourisme.com\/de\/anreise-parken\/parken#primaryimage"},"image":{"@id":"https:\/\/www.lacroixvalmertourisme.com\/de\/anreise-parken\/parken#primaryimage"},"thumbnailUrl":"https:\/\/www.lacroixvalmertourisme.com\/wp-content\/uploads\/2025\/01\/stationnement2021\u00a9la-croix-valmertourisme-1-rotated.jpg","datePublished":"2025-01-14T06:53:33+00:00","dateModified":"2026-05-03T07:47:52+00:00","breadcrumb":{"@id":"https:\/\/www.lacroixvalmertourisme.com\/de\/anreise-parken\/parken#breadcrumb"},"inLanguage":"de","potentialAction":[{"@type":"ReadAction","target":["https:\/\/www.lacroixvalmertourisme.com\/de\/anreise-parken\/parken"]}]},{"@type":"ImageObject","inLanguage":"de","@id":"https:\/\/www.lacroixvalmertourisme.com\/de\/anreise-parken\/parken#primaryimage","url":"https:\/\/www.lacroixvalmertourisme.com\/wp-content\/uploads\/2025\/01\/stationnement2021\u00a9la-croix-valmertourisme-1-rotated.jpg","contentUrl":"https:\/\/www.lacroixvalmertourisme.com\/wp-content\/uploads\/2025\/01\/stationnement2021\u00a9la-croix-valmertourisme-1-rotated.jpg","width":1080,"height":1440,"caption":"borne stationnement parkings la croix Valmer plage du d\u00e9barquement"},{"@type":"BreadcrumbList","@id":"https:\/\/www.lacroixvalmertourisme.com\/de\/anreise-parken\/parken#breadcrumb","itemListElement":[{"@type":"ListItem","position":1,"name":"Accueil","item":"https:\/\/www.lacroixvalmertourisme.com\/de"},{"@type":"ListItem","position":2,"name":"Anreise.Parken.Shuttlebus","item":"https:\/\/www.lacroixvalmertourisme.com\/de\/anreise-parken"},{"@type":"ListItem","position":3,"name":"Parken"}]},{"@type":"WebSite","@id":"https:\/\/www.lacroixvalmertourisme.com\/de#website","url":"https:\/\/www.lacroixvalmertourisme.com\/de","name":"La Croix-Valmer Tourisme","description":"Toutes les informations touristiques pour organiser votre prochain s\u00e9jour \u00e0 La Croix Valmer dans le Golfe de Saint-Tropez","publisher":{"@id":"https:\/\/www.lacroixvalmertourisme.com\/de#organization"},"potentialAction":[{"@type":"SearchAction","target":{"@type":"EntryPoint","urlTemplate":"https:\/\/www.lacroixvalmertourisme.com\/de?s={search_term_string}"},"query-input":{"@type":"PropertyValueSpecification","valueRequired":true,"valueName":"search_term_string"}}],"inLanguage":"de"},{"@type":"Organization","@id":"https:\/\/www.lacroixvalmertourisme.com\/de#organization","name":"Office de Tourisme de La Croix Valmer","url":"https:\/\/www.lacroixvalmertourisme.com\/de","logo":{"@type":"ImageObject","inLanguage":"de","@id":"https:\/\/www.lacroixvalmertourisme.com\/de#\/schema\/logo\/image\/","url":"https:\/\/www.lacroixvalmertourisme.com\/wp-content\/uploads\/2021\/06\/Logo_ot_bleu.png","contentUrl":"https:\/\/www.lacroixvalmertourisme.com\/wp-content\/uploads\/2021\/06\/Logo_ot_bleu.png","width":591,"height":454,"caption":"Office de Tourisme de La Croix Valmer"},"image":{"@id":"https:\/\/www.lacroixvalmertourisme.com\/de#\/schema\/logo\/image\/"},"sameAs":["https:\/\/www.facebook.com\/lacroixvalmertourisme\/","https:\/\/x.com\/La_Croix_Valmer","https:\/\/www.instagram.com\/lacroixvalmer_tourisme\/"]}]}},"publishpress_future_workflow_manual_trigger":{"enabledWorkflows":[]},"_links":{"self":[{"href":"https:\/\/www.lacroixvalmertourisme.com\/de\/wp-json\/wp\/v2\/pages\/20101","targetHints":{"allow":["GET"]}}],"collection":[{"href":"https:\/\/www.lacroixvalmertourisme.com\/de\/wp-json\/wp\/v2\/pages"}],"about":[{"href":"https:\/\/www.lacroixvalmertourisme.com\/de\/wp-json\/wp\/v2\/types\/page"}],"author":[{"embeddable":true,"href":"https:\/\/www.lacroixvalmertourisme.com\/de\/wp-json\/wp\/v2\/users\/4"}],"replies":[{"embeddable":true,"href":"https:\/\/www.lacroixvalmertourisme.com\/de\/wp-json\/wp\/v2\/comments?post=20101"}],"version-history":[{"count":9,"href":"https:\/\/www.lacroixvalmertourisme.com\/de\/wp-json\/wp\/v2\/pages\/20101\/revisions"}],"predecessor-version":[{"id":28913,"href":"https:\/\/www.lacroixvalmertourisme.com\/de\/wp-json\/wp\/v2\/pages\/20101\/revisions\/28913"}],"up":[{"embeddable":true,"href":"https:\/\/www.lacroixvalmertourisme.com\/de\/wp-json\/wp\/v2\/pages\/4677"}],"wp:featuredmedia":[{"embeddable":true,"href":"https:\/\/www.lacroixvalmertourisme.com\/de\/wp-json\/wp\/v2\/media\/20069"}],"wp:attachment":[{"href":"https:\/\/www.lacroixvalmertourisme.com\/de\/wp-json\/wp\/v2\/media?parent=20101"}],"curies":[{"name":"wp","href":"https:\/\/api.w.org\/{rel}","templated":true}]}}