{"id":20099,"date":"2025-01-14T07:48:57","date_gmt":"2025-01-14T06:48:57","guid":{"rendered":"https:\/\/www.lacroixvalmertourisme.com\/anreise-parken\/la-croix-valmer-auf-2-raedern"},"modified":"2026-04-25T16:06:14","modified_gmt":"2026-04-25T14:06:14","slug":"la-croix-valmer-auf-2-raedern","status":"publish","type":"page","link":"https:\/\/www.lacroixvalmertourisme.com\/de\/anreise-parken\/la-croix-valmer-auf-2-raedern","title":{"rendered":"La Croix Valmer auf 2 R\u00e4dern"},"content":{"rendered":"\n<div class=\"wp-block-group alignwide is-layout-constrained wp-block-group-is-layout-constrained\">\n<div class=\"wp-block-columns alignfull is-layout-flex wp-container-core-columns-is-layout-0defc3be wp-block-columns-is-layout-flex\">\n<div class=\"wp-block-column is-layout-flow wp-block-column-is-layout-flow\">\n<figure class=\"wp-block-image aligncenter size-full is-resized is-style-rounded is-style-rounded--1\"><a href=\"https:\/\/bit.ly\/En_2_roues\" target=\"_blank\" rel=\" noreferrer noopener\"><img data-dominant-color=\"a5aca4\" data-has-transparency=\"false\" loading=\"lazy\" decoding=\"async\" width=\"640\" height=\"906\" sizes=\"auto, (max-width: 640px) 100vw, 640px\" src=\"https:\/\/www.lacroixvalmertourisme.com\/wp-content\/uploads\/2025\/12\/en-2-roues-2026-couv.webp\" alt=\"Brosch&#xFC;re herunterladen\" class=\"wp-image-26165 not-transparent\" style=\"--dominant-color: #a5aca4; aspect-ratio:3\/4;object-fit:cover;width:300px\" srcset=\"https:\/\/www.lacroixvalmertourisme.com\/wp-content\/uploads\/2025\/12\/en-2-roues-2026-couv.webp 640w, https:\/\/www.lacroixvalmertourisme.com\/wp-content\/uploads\/2025\/12\/en-2-roues-2026-couv-212x300.webp 212w, https:\/\/www.lacroixvalmertourisme.com\/wp-content\/uploads\/2025\/12\/en-2-roues-2026-couv-106x150.webp 106w\" \/><\/a><figcaption class=\"wp-element-caption\">En 2 roues <em>2026<\/em><\/figcaption><\/figure>\n\n\n\n<div style=\"height:100px\" aria-hidden=\"true\" class=\"wp-block-spacer\"><\/div>\n\n\n\n<p class=\"wp-block-paragraph\"><em>Information: Keine Schlie\u00dff\u00e4cher im Dorf und\/oder in der N\u00e4he des Fremdenverkehrsamtes. Die einzigen verf\u00fcgbaren Schlie\u00dff\u00e4cher befinden sich am Boulevard de Gigaro, in der N\u00e4he des Eingangs zur Domaine du Cap Lardier.<\/em><\/p>\n<\/div>\n\n\n\n<div class=\"wp-block-column is-vertically-aligned-center is-layout-flow wp-block-column-is-layout-flow\">\n<p class=\"wp-block-paragraph\"><strong>In der Brosch\u00fcre \u201eEn 2 roues\u201d (Auf zwei R\u00e4dern) finden Sie die folgenden Informationen, die Ihnen Ihren Aufenthalt in La Croix Valmer erleichtern werden:<\/strong><\/p>\n\n\n\n<ul class=\"wp-block-list\">\n<li>Anreise und Fortbewegung<\/li>\n\n\n\n<li>Das Fremdenverkehrsamt<\/li>\n\n\n\n<li>Parkpl\u00e4tze &amp; Wasserstellen<\/li>\n\n\n\n<li>Reparaturen<\/li>\n\n\n\n<li>Vermieter<\/li>\n\n\n\n<li>Informationen &amp; Sicherheit<\/li>\n\n\n\n<li>Radwege<\/li>\n\n\n\n<li>Mountainbike-Strecken<\/li>\n\n\n\n<li>Stra\u00dfenrundreisen<\/li>\n<\/ul>\n\n\n\n<div style=\"height:50px\" aria-hidden=\"true\" class=\"wp-block-spacer\"><\/div>\n\n\n\n<figure class=\"wp-block-image aligncenter size-full is-resized\"><a data-caption=\"accueil velo\" href=\"https:\/\/www.lacroixvalmertourisme.com\/wp-content\/uploads\/2023\/03\/Logo-Accueil-Velo-HD-2.jpg\" data-fancybox=\"gallery\"><img loading=\"lazy\" decoding=\"async\" width=\"80\" height=\"107\" sizes=\"auto, (max-width: 80px) 100vw, 80px\" data-tippy-content=\"accueil velo\" src=\"https:\/\/www.lacroixvalmertourisme.com\/wp-content\/uploads\/2023\/03\/Logo-Accueil-Velo-HD-2.jpg\" alt=\"\" class=\"wp-image-11459\" style=\"width:80px;height:107px\" \/><\/a><\/figure>\n\n\n\n<div class=\"wp-block-buttons is-content-justification-center is-layout-flex wp-container-core-buttons-is-layout-9b3e53d3 wp-block-buttons-is-layout-flex\">\n<div class=\"wp-block-button\"><a class=\"wp-block-button__link has-teal-700-background-color has-background wp-element-button\" href=\"https:\/\/drive.google.com\/file\/d\/1OOiA4vEJ1akUGkrDE3sopZrQxSQrqvBT\/view?usp=share_link\" target=\"_blank\" rel=\"noreferrer noopener\">Anbieter im Departement Var, die als Accueil V\u00e9lo gekennzeichnet sind<\/a><\/div>\n<\/div>\n\n\n\n<div style=\"height:50px\" aria-hidden=\"true\" class=\"wp-block-spacer\"><\/div>\n\n\n\n<p class=\"has-slate-700-color has-text-color has-link-color wp-elements-e6d491602fd628f4a47bb3b2afb8bbfd wp-block-paragraph\"><strong>NB : <\/strong>Schlie\u00dfen Sie Ihr Fahrrad sicher an das daf\u00fcr vorgesehene Stadtmobiliar im Dorf an: Place des palmiers, Square de Vregille, Rue F. Mistral, in Gigaro und am D\u00e9barquement&#8230;<\/p>\n\n\n\n<div style=\"height:50px\" aria-hidden=\"true\" class=\"wp-block-spacer\"><\/div>\n\n\n\n<div class=\"wp-block-buttons alignwide is-content-justification-center is-layout-flex wp-container-core-buttons-is-layout-9b3e53d3 wp-block-buttons-is-layout-flex\">\n<div class=\"wp-block-button\"><a class=\"wp-block-button__link has-teal-700-background-color has-background wp-element-button\" href=\"https:\/\/www.sncf.com\/fr\/offres-voyageurs\/voyager-en-toute-situation\/velo-a-bord\" target=\"_blank\" rel=\"noreferrer noopener\">SNCF : mit dem Fahrrad reisen<\/a><\/div>\n<\/div>\n<\/div>\n<\/div>\n\n\n\n<div style=\"height:100px\" aria-hidden=\"true\" class=\"wp-block-spacer\"><\/div>\n\n\n\n<div class=\"wp-block-columns has-on-primary-color has-text-color has-background has-link-color wp-elements-9fcd61040a59c5fb518d29952647b731 is-layout-flex wp-container-core-columns-is-layout-3ff465a3 wp-block-columns-is-layout-flex\" style=\"border-radius:50px;background-color:#34d399;padding-top:var(--wp--preset--spacing--50);padding-bottom:var(--wp--preset--spacing--50)\">\n<div class=\"wp-block-column is-layout-flow wp-block-column-is-layout-flow\">\n<h3 class=\"wp-block-heading has-text-align-center has-on-primary-color has-text-color has-link-color has-display-font-family has-5-xl-font-size wp-elements-e3349fd0414486b1d9c7fda6ec6df73c\"><a href=\"https:\/\/www.lacroixvalmertourisme.com\/de\/wanderungen\" target=\"_blank\" rel=\"noreferrer noopener\">Alle Routen finden Sie hier<\/a><\/h3>\n<\/div>\n<\/div>\n\n\n\n<div style=\"height:100px\" aria-hidden=\"true\" class=\"wp-block-spacer\"><\/div>\n\n\n\n<div class=\"wp-block-group alignfull is-layout-constrained wp-block-group-is-layout-constrained\">\n<p class=\"wp-block-paragraph\">Zwei Selbstbedienungs-Reparaturstationen stehen den Radfahrern bei Bedarf im Dorf zur Verf\u00fcgung, und zwar auf dem Radweg in unmittelbarer N\u00e4he des Fremdenverkehrsamtes und auf dem Square de Vregille, der sich nach dem Spielplatz befindet.<\/p>\n<\/div>\n\n\n\n<div style=\"height:100px\" aria-hidden=\"true\" class=\"wp-block-spacer\"><\/div>\n\n\n\n<div class=\"wp-block-columns alignfull is-layout-flex wp-container-core-columns-is-layout-0defc3be wp-block-columns-is-layout-flex\">\n<div class=\"wp-block-column is-layout-flow wp-block-column-is-layout-flow\">\n<figure class=\"wp-block-image size-large is-style-rounded is-style-rounded--2\"><img decoding=\"async\" sizes=\"(max-width: 458px) 100vw, 458px\" src=\"https:\/\/www.lacroixvalmertourisme.com\/wp-content\/uploads\/2024\/06\/juin2024&#xA9;sebastiengouby-2-1-458x1024.jpg\" alt=\"velo accueil la croix valmer office de tourisme\" class=\"wp-image-16547\" style=\"aspect-ratio:1;object-fit:cover\" \/><\/figure>\n<\/div>\n\n\n\n<div class=\"wp-block-column is-layout-flow wp-block-column-is-layout-flow\">\n<figure class=\"wp-block-image size-large is-style-rounded is-style-rounded--3\"><a data-caption=\"260822\u00a9lacroixvalmertourisme (2)\" href=\"https:\/\/www.lacroixvalmertourisme.com\/wp-content\/uploads\/2025\/01\/260822&#xA9;lacroixvalmertourisme-2-768x1024.jpg\" data-fancybox=\"gallery\"><img decoding=\"async\" sizes=\"(max-width: 768px) 100vw, 768px\" data-tippy-content=\"260822\u00a9lacroixvalmertourisme (2)\" src=\"https:\/\/www.lacroixvalmertourisme.com\/wp-content\/uploads\/2025\/01\/260822&#xA9;lacroixvalmertourisme-2-768x1024.jpg\" alt=\"velo stationnement parkings la croix Valmer plage du d\u00e9barquement \" class=\"wp-image-20055\" style=\"aspect-ratio:1;object-fit:cover\" \/><\/a><\/figure>\n<\/div>\n\n\n\n<div class=\"wp-block-column is-layout-flow wp-block-column-is-layout-flow\">\n<figure class=\"wp-block-image size-large is-style-rounded is-style-rounded--4\"><a data-caption=\"230424\u00a9lacroixvalmertourisme (8)\" href=\"https:\/\/www.lacroixvalmertourisme.com\/wp-content\/uploads\/2024\/06\/230424&#xA9;lacroixvalmertourisme-8-768x1024.jpg\" data-fancybox=\"gallery\"><img decoding=\"async\" sizes=\"(max-width: 768px) 100vw, 768px\" data-tippy-content=\"230424\u00a9lacroixvalmertourisme (8)\" src=\"https:\/\/www.lacroixvalmertourisme.com\/wp-content\/uploads\/2024\/06\/230424&#xA9;lacroixvalmertourisme-8-768x1024.jpg\" alt=\"velo stationnement la croix valmer office de tourisme\" class=\"wp-image-16229\" style=\"aspect-ratio:1;object-fit:cover\" \/><\/a><\/figure>\n<\/div>\n<\/div>\n\n\n\n<div class=\"wp-block-columns alignfull is-layout-flex wp-container-core-columns-is-layout-0defc3be wp-block-columns-is-layout-flex\">\n<div class=\"wp-block-column is-layout-flow wp-block-column-is-layout-flow\">\n<figure class=\"wp-block-image size-large is-style-rounded is-style-rounded--5\"><a data-caption=\"piste cyclable \u00a9lacroixvalmertourisme\" href=\"https:\/\/www.lacroixvalmertourisme.com\/wp-content\/uploads\/2021\/05\/240421pistecyclable&#xA9;lacroixvalmertourisme-4-1024x768.jpg\" data-fancybox=\"gallery\"><img decoding=\"async\" sizes=\"(max-width: 1024px) 100vw, 1024px\" data-tippy-content=\"piste cyclable \u00a9lacroixvalmertourisme\" data-caption=\"\u00a9lacroixvalmertourisme\" src=\"https:\/\/www.lacroixvalmertourisme.com\/wp-content\/uploads\/2021\/05\/240421pistecyclable&#xA9;lacroixvalmertourisme-4-1024x768.jpg\" alt=\"d&#xE9;couvrir s'evader la croix valmer sentier balades randonn&#xE9;es &#xE0; pied &#xE0; v&#xE9;lo\" class=\"wp-image-1322\" style=\"aspect-ratio:1;object-fit:cover\" \/><\/a><\/figure>\n<\/div>\n\n\n\n<div class=\"wp-block-column is-layout-flow wp-block-column-is-layout-flow\">\n<figure class=\"wp-block-image size-large is-style-rounded is-style-rounded--6\"><a data-caption=\"Poteaux v\u00e9los 2023 \u00a9 lacroixvalmertourisme (9)\" href=\"https:\/\/www.lacroixvalmertourisme.com\/wp-content\/uploads\/2025\/01\/Poteaux-velos-2023-&#xA9;-lacroixvalmertourisme-9-768x1024.jpg\" data-fancybox=\"gallery\"><img decoding=\"async\" sizes=\"(max-width: 768px) 100vw, 768px\" data-tippy-content=\"Poteaux v\u00e9los 2023 \u00a9 lacroixvalmertourisme (9)\" src=\"https:\/\/www.lacroixvalmertourisme.com\/wp-content\/uploads\/2025\/01\/Poteaux-velos-2023-&#xA9;-lacroixvalmertourisme-9-768x1024.jpg\" alt=\"velo stationnement parkings la croix Valmer plage du d\u00e9barquement \" class=\"wp-image-20058\" style=\"aspect-ratio:1;object-fit:cover\" \/><\/a><\/figure>\n<\/div>\n\n\n\n<div class=\"wp-block-column is-layout-flow wp-block-column-is-layout-flow\">\n<figure class=\"wp-block-image size-large is-style-rounded is-style-rounded--7\"><a data-caption=\"pav\u00a9lacroixvalmertourisme (1)\" href=\"https:\/\/www.lacroixvalmertourisme.com\/wp-content\/uploads\/2024\/06\/pav&#xA9;lacroixvalmertourisme-1-850x1024.jpg\" data-fancybox=\"gallery\"><img decoding=\"async\" sizes=\"(max-width: 850px) 100vw, 850px\" data-tippy-content=\"pav\u00a9lacroixvalmertourisme (1)\" src=\"https:\/\/www.lacroixvalmertourisme.com\/wp-content\/uploads\/2024\/06\/pav&#xA9;lacroixvalmertourisme-1-850x1024.jpg\" alt=\"\" class=\"wp-image-16097\" style=\"aspect-ratio:1;object-fit:cover\" \/><\/a><\/figure>\n<\/div>\n<\/div>\n<\/div>\n","protected":false},"excerpt":{"rendered":"<p>Information: Keine Schlie\u00dff\u00e4cher im Dorf und\/oder in der N\u00e4he des Fremdenverkehrsamtes. Die einzigen verf\u00fcgbaren Schlie\u00dff\u00e4cher befinden sich am Boulevard de Gigaro, in der N\u00e4he des Eingangs zur Domaine du Cap Lardier. In der Brosch\u00fcre \u201eEn 2 roues\u201d (Auf zwei R\u00e4dern) finden Sie die folgenden Informationen, die Ihnen Ihren Aufenthalt in La Croix Valmer erleichtern werden:&#8230;<\/p>\n","protected":false},"author":4,"featured_media":1327,"parent":4677,"menu_order":240,"comment_status":"closed","ping_status":"closed","template":"page-plage.blade.php","meta":{"_acf_changed":false,"_crdt_document":"","footnotes":""},"class_list":["post-20099","page","type-page","status-publish","has-post-thumbnail","hentry"],"acf":{"pagepage-etendus":"compact","video_mp4":false,"poster_image":false,"nugget":false,"page-virtuelle":false,"video_webm":false,"pagepage-updown":false,"autoplay":false,"delay":"","title_alignement":""},"yoast_head":"<!-- This site is optimized with the Yoast SEO plugin v27.4 - https:\/\/yoast.com\/product\/yoast-seo-wordpress\/ -->\n<title>La Croix Valmer auf 2 R\u00e4dern - La Croix-Valmer Tourisme<\/title>\n<meta name=\"robots\" content=\"index, follow, max-snippet:-1, max-image-preview:large, max-video-preview:-1\" \/>\n<link rel=\"canonical\" href=\"https:\/\/www.lacroixvalmertourisme.com\/de\/anreise-parken\/la-croix-valmer-auf-2-raedern\" \/>\n<meta property=\"og:locale\" content=\"de_DE\" \/>\n<meta property=\"og:type\" content=\"article\" \/>\n<meta property=\"og:title\" content=\"La Croix Valmer auf 2 R\u00e4dern - La Croix-Valmer Tourisme\" \/>\n<meta property=\"og:description\" content=\"Information: Keine Schlie\u00dff\u00e4cher im Dorf und\/oder in der N\u00e4he des Fremdenverkehrsamtes. Die einzigen verf\u00fcgbaren Schlie\u00dff\u00e4cher befinden sich am Boulevard de Gigaro, in der N\u00e4he des Eingangs zur Domaine du Cap Lardier. In der Brosch\u00fcre \u201eEn 2 roues\u201d (Auf zwei R\u00e4dern) finden Sie die folgenden Informationen, die Ihnen Ihren Aufenthalt in La Croix Valmer erleichtern werden:...\" \/>\n<meta property=\"og:url\" content=\"https:\/\/www.lacroixvalmertourisme.com\/de\/anreise-parken\/la-croix-valmer-auf-2-raedern\" \/>\n<meta property=\"og:site_name\" content=\"La Croix-Valmer Tourisme\" \/>\n<meta property=\"article:publisher\" content=\"https:\/\/www.facebook.com\/lacroixvalmertourisme\/\" \/>\n<meta property=\"article:modified_time\" content=\"2026-04-25T14:06:14+00:00\" \/>\n<meta property=\"og:image\" content=\"https:\/\/www.lacroixvalmertourisme.com\/wp-content\/uploads\/2021\/05\/240421pistecyclable\u00a9lacroixvalmertourisme-13-rotated.jpg\" \/>\n\t<meta property=\"og:image:width\" content=\"1536\" \/>\n\t<meta property=\"og:image:height\" content=\"2048\" \/>\n\t<meta property=\"og:image:type\" content=\"image\/jpeg\" \/>\n<meta name=\"twitter:card\" content=\"summary_large_image\" \/>\n<meta name=\"twitter:site\" content=\"@La_Croix_Valmer\" \/>\n<meta name=\"twitter:label1\" content=\"Gesch\u00e4tzte Lesezeit\" \/>\n\t<meta name=\"twitter:data1\" content=\"1\u00a0Minute\" \/>\n<!-- \/ Yoast SEO plugin. -->","yoast_head_json":{"title":"La Croix Valmer auf 2 R\u00e4dern - La Croix-Valmer Tourisme","robots":{"index":"index","follow":"follow","max-snippet":"max-snippet:-1","max-image-preview":"max-image-preview:large","max-video-preview":"max-video-preview:-1"},"canonical":"https:\/\/www.lacroixvalmertourisme.com\/de\/anreise-parken\/la-croix-valmer-auf-2-raedern","og_locale":"de_DE","og_type":"article","og_title":"La Croix Valmer auf 2 R\u00e4dern - La Croix-Valmer Tourisme","og_description":"Information: Keine Schlie\u00dff\u00e4cher im Dorf und\/oder in der N\u00e4he des Fremdenverkehrsamtes. Die einzigen verf\u00fcgbaren Schlie\u00dff\u00e4cher befinden sich am Boulevard de Gigaro, in der N\u00e4he des Eingangs zur Domaine du Cap Lardier. In der Brosch\u00fcre \u201eEn 2 roues\u201d (Auf zwei R\u00e4dern) finden Sie die folgenden Informationen, die Ihnen Ihren Aufenthalt in La Croix Valmer erleichtern werden:...","og_url":"https:\/\/www.lacroixvalmertourisme.com\/de\/anreise-parken\/la-croix-valmer-auf-2-raedern","og_site_name":"La Croix-Valmer Tourisme","article_publisher":"https:\/\/www.facebook.com\/lacroixvalmertourisme\/","article_modified_time":"2026-04-25T14:06:14+00:00","og_image":[{"width":1536,"height":2048,"url":"https:\/\/www.lacroixvalmertourisme.com\/wp-content\/uploads\/2021\/05\/240421pistecyclable\u00a9lacroixvalmertourisme-13-rotated.jpg","type":"image\/jpeg"}],"twitter_card":"summary_large_image","twitter_site":"@La_Croix_Valmer","twitter_misc":{"Gesch\u00e4tzte Lesezeit":"1\u00a0Minute"},"schema":{"@context":"https:\/\/schema.org","@graph":[{"@type":"WebPage","@id":"https:\/\/www.lacroixvalmertourisme.com\/de\/anreise-parken\/la-croix-valmer-auf-2-raedern","url":"https:\/\/www.lacroixvalmertourisme.com\/de\/anreise-parken\/la-croix-valmer-auf-2-raedern","name":"La Croix Valmer auf 2 R\u00e4dern - La Croix-Valmer Tourisme","isPartOf":{"@id":"https:\/\/www.lacroixvalmertourisme.com\/de#website"},"primaryImageOfPage":{"@id":"https:\/\/www.lacroixvalmertourisme.com\/de\/anreise-parken\/la-croix-valmer-auf-2-raedern#primaryimage"},"image":{"@id":"https:\/\/www.lacroixvalmertourisme.com\/de\/anreise-parken\/la-croix-valmer-auf-2-raedern#primaryimage"},"thumbnailUrl":"https:\/\/www.lacroixvalmertourisme.com\/wp-content\/uploads\/2021\/05\/240421pistecyclable\u00a9lacroixvalmertourisme-13-rotated.jpg","datePublished":"2025-01-14T06:48:57+00:00","dateModified":"2026-04-25T14:06:14+00:00","breadcrumb":{"@id":"https:\/\/www.lacroixvalmertourisme.com\/de\/anreise-parken\/la-croix-valmer-auf-2-raedern#breadcrumb"},"inLanguage":"de","potentialAction":[{"@type":"ReadAction","target":["https:\/\/www.lacroixvalmertourisme.com\/de\/anreise-parken\/la-croix-valmer-auf-2-raedern"]}]},{"@type":"ImageObject","inLanguage":"de","@id":"https:\/\/www.lacroixvalmertourisme.com\/de\/anreise-parken\/la-croix-valmer-auf-2-raedern#primaryimage","url":"https:\/\/www.lacroixvalmertourisme.com\/wp-content\/uploads\/2021\/05\/240421pistecyclable\u00a9lacroixvalmertourisme-13-rotated.jpg","contentUrl":"https:\/\/www.lacroixvalmertourisme.com\/wp-content\/uploads\/2021\/05\/240421pistecyclable\u00a9lacroixvalmertourisme-13-rotated.jpg","width":1536,"height":2048,"caption":"\u00a9lacroixvalmertourisme"},{"@type":"BreadcrumbList","@id":"https:\/\/www.lacroixvalmertourisme.com\/de\/anreise-parken\/la-croix-valmer-auf-2-raedern#breadcrumb","itemListElement":[{"@type":"ListItem","position":1,"name":"Accueil","item":"https:\/\/www.lacroixvalmertourisme.com\/de"},{"@type":"ListItem","position":2,"name":"Anreise.Parken.Shuttlebus","item":"https:\/\/www.lacroixvalmertourisme.com\/de\/anreise-parken"},{"@type":"ListItem","position":3,"name":"La Croix Valmer auf 2 R\u00e4dern"}]},{"@type":"WebSite","@id":"https:\/\/www.lacroixvalmertourisme.com\/de#website","url":"https:\/\/www.lacroixvalmertourisme.com\/de","name":"La Croix-Valmer Tourisme","description":"Toutes les informations touristiques pour organiser votre prochain s\u00e9jour \u00e0 La Croix Valmer dans le Golfe de Saint-Tropez","publisher":{"@id":"https:\/\/www.lacroixvalmertourisme.com\/de#organization"},"potentialAction":[{"@type":"SearchAction","target":{"@type":"EntryPoint","urlTemplate":"https:\/\/www.lacroixvalmertourisme.com\/de?s={search_term_string}"},"query-input":{"@type":"PropertyValueSpecification","valueRequired":true,"valueName":"search_term_string"}}],"inLanguage":"de"},{"@type":"Organization","@id":"https:\/\/www.lacroixvalmertourisme.com\/de#organization","name":"Office de Tourisme de La Croix Valmer","url":"https:\/\/www.lacroixvalmertourisme.com\/de","logo":{"@type":"ImageObject","inLanguage":"de","@id":"https:\/\/www.lacroixvalmertourisme.com\/de#\/schema\/logo\/image\/","url":"https:\/\/www.lacroixvalmertourisme.com\/wp-content\/uploads\/2021\/06\/Logo_ot_bleu.png","contentUrl":"https:\/\/www.lacroixvalmertourisme.com\/wp-content\/uploads\/2021\/06\/Logo_ot_bleu.png","width":591,"height":454,"caption":"Office de Tourisme de La Croix Valmer"},"image":{"@id":"https:\/\/www.lacroixvalmertourisme.com\/de#\/schema\/logo\/image\/"},"sameAs":["https:\/\/www.facebook.com\/lacroixvalmertourisme\/","https:\/\/x.com\/La_Croix_Valmer","https:\/\/www.instagram.com\/lacroixvalmer_tourisme\/"]}]}},"publishpress_future_workflow_manual_trigger":{"enabledWorkflows":[]},"_links":{"self":[{"href":"https:\/\/www.lacroixvalmertourisme.com\/de\/wp-json\/wp\/v2\/pages\/20099","targetHints":{"allow":["GET"]}}],"collection":[{"href":"https:\/\/www.lacroixvalmertourisme.com\/de\/wp-json\/wp\/v2\/pages"}],"about":[{"href":"https:\/\/www.lacroixvalmertourisme.com\/de\/wp-json\/wp\/v2\/types\/page"}],"author":[{"embeddable":true,"href":"https:\/\/www.lacroixvalmertourisme.com\/de\/wp-json\/wp\/v2\/users\/4"}],"replies":[{"embeddable":true,"href":"https:\/\/www.lacroixvalmertourisme.com\/de\/wp-json\/wp\/v2\/comments?post=20099"}],"version-history":[{"count":8,"href":"https:\/\/www.lacroixvalmertourisme.com\/de\/wp-json\/wp\/v2\/pages\/20099\/revisions"}],"predecessor-version":[{"id":27949,"href":"https:\/\/www.lacroixvalmertourisme.com\/de\/wp-json\/wp\/v2\/pages\/20099\/revisions\/27949"}],"up":[{"embeddable":true,"href":"https:\/\/www.lacroixvalmertourisme.com\/de\/wp-json\/wp\/v2\/pages\/4677"}],"wp:featuredmedia":[{"embeddable":true,"href":"https:\/\/www.lacroixvalmertourisme.com\/de\/wp-json\/wp\/v2\/media\/1327"}],"wp:attachment":[{"href":"https:\/\/www.lacroixvalmertourisme.com\/de\/wp-json\/wp\/v2\/media?parent=20099"}],"curies":[{"name":"wp","href":"https:\/\/api.w.org\/{rel}","templated":true}]}}