{"id":18384,"date":"2024-09-16T09:19:15","date_gmt":"2024-09-16T07:19:15","guid":{"rendered":"https:\/\/www.lacroixvalmertourisme.com\/?page_id=18384"},"modified":"2026-04-30T07:58:06","modified_gmt":"2026-04-30T05:58:06","slug":"beratung-und-reglementierung","status":"publish","type":"page","link":"https:\/\/www.lacroixvalmertourisme.com\/de\/entdecken-entkommen\/fuesse-im-wasser\/beratung-und-reglementierung","title":{"rendered":"Beratung und reglementierung"},"content":{"rendered":"\n<div class=\"wp-block-group alignwide is-layout-constrained wp-block-group-is-layout-constrained\">\n<div class=\"wp-block-columns alignfull is-layout-flex wp-container-core-columns-is-layout-0defc3be wp-block-columns-is-layout-flex\">\n<div class=\"wp-block-column is-layout-flow wp-block-column-is-layout-flow\">\n<figure class=\"wp-block-image size-full is-style-rounded is-style-rounded--1\"><a href=\"https:\/\/drive.google.com\/file\/d\/1dqBc3_uOqO4hSIpGgbzt9wdtQjCFnVqe\/view?usp=drive_link\" target=\"_blank\" rel=\"noreferrer noopener\"><a data-caption=\"plongee\" href=\"https:\/\/www.lacroixvalmertourisme.com\/wp-content\/uploads\/2024\/09\/plongee.jpg\" data-fancybox=\"gallery\"><img loading=\"lazy\" decoding=\"async\" width=\"673\" height=\"954\" sizes=\"auto, (max-width: 673px) 100vw, 673px\" data-tippy-content=\"plongee\" src=\"https:\/\/www.lacroixvalmertourisme.com\/wp-content\/uploads\/2024\/09\/plongee.jpg\" alt=\"aire marine prot\u00e9g\u00e9e golfe saint tropez la croix valmer tourisme office de tourisme\" class=\"wp-image-18275\" srcset=\"https:\/\/www.lacroixvalmertourisme.com\/wp-content\/uploads\/2024\/09\/plongee.jpg 673w, https:\/\/www.lacroixvalmertourisme.com\/wp-content\/uploads\/2024\/09\/plongee-212x300.jpg 212w, https:\/\/www.lacroixvalmertourisme.com\/wp-content\/uploads\/2024\/09\/plongee-106x150.jpg 106w\" \/><\/a><\/a><\/figure>\n<\/div>\n\n\n\n<div class=\"wp-block-column is-layout-flow wp-block-column-is-layout-flow\">\n<figure class=\"wp-block-image size-full is-style-rounded is-style-rounded--2\"><a href=\"https:\/\/drive.google.com\/file\/d\/1RMH9Xbn0luOdGoXVHi3XNRJZZWHiaZjR\/view?usp=drive_link\" target=\"_blank\" rel=\"noreferrer noopener\"><a data-caption=\"peche\" href=\"https:\/\/www.lacroixvalmertourisme.com\/wp-content\/uploads\/2024\/09\/peche.jpg\" data-fancybox=\"gallery\"><img loading=\"lazy\" decoding=\"async\" width=\"675\" height=\"953\" sizes=\"auto, (max-width: 675px) 100vw, 675px\" data-tippy-content=\"peche\" src=\"https:\/\/www.lacroixvalmertourisme.com\/wp-content\/uploads\/2024\/09\/peche.jpg\" alt=\"p\u00eaches aire marine prot\u00e9g\u00e9e golfe saint tropez la croix valmer tourisme office de tourisme\" class=\"wp-image-18272\" srcset=\"https:\/\/www.lacroixvalmertourisme.com\/wp-content\/uploads\/2024\/09\/peche.jpg 675w, https:\/\/www.lacroixvalmertourisme.com\/wp-content\/uploads\/2024\/09\/peche-212x300.jpg 212w, https:\/\/www.lacroixvalmertourisme.com\/wp-content\/uploads\/2024\/09\/peche-106x150.jpg 106w\" \/><\/a><\/a><\/figure>\n<\/div>\n<\/div>\n\n\n\n<div style=\"height:100px\" aria-hidden=\"true\" class=\"wp-block-spacer\"><\/div>\n\n\n\n<div class=\"wp-block-columns alignfull is-layout-flex wp-container-core-columns-is-layout-0defc3be wp-block-columns-is-layout-flex\">\n<div class=\"wp-block-column is-layout-flow wp-block-column-is-layout-flow\">\n<figure class=\"wp-block-image size-full is-style-rounded is-style-rounded--3\"><a href=\"https:\/\/drive.google.com\/file\/d\/1yMhI4vWT0DGEdOypXVkGdL1suDLg80_v\/view?usp=drive_link\" target=\"_blank\" rel=\"noreferrer noopener\"><a data-caption=\"eco navigation\" href=\"https:\/\/www.lacroixvalmertourisme.com\/wp-content\/uploads\/2024\/09\/eco-navigation.jpg\" data-fancybox=\"gallery\"><img loading=\"lazy\" decoding=\"async\" width=\"678\" height=\"956\" sizes=\"auto, (max-width: 678px) 100vw, 678px\" data-tippy-content=\"eco navigation\" src=\"https:\/\/www.lacroixvalmertourisme.com\/wp-content\/uploads\/2024\/09\/eco-navigation.jpg\" alt=\"aire marine prot\u00e9g\u00e9e golfe saint tropez la croix valmer tourisme office de tourisme\" class=\"wp-image-18278\" srcset=\"https:\/\/www.lacroixvalmertourisme.com\/wp-content\/uploads\/2024\/09\/eco-navigation.jpg 678w, https:\/\/www.lacroixvalmertourisme.com\/wp-content\/uploads\/2024\/09\/eco-navigation-213x300.jpg 213w, https:\/\/www.lacroixvalmertourisme.com\/wp-content\/uploads\/2024\/09\/eco-navigation-106x150.jpg 106w\" \/><\/a><\/a><\/figure>\n<\/div>\n\n\n\n<div class=\"wp-block-column is-layout-flow wp-block-column-is-layout-flow\">\n<figure class=\"wp-block-image size-full is-style-rounded is-style-rounded--4\"><a href=\"https:\/\/drive.google.com\/file\/d\/1QUFNRo9NlmD6Uez_H15G-bP03Tv705b-\/view?usp=drive_link\" target=\"_blank\" rel=\"noreferrer noopener\"><a data-caption=\"motonautisme\" href=\"https:\/\/www.lacroixvalmertourisme.com\/wp-content\/uploads\/2024\/09\/motonautisme.jpg\" data-fancybox=\"gallery\"><img loading=\"lazy\" decoding=\"async\" width=\"679\" height=\"956\" sizes=\"auto, (max-width: 679px) 100vw, 679px\" data-tippy-content=\"motonautisme\" src=\"https:\/\/www.lacroixvalmertourisme.com\/wp-content\/uploads\/2024\/09\/motonautisme.jpg\" alt=\"aire marine prot\u00e9g\u00e9e golfe saint tropez la croix valmer tourisme office de tourisme\" class=\"wp-image-18281\" srcset=\"https:\/\/www.lacroixvalmertourisme.com\/wp-content\/uploads\/2024\/09\/motonautisme.jpg 679w, https:\/\/www.lacroixvalmertourisme.com\/wp-content\/uploads\/2024\/09\/motonautisme-213x300.jpg 213w, https:\/\/www.lacroixvalmertourisme.com\/wp-content\/uploads\/2024\/09\/motonautisme-107x150.jpg 107w\" \/><\/a><\/a><\/figure>\n<\/div>\n<\/div>\n\n\n\n<div style=\"height:100px\" aria-hidden=\"true\" class=\"wp-block-spacer\"><\/div>\n\n\n\n<div class=\"wp-block-columns alignfull is-layout-flex wp-container-core-columns-is-layout-0defc3be wp-block-columns-is-layout-flex\">\n<div class=\"wp-block-column is-layout-flow wp-block-column-is-layout-flow\">\n<figure class=\"wp-block-image size-full is-style-rounded is-style-rounded--5\"><a href=\"https:\/\/drive.google.com\/file\/d\/1AzZ1JJSmI-eH-i-uglKo2RsOjXxMzb57\/view?usp=drive_link\" target=\"_blank\" rel=\"noreferrer noopener\"><a data-caption=\"mouillage\" href=\"https:\/\/www.lacroixvalmertourisme.com\/wp-content\/uploads\/2024\/09\/mouillage.jpg\" data-fancybox=\"gallery\"><img loading=\"lazy\" decoding=\"async\" width=\"679\" height=\"955\" sizes=\"auto, (max-width: 679px) 100vw, 679px\" data-tippy-content=\"mouillage\" src=\"https:\/\/www.lacroixvalmertourisme.com\/wp-content\/uploads\/2024\/09\/mouillage.jpg\" alt=\"aire marine prot\u00e9g\u00e9e golfe saint tropez la croix valmer tourisme office de tourisme\" class=\"wp-image-18269\" srcset=\"https:\/\/www.lacroixvalmertourisme.com\/wp-content\/uploads\/2024\/09\/mouillage.jpg 679w, https:\/\/www.lacroixvalmertourisme.com\/wp-content\/uploads\/2024\/09\/mouillage-213x300.jpg 213w, https:\/\/www.lacroixvalmertourisme.com\/wp-content\/uploads\/2024\/09\/mouillage-107x150.jpg 107w\" \/><\/a><\/a><\/figure>\n<\/div>\n\n\n\n<div class=\"wp-block-column is-layout-flow wp-block-column-is-layout-flow\">\n<div style=\"height:100px\" aria-hidden=\"true\" class=\"wp-block-spacer\"><\/div>\n\n\n\n<div class=\"wp-block-buttons is-content-justification-center is-layout-flex wp-container-core-buttons-is-layout-9b3e53d3 wp-block-buttons-is-layout-flex\">\n<div class=\"wp-block-button\"><a class=\"wp-block-button__link has-white-color has-red-400-background-color has-text-color has-background has-link-color wp-element-button\" href=\"https:\/\/www.golfe-sainttropez.fr\/vivre-ici\/espaces-maritimes\/ressources-documentaires\/ressources-pour-les-professionnels-de-la-mer\/\" target=\"_blank\" rel=\"noreferrer noopener\">Pour en savoir plus<\/a><\/div>\n<\/div>\n\n\n\n<div style=\"height:100px\" aria-hidden=\"true\" class=\"wp-block-spacer\"><\/div>\n\n\n\n<div class=\"wp-block-columns are-vertically-aligned-center is-layout-flex wp-container-core-columns-is-layout-0defc3be wp-block-columns-is-layout-flex\">\n<div class=\"wp-block-column is-vertically-aligned-center is-layout-flow wp-block-column-is-layout-flow\">\n<figure class=\"wp-block-image aligncenter size-full\"><img loading=\"lazy\" decoding=\"async\" width=\"794\" height=\"746\" sizes=\"auto, (max-width: 794px) 100vw, 794px\" src=\"https:\/\/www.lacroixvalmertourisme.com\/wp-content\/uploads\/2023\/11\/BlocMarque-AMP-1.png\" alt=\"\" class=\"wp-image-13848\" srcset=\"https:\/\/www.lacroixvalmertourisme.com\/wp-content\/uploads\/2023\/11\/BlocMarque-AMP-1.png 794w, https:\/\/www.lacroixvalmertourisme.com\/wp-content\/uploads\/2023\/11\/BlocMarque-AMP-1-300x282.png 300w, https:\/\/www.lacroixvalmertourisme.com\/wp-content\/uploads\/2023\/11\/BlocMarque-AMP-1-768x722.png 768w, https:\/\/www.lacroixvalmertourisme.com\/wp-content\/uploads\/2023\/11\/BlocMarque-AMP-1-160x150.png 160w\" \/><\/figure>\n<\/div>\n\n\n\n<div class=\"wp-block-column is-vertically-aligned-center is-layout-flow wp-block-column-is-layout-flow\">\n<figure class=\"wp-block-image aligncenter size-large\"><a data-caption=\"Logo_GolfedeSaintTropezRVB 2022\" href=\"https:\/\/www.lacroixvalmertourisme.com\/wp-content\/uploads\/2022\/12\/Logo_GolfedeSaintTropezRVB-2022-1024x564.jpg\" data-fancybox=\"gallery\"><img loading=\"lazy\" decoding=\"async\" width=\"1024\" height=\"564\" sizes=\"auto, (max-width: 1024px) 100vw, 1024px\" data-tippy-content=\"Logo_GolfedeSaintTropezRVB 2022\" src=\"https:\/\/www.lacroixvalmertourisme.com\/wp-content\/uploads\/2022\/12\/Logo_GolfedeSaintTropezRVB-2022-1024x564.jpg\" alt=\"\" class=\"wp-image-10533\" srcset=\"https:\/\/www.lacroixvalmertourisme.com\/wp-content\/uploads\/2022\/12\/Logo_GolfedeSaintTropezRVB-2022-1024x564.jpg 1024w, https:\/\/www.lacroixvalmertourisme.com\/wp-content\/uploads\/2022\/12\/Logo_GolfedeSaintTropezRVB-2022-300x165.jpg 300w, https:\/\/www.lacroixvalmertourisme.com\/wp-content\/uploads\/2022\/12\/Logo_GolfedeSaintTropezRVB-2022-768x423.jpg 768w, https:\/\/www.lacroixvalmertourisme.com\/wp-content\/uploads\/2022\/12\/Logo_GolfedeSaintTropezRVB-2022-273x150.jpg 273w, https:\/\/www.lacroixvalmertourisme.com\/wp-content\/uploads\/2022\/12\/Logo_GolfedeSaintTropezRVB-2022.jpg 1501w\" \/><\/a><\/figure>\n<\/div>\n<\/div>\n\n\n\n<div style=\"height:100px\" aria-hidden=\"true\" class=\"wp-block-spacer\"><\/div>\n\n\n\n<p class=\"has-text-align-center wp-block-paragraph\"><em>Source : Communaut\u00e9 de communes du Golfe de Saint-Tropez, Septembre 2024<\/em><\/p>\n<\/div>\n<\/div>\n<\/div>\n","protected":false},"excerpt":{"rendered":"<p>Source : Communaut\u00e9 de communes du Golfe de Saint-Tropez, Septembre 2024<\/p>\n","protected":false},"author":4,"featured_media":27621,"parent":4631,"menu_order":92,"comment_status":"closed","ping_status":"closed","template":"page-plage.blade.php","meta":{"_acf_changed":false,"_crdt_document":"","footnotes":""},"class_list":["post-18384","page","type-page","status-publish","has-post-thumbnail","hentry"],"acf":{"mots-cles":"","slogan":"","introduction":"","autoplay":false,"delay":"","video_mp4":false,"video_webm":false,"poster_image":false,"nugget":false,"pagepage-etendus":"compact","pagepage-updown":false,"page-virtuelle":false,"title_alignement":""},"yoast_head":"<!-- This site is optimized with the Yoast SEO plugin v27.5 - https:\/\/yoast.com\/product\/yoast-seo-wordpress\/ -->\n<title>Beratung und reglementierung - La Croix-Valmer Tourisme<\/title>\n<meta name=\"robots\" content=\"index, follow, max-snippet:-1, max-image-preview:large, max-video-preview:-1\" \/>\n<link rel=\"canonical\" href=\"https:\/\/www.lacroixvalmertourisme.com\/de\/entdecken-entkommen\/fuesse-im-wasser\/beratung-und-reglementierung\" \/>\n<meta property=\"og:locale\" content=\"de_DE\" \/>\n<meta property=\"og:type\" content=\"article\" \/>\n<meta property=\"og:title\" content=\"Beratung und reglementierung - La Croix-Valmer Tourisme\" \/>\n<meta property=\"og:description\" content=\"Source : Communaut\u00e9 de communes du Golfe de Saint-Tropez, Septembre 2024\" \/>\n<meta property=\"og:url\" content=\"https:\/\/www.lacroixvalmertourisme.com\/de\/entdecken-entkommen\/fuesse-im-wasser\/beratung-und-reglementierung\" \/>\n<meta property=\"og:site_name\" content=\"La Croix-Valmer Tourisme\" \/>\n<meta property=\"article:publisher\" content=\"https:\/\/www.facebook.com\/lacroixvalmertourisme\/\" \/>\n<meta property=\"article:modified_time\" content=\"2026-04-30T05:58:06+00:00\" \/>\n<meta property=\"og:image\" content=\"https:\/\/www.lacroixvalmertourisme.com\/wp-content\/uploads\/2021\/06\/activites-nautiques-3-SITE-OT-1024x576.png\" \/>\n\t<meta property=\"og:image:width\" content=\"1024\" \/>\n\t<meta property=\"og:image:height\" content=\"576\" \/>\n\t<meta property=\"og:image:type\" content=\"image\/png\" \/>\n<meta name=\"twitter:card\" content=\"summary_large_image\" \/>\n<meta name=\"twitter:site\" content=\"@La_Croix_Valmer\" \/>\n<!-- \/ Yoast SEO plugin. -->","yoast_head_json":{"title":"Beratung und reglementierung - La Croix-Valmer Tourisme","robots":{"index":"index","follow":"follow","max-snippet":"max-snippet:-1","max-image-preview":"max-image-preview:large","max-video-preview":"max-video-preview:-1"},"canonical":"https:\/\/www.lacroixvalmertourisme.com\/de\/entdecken-entkommen\/fuesse-im-wasser\/beratung-und-reglementierung","og_locale":"de_DE","og_type":"article","og_title":"Beratung und reglementierung - La Croix-Valmer Tourisme","og_description":"Source : Communaut\u00e9 de communes du Golfe de Saint-Tropez, Septembre 2024","og_url":"https:\/\/www.lacroixvalmertourisme.com\/de\/entdecken-entkommen\/fuesse-im-wasser\/beratung-und-reglementierung","og_site_name":"La Croix-Valmer Tourisme","article_publisher":"https:\/\/www.facebook.com\/lacroixvalmertourisme\/","article_modified_time":"2026-04-30T05:58:06+00:00","og_image":[{"width":1024,"height":576,"url":"https:\/\/www.lacroixvalmertourisme.com\/wp-content\/uploads\/2021\/06\/activites-nautiques-3-SITE-OT-1024x576.png","type":"image\/png"}],"twitter_card":"summary_large_image","twitter_site":"@La_Croix_Valmer","schema":{"@context":"https:\/\/schema.org","@graph":[{"@type":"WebPage","@id":"https:\/\/www.lacroixvalmertourisme.com\/de\/entdecken-entkommen\/fuesse-im-wasser\/beratung-und-reglementierung","url":"https:\/\/www.lacroixvalmertourisme.com\/de\/entdecken-entkommen\/fuesse-im-wasser\/beratung-und-reglementierung","name":"Beratung und reglementierung - La Croix-Valmer Tourisme","isPartOf":{"@id":"https:\/\/www.lacroixvalmertourisme.com\/de#website"},"primaryImageOfPage":{"@id":"https:\/\/www.lacroixvalmertourisme.com\/de\/entdecken-entkommen\/fuesse-im-wasser\/beratung-und-reglementierung#primaryimage"},"image":{"@id":"https:\/\/www.lacroixvalmertourisme.com\/de\/entdecken-entkommen\/fuesse-im-wasser\/beratung-und-reglementierung#primaryimage"},"thumbnailUrl":"https:\/\/www.lacroixvalmertourisme.com\/wp-content\/uploads\/2021\/06\/activites-nautiques-3-SITE-OT.png","datePublished":"2024-09-16T07:19:15+00:00","dateModified":"2026-04-30T05:58:06+00:00","breadcrumb":{"@id":"https:\/\/www.lacroixvalmertourisme.com\/de\/entdecken-entkommen\/fuesse-im-wasser\/beratung-und-reglementierung#breadcrumb"},"inLanguage":"de","potentialAction":[{"@type":"ReadAction","target":["https:\/\/www.lacroixvalmertourisme.com\/de\/entdecken-entkommen\/fuesse-im-wasser\/beratung-und-reglementierung"]}]},{"@type":"ImageObject","inLanguage":"de","@id":"https:\/\/www.lacroixvalmertourisme.com\/de\/entdecken-entkommen\/fuesse-im-wasser\/beratung-und-reglementierung#primaryimage","url":"https:\/\/www.lacroixvalmertourisme.com\/wp-content\/uploads\/2021\/06\/activites-nautiques-3-SITE-OT.png","contentUrl":"https:\/\/www.lacroixvalmertourisme.com\/wp-content\/uploads\/2021\/06\/activites-nautiques-3-SITE-OT.png","width":2000,"height":1125,"caption":"d\u00e9couvrir s'evader la croix valmer plages"},{"@type":"BreadcrumbList","@id":"https:\/\/www.lacroixvalmertourisme.com\/de\/entdecken-entkommen\/fuesse-im-wasser\/beratung-und-reglementierung#breadcrumb","itemListElement":[{"@type":"ListItem","position":1,"name":"Accueil","item":"https:\/\/www.lacroixvalmertourisme.com\/de"},{"@type":"ListItem","position":2,"name":"Entdecken","item":"https:\/\/www.lacroixvalmertourisme.com\/de\/entdecken-entkommen"},{"@type":"ListItem","position":3,"name":"Die Str\u00e4nde","item":"https:\/\/www.lacroixvalmertourisme.com\/de\/entdecken-entkommen\/fuesse-im-wasser"},{"@type":"ListItem","position":4,"name":"Beratung und reglementierung"}]},{"@type":"WebSite","@id":"https:\/\/www.lacroixvalmertourisme.com\/de#website","url":"https:\/\/www.lacroixvalmertourisme.com\/de","name":"La Croix-Valmer Tourisme","description":"Toutes les informations touristiques pour organiser votre prochain s\u00e9jour \u00e0 La Croix Valmer dans le Golfe de Saint-Tropez","publisher":{"@id":"https:\/\/www.lacroixvalmertourisme.com\/de#organization"},"potentialAction":[{"@type":"SearchAction","target":{"@type":"EntryPoint","urlTemplate":"https:\/\/www.lacroixvalmertourisme.com\/de?s={search_term_string}"},"query-input":{"@type":"PropertyValueSpecification","valueRequired":true,"valueName":"search_term_string"}}],"inLanguage":"de"},{"@type":"Organization","@id":"https:\/\/www.lacroixvalmertourisme.com\/de#organization","name":"Office de Tourisme de La Croix Valmer","url":"https:\/\/www.lacroixvalmertourisme.com\/de","logo":{"@type":"ImageObject","inLanguage":"de","@id":"https:\/\/www.lacroixvalmertourisme.com\/de#\/schema\/logo\/image\/","url":"https:\/\/www.lacroixvalmertourisme.com\/wp-content\/uploads\/2021\/06\/Logo_ot_bleu.png","contentUrl":"https:\/\/www.lacroixvalmertourisme.com\/wp-content\/uploads\/2021\/06\/Logo_ot_bleu.png","width":591,"height":454,"caption":"Office de Tourisme de La Croix Valmer"},"image":{"@id":"https:\/\/www.lacroixvalmertourisme.com\/de#\/schema\/logo\/image\/"},"sameAs":["https:\/\/www.facebook.com\/lacroixvalmertourisme\/","https:\/\/x.com\/La_Croix_Valmer","https:\/\/www.instagram.com\/lacroixvalmer_tourisme\/"]}]}},"publishpress_future_workflow_manual_trigger":{"enabledWorkflows":[]},"_links":{"self":[{"href":"https:\/\/www.lacroixvalmertourisme.com\/de\/wp-json\/wp\/v2\/pages\/18384","targetHints":{"allow":["GET"]}}],"collection":[{"href":"https:\/\/www.lacroixvalmertourisme.com\/de\/wp-json\/wp\/v2\/pages"}],"about":[{"href":"https:\/\/www.lacroixvalmertourisme.com\/de\/wp-json\/wp\/v2\/types\/page"}],"author":[{"embeddable":true,"href":"https:\/\/www.lacroixvalmertourisme.com\/de\/wp-json\/wp\/v2\/users\/4"}],"replies":[{"embeddable":true,"href":"https:\/\/www.lacroixvalmertourisme.com\/de\/wp-json\/wp\/v2\/comments?post=18384"}],"version-history":[{"count":3,"href":"https:\/\/www.lacroixvalmertourisme.com\/de\/wp-json\/wp\/v2\/pages\/18384\/revisions"}],"predecessor-version":[{"id":25952,"href":"https:\/\/www.lacroixvalmertourisme.com\/de\/wp-json\/wp\/v2\/pages\/18384\/revisions\/25952"}],"up":[{"embeddable":true,"href":"https:\/\/www.lacroixvalmertourisme.com\/de\/wp-json\/wp\/v2\/pages\/4631"}],"wp:featuredmedia":[{"embeddable":true,"href":"https:\/\/www.lacroixvalmertourisme.com\/de\/wp-json\/wp\/v2\/media\/27621"}],"wp:attachment":[{"href":"https:\/\/www.lacroixvalmertourisme.com\/de\/wp-json\/wp\/v2\/media?parent=18384"}],"curies":[{"name":"wp","href":"https:\/\/api.w.org\/{rel}","templated":true}]}}