{"id":13855,"date":"2023-11-14T12:32:31","date_gmt":"2023-11-14T11:32:31","guid":{"rendered":"https:\/\/www.lacroixvalmertourisme.com\/?page_id=13855"},"modified":"2026-04-20T21:58:28","modified_gmt":"2026-04-20T19:58:28","slug":"posidonia-das-meeresschutzgebiet","status":"publish","type":"page","link":"https:\/\/www.lacroixvalmertourisme.com\/de\/entdecken-entkommen\/fuesse-im-wasser\/posidonia-das-meeresschutzgebiet","title":{"rendered":"Posidonia &amp; Das Meeresschutzgebiet"},"content":{"rendered":"\n<div class=\"wp-block-group alignwide is-layout-constrained wp-block-group-is-layout-constrained\">\n<div class=\"wp-block-columns alignfull are-vertically-aligned-center has-secondary-50-color has-text-color is-layout-flex wp-container-core-columns-is-layout-0defc3be wp-block-columns-is-layout-flex\">\n<div class=\"wp-block-column is-vertically-aligned-center is-layout-flow wp-block-column-is-layout-flow\" style=\"flex-basis:66.66%\">\n<h3 class=\"wp-block-heading has-text-align-right has-script-font-family has-5-xl-font-size\">Posidonia Oceanica <\/h3>\n\n\n\n<p class=\"has-text-align-right wp-block-paragraph\">Die Posidonia ist eine sehr wertvolle Pflanze. Sie finden sie als Laubblatt an den Str\u00e4nden und wenn Sie mit Maske und Schnorchel unter Wasser gehen, k\u00f6nnen Sie die gro\u00dfen Seegraswiesen bewundern, die sie bildet. Der Grund, warum die Art gesetzlich gesch\u00fctzt ist, liegt in den vielf\u00e4ltigen Leistungen, die sie f\u00fcr die marinen \u00d6kosysteme und damit auch f\u00fcr uns Menschen erbringt, die von ihr profitieren. Die Seegraswiesen sind in erster Linie ein Lebensraum, der zahlreichen Fischarten, Krustentieren, Stachelh\u00e4utern und vielen anderen Lebewesen, die sich dort aufhalten, Unterkunft und Verpflegung bietet. Durch ihre photosynthetische F\u00e4higkeit ist die Posidonia aber auch in der Lage, das im Wasser gel\u00f6ste Kohlendioxid zu binden und in ihren kaum verrottbaren Bl\u00e4ttern und Rhizomen zu speichern, um so einen Anstieg des Kohlendioxids im Zuge der Klimaerw\u00e4rmung zu verhindern. Au\u00dferdem kann er durch diese F\u00e4higkeit Sauerstoff an das Meerwasser abgeben, der den Meereslebewesen das Leben erm\u00f6glicht. Posidonia w\u00e4chst sehr langsam und das Gewirr ihrer Rhizome bildet schlie\u00dflich \u201eMatten\u201c, die mehrere Meter dick sein k\u00f6nnen. Die alten Bl\u00e4tter, die absterben und sich vom Rhizom l\u00f6sen, landen oft an den Str\u00e4nden, wo sie riesige B\u00e4nke bilden k\u00f6nnen und durch die Beherbergung einer Vielzahl von kleinen Wirbellosen am K\u00fcsten\u00f6kosystem beteiligt sind. Diese B\u00e4nke und Ansammlungen von Posidonia stellen f\u00fcr die D\u00fcnen am oberen Ende des Strandes oft einen nat\u00fcrlichen Schutz vor den Angriffen der Wellen dar. Sie tragen somit zur Begrenzung der K\u00fcstenerosion bei. Auf dem Sand finden Sie sie vielleicht nicht nach Ihrem Geschmack. Sie ist jedoch ein nat\u00fcrliches Gestaltungselement des Mittelmeers und steht im Gegensatz zu den \u201efeinen\u201c Sandstr\u00e4nden, an die sich die Nutzer gew\u00f6hnt haben.<\/p>\n\n\n\n<p class=\"wp-block-paragraph\"><\/p>\n\n\n\n<p class=\"has-text-align-right wp-block-paragraph\"> <\/p>\n\n\n\n<p class=\"wp-block-paragraph\"><\/p>\n\n\n\n<p class=\"has-text-align-right wp-block-paragraph\"> <\/p>\n\n\n\n<p class=\"has-text-align-right wp-block-paragraph\"> <\/p>\n\n\n\n<p class=\"has-text-align-right wp-block-paragraph\"> <\/p>\n\n\n\n<p class=\"wp-block-paragraph\"><\/p>\n\n\n\n<p class=\"has-text-align-right wp-block-paragraph\">Seien Sie sich bewusst, dass diese Pflanze und der Lebensraum, den sie bildet, empfindlich sind.<\/p>\n\n\n\n<p class=\"has-text-align-right wp-block-paragraph\">Respektieren Sie daher die Seegraswiesen und die Posidonia.<\/p>\n\n\n\n<p class=\"has-text-align-right wp-block-paragraph\">Pierre Lacosse, <em>agent du Parc national de Port-Cros<\/em><\/p>\n<\/div>\n\n\n\n<div class=\"wp-block-column is-vertically-aligned-center is-layout-flow wp-block-column-is-layout-flow\">\n<figure class=\"wp-block-image size-large is-resized is-style-rounded is-style-rounded--1\"><a data-caption=\"posidonie\u00a9guillaumevoiturier (3)\" href=\"https:\/\/www.lacroixvalmertourisme.com\/wp-content\/uploads\/2024\/11\/posidonie&#xA9;guillaumevoiturier-3-1024x576.jpg\" data-fancybox=\"gallery\"><img decoding=\"async\" sizes=\"(max-width: 1024px) 100vw, 1024px\" data-tippy-content=\"posidonie\u00a9guillaumevoiturier (3)\" src=\"https:\/\/www.lacroixvalmertourisme.com\/wp-content\/uploads\/2024\/11\/posidonie&#xA9;guillaumevoiturier-3-1024x576.jpg\" alt=\"la croix valmer tourisme \naccueil office de tourisme\nd\u00e9corations illuminations no\u00ebl 2024 bande dessin\u00e9e\" class=\"wp-image-18898\" style=\"width:277px;height:auto\" \/><\/a><\/figure>\n\n\n\n<figure class=\"wp-block-image size-large is-resized is-style-rounded is-style-rounded--2\"><a data-caption=\"260123\u00a9lacroixvalmertourisme (1)\" href=\"https:\/\/www.lacroixvalmertourisme.com\/wp-content\/uploads\/2023\/11\/260123&#xA9;lacroixvalmertourisme-1-768x1024.jpg\" data-fancybox=\"gallery\"><img decoding=\"async\" sizes=\"(max-width: 768px) 100vw, 768px\" data-tippy-content=\"260123\u00a9lacroixvalmertourisme (1)\" src=\"https:\/\/www.lacroixvalmertourisme.com\/wp-content\/uploads\/2023\/11\/260123&#xA9;lacroixvalmertourisme-1-768x1024.jpg\" alt=\"\" class=\"wp-image-13870\" style=\"width:277px;height:auto\" \/><\/a><\/figure>\n\n\n\n<figure class=\"wp-block-image size-large is-resized is-style-rounded is-style-rounded--3\"><a data-caption=\"Balade PNPC Richesses croisiennes \u00a9 lacroixvalmertourisme (73)\" href=\"https:\/\/www.lacroixvalmertourisme.com\/wp-content\/uploads\/2023\/11\/Balade-PNPC-Richesses-croisiennes-&#xA9;-lacroixvalmertourisme-73-771x1024.jpg\" data-fancybox=\"gallery\"><img decoding=\"async\" sizes=\"(max-width: 771px) 100vw, 771px\" data-tippy-content=\"Balade PNPC Richesses croisiennes \u00a9 lacroixvalmertourisme (73)\" src=\"https:\/\/www.lacroixvalmertourisme.com\/wp-content\/uploads\/2023\/11\/Balade-PNPC-Richesses-croisiennes-&#xA9;-lacroixvalmertourisme-73-771x1024.jpg\" alt=\"\" class=\"wp-image-13861\" style=\"width:275px;height:auto\" \/><\/a><\/figure>\n<\/div>\n<\/div>\n\n\n\n<div style=\"height:100px\" aria-hidden=\"true\" class=\"wp-block-spacer\"><\/div>\n\n\n\n<div class=\"wp-block-columns alignfull has-secondary-50-color has-text-color is-layout-flex wp-container-core-columns-is-layout-0defc3be wp-block-columns-is-layout-flex\">\n<div class=\"wp-block-column is-vertically-aligned-center is-layout-flow wp-block-column-is-layout-flow\">\n<figure class=\"wp-block-image size-full\"><img loading=\"lazy\" decoding=\"async\" width=\"794\" height=\"746\" sizes=\"auto, (max-width: 794px) 100vw, 794px\" src=\"https:\/\/www.lacroixvalmertourisme.com\/wp-content\/uploads\/2023\/11\/BlocMarque-AMP-1.png\" alt=\"\" class=\"wp-image-13848\" srcset=\"https:\/\/www.lacroixvalmertourisme.com\/wp-content\/uploads\/2023\/11\/BlocMarque-AMP-1.png 794w, https:\/\/www.lacroixvalmertourisme.com\/wp-content\/uploads\/2023\/11\/BlocMarque-AMP-1-300x282.png 300w, https:\/\/www.lacroixvalmertourisme.com\/wp-content\/uploads\/2023\/11\/BlocMarque-AMP-1-768x722.png 768w, https:\/\/www.lacroixvalmertourisme.com\/wp-content\/uploads\/2023\/11\/BlocMarque-AMP-1-160x150.png 160w\" \/><\/figure>\n<\/div>\n\n\n\n<div class=\"wp-block-column is-layout-flow wp-block-column-is-layout-flow\" style=\"flex-basis:66.66%\">\n<h3 class=\"wp-block-heading has-script-font-family has-5-xl-font-size\">Das Meeresschutzgebiet<\/h3>\n\n\n\n<p class=\"wp-block-paragraph\">Unsere Gemeinde, ein wundersch\u00f6nes Schmuckk\u00e4stchen der Artenvielfalt, ist Teil der Aire Marine Prot\u00e9g\u00e9e du Golfe de Saint-Tropez (Gesch\u00fctztes Meeresgebiet des Golfs von Saint-Tropez)<\/p>\n\n\n\n<p class=\"wp-block-paragraph\">Paradiesische Buchten, Sandstr\u00e4nde und wundersch\u00f6ne K\u00fcsten Klippen bieten sich Ihnen w\u00e4hrend Ihres Aufenthalts bei uns an. Der gr\u00f6\u00dfte Reichtum befindet sich jedoch nicht auf der Erde, sondern unter Wasser, wo er den Neugierigsten geboten wird: Posidonia Wiesen, in denen zahlreiche Fische leben, Steilw\u00e4nde mit bunten Korallen oder auch Meeress\u00e4uger, wenn Sie ein wenig aufs Meer hinausfahren.<\/p>\n\n\n\n<p class=\"wp-block-paragraph\"><\/p>\n\n\n\n<p class=\"wp-block-paragraph\">La Croix Valmer hat es sich zur Aufgabe gemacht, seine Fauna und Flora zu sch\u00fctzen und ist daher als Natura 2000 eingestuft. Dank dieser Einstufung bewahrt die Gemeinde das empfindliche Gleichgewicht zwischen dem Erhalt der Artenvielfalt und der Entwicklung wirtschaftlicher und touristischer Aktivit\u00e4ten.<\/p>\n\n\n\n<p class=\"wp-block-paragraph\">Die Communaut\u00e9 de communes du Golfe de Saint-Tropez, die dieses Gebiet verwaltet, f\u00fchrt zahlreiche Ma\u00dfnahmen durch: Patrouillen, Unterwasser Einrichtungen, Markierungen, Verankerungen oder Reinigung des Meeresbodens.<\/p>\n<\/div>\n<\/div>\n\n\n\n<div style=\"height:49px\" aria-hidden=\"true\" class=\"wp-block-spacer\"><\/div>\n\n\n\n<figure class=\"wp-block-gallery alignfull has-nested-images columns-default is-cropped wp-block-gallery-5 is-layout-flex wp-block-gallery-is-layout-flex\">\n<figure class=\"wp-block-image size-large is-style-rounded is-style-rounded--4\"><a data-caption=\"activites nautiques\" href=\"https:\/\/www.lacroixvalmertourisme.com\/wp-content\/uploads\/2021\/06\/activites-nautiques-3-SITE-OT-1024x576.png\" data-fancybox=\"gallery\"><img loading=\"lazy\" decoding=\"async\" width=\"1024\" height=\"576\" sizes=\"auto, (max-width: 1024px) 100vw, 1024px\" data-id=\"3335\" data-tippy-content=\"activites nautiques\" src=\"https:\/\/www.lacroixvalmertourisme.com\/wp-content\/uploads\/2021\/06\/activites-nautiques-3-SITE-OT-1024x576.png\" alt=\"d&#xE9;couvrir s'evader la croix valmer plages\" class=\"wp-image-3335\" srcset=\"https:\/\/www.lacroixvalmertourisme.com\/wp-content\/uploads\/2021\/06\/activites-nautiques-3-SITE-OT-1024x576.png 1024w, https:\/\/www.lacroixvalmertourisme.com\/wp-content\/uploads\/2021\/06\/activites-nautiques-3-SITE-OT-300x169.png 300w, https:\/\/www.lacroixvalmertourisme.com\/wp-content\/uploads\/2021\/06\/activites-nautiques-3-SITE-OT-768x432.png 768w, https:\/\/www.lacroixvalmertourisme.com\/wp-content\/uploads\/2021\/06\/activites-nautiques-3-SITE-OT-1536x864.png 1536w, https:\/\/www.lacroixvalmertourisme.com\/wp-content\/uploads\/2021\/06\/activites-nautiques-3-SITE-OT-267x150.png 267w, https:\/\/www.lacroixvalmertourisme.com\/wp-content\/uploads\/2021\/06\/activites-nautiques-3-SITE-OT.png 2000w\" \/><\/a><\/figure>\n<\/figure>\n<\/div>\n","protected":false},"excerpt":{"rendered":"<p>Posidonia Oceanica Die Posidonia ist eine sehr wertvolle Pflanze. Sie finden sie als Laubblatt an den Str\u00e4nden und wenn Sie mit Maske und Schnorchel unter Wasser gehen, k\u00f6nnen Sie die gro\u00dfen Seegraswiesen bewundern, die sie bildet. Der Grund, warum die Art gesetzlich gesch\u00fctzt ist, liegt in den vielf\u00e4ltigen Leistungen, die sie f\u00fcr die marinen \u00d6kosysteme&#8230;<\/p>\n","protected":false},"author":4,"featured_media":16289,"parent":4631,"menu_order":62,"comment_status":"closed","ping_status":"closed","template":"page-plage.blade.php","meta":{"_acf_changed":false,"_crdt_document":"","footnotes":""},"class_list":["post-13855","page","type-page","status-publish","has-post-thumbnail","hentry"],"acf":{"slogan":"","introduction":"","autoplay":false,"delay":"","video_mp4":false,"video_webm":false,"poster_image":false,"nugget":false,"mots-cles":"","pagepage-etendus":"compact","pagepage-updown":false,"page-virtuelle":false,"title_alignement":""},"yoast_head":"<!-- This site is optimized with the Yoast SEO plugin v27.5 - https:\/\/yoast.com\/product\/yoast-seo-wordpress\/ -->\n<title>Posidonia &amp; Das Meeresschutzgebiet - La Croix-Valmer Tourisme<\/title>\n<meta name=\"robots\" content=\"index, follow, max-snippet:-1, max-image-preview:large, max-video-preview:-1\" \/>\n<link rel=\"canonical\" href=\"https:\/\/www.lacroixvalmertourisme.com\/de\/entdecken-entkommen\/fuesse-im-wasser\/posidonia-das-meeresschutzgebiet\" \/>\n<meta property=\"og:locale\" content=\"de_DE\" \/>\n<meta property=\"og:type\" content=\"article\" \/>\n<meta property=\"og:title\" content=\"Posidonia &amp; Das Meeresschutzgebiet - La Croix-Valmer Tourisme\" \/>\n<meta property=\"og:description\" content=\"Posidonia Oceanica Die Posidonia ist eine sehr wertvolle Pflanze. Sie finden sie als Laubblatt an den Str\u00e4nden und wenn Sie mit Maske und Schnorchel unter Wasser gehen, k\u00f6nnen Sie die gro\u00dfen Seegraswiesen bewundern, die sie bildet. Der Grund, warum die Art gesetzlich gesch\u00fctzt ist, liegt in den vielf\u00e4ltigen Leistungen, die sie f\u00fcr die marinen \u00d6kosysteme...\" \/>\n<meta property=\"og:url\" content=\"https:\/\/www.lacroixvalmertourisme.com\/de\/entdecken-entkommen\/fuesse-im-wasser\/posidonia-das-meeresschutzgebiet\" \/>\n<meta property=\"og:site_name\" content=\"La Croix-Valmer Tourisme\" \/>\n<meta property=\"article:publisher\" content=\"https:\/\/www.facebook.com\/lacroixvalmertourisme\/\" \/>\n<meta property=\"article:modified_time\" content=\"2026-04-20T19:58:28+00:00\" \/>\n<meta property=\"og:image\" content=\"https:\/\/www.lacroixvalmertourisme.com\/wp-content\/uploads\/2024\/06\/posidonie\u00a9guillaumevoiturier-6.jpg\" \/>\n\t<meta property=\"og:image:width\" content=\"2000\" \/>\n\t<meta property=\"og:image:height\" content=\"1125\" \/>\n\t<meta property=\"og:image:type\" content=\"image\/jpeg\" \/>\n<meta name=\"twitter:card\" content=\"summary_large_image\" \/>\n<meta name=\"twitter:site\" content=\"@La_Croix_Valmer\" \/>\n<meta name=\"twitter:label1\" content=\"Gesch\u00e4tzte Lesezeit\" \/>\n\t<meta name=\"twitter:data1\" content=\"2\u00a0Minute\" \/>\n<!-- \/ Yoast SEO plugin. -->","yoast_head_json":{"title":"Posidonia &amp; Das Meeresschutzgebiet - La Croix-Valmer Tourisme","robots":{"index":"index","follow":"follow","max-snippet":"max-snippet:-1","max-image-preview":"max-image-preview:large","max-video-preview":"max-video-preview:-1"},"canonical":"https:\/\/www.lacroixvalmertourisme.com\/de\/entdecken-entkommen\/fuesse-im-wasser\/posidonia-das-meeresschutzgebiet","og_locale":"de_DE","og_type":"article","og_title":"Posidonia &amp; Das Meeresschutzgebiet - La Croix-Valmer Tourisme","og_description":"Posidonia Oceanica Die Posidonia ist eine sehr wertvolle Pflanze. Sie finden sie als Laubblatt an den Str\u00e4nden und wenn Sie mit Maske und Schnorchel unter Wasser gehen, k\u00f6nnen Sie die gro\u00dfen Seegraswiesen bewundern, die sie bildet. Der Grund, warum die Art gesetzlich gesch\u00fctzt ist, liegt in den vielf\u00e4ltigen Leistungen, die sie f\u00fcr die marinen \u00d6kosysteme...","og_url":"https:\/\/www.lacroixvalmertourisme.com\/de\/entdecken-entkommen\/fuesse-im-wasser\/posidonia-das-meeresschutzgebiet","og_site_name":"La Croix-Valmer Tourisme","article_publisher":"https:\/\/www.facebook.com\/lacroixvalmertourisme\/","article_modified_time":"2026-04-20T19:58:28+00:00","og_image":[{"width":2000,"height":1125,"url":"https:\/\/www.lacroixvalmertourisme.com\/wp-content\/uploads\/2024\/06\/posidonie\u00a9guillaumevoiturier-6.jpg","type":"image\/jpeg"}],"twitter_card":"summary_large_image","twitter_site":"@La_Croix_Valmer","twitter_misc":{"Gesch\u00e4tzte Lesezeit":"2\u00a0Minute"},"schema":{"@context":"https:\/\/schema.org","@graph":[{"@type":"WebPage","@id":"https:\/\/www.lacroixvalmertourisme.com\/de\/entdecken-entkommen\/fuesse-im-wasser\/posidonia-das-meeresschutzgebiet","url":"https:\/\/www.lacroixvalmertourisme.com\/de\/entdecken-entkommen\/fuesse-im-wasser\/posidonia-das-meeresschutzgebiet","name":"Posidonia &amp; Das Meeresschutzgebiet - La Croix-Valmer Tourisme","isPartOf":{"@id":"https:\/\/www.lacroixvalmertourisme.com\/de#website"},"primaryImageOfPage":{"@id":"https:\/\/www.lacroixvalmertourisme.com\/de\/entdecken-entkommen\/fuesse-im-wasser\/posidonia-das-meeresschutzgebiet#primaryimage"},"image":{"@id":"https:\/\/www.lacroixvalmertourisme.com\/de\/entdecken-entkommen\/fuesse-im-wasser\/posidonia-das-meeresschutzgebiet#primaryimage"},"thumbnailUrl":"https:\/\/www.lacroixvalmertourisme.com\/wp-content\/uploads\/2024\/06\/posidonie\u00a9guillaumevoiturier-6.jpg","datePublished":"2023-11-14T11:32:31+00:00","dateModified":"2026-04-20T19:58:28+00:00","breadcrumb":{"@id":"https:\/\/www.lacroixvalmertourisme.com\/de\/entdecken-entkommen\/fuesse-im-wasser\/posidonia-das-meeresschutzgebiet#breadcrumb"},"inLanguage":"de","potentialAction":[{"@type":"ReadAction","target":["https:\/\/www.lacroixvalmertourisme.com\/de\/entdecken-entkommen\/fuesse-im-wasser\/posidonia-das-meeresschutzgebiet"]}]},{"@type":"ImageObject","inLanguage":"de","@id":"https:\/\/www.lacroixvalmertourisme.com\/de\/entdecken-entkommen\/fuesse-im-wasser\/posidonia-das-meeresschutzgebiet#primaryimage","url":"https:\/\/www.lacroixvalmertourisme.com\/wp-content\/uploads\/2024\/06\/posidonie\u00a9guillaumevoiturier-6.jpg","contentUrl":"https:\/\/www.lacroixvalmertourisme.com\/wp-content\/uploads\/2024\/06\/posidonie\u00a9guillaumevoiturier-6.jpg","width":2000,"height":1125,"caption":"default"},{"@type":"BreadcrumbList","@id":"https:\/\/www.lacroixvalmertourisme.com\/de\/entdecken-entkommen\/fuesse-im-wasser\/posidonia-das-meeresschutzgebiet#breadcrumb","itemListElement":[{"@type":"ListItem","position":1,"name":"Accueil","item":"https:\/\/www.lacroixvalmertourisme.com\/de"},{"@type":"ListItem","position":2,"name":"Entdecken","item":"https:\/\/www.lacroixvalmertourisme.com\/de\/entdecken-entkommen"},{"@type":"ListItem","position":3,"name":"Die Str\u00e4nde","item":"https:\/\/www.lacroixvalmertourisme.com\/de\/entdecken-entkommen\/fuesse-im-wasser"},{"@type":"ListItem","position":4,"name":"Posidonia &amp; Das Meeresschutzgebiet"}]},{"@type":"WebSite","@id":"https:\/\/www.lacroixvalmertourisme.com\/de#website","url":"https:\/\/www.lacroixvalmertourisme.com\/de","name":"La Croix-Valmer Tourisme","description":"Toutes les informations touristiques pour organiser votre prochain s\u00e9jour \u00e0 La Croix Valmer dans le Golfe de Saint-Tropez","publisher":{"@id":"https:\/\/www.lacroixvalmertourisme.com\/de#organization"},"potentialAction":[{"@type":"SearchAction","target":{"@type":"EntryPoint","urlTemplate":"https:\/\/www.lacroixvalmertourisme.com\/de?s={search_term_string}"},"query-input":{"@type":"PropertyValueSpecification","valueRequired":true,"valueName":"search_term_string"}}],"inLanguage":"de"},{"@type":"Organization","@id":"https:\/\/www.lacroixvalmertourisme.com\/de#organization","name":"Office de Tourisme de La Croix Valmer","url":"https:\/\/www.lacroixvalmertourisme.com\/de","logo":{"@type":"ImageObject","inLanguage":"de","@id":"https:\/\/www.lacroixvalmertourisme.com\/de#\/schema\/logo\/image\/","url":"https:\/\/www.lacroixvalmertourisme.com\/wp-content\/uploads\/2021\/06\/Logo_ot_bleu.png","contentUrl":"https:\/\/www.lacroixvalmertourisme.com\/wp-content\/uploads\/2021\/06\/Logo_ot_bleu.png","width":591,"height":454,"caption":"Office de Tourisme de La Croix Valmer"},"image":{"@id":"https:\/\/www.lacroixvalmertourisme.com\/de#\/schema\/logo\/image\/"},"sameAs":["https:\/\/www.facebook.com\/lacroixvalmertourisme\/","https:\/\/x.com\/La_Croix_Valmer","https:\/\/www.instagram.com\/lacroixvalmer_tourisme\/"]}]}},"publishpress_future_workflow_manual_trigger":{"enabledWorkflows":[]},"_links":{"self":[{"href":"https:\/\/www.lacroixvalmertourisme.com\/de\/wp-json\/wp\/v2\/pages\/13855","targetHints":{"allow":["GET"]}}],"collection":[{"href":"https:\/\/www.lacroixvalmertourisme.com\/de\/wp-json\/wp\/v2\/pages"}],"about":[{"href":"https:\/\/www.lacroixvalmertourisme.com\/de\/wp-json\/wp\/v2\/types\/page"}],"author":[{"embeddable":true,"href":"https:\/\/www.lacroixvalmertourisme.com\/de\/wp-json\/wp\/v2\/users\/4"}],"replies":[{"embeddable":true,"href":"https:\/\/www.lacroixvalmertourisme.com\/de\/wp-json\/wp\/v2\/comments?post=13855"}],"version-history":[{"count":11,"href":"https:\/\/www.lacroixvalmertourisme.com\/de\/wp-json\/wp\/v2\/pages\/13855\/revisions"}],"predecessor-version":[{"id":27055,"href":"https:\/\/www.lacroixvalmertourisme.com\/de\/wp-json\/wp\/v2\/pages\/13855\/revisions\/27055"}],"up":[{"embeddable":true,"href":"https:\/\/www.lacroixvalmertourisme.com\/de\/wp-json\/wp\/v2\/pages\/4631"}],"wp:featuredmedia":[{"embeddable":true,"href":"https:\/\/www.lacroixvalmertourisme.com\/de\/wp-json\/wp\/v2\/media\/16289"}],"wp:attachment":[{"href":"https:\/\/www.lacroixvalmertourisme.com\/de\/wp-json\/wp\/v2\/media?parent=13855"}],"curies":[{"name":"wp","href":"https:\/\/api.w.org\/{rel}","templated":true}]}}