{"id":10321,"date":"2022-12-06T09:25:31","date_gmt":"2022-12-06T08:25:31","guid":{"rendered":"https:\/\/www.lacroixvalmertourisme.com\/in-der-umgebung\/in-la-region-sud"},"modified":"2026-04-12T14:12:41","modified_gmt":"2026-04-12T12:12:41","slug":"in-la-region-sud","status":"publish","type":"page","link":"https:\/\/www.lacroixvalmertourisme.com\/de\/in-der-umgebung\/in-la-region-sud","title":{"rendered":"In La R\u00e9gion Sud"},"content":{"rendered":"\n<div class=\"wp-block-group alignwide is-layout-constrained wp-block-group-is-layout-constrained\">\n<p class=\"has-text-align-center has-secondary-50-color has-text-color has-xl-font-size wp-block-paragraph\"><strong>Die Region ist reich an symboltr\u00e4chtigen Orten und vielf\u00e4ltigen Entdeckungsm\u00f6glichkeiten. Das Team des Fremdenverkehrsamtes teilt mit Ihnen &#8222;seine unumg\u00e4nglichen Sehensw\u00fcrdigkeiten&#8220;. <\/strong><\/p>\n\n\n\n<div class=\"wp-block-columns alignfull are-vertically-aligned-center has-secondary-50-color has-text-color is-layout-flex wp-container-core-columns-is-layout-0defc3be wp-block-columns-is-layout-flex\">\n<div class=\"wp-block-column is-vertically-aligned-center is-layout-flow wp-block-column-is-layout-flow\" style=\"flex-basis:66.66%\">\n<h2 class=\"wp-block-heading has-script-font-family has-5-xl-font-size\">Le Mus\u00e9e Oc\u00e9anographique in Monaco<\/h2>\n\n\n\n<p class=\"wp-block-paragraph\">Machen Sie eine Reise! Erforschen Sie es! Ein Besuch des <a href=\"https:\/\/musee.oceano.org\/de\/\" target=\"_blank\" rel=\"noopener\"><strong>Ozeanographischen Museums<\/strong><\/a> ist ein Muss. Gehen Sie auf Entdeckungsreise in einem wundersch\u00f6nen Geb\u00e4ude, das voller Geschichte steckt und Dauer- und Wechselausstellungen bietet.<\/p>\n<\/div>\n\n\n\n<div class=\"wp-block-column is-vertically-aligned-center is-layout-flow wp-block-column-is-layout-flow\" style=\"flex-basis:33.33%\">\n<figure class=\"wp-block-image aligncenter size-large is-style-rounded is-style-rounded--1\"><a data-caption=\"20200929_110219\" href=\"https:\/\/www.lacroixvalmertourisme.com\/wp-content\/uploads\/2022\/12\/20200929_110219-1024x768.jpg\" data-fancybox=\"gallery\"><img loading=\"lazy\" decoding=\"async\" width=\"1024\" height=\"768\" sizes=\"auto, (max-width: 1024px) 100vw, 1024px\" data-tippy-content=\"20200929_110219\" data-caption=\"\u00a9jpiotrowski\" src=\"https:\/\/www.lacroixvalmertourisme.com\/wp-content\/uploads\/2022\/12\/20200929_110219-1024x768.jpg\" alt=\"\" class=\"wp-image-10203\" srcset=\"https:\/\/www.lacroixvalmertourisme.com\/wp-content\/uploads\/2022\/12\/20200929_110219-1024x768.jpg 1024w, https:\/\/www.lacroixvalmertourisme.com\/wp-content\/uploads\/2022\/12\/20200929_110219-300x225.jpg 300w, https:\/\/www.lacroixvalmertourisme.com\/wp-content\/uploads\/2022\/12\/20200929_110219-768x576.jpg 768w, https:\/\/www.lacroixvalmertourisme.com\/wp-content\/uploads\/2022\/12\/20200929_110219-1536x1152.jpg 1536w, https:\/\/www.lacroixvalmertourisme.com\/wp-content\/uploads\/2022\/12\/20200929_110219-200x150.jpg 200w, https:\/\/www.lacroixvalmertourisme.com\/wp-content\/uploads\/2022\/12\/20200929_110219.jpg 2000w\" \/><\/a><figcaption class=\"wp-element-caption\">\u00a9jpiotrowski<\/figcaption><\/figure>\n<\/div>\n<\/div>\n\n\n\n<div style=\"height:55px\" aria-hidden=\"true\" class=\"wp-block-spacer\"><\/div>\n\n\n\n<div class=\"wp-block-columns alignfull are-vertically-aligned-center has-secondary-50-color has-text-color is-layout-flex wp-container-core-columns-is-layout-0defc3be wp-block-columns-is-layout-flex\">\n<div class=\"wp-block-column is-vertically-aligned-center is-layout-flow wp-block-column-is-layout-flow\">\n<figure class=\"wp-block-image aligncenter size-large is-style-rounded is-style-rounded--2\"><a data-caption=\"\u00a9Parfums Galimard(3)\" href=\"https:\/\/www.lacroixvalmertourisme.com\/wp-content\/uploads\/2022\/12\/&#xA9;Parfums-Galimard3-1024x682.jpeg\" data-fancybox=\"gallery\"><img decoding=\"async\" sizes=\"(max-width: 1024px) 100vw, 1024px\" data-tippy-content=\"\u00a9Parfums Galimard(3)\" data-caption=\"\u00a9Parfums Galimard\" src=\"https:\/\/www.lacroixvalmertourisme.com\/wp-content\/uploads\/2022\/12\/&#xA9;Parfums-Galimard3-1024x682.jpeg\" alt=\"\" class=\"wp-image-10188\" \/><\/a><figcaption class=\"wp-element-caption\">\u00a9ParfumsGalimard<\/figcaption><\/figure>\n<\/div>\n\n\n\n<div class=\"wp-block-column is-vertically-aligned-center is-layout-flow wp-block-column-is-layout-flow\">\n<h2 class=\"wp-block-heading has-text-align-center has-script-font-family has-5-xl-font-size\">Parfumeries<br \/>in Grasse<\/h2>\n\n\n\n<p class=\"has-text-align-center wp-block-paragraph\">Weltweit bekannt, entdecken Sie die drei historischen H\u00e4user von Grasse, der Hochburg der Parf\u00fcmerie: <strong><a href=\"https:\/\/www.fragonard.com\/\" target=\"_blank\" rel=\"noreferrer noopener\">Fragonnard<\/a><\/strong>,<a href=\"https:\/\/www.molinard.com\/\" target=\"_blank\" rel=\"noreferrer noopener\">\u00a0<strong>Molinard<\/strong><\/a>,\u00a0<a href=\"https:\/\/www.galimard.com\/\" target=\"_blank\" rel=\"noreferrer noopener\"><strong>Galimard<\/strong><\/a>.<\/p>\n<\/div>\n\n\n\n<div class=\"wp-block-column is-vertically-aligned-center is-layout-flow wp-block-column-is-layout-flow\">\n<figure class=\"wp-block-image aligncenter size-large is-resized is-style-rounded is-style-rounded--3\"><a data-caption=\"\u00a9Fragonard Parfumeur\" href=\"https:\/\/www.lacroixvalmertourisme.com\/wp-content\/uploads\/2022\/12\/&#xA9;Fragonard-Parfumeur-683x1024.jpg\" data-fancybox=\"gallery\"><img decoding=\"async\" sizes=\"(max-width: 683px) 100vw, 683px\" data-tippy-content=\"\u00a9Fragonard Parfumeur\" src=\"https:\/\/www.lacroixvalmertourisme.com\/wp-content\/uploads\/2022\/12\/&#xA9;Fragonard-Parfumeur-683x1024.jpg\" alt=\"\" class=\"wp-image-10949\" style=\"width:194px;height:290px\" \/><\/a><figcaption class=\"wp-element-caption\">\u00a9ParfumsGalimard<\/figcaption><\/figure>\n<\/div>\n<\/div>\n\n\n\n<div style=\"height:55px\" aria-hidden=\"true\" class=\"wp-block-spacer\"><\/div>\n\n\n\n<div class=\"wp-block-columns alignfull are-vertically-aligned-center has-secondary-50-color has-text-color is-layout-flex wp-container-core-columns-is-layout-0defc3be wp-block-columns-is-layout-flex\">\n<div class=\"wp-block-column is-vertically-aligned-center has-secondary-50-color has-text-color is-layout-flow wp-block-column-is-layout-flow\" style=\"flex-basis:33.33%\">\n<figure class=\"wp-block-image aligncenter size-large is-style-rounded is-style-rounded--4\"><a data-caption=\"\u00a9grottecosquer(13)\" href=\"https:\/\/www.lacroixvalmertourisme.com\/wp-content\/uploads\/2022\/12\/&#xA9;grottecosquer13-1024x682.jpg\" data-fancybox=\"gallery\"><img decoding=\"async\" sizes=\"(max-width: 1024px) 100vw, 1024px\" data-tippy-content=\"\u00a9grottecosquer(13)\" data-caption=\"\u00a9grottecosquer\" src=\"https:\/\/www.lacroixvalmertourisme.com\/wp-content\/uploads\/2022\/12\/&#xA9;grottecosquer13-1024x682.jpg\" alt=\"\" class=\"wp-image-10194\" \/><\/a><figcaption class=\"wp-element-caption\">\u00a9grottecosquer<\/figcaption><\/figure>\n<\/div>\n\n\n\n<div class=\"wp-block-column is-vertically-aligned-center is-layout-flow wp-block-column-is-layout-flow\" style=\"flex-basis:66.66%\">\n<h2 class=\"wp-block-heading has-script-font-family has-5-xl-font-size\">La grotte Cosquer in Marseille<\/h2>\n\n\n\n<p class=\"wp-block-paragraph\">Gehen Sie an Bord der Cro-magnon und folgen Sie Henri Cosquer bei der Entdeckung eines Ortes, der zugleich gezeichnet und von der Zeit eingefroren wurde.<\/p>\n\n\n\n<div class=\"wp-block-buttons is-layout-flex wp-block-buttons-is-layout-flex\">\n<div class=\"wp-block-button\"><a class=\"wp-block-button__link has-secondary-50-background-color has-background wp-element-button\" href=\"https:\/\/www.grotte-cosquer.com\/\" target=\"_blank\" rel=\"noreferrer noopener\">um mehr zu erfahren<\/a><\/div>\n<\/div>\n<\/div>\n<\/div>\n\n\n\n<div style=\"height:55px\" aria-hidden=\"true\" class=\"wp-block-spacer\"><\/div>\n\n\n\n<h2 class=\"wp-block-heading has-text-align-center has-secondary-50-color has-text-color has-script-font-family has-5-xl-font-size\">Les Carri\u00e8res de lumi\u00e8re in Baux de Provence<\/h2>\n\n\n\n<div class=\"wp-block-columns alignfull are-vertically-aligned-center has-secondary-50-color has-text-color is-layout-flex wp-container-core-columns-is-layout-0defc3be wp-block-columns-is-layout-flex\">\n<div class=\"wp-block-column is-vertically-aligned-center is-layout-flow wp-block-column-is-layout-flow\">\n<figure class=\"wp-block-image aligncenter size-full is-resized is-style-rounded is-style-rounded--5\"><a data-caption=\"carrieres de lumiere\" href=\"https:\/\/www.lacroixvalmertourisme.com\/wp-content\/uploads\/2022\/12\/&#xA9;culturespaces.jpg\" data-fancybox=\"gallery\"><img decoding=\"async\" sizes=\"(max-width: 540px) 100vw, 540px\" data-tippy-content=\"carrieres de lumiere\" data-caption=\"\u00a9culturespaces\" src=\"https:\/\/www.lacroixvalmertourisme.com\/wp-content\/uploads\/2022\/12\/&#xA9;culturespaces.jpg\" alt=\"\" class=\"wp-image-10209\" style=\"width:-46px;height:-30px\" \/><\/a><figcaption class=\"wp-element-caption\">\u00a9culturespaces<\/figcaption><\/figure>\n<\/div>\n\n\n\n<div class=\"wp-block-column is-vertically-aligned-center is-layout-flow wp-block-column-is-layout-flow\">\n<p class=\"has-text-align-center wp-block-paragraph\">Entdecken Sie sowohl eine Ausstellung als auch einen Ort, der ebenso gro\u00dfartig wie grandios ist.<\/p>\n\n\n\n<div class=\"wp-block-buttons is-content-justification-center is-layout-flex wp-container-core-buttons-is-layout-9b3e53d3 wp-block-buttons-is-layout-flex\">\n<div class=\"wp-block-button\"><a class=\"wp-block-button__link has-secondary-50-background-color has-background wp-element-button\" href=\"https:\/\/www.carrieres-lumieres.com\/\" target=\"_blank\" rel=\"noreferrer noopener\">+ infos<\/a><\/div>\n<\/div>\n<\/div>\n\n\n\n<div class=\"wp-block-column is-vertically-aligned-center is-layout-flow wp-block-column-is-layout-flow\">\n<figure class=\"wp-block-image aligncenter size-large is-resized is-style-rounded is-style-rounded--6\"><a data-caption=\"37407\" href=\"https:\/\/www.lacroixvalmertourisme.com\/wp-content\/uploads\/2022\/12\/37407-1024x684.jpg\" data-fancybox=\"gallery\"><img loading=\"lazy\" decoding=\"async\" width=\"1024\" height=\"684\" sizes=\"auto, (max-width: 1024px) 100vw, 1024px\" data-tippy-content=\"37407\" data-caption=\"\u00a9carrieresdelumiere\" src=\"https:\/\/www.lacroixvalmertourisme.com\/wp-content\/uploads\/2022\/12\/37407-1024x684.jpg\" alt=\"\" class=\"wp-image-10206\" style=\"width:-35px;height:-22px\" srcset=\"https:\/\/www.lacroixvalmertourisme.com\/wp-content\/uploads\/2022\/12\/37407-1024x684.jpg 1024w, https:\/\/www.lacroixvalmertourisme.com\/wp-content\/uploads\/2022\/12\/37407-300x200.jpg 300w, https:\/\/www.lacroixvalmertourisme.com\/wp-content\/uploads\/2022\/12\/37407-768x513.jpg 768w, https:\/\/www.lacroixvalmertourisme.com\/wp-content\/uploads\/2022\/12\/37407-1536x1025.jpg 1536w, https:\/\/www.lacroixvalmertourisme.com\/wp-content\/uploads\/2022\/12\/37407-225x150.jpg 225w, https:\/\/www.lacroixvalmertourisme.com\/wp-content\/uploads\/2022\/12\/37407.jpg 2000w\" \/><\/a><figcaption class=\"wp-element-caption\">\u00a9carrieresdelumiere<\/figcaption><\/figure>\n<\/div>\n<\/div>\n\n\n\n<div style=\"height:47px\" aria-hidden=\"true\" class=\"wp-block-spacer\"><\/div>\n\n\n\n<div class=\"wp-block-columns alignfull is-layout-flex wp-container-core-columns-is-layout-0defc3be wp-block-columns-is-layout-flex\">\n<div class=\"wp-block-column is-layout-flow wp-block-column-is-layout-flow\">\n<div class=\"wp-block-buttons is-content-justification-center is-layout-flex wp-container-core-buttons-is-layout-9b3e53d3 wp-block-buttons-is-layout-flex\">\n<div class=\"wp-block-button has-custom-width wp-block-button__width-50 aligncenter is-style-fill\"><a class=\"wp-block-button__link has-secondary-50-background-color has-background wp-element-button\" href=\"https:\/\/www.lacroixvalmertourisme.com\/de\/in-der-umgebung\/im-bucht-von-saint-tropez\" target=\"_blank\" rel=\"noreferrer noopener\">Im Bucht von Saint-Tropez<\/a><\/div>\n<\/div>\n<\/div>\n\n\n\n<div class=\"wp-block-column is-layout-flow wp-block-column-is-layout-flow\">\n<div class=\"wp-block-buttons is-content-justification-center is-layout-flex wp-container-core-buttons-is-layout-9b3e53d3 wp-block-buttons-is-layout-flex\">\n<div class=\"wp-block-button has-custom-width wp-block-button__width-50 aligncenter\"><a class=\"wp-block-button__link has-secondary-50-background-color has-background wp-element-button\" href=\"https:\/\/www.lacroixvalmertourisme.com\/de\/in-der-umgebung\/in-le-var\" target=\"_blank\" rel=\"noreferrer noopener\">In le Var<\/a><\/div>\n<\/div>\n<\/div>\n<\/div>\n<\/div>\n","protected":false},"excerpt":{"rendered":"<p>Die Region ist reich an symboltr\u00e4chtigen Orten und vielf\u00e4ltigen Entdeckungsm\u00f6glichkeiten. Das Team des Fremdenverkehrsamtes teilt mit Ihnen &#8222;seine unumg\u00e4nglichen Sehensw\u00fcrdigkeiten&#8220;. Le Mus\u00e9e Oc\u00e9anographique in Monaco Machen Sie eine Reise! Erforschen Sie es! Ein Besuch des Ozeanographischen Museums ist ein Muss. Gehen Sie auf Entdeckungsreise in einem wundersch\u00f6nen Geb\u00e4ude, das voller Geschichte steckt und Dauer- und&#8230;<\/p>\n","protected":false},"author":4,"featured_media":11062,"parent":10306,"menu_order":259,"comment_status":"closed","ping_status":"closed","template":"page-plage.blade.php","meta":{"_acf_changed":false,"_crdt_document":"","footnotes":""},"class_list":["post-10321","page","type-page","status-publish","has-post-thumbnail","hentry"],"acf":{"pagepage-etendus":"compact","video_mp4":false,"poster_image":false,"nugget":false,"page-virtuelle":false,"video_webm":false,"pagepage-updown":false,"autoplay":false,"delay":"","title_alignement":""},"yoast_head":"<!-- This site is optimized with the Yoast SEO plugin v27.5 - https:\/\/yoast.com\/product\/yoast-seo-wordpress\/ -->\n<title>In La R\u00e9gion Sud - La Croix-Valmer Tourisme<\/title>\n<meta name=\"robots\" content=\"index, follow, max-snippet:-1, max-image-preview:large, max-video-preview:-1\" \/>\n<link rel=\"canonical\" href=\"https:\/\/www.lacroixvalmertourisme.com\/de\/in-der-umgebung\/in-la-region-sud\" \/>\n<meta property=\"og:locale\" content=\"de_DE\" \/>\n<meta property=\"og:type\" content=\"article\" \/>\n<meta property=\"og:title\" content=\"In La R\u00e9gion Sud - La Croix-Valmer Tourisme\" \/>\n<meta property=\"og:description\" content=\"Die Region ist reich an symboltr\u00e4chtigen Orten und vielf\u00e4ltigen Entdeckungsm\u00f6glichkeiten. Das Team des Fremdenverkehrsamtes teilt mit Ihnen &#8222;seine unumg\u00e4nglichen Sehensw\u00fcrdigkeiten&#8220;. Le Mus\u00e9e Oc\u00e9anographique in Monaco Machen Sie eine Reise! Erforschen Sie es! Ein Besuch des Ozeanographischen Museums ist ein Muss. Gehen Sie auf Entdeckungsreise in einem wundersch\u00f6nen Geb\u00e4ude, das voller Geschichte steckt und Dauer- und...\" \/>\n<meta property=\"og:url\" content=\"https:\/\/www.lacroixvalmertourisme.com\/de\/in-der-umgebung\/in-la-region-sud\" \/>\n<meta property=\"og:site_name\" content=\"La Croix-Valmer Tourisme\" \/>\n<meta property=\"article:publisher\" content=\"https:\/\/www.facebook.com\/lacroixvalmertourisme\/\" \/>\n<meta property=\"article:modified_time\" content=\"2026-04-12T12:12:41+00:00\" \/>\n<meta property=\"og:image\" content=\"https:\/\/www.lacroixvalmertourisme.com\/wp-content\/uploads\/2023\/01\/CRTPACA_2020110_22323.jpg\" \/>\n\t<meta property=\"og:image:width\" content=\"2000\" \/>\n\t<meta property=\"og:image:height\" content=\"1500\" \/>\n\t<meta property=\"og:image:type\" content=\"image\/jpeg\" \/>\n<meta name=\"twitter:card\" content=\"summary_large_image\" \/>\n<meta name=\"twitter:site\" content=\"@La_Croix_Valmer\" \/>\n<meta name=\"twitter:label1\" content=\"Gesch\u00e4tzte Lesezeit\" \/>\n\t<meta name=\"twitter:data1\" content=\"1\u00a0Minute\" \/>\n<!-- \/ Yoast SEO plugin. -->","yoast_head_json":{"title":"In La R\u00e9gion Sud - La Croix-Valmer Tourisme","robots":{"index":"index","follow":"follow","max-snippet":"max-snippet:-1","max-image-preview":"max-image-preview:large","max-video-preview":"max-video-preview:-1"},"canonical":"https:\/\/www.lacroixvalmertourisme.com\/de\/in-der-umgebung\/in-la-region-sud","og_locale":"de_DE","og_type":"article","og_title":"In La R\u00e9gion Sud - La Croix-Valmer Tourisme","og_description":"Die Region ist reich an symboltr\u00e4chtigen Orten und vielf\u00e4ltigen Entdeckungsm\u00f6glichkeiten. Das Team des Fremdenverkehrsamtes teilt mit Ihnen &#8222;seine unumg\u00e4nglichen Sehensw\u00fcrdigkeiten&#8220;. Le Mus\u00e9e Oc\u00e9anographique in Monaco Machen Sie eine Reise! Erforschen Sie es! Ein Besuch des Ozeanographischen Museums ist ein Muss. Gehen Sie auf Entdeckungsreise in einem wundersch\u00f6nen Geb\u00e4ude, das voller Geschichte steckt und Dauer- und...","og_url":"https:\/\/www.lacroixvalmertourisme.com\/de\/in-der-umgebung\/in-la-region-sud","og_site_name":"La Croix-Valmer Tourisme","article_publisher":"https:\/\/www.facebook.com\/lacroixvalmertourisme\/","article_modified_time":"2026-04-12T12:12:41+00:00","og_image":[{"width":2000,"height":1500,"url":"https:\/\/www.lacroixvalmertourisme.com\/wp-content\/uploads\/2023\/01\/CRTPACA_2020110_22323.jpg","type":"image\/jpeg"}],"twitter_card":"summary_large_image","twitter_site":"@La_Croix_Valmer","twitter_misc":{"Gesch\u00e4tzte Lesezeit":"1\u00a0Minute"},"schema":{"@context":"https:\/\/schema.org","@graph":[{"@type":"WebPage","@id":"https:\/\/www.lacroixvalmertourisme.com\/de\/in-der-umgebung\/in-la-region-sud","url":"https:\/\/www.lacroixvalmertourisme.com\/de\/in-der-umgebung\/in-la-region-sud","name":"In La R\u00e9gion Sud - La Croix-Valmer Tourisme","isPartOf":{"@id":"https:\/\/www.lacroixvalmertourisme.com\/de#website"},"primaryImageOfPage":{"@id":"https:\/\/www.lacroixvalmertourisme.com\/de\/in-der-umgebung\/in-la-region-sud#primaryimage"},"image":{"@id":"https:\/\/www.lacroixvalmertourisme.com\/de\/in-der-umgebung\/in-la-region-sud#primaryimage"},"thumbnailUrl":"https:\/\/www.lacroixvalmertourisme.com\/wp-content\/uploads\/2023\/01\/CRTPACA_2020110_22323.jpg","datePublished":"2022-12-06T08:25:31+00:00","dateModified":"2026-04-12T12:12:41+00:00","breadcrumb":{"@id":"https:\/\/www.lacroixvalmertourisme.com\/de\/in-der-umgebung\/in-la-region-sud#breadcrumb"},"inLanguage":"de","potentialAction":[{"@type":"ReadAction","target":["https:\/\/www.lacroixvalmertourisme.com\/de\/in-der-umgebung\/in-la-region-sud"]}]},{"@type":"ImageObject","inLanguage":"de","@id":"https:\/\/www.lacroixvalmertourisme.com\/de\/in-der-umgebung\/in-la-region-sud#primaryimage","url":"https:\/\/www.lacroixvalmertourisme.com\/wp-content\/uploads\/2023\/01\/CRTPACA_2020110_22323.jpg","contentUrl":"https:\/\/www.lacroixvalmertourisme.com\/wp-content\/uploads\/2023\/01\/CRTPACA_2020110_22323.jpg","width":2000,"height":1500},{"@type":"BreadcrumbList","@id":"https:\/\/www.lacroixvalmertourisme.com\/de\/in-der-umgebung\/in-la-region-sud#breadcrumb","itemListElement":[{"@type":"ListItem","position":1,"name":"Accueil","item":"https:\/\/www.lacroixvalmertourisme.com\/de"},{"@type":"ListItem","position":2,"name":"In der Umgebung","item":"https:\/\/www.lacroixvalmertourisme.com\/de\/in-der-umgebung"},{"@type":"ListItem","position":3,"name":"In La R\u00e9gion Sud"}]},{"@type":"WebSite","@id":"https:\/\/www.lacroixvalmertourisme.com\/de#website","url":"https:\/\/www.lacroixvalmertourisme.com\/de","name":"La Croix-Valmer Tourisme","description":"Toutes les informations touristiques pour organiser votre prochain s\u00e9jour \u00e0 La Croix Valmer dans le Golfe de Saint-Tropez","publisher":{"@id":"https:\/\/www.lacroixvalmertourisme.com\/de#organization"},"potentialAction":[{"@type":"SearchAction","target":{"@type":"EntryPoint","urlTemplate":"https:\/\/www.lacroixvalmertourisme.com\/de?s={search_term_string}"},"query-input":{"@type":"PropertyValueSpecification","valueRequired":true,"valueName":"search_term_string"}}],"inLanguage":"de"},{"@type":"Organization","@id":"https:\/\/www.lacroixvalmertourisme.com\/de#organization","name":"Office de Tourisme de La Croix Valmer","url":"https:\/\/www.lacroixvalmertourisme.com\/de","logo":{"@type":"ImageObject","inLanguage":"de","@id":"https:\/\/www.lacroixvalmertourisme.com\/de#\/schema\/logo\/image\/","url":"https:\/\/www.lacroixvalmertourisme.com\/wp-content\/uploads\/2021\/06\/Logo_ot_bleu.png","contentUrl":"https:\/\/www.lacroixvalmertourisme.com\/wp-content\/uploads\/2021\/06\/Logo_ot_bleu.png","width":591,"height":454,"caption":"Office de Tourisme de La Croix Valmer"},"image":{"@id":"https:\/\/www.lacroixvalmertourisme.com\/de#\/schema\/logo\/image\/"},"sameAs":["https:\/\/www.facebook.com\/lacroixvalmertourisme\/","https:\/\/x.com\/La_Croix_Valmer","https:\/\/www.instagram.com\/lacroixvalmer_tourisme\/"]}]}},"publishpress_future_workflow_manual_trigger":{"enabledWorkflows":[]},"_links":{"self":[{"href":"https:\/\/www.lacroixvalmertourisme.com\/de\/wp-json\/wp\/v2\/pages\/10321","targetHints":{"allow":["GET"]}}],"collection":[{"href":"https:\/\/www.lacroixvalmertourisme.com\/de\/wp-json\/wp\/v2\/pages"}],"about":[{"href":"https:\/\/www.lacroixvalmertourisme.com\/de\/wp-json\/wp\/v2\/types\/page"}],"author":[{"embeddable":true,"href":"https:\/\/www.lacroixvalmertourisme.com\/de\/wp-json\/wp\/v2\/users\/4"}],"replies":[{"embeddable":true,"href":"https:\/\/www.lacroixvalmertourisme.com\/de\/wp-json\/wp\/v2\/comments?post=10321"}],"version-history":[{"count":5,"href":"https:\/\/www.lacroixvalmertourisme.com\/de\/wp-json\/wp\/v2\/pages\/10321\/revisions"}],"predecessor-version":[{"id":25956,"href":"https:\/\/www.lacroixvalmertourisme.com\/de\/wp-json\/wp\/v2\/pages\/10321\/revisions\/25956"}],"up":[{"embeddable":true,"href":"https:\/\/www.lacroixvalmertourisme.com\/de\/wp-json\/wp\/v2\/pages\/10306"}],"wp:featuredmedia":[{"embeddable":true,"href":"https:\/\/www.lacroixvalmertourisme.com\/de\/wp-json\/wp\/v2\/media\/11062"}],"wp:attachment":[{"href":"https:\/\/www.lacroixvalmertourisme.com\/de\/wp-json\/wp\/v2\/media?parent=10321"}],"curies":[{"name":"wp","href":"https:\/\/api.w.org\/{rel}","templated":true}]}}