{"id":10317,"date":"2022-12-06T08:43:56","date_gmt":"2022-12-06T07:43:56","guid":{"rendered":"https:\/\/www.lacroixvalmertourisme.com\/in-der-umgebung\/in-le-var"},"modified":"2026-04-26T18:53:24","modified_gmt":"2026-04-26T16:53:24","slug":"in-le-var","status":"publish","type":"page","link":"https:\/\/www.lacroixvalmertourisme.com\/de\/in-der-umgebung\/in-le-var","title":{"rendered":"In Le Var"},"content":{"rendered":"\n<div class=\"wp-block-group alignwide is-layout-constrained wp-block-group-is-layout-constrained\">\n<h3 class=\"wp-block-heading has-text-align-center has-secondary-50-color has-text-color\"><strong>Im D\u00e9partement Var gibt es viele wahre Nuggets zu entdecken. Unsere Lieblingspl\u00e4tze geben Ihnen einen \u00dcberblick \u00fcber diese Reicht\u00fcmer. <\/strong><\/h3>\n\n\n\n<div style=\"height:55px\" aria-hidden=\"true\" class=\"wp-block-spacer\"><\/div>\n\n\n\n<h2 class=\"wp-block-heading has-text-align-center has-secondary-50-color has-text-color has-script-font-family has-5-xl-font-size\">Les Gorges du Verdon<\/h2>\n\n\n\n<div class=\"wp-block-columns alignfull are-vertically-aligned-center has-secondary-50-color has-text-color is-layout-flex wp-container-core-columns-is-layout-0defc3be wp-block-columns-is-layout-flex\">\n<div class=\"wp-block-column is-vertically-aligned-center is-layout-flow wp-block-column-is-layout-flow\">\n<figure class=\"wp-block-image aligncenter size-large is-style-rounded is-style-rounded--1\"><a data-caption=\"\u00a9Philippe Murtas 1\" href=\"https:\/\/www.lacroixvalmertourisme.com\/wp-content\/uploads\/2022\/12\/&#xA9;Philippe-Murtas-1-1024x590.jpg\" data-fancybox=\"gallery\"><img decoding=\"async\" sizes=\"(max-width: 1024px) 100vw, 1024px\" data-tippy-content=\"\u00a9Philippe Murtas 1\" data-caption=\"\u00a9PhilippeMurtas\" src=\"https:\/\/www.lacroixvalmertourisme.com\/wp-content\/uploads\/2022\/12\/&#xA9;Philippe-Murtas-1-1024x590.jpg\" alt=\"\" class=\"wp-image-10140\" \/><\/a><figcaption class=\"wp-element-caption\">\u00a9PhilippeMurtas<\/figcaption><\/figure>\n<\/div>\n\n\n\n<div class=\"wp-block-column is-vertically-aligned-center is-layout-flow wp-block-column-is-layout-flow\">\n<p class=\"has-text-align-center wp-block-paragraph\">F\u00fcr alle, die Nervenkitzel und sch\u00f6ne Landschaften lieben! Der Grand Canyon bildet einen gigantischen Einschnitt, der aussieht, als w\u00e4re er von den G\u00f6ttern geschnitzt worden. Ideal zum Canyoning, Rafting, Kanu- oder Kajakfahren, <a href=\"https:\/\/lesgorgesduverdon.fr\/\" target=\"_blank\" rel=\"noopener\"><strong>ein einzigartiges Gebiet in Frankreich<\/strong><\/a>.<\/p>\n<\/div>\n\n\n\n<div class=\"wp-block-column is-vertically-aligned-center is-layout-flow wp-block-column-is-layout-flow\">\n<figure class=\"wp-block-image aligncenter size-large is-style-rounded is-style-rounded--2\"><a data-caption=\"\u00a9Philippe Murtas\" href=\"https:\/\/www.lacroixvalmertourisme.com\/wp-content\/uploads\/2022\/12\/&#xA9;Philippe-Murtas-1024x682.jpg\" data-fancybox=\"gallery\"><img decoding=\"async\" sizes=\"(max-width: 1024px) 100vw, 1024px\" data-tippy-content=\"\u00a9Philippe Murtas\" data-caption=\"\u00a9PhilippeMurtas\" src=\"https:\/\/www.lacroixvalmertourisme.com\/wp-content\/uploads\/2022\/12\/&#xA9;Philippe-Murtas-1024x682.jpg\" alt=\"\" class=\"wp-image-10143\" \/><\/a><figcaption class=\"wp-element-caption\">\u00a9PhilippeMurtas<\/figcaption><\/figure>\n<\/div>\n<\/div>\n\n\n\n<div style=\"height:55px\" aria-hidden=\"true\" class=\"wp-block-spacer\"><\/div>\n\n\n\n<div class=\"wp-block-columns alignfull has-secondary-50-color has-text-color is-layout-flex wp-container-core-columns-is-layout-0defc3be wp-block-columns-is-layout-flex\">\n<div class=\"wp-block-column is-layout-flow wp-block-column-is-layout-flow\">\n<h2 class=\"wp-block-heading has-text-align-center has-script-font-family has-5-xl-font-size\">La Chartreuse de la Verne<br \/>in Collobri\u00e8res<\/h2>\n\n\n\n<figure class=\"wp-block-image aligncenter size-large is-resized is-style-rounded is-style-rounded--3\"><a data-caption=\"COLLOBRIERES_ruelle_village \u00a9OTILaLonde\" href=\"https:\/\/www.lacroixvalmertourisme.com\/wp-content\/uploads\/2022\/12\/COLLOBRIERES_ruelle_village-&#xA9;OTILaLonde-1021x1024.jpg\" data-fancybox=\"gallery\"><img decoding=\"async\" sizes=\"(max-width: 1021px) 100vw, 1021px\" data-tippy-content=\"COLLOBRIERES_ruelle_village \u00a9OTILaLonde\" data-caption=\"\u00a9OTILaLonde\" src=\"https:\/\/www.lacroixvalmertourisme.com\/wp-content\/uploads\/2022\/12\/COLLOBRIERES_ruelle_village-&#xA9;OTILaLonde-1021x1024.jpg\" alt=\"\" class=\"wp-image-10131\" style=\"width:255px;height:256px\" \/><\/a><figcaption class=\"wp-element-caption\">\u00a9OTILaLonde<\/figcaption><\/figure>\n\n\n\n<p class=\"has-text-align-center wp-block-paragraph\"><a href=\"https:\/\/www.visitvar.fr\/en\/have-fun\/visits-and-heritage\/sites-and-monuments\/la-chartreuse-de-la-verne\/\" target=\"_blank\" rel=\"noopener\"><strong>Collobri\u00e8res<\/strong><\/a>, die Hauptstadt der Mauren, ist ein kleines Dorf, das von Weinbergen und Kastanienb\u00e4umen umgeben ist. Zahlreiche Wanderwege und Pfade f\u00fchren hier vorbei oder beginnen hier. Ein Muss ist das <strong>Kastanienfest<\/strong>, das hier jedes Jahr im Oktober stattfindet. Besuchen Sie auch das <strong>Chartreuse de la Verne<\/strong>, das als &#8222;\u00dcberreste im Wald&#8220; unter Denkmalschutz steht und ein religi\u00f6ses Juwel ist, dessen Sch\u00f6nheit durch die Geschichte noch verst\u00e4rkt wird.<\/p>\n\n\n\n<figure class=\"wp-block-image aligncenter size-large is-resized is-style-rounded is-style-rounded--4\"><a data-caption=\"Collobri\u00e8res_Chatreuse de la Verne \u00a9OTILaLonde\" href=\"https:\/\/www.lacroixvalmertourisme.com\/wp-content\/uploads\/2022\/12\/Collobrieres_Chatreuse-de-la-Verne-&#xA9;OTILaLonde-1024x683.jpg\" data-fancybox=\"gallery\"><img decoding=\"async\" sizes=\"(max-width: 1024px) 100vw, 1024px\" data-tippy-content=\"Collobri\u00e8res_Chatreuse de la Verne \u00a9OTILaLonde\" data-caption=\"\u00a9OTILaLonde\" src=\"https:\/\/www.lacroixvalmertourisme.com\/wp-content\/uploads\/2022\/12\/Collobrieres_Chatreuse-de-la-Verne-&#xA9;OTILaLonde-1024x683.jpg\" alt=\"\" class=\"wp-image-10128\" style=\"width:512px;height:342px\" \/><\/a><figcaption class=\"wp-element-caption\">\u00a9OTILaLonde<\/figcaption><\/figure>\n\n\n\n<div style=\"height:55px\" aria-hidden=\"true\" class=\"wp-block-spacer\"><\/div>\n<\/div>\n\n\n\n<div class=\"wp-block-column is-layout-flow wp-block-column-is-layout-flow\">\n<h2 class=\"wp-block-heading has-text-align-center has-script-font-family has-5-xl-font-size\">Le Fort de Br\u00e9gan\u00e7on<br \/>in Bormes les Mimosas<\/h2>\n\n\n\n<figure class=\"wp-block-image aligncenter size-large is-resized is-style-rounded is-style-rounded--5\"><a data-caption=\"@damien bonfils (67)\" href=\"https:\/\/www.lacroixvalmertourisme.com\/wp-content\/uploads\/2022\/12\/@damien-bonfils-67-1024x678.jpg\" data-fancybox=\"gallery\"><img loading=\"lazy\" decoding=\"async\" width=\"1024\" height=\"678\" sizes=\"auto, (max-width: 1024px) 100vw, 1024px\" data-tippy-content=\"@damien bonfils (67)\" data-caption=\"@damienbonfils\" src=\"https:\/\/www.lacroixvalmertourisme.com\/wp-content\/uploads\/2022\/12\/@damien-bonfils-67-1024x678.jpg\" alt=\"\" class=\"wp-image-10137\" style=\"width:256px;height:170px\" srcset=\"https:\/\/www.lacroixvalmertourisme.com\/wp-content\/uploads\/2022\/12\/@damien-bonfils-67-1024x678.jpg 1024w, https:\/\/www.lacroixvalmertourisme.com\/wp-content\/uploads\/2022\/12\/@damien-bonfils-67-300x199.jpg 300w, https:\/\/www.lacroixvalmertourisme.com\/wp-content\/uploads\/2022\/12\/@damien-bonfils-67-768x509.jpg 768w, https:\/\/www.lacroixvalmertourisme.com\/wp-content\/uploads\/2022\/12\/@damien-bonfils-67-1536x1018.jpg 1536w, https:\/\/www.lacroixvalmertourisme.com\/wp-content\/uploads\/2022\/12\/@damien-bonfils-67-226x150.jpg 226w, https:\/\/www.lacroixvalmertourisme.com\/wp-content\/uploads\/2022\/12\/@damien-bonfils-67.jpg 2000w\" \/><\/a><figcaption class=\"wp-element-caption\">@damienbonfils<\/figcaption><\/figure>\n\n\n\n<p class=\"has-text-align-center wp-block-paragraph\"><a href=\"https:\/\/www.bormeslesmimosas.com\/fr\/quoi-faire\/visites-et-patrimoine\/le-fort-de-bregancon\" target=\"_blank\" rel=\"noopener\"><strong>Staatsresidenz<\/strong><\/a>, die als offizieller Urlaubsort des Pr\u00e4sidenten der Franz\u00f6sischen Republik genutzt wird, ist seit dem 12. Oktober 2013 f\u00fcr die \u00d6ffentlichkeit zug\u00e4nglich (das Fort bleibt jedoch eine offizielle Residenz des Pr\u00e4sidenten der Republik). Das Fort, das bis 2018 vom Centre des monuments nationaux verwaltet wurde, steht nun unter der direkten Verwaltung des \u00c9lys\u00e9e, bleibt aber auch in Abwesenheit des Pr\u00e4sidentenpaares f\u00fcr die \u00d6ffentlichkeit zug\u00e4nglich. Bei Ihrem Besuch k\u00f6nnen Sie das Pr\u00e4sidentenb\u00fcro besichtigen (nur die Privatgem\u00e4cher sind geschlossen).<\/p>\n\n\n\n<figure class=\"wp-block-image aligncenter size-large is-style-rounded is-style-rounded--6\"><a data-caption=\"@damien bonfils (54)\" href=\"https:\/\/www.lacroixvalmertourisme.com\/wp-content\/uploads\/2022\/12\/@damien-bonfils-54-1024x678.jpg\" data-fancybox=\"gallery\"><img loading=\"lazy\" decoding=\"async\" width=\"1024\" height=\"678\" sizes=\"auto, (max-width: 1024px) 100vw, 1024px\" data-tippy-content=\"@damien bonfils (54)\" data-caption=\"@damienbonfils\" src=\"https:\/\/www.lacroixvalmertourisme.com\/wp-content\/uploads\/2022\/12\/@damien-bonfils-54-1024x678.jpg\" alt=\"\" class=\"wp-image-10134\" srcset=\"https:\/\/www.lacroixvalmertourisme.com\/wp-content\/uploads\/2022\/12\/@damien-bonfils-54-1024x678.jpg 1024w, https:\/\/www.lacroixvalmertourisme.com\/wp-content\/uploads\/2022\/12\/@damien-bonfils-54-300x199.jpg 300w, https:\/\/www.lacroixvalmertourisme.com\/wp-content\/uploads\/2022\/12\/@damien-bonfils-54-768x509.jpg 768w, https:\/\/www.lacroixvalmertourisme.com\/wp-content\/uploads\/2022\/12\/@damien-bonfils-54-1536x1018.jpg 1536w, https:\/\/www.lacroixvalmertourisme.com\/wp-content\/uploads\/2022\/12\/@damien-bonfils-54-226x150.jpg 226w, https:\/\/www.lacroixvalmertourisme.com\/wp-content\/uploads\/2022\/12\/@damien-bonfils-54.jpg 2000w\" \/><\/a><figcaption class=\"wp-element-caption\">@damienbonfils<\/figcaption><\/figure>\n\n\n\n<div style=\"height:0px\" aria-hidden=\"true\" class=\"wp-block-spacer\"><\/div>\n<\/div>\n<\/div>\n\n\n\n<div class=\"wp-block-columns alignfull are-vertically-aligned-center has-secondary-50-color has-text-color is-layout-flex wp-container-core-columns-is-layout-0defc3be wp-block-columns-is-layout-flex\">\n<div class=\"wp-block-column is-vertically-aligned-center is-layout-flow wp-block-column-is-layout-flow\" style=\"flex-basis:33.33%\">\n<figure class=\"wp-block-image aligncenter size-large is-style-rounded is-style-rounded--7\"><a data-caption=\"OTPM_006084_HD\" href=\"https:\/\/www.lacroixvalmertourisme.com\/wp-content\/uploads\/2022\/12\/OTPM_006084_HD-1024x682.jpg\" data-fancybox=\"gallery\"><img loading=\"lazy\" decoding=\"async\" width=\"1024\" height=\"682\" sizes=\"auto, (max-width: 1024px) 100vw, 1024px\" data-tippy-content=\"OTPM_006084_HD\" data-caption=\"\u00a9otpm\" src=\"https:\/\/www.lacroixvalmertourisme.com\/wp-content\/uploads\/2022\/12\/OTPM_006084_HD-1024x682.jpg\" alt=\"\" class=\"wp-image-10152\" srcset=\"https:\/\/www.lacroixvalmertourisme.com\/wp-content\/uploads\/2022\/12\/OTPM_006084_HD-1024x682.jpg 1024w, https:\/\/www.lacroixvalmertourisme.com\/wp-content\/uploads\/2022\/12\/OTPM_006084_HD-300x200.jpg 300w, https:\/\/www.lacroixvalmertourisme.com\/wp-content\/uploads\/2022\/12\/OTPM_006084_HD-768x512.jpg 768w, https:\/\/www.lacroixvalmertourisme.com\/wp-content\/uploads\/2022\/12\/OTPM_006084_HD-1536x1024.jpg 1536w, https:\/\/www.lacroixvalmertourisme.com\/wp-content\/uploads\/2022\/12\/OTPM_006084_HD-225x150.jpg 225w, https:\/\/www.lacroixvalmertourisme.com\/wp-content\/uploads\/2022\/12\/OTPM_006084_HD.jpg 2000w\" \/><\/a><figcaption class=\"wp-element-caption\">\u00a9otpm<\/figcaption><\/figure>\n<\/div>\n\n\n\n<div class=\"wp-block-column is-vertically-aligned-center is-layout-flow wp-block-column-is-layout-flow\" style=\"flex-basis:66.66%\">\n<h2 class=\"wp-block-heading has-script-font-family has-5-xl-font-size\">Porquerolles &amp; Port-Cros<\/h2>\n\n\n\n<p class=\"wp-block-paragraph\">Die Insel Porquerolles ist ein magischer Ort, der nur wenige Minuten mit dem Boot von der Halbinsel Giens entfernt liegt. Entdecken Sie die Vielfalt der Insel: im S\u00fcden eine zerkl\u00fcftete K\u00fcste mit Calanques, im Norden ein tropisches Ambiente mit feinen Sandstr\u00e4nden und t\u00fcrkisfarbenem Wasser und im Zentrum kultivierte Ebenen, auf denen sich die Pflanzensammlungen des botanischen Konservatoriums erstrecken.<\/p>\n\n\n\n<p class=\"wp-block-paragraph\">Port-Cros, das wilder und unber\u00fchrter ist, ist das Herzst\u00fcck eines der ersten Nationalparks in Frankreich. Hier gibt es keinen Asphalt, keine Fahrr\u00e4der oder Autos, sondern nur Wald und das kristallklare Meer. In der Saison gibt es Pendelbusse von La Croix Valmer und Cavalaire, mit denen Sie die beiden Inseln erkunden k\u00f6nnen. <\/p>\n\n\n\n<div class=\"wp-block-buttons is-layout-flex wp-block-buttons-is-layout-flex\">\n<div class=\"wp-block-button\"><a class=\"wp-block-button__link has-secondary-50-background-color has-background wp-element-button\" href=\"https:\/\/www.provencemed.com\/\" target=\"_blank\" rel=\"noreferrer noopener\">Hy\u00e8res Tourisme &#8211; les \u00eeles d&#8217;Or<\/a><\/div>\n<\/div>\n<\/div>\n<\/div>\n\n\n\n<div style=\"height:55px\" aria-hidden=\"true\" class=\"wp-block-spacer\"><\/div>\n\n\n\n<div class=\"wp-block-columns alignfull are-vertically-aligned-center has-secondary-50-color has-text-color has-script-font-family is-layout-flex wp-container-core-columns-is-layout-0defc3be wp-block-columns-is-layout-flex\">\n<div class=\"wp-block-column is-vertically-aligned-center has-sans-font-family is-layout-flow wp-block-column-is-layout-flow\" style=\"flex-basis:33.33%\">\n<figure class=\"wp-block-image aligncenter size-large is-style-rounded is-style-rounded--8\"><a data-caption=\"OTPM_004932_HD\" href=\"https:\/\/www.lacroixvalmertourisme.com\/wp-content\/uploads\/2022\/12\/OTPM_004932_HD-1024x682.jpg\" data-fancybox=\"gallery\"><img loading=\"lazy\" decoding=\"async\" width=\"1024\" height=\"682\" sizes=\"auto, (max-width: 1024px) 100vw, 1024px\" data-tippy-content=\"OTPM_004932_HD\" data-caption=\"\u00a9otpm\" src=\"https:\/\/www.lacroixvalmertourisme.com\/wp-content\/uploads\/2022\/12\/OTPM_004932_HD-1024x682.jpg\" alt=\"\" class=\"wp-image-10158\" srcset=\"https:\/\/www.lacroixvalmertourisme.com\/wp-content\/uploads\/2022\/12\/OTPM_004932_HD-1024x682.jpg 1024w, https:\/\/www.lacroixvalmertourisme.com\/wp-content\/uploads\/2022\/12\/OTPM_004932_HD-300x200.jpg 300w, https:\/\/www.lacroixvalmertourisme.com\/wp-content\/uploads\/2022\/12\/OTPM_004932_HD-768x512.jpg 768w, https:\/\/www.lacroixvalmertourisme.com\/wp-content\/uploads\/2022\/12\/OTPM_004932_HD-1536x1023.jpg 1536w, https:\/\/www.lacroixvalmertourisme.com\/wp-content\/uploads\/2022\/12\/OTPM_004932_HD-225x150.jpg 225w, https:\/\/www.lacroixvalmertourisme.com\/wp-content\/uploads\/2022\/12\/OTPM_004932_HD.jpg 1600w\" \/><\/a><figcaption class=\"wp-element-caption\">\u00a9otpm<\/figcaption><\/figure>\n<\/div>\n\n\n\n<div class=\"wp-block-column is-vertically-aligned-center is-layout-flow wp-block-column-is-layout-flow\" style=\"flex-basis:66.66%\">\n<h2 class=\"wp-block-heading has-script-font-family has-5-xl-font-size\">La rade de Toulon &amp; le Mont Faron<\/h2>\n\n\n\n<p class=\"has-sans-font-family wp-block-paragraph\">Der Mont Faron, der mit einer Seilbahn erreichbar ist, besitzt ein bedeutendes Reservat f\u00fcr gef\u00e4hrdete Naturarten, insbesondere Raubkatzen. Au\u00dferdem gibt es zahlreiche historische Relikte, die mit der Verteidigung der Stadt zu tun haben, sowie ein Denkmal, das an die Landung in der Provence erinnert. Von der Spitze des Berges aus haben Sie einen beeindruckenden Blick auf Toulon und seine Reede, die heute den Zivil- und den Milit\u00e4rhafen beherbergt.<\/p>\n\n\n\n<div class=\"wp-block-buttons is-layout-flex wp-block-buttons-is-layout-flex\">\n<div class=\"wp-block-button\"><a class=\"wp-block-button__link has-secondary-50-background-color has-background has-sans-font-family wp-element-button\" href=\"https:\/\/toulontourisme.com\/fr\/que-faire-toulon\/toulon-cote-mer\/rade-de-toulon-musee-marine\/\" target=\"_blank\" rel=\"noreferrer noopener\">um mehr zu erfahren<\/a><\/div>\n<\/div>\n<\/div>\n<\/div>\n\n\n\n<div style=\"height:55px\" aria-hidden=\"true\" class=\"wp-block-spacer\"><\/div>\n\n\n\n<div class=\"wp-block-columns alignfull is-layout-flex wp-container-core-columns-is-layout-0defc3be wp-block-columns-is-layout-flex\">\n<div class=\"wp-block-column is-layout-flow wp-block-column-is-layout-flow\">\n<div class=\"wp-block-buttons alignfull is-content-justification-center is-layout-flex wp-container-core-buttons-is-layout-44f1f8fb wp-block-buttons-is-layout-flex\">\n<div class=\"wp-block-button has-custom-width wp-block-button__width-50 aligncenter is-style-fill\"><a class=\"wp-block-button__link has-secondary-50-background-color has-background wp-element-button\" href=\"https:\/\/www.lacroixvalmertourisme.com\/de\/in-der-umgebung\/im-bucht-von-saint-tropez\" target=\"_blank\" rel=\"noreferrer noopener\">Im Bucht von Saint-Tropez<\/a><\/div>\n<\/div>\n<\/div>\n\n\n\n<div class=\"wp-block-column is-layout-flow wp-block-column-is-layout-flow\">\n<div class=\"wp-block-buttons alignfull is-content-justification-center is-layout-flex wp-container-core-buttons-is-layout-9b3e53d3 wp-block-buttons-is-layout-flex\">\n<div class=\"wp-block-button has-custom-width wp-block-button__width-50 aligncenter\"><a class=\"wp-block-button__link has-secondary-50-background-color has-background wp-element-button\" href=\"https:\/\/www.lacroixvalmertourisme.com\/de\/in-der-umgebung\/in-la-region-sud\" target=\"_blank\" rel=\"noreferrer noopener\">In la R\u00e9gion Sud<\/a><\/div>\n<\/div>\n<\/div>\n<\/div>\n<\/div>\n","protected":false},"excerpt":{"rendered":"<p>Im D\u00e9partement Var gibt es viele wahre Nuggets zu entdecken. Unsere Lieblingspl\u00e4tze geben Ihnen einen \u00dcberblick \u00fcber diese Reicht\u00fcmer. Les Gorges du Verdon F\u00fcr alle, die Nervenkitzel und sch\u00f6ne Landschaften lieben! Der Grand Canyon bildet einen gigantischen Einschnitt, der aussieht, als w\u00e4re er von den G\u00f6ttern geschnitzt worden. Ideal zum Canyoning, Rafting, Kanu- oder Kajakfahren,&#8230;<\/p>\n","protected":false},"author":4,"featured_media":11015,"parent":10306,"menu_order":254,"comment_status":"closed","ping_status":"closed","template":"page-plage.blade.php","meta":{"_acf_changed":false,"_crdt_document":"","footnotes":""},"class_list":["post-10317","page","type-page","status-publish","has-post-thumbnail","hentry"],"acf":{"pagepage-etendus":"compact","video_mp4":false,"poster_image":false,"nugget":false,"page-virtuelle":false,"video_webm":false,"pagepage-updown":false,"autoplay":false,"delay":"","title_alignement":""},"yoast_head":"<!-- This site is optimized with the Yoast SEO plugin v27.5 - https:\/\/yoast.com\/product\/yoast-seo-wordpress\/ -->\n<title>In Le Var - La Croix-Valmer Tourisme<\/title>\n<meta name=\"robots\" content=\"index, follow, max-snippet:-1, max-image-preview:large, max-video-preview:-1\" \/>\n<link rel=\"canonical\" href=\"https:\/\/www.lacroixvalmertourisme.com\/de\/in-der-umgebung\/in-le-var\" \/>\n<meta property=\"og:locale\" content=\"de_DE\" \/>\n<meta property=\"og:type\" content=\"article\" \/>\n<meta property=\"og:title\" content=\"In Le Var - La Croix-Valmer Tourisme\" \/>\n<meta property=\"og:description\" content=\"Im D\u00e9partement Var gibt es viele wahre Nuggets zu entdecken. Unsere Lieblingspl\u00e4tze geben Ihnen einen \u00dcberblick \u00fcber diese Reicht\u00fcmer. Les Gorges du Verdon F\u00fcr alle, die Nervenkitzel und sch\u00f6ne Landschaften lieben! Der Grand Canyon bildet einen gigantischen Einschnitt, der aussieht, als w\u00e4re er von den G\u00f6ttern geschnitzt worden. Ideal zum Canyoning, Rafting, Kanu- oder Kajakfahren,...\" \/>\n<meta property=\"og:url\" content=\"https:\/\/www.lacroixvalmertourisme.com\/de\/in-der-umgebung\/in-le-var\" \/>\n<meta property=\"og:site_name\" content=\"La Croix-Valmer Tourisme\" \/>\n<meta property=\"article:publisher\" content=\"https:\/\/www.facebook.com\/lacroixvalmertourisme\/\" \/>\n<meta property=\"article:modified_time\" content=\"2026-04-26T16:53:24+00:00\" \/>\n<meta property=\"og:image\" content=\"https:\/\/www.lacroixvalmertourisme.com\/wp-content\/uploads\/2023\/01\/VERDONR0028962s.jpeg\" \/>\n\t<meta property=\"og:image:width\" content=\"1200\" \/>\n\t<meta property=\"og:image:height\" content=\"900\" \/>\n\t<meta property=\"og:image:type\" content=\"image\/jpeg\" \/>\n<meta name=\"twitter:card\" content=\"summary_large_image\" \/>\n<meta name=\"twitter:site\" content=\"@La_Croix_Valmer\" \/>\n<meta name=\"twitter:label1\" content=\"Gesch\u00e4tzte Lesezeit\" \/>\n\t<meta name=\"twitter:data1\" content=\"2\u00a0Minute\" \/>\n<!-- \/ Yoast SEO plugin. -->","yoast_head_json":{"title":"In Le Var - La Croix-Valmer Tourisme","robots":{"index":"index","follow":"follow","max-snippet":"max-snippet:-1","max-image-preview":"max-image-preview:large","max-video-preview":"max-video-preview:-1"},"canonical":"https:\/\/www.lacroixvalmertourisme.com\/de\/in-der-umgebung\/in-le-var","og_locale":"de_DE","og_type":"article","og_title":"In Le Var - La Croix-Valmer Tourisme","og_description":"Im D\u00e9partement Var gibt es viele wahre Nuggets zu entdecken. Unsere Lieblingspl\u00e4tze geben Ihnen einen \u00dcberblick \u00fcber diese Reicht\u00fcmer. Les Gorges du Verdon F\u00fcr alle, die Nervenkitzel und sch\u00f6ne Landschaften lieben! Der Grand Canyon bildet einen gigantischen Einschnitt, der aussieht, als w\u00e4re er von den G\u00f6ttern geschnitzt worden. Ideal zum Canyoning, Rafting, Kanu- oder Kajakfahren,...","og_url":"https:\/\/www.lacroixvalmertourisme.com\/de\/in-der-umgebung\/in-le-var","og_site_name":"La Croix-Valmer Tourisme","article_publisher":"https:\/\/www.facebook.com\/lacroixvalmertourisme\/","article_modified_time":"2026-04-26T16:53:24+00:00","og_image":[{"width":1200,"height":900,"url":"https:\/\/www.lacroixvalmertourisme.com\/wp-content\/uploads\/2023\/01\/VERDONR0028962s.jpeg","type":"image\/jpeg"}],"twitter_card":"summary_large_image","twitter_site":"@La_Croix_Valmer","twitter_misc":{"Gesch\u00e4tzte Lesezeit":"2\u00a0Minute"},"schema":{"@context":"https:\/\/schema.org","@graph":[{"@type":"WebPage","@id":"https:\/\/www.lacroixvalmertourisme.com\/de\/in-der-umgebung\/in-le-var","url":"https:\/\/www.lacroixvalmertourisme.com\/de\/in-der-umgebung\/in-le-var","name":"In Le Var - La Croix-Valmer Tourisme","isPartOf":{"@id":"https:\/\/www.lacroixvalmertourisme.com\/de#website"},"primaryImageOfPage":{"@id":"https:\/\/www.lacroixvalmertourisme.com\/de\/in-der-umgebung\/in-le-var#primaryimage"},"image":{"@id":"https:\/\/www.lacroixvalmertourisme.com\/de\/in-der-umgebung\/in-le-var#primaryimage"},"thumbnailUrl":"https:\/\/www.lacroixvalmertourisme.com\/wp-content\/uploads\/2023\/01\/VERDONR0028962s.jpeg","datePublished":"2022-12-06T07:43:56+00:00","dateModified":"2026-04-26T16:53:24+00:00","breadcrumb":{"@id":"https:\/\/www.lacroixvalmertourisme.com\/de\/in-der-umgebung\/in-le-var#breadcrumb"},"inLanguage":"de","potentialAction":[{"@type":"ReadAction","target":["https:\/\/www.lacroixvalmertourisme.com\/de\/in-der-umgebung\/in-le-var"]}]},{"@type":"ImageObject","inLanguage":"de","@id":"https:\/\/www.lacroixvalmertourisme.com\/de\/in-der-umgebung\/in-le-var#primaryimage","url":"https:\/\/www.lacroixvalmertourisme.com\/wp-content\/uploads\/2023\/01\/VERDONR0028962s.jpeg","contentUrl":"https:\/\/www.lacroixvalmertourisme.com\/wp-content\/uploads\/2023\/01\/VERDONR0028962s.jpeg","width":1200,"height":900,"caption":"Les gorges du Verdon"},{"@type":"BreadcrumbList","@id":"https:\/\/www.lacroixvalmertourisme.com\/de\/in-der-umgebung\/in-le-var#breadcrumb","itemListElement":[{"@type":"ListItem","position":1,"name":"Accueil","item":"https:\/\/www.lacroixvalmertourisme.com\/de"},{"@type":"ListItem","position":2,"name":"In der Umgebung","item":"https:\/\/www.lacroixvalmertourisme.com\/de\/in-der-umgebung"},{"@type":"ListItem","position":3,"name":"In Le Var"}]},{"@type":"WebSite","@id":"https:\/\/www.lacroixvalmertourisme.com\/de#website","url":"https:\/\/www.lacroixvalmertourisme.com\/de","name":"La Croix-Valmer Tourisme","description":"Toutes les informations touristiques pour organiser votre prochain s\u00e9jour \u00e0 La Croix Valmer dans le Golfe de Saint-Tropez","publisher":{"@id":"https:\/\/www.lacroixvalmertourisme.com\/de#organization"},"potentialAction":[{"@type":"SearchAction","target":{"@type":"EntryPoint","urlTemplate":"https:\/\/www.lacroixvalmertourisme.com\/de?s={search_term_string}"},"query-input":{"@type":"PropertyValueSpecification","valueRequired":true,"valueName":"search_term_string"}}],"inLanguage":"de"},{"@type":"Organization","@id":"https:\/\/www.lacroixvalmertourisme.com\/de#organization","name":"Office de Tourisme de La Croix Valmer","url":"https:\/\/www.lacroixvalmertourisme.com\/de","logo":{"@type":"ImageObject","inLanguage":"de","@id":"https:\/\/www.lacroixvalmertourisme.com\/de#\/schema\/logo\/image\/","url":"https:\/\/www.lacroixvalmertourisme.com\/wp-content\/uploads\/2021\/06\/Logo_ot_bleu.png","contentUrl":"https:\/\/www.lacroixvalmertourisme.com\/wp-content\/uploads\/2021\/06\/Logo_ot_bleu.png","width":591,"height":454,"caption":"Office de Tourisme de La Croix Valmer"},"image":{"@id":"https:\/\/www.lacroixvalmertourisme.com\/de#\/schema\/logo\/image\/"},"sameAs":["https:\/\/www.facebook.com\/lacroixvalmertourisme\/","https:\/\/x.com\/La_Croix_Valmer","https:\/\/www.instagram.com\/lacroixvalmer_tourisme\/"]}]}},"publishpress_future_workflow_manual_trigger":{"enabledWorkflows":[]},"_links":{"self":[{"href":"https:\/\/www.lacroixvalmertourisme.com\/de\/wp-json\/wp\/v2\/pages\/10317","targetHints":{"allow":["GET"]}}],"collection":[{"href":"https:\/\/www.lacroixvalmertourisme.com\/de\/wp-json\/wp\/v2\/pages"}],"about":[{"href":"https:\/\/www.lacroixvalmertourisme.com\/de\/wp-json\/wp\/v2\/types\/page"}],"author":[{"embeddable":true,"href":"https:\/\/www.lacroixvalmertourisme.com\/de\/wp-json\/wp\/v2\/users\/4"}],"replies":[{"embeddable":true,"href":"https:\/\/www.lacroixvalmertourisme.com\/de\/wp-json\/wp\/v2\/comments?post=10317"}],"version-history":[{"count":3,"href":"https:\/\/www.lacroixvalmertourisme.com\/de\/wp-json\/wp\/v2\/pages\/10317\/revisions"}],"predecessor-version":[{"id":25122,"href":"https:\/\/www.lacroixvalmertourisme.com\/de\/wp-json\/wp\/v2\/pages\/10317\/revisions\/25122"}],"up":[{"embeddable":true,"href":"https:\/\/www.lacroixvalmertourisme.com\/de\/wp-json\/wp\/v2\/pages\/10306"}],"wp:featuredmedia":[{"embeddable":true,"href":"https:\/\/www.lacroixvalmertourisme.com\/de\/wp-json\/wp\/v2\/media\/11015"}],"wp:attachment":[{"href":"https:\/\/www.lacroixvalmertourisme.com\/de\/wp-json\/wp\/v2\/media?parent=10317"}],"curies":[{"name":"wp","href":"https:\/\/api.w.org\/{rel}","templated":true}]}}